{"id":41941,"date":"2025-05-16T07:08:00","date_gmt":"2025-05-16T07:08:00","guid":{"rendered":"https:\/\/intercontrol.be\/?post_type=product&#038;p=41941"},"modified":"2025-05-16T09:57:00","modified_gmt":"2025-05-16T09:57:00","slug":"titan-og1-debitmetre-a-engrenages-ovales","status":"publish","type":"product","link":"https:\/\/intercontrol.be\/frs\/debitmetres\/titan-og1-debitmetre-a-engrenages-ovales\/","title":{"rendered":"<b>Titan OG1<\/b> <br>D\u00e9bitm\u00e8tre \u00e0 engrenages ovales"},"content":{"rendered":"<section class=\"l-section wpb_row height_large color_primary parallax_ver with_shape\"><div class=\"l-section-overlay\" style=\"background:rgba(6,56,119,0.81)\"><\/div><div class=\"l-section-shape type_triangle pos_bottom\" style=\"height:5vh;\"><svg xmlns=\"http:\/\/www.w3.org\/2000\/svg\" viewBox=\"0 0 64 8\" preserveAspectRatio=\"none\" width=\"100%\" height=\"100%\">\r\n\t<path fill=\"currentColor\" d=\"M64 8 L0 8 L0 0 L32 7.9 L64 0 Z\"\/>\r\n<\/svg><\/div><div class=\"l-section-h i-cf\"><div class=\"g-cols vc_row via_flex valign_top type_default stacking_default\"><div class=\"vc_col-sm-2 wpb_column vc_column_container\"><div class=\"vc_column-inner\"><div class=\"wpb_wrapper\"><\/div><\/div><\/div><div class=\"vc_col-sm-8 wpb_column vc_column_container\"><div class=\"vc_column-inner\"><div class=\"wpb_wrapper\"><div class=\"wpb_text_column\"><div class=\"wpb_wrapper\"><h1 style=\"text-align: center;\">Titan OG1<\/h1>\n<\/div><\/div><div class=\"wpb_text_column\"><div class=\"wpb_wrapper\"><h3 style=\"text-align: center;\">D\u00e9bitm\u00e8tre \u00e0 engrenages ovales<\/h3>\n<\/div><\/div><\/div><\/div><\/div><div class=\"vc_col-sm-2 wpb_column vc_column_container\"><div class=\"vc_column-inner\"><div class=\"wpb_wrapper\"><\/div><\/div><\/div><\/div><\/div><\/section><section class=\"l-section wpb_row us_custom_a4ebe4e2 height_large\"><div class=\"l-section-h i-cf\"><div class=\"g-cols vc_row via_flex valign_top type_default stacking_default\" style=\"--additional-gap:10px;\"><div class=\"vc_col-sm-12 wpb_column vc_column_container\"><div class=\"vc_column-inner\"><div class=\"wpb_wrapper\"><div class=\"g-cols wpb_row via_flex valign_middle type_default stacking_default\"><div class=\"vc_col-sm-8 wpb_column vc_column_container\"><div class=\"vc_column-inner\"><div class=\"wpb_wrapper\"><div class=\"w-image align_center\"><div class=\"w-image-h\"><img decoding=\"async\" width=\"500\" height=\"500\" data-src=\"https:\/\/intercontrol.be\/wp-content\/uploads\/2025\/05\/Titan-OG1-oval-gear-flowmeter.jpg\" class=\"attachment-large size-large lazyload\" alt=\"Titan OG1 oval gear flowmeter\" data-srcset=\"https:\/\/intercontrol.be\/wp-content\/uploads\/2025\/05\/Titan-OG1-oval-gear-flowmeter.jpg 500w, https:\/\/intercontrol.be\/wp-content\/uploads\/2025\/05\/Titan-OG1-oval-gear-flowmeter-300x300.jpg 300w, https:\/\/intercontrol.be\/wp-content\/uploads\/2025\/05\/Titan-OG1-oval-gear-flowmeter-120x120.jpg 120w, https:\/\/intercontrol.be\/wp-content\/uploads\/2025\/05\/Titan-OG1-oval-gear-flowmeter-150x150.jpg 150w\" data-sizes=\"(max-width: 500px) 100vw, 500px\" src=\"data:image\/svg+xml;base64,PHN2ZyB3aWR0aD0iMSIgaGVpZ2h0PSIxIiB4bWxucz0iaHR0cDovL3d3dy53My5vcmcvMjAwMC9zdmciPjwvc3ZnPg==\" style=\"--smush-placeholder-width: 500px; --smush-placeholder-aspect-ratio: 500\/500;\" \/><\/div><\/div><\/div><\/div><\/div><div class=\"vc_col-sm-4 wpb_column vc_column_container\"><div class=\"vc_column-inner\"><div class=\"wpb_wrapper\"><div class=\"w-image align_center\"><a title=\"Titan\" href=\"https:\/\/intercontrol.be\/titan-flowmeters\/\" aria-label=\"Link\" class=\"w-image-h\"><img decoding=\"async\" width=\"400\" height=\"200\" data-src=\"https:\/\/intercontrol.be\/wp-content\/uploads\/2023\/01\/Titan-logo-batch.png\" class=\"attachment-large size-large lazyload\" alt=\"Titan logo\" data-srcset=\"https:\/\/intercontrol.be\/wp-content\/uploads\/2023\/01\/Titan-logo-batch.png 400w, https:\/\/intercontrol.be\/wp-content\/uploads\/2023\/01\/Titan-logo-batch-300x150.png 300w\" data-sizes=\"(max-width: 400px) 100vw, 400px\" src=\"data:image\/svg+xml;base64,PHN2ZyB3aWR0aD0iMSIgaGVpZ2h0PSIxIiB4bWxucz0iaHR0cDovL3d3dy53My5vcmcvMjAwMC9zdmciPjwvc3ZnPg==\" style=\"--smush-placeholder-width: 400px; --smush-placeholder-aspect-ratio: 400\/200;\" \/><\/a><\/div><div class=\"wpb_text_column\"><div class=\"wpb_wrapper\"><p>Ce d\u00e9bitm\u00e8tre compact et robuste \u00e0 engrenages ovales est con\u00e7u pour offrir de hautes performances avec un faible co\u00fbt de possession. Les d\u00e9bitm\u00e8tres couvrent des plages de d\u00e9bit de 0,01 \u00e0 1,0 l\/min pour une huile de 30 cSt et de 0,1 \u00e0 1,0 l\/min pour des liquides aqueux.<\/p>\n<\/div><\/div><\/div><\/div><\/div><\/div><div class=\"w-separator size_huge with_line width_default thick_1 style_solid color_primary align_center with_text with_content\"><div class=\"w-separator-h\"><h3 class=\"w-separator-text\"><span>Sp\u00e9cifications<\/span><\/h3><\/div><\/div><div class=\"w-html\"><!DOCTYPE html>\n<html lang=\"fr\">\n<head>\n    <meta charset=\"UTF-8\">\n    <meta name=\"viewport\" content=\"width=device-width, initial-scale=1.0\">\n    <title>Sp\u00e9cifications OG1 D\u00e9bitm\u00e8tre<\/title>\n    <style>\n        .table-wrapper {\n            overflow-x: auto;\n            width: 100%;\n            -webkit-overflow-scrolling: touch;\n        }\n        .data-table {\n            width: 100%;\n            min-width: 600px;\n            border-collapse: collapse;\n        }\n        .data-table th,\n        .data-table td {\n            border: 1px solid #ddd;\n            padding: 8px;\n            text-align: left;\n            white-space: nowrap;\n        }\n        .data-table th {\n            background-color: #f2f2f2;\n            font-weight: bold;\n        }\n        .data-table tr:nth-child(even) {\n            background-color: #f9f9f9;\n        }\n        th.darker-bg {\n            background-color: #d3d3d3;\n            text-align: left;\n        }\n    <\/style>\n<\/head>\n<body>\n    <div class=\"table-wrapper\">\n        <table class=\"data-table\">\n            <tbody>\n                <tr>\n                    <th colspan=\"3\" class=\"darker-bg\">Codes de produits<\/th>\n                <\/tr>\n                <tr>\n                    <th>Mod\u00e8le<\/th>\n                    <td>Acier standard : OG1-SS5-VHQ-B<\/td>\n                    <td>Mod\u00e8le standard : OG1-PS1-VHQ-B<\/td>\n                <\/tr>\n                <tr>\n                    <th colspan=\"3\" class=\"darker-bg\">Plage de d\u00e9bit<\/th>\n                <\/tr>\n                <tr>\n                    <th>Eau<\/th>\n                    <td>0,1 - 1,0 L\/min<\/td>\n                    <td>0,1 - 1,0 L\/min<\/td>\n                <\/tr>\n                <tr>\n                    <th>Huile 30 cSt<\/th>\n                    <td>0,01 - 1,0 L\/min<\/td>\n                    <td>0,01 - 1,0 L\/min<\/td>\n                <\/tr>\n                <tr>\n                    <th colspan=\"3\" class=\"darker-bg\">Mat\u00e9riaux mouill\u00e9s<\/th>\n                <\/tr>\n                <tr>\n                    <th>Corps<\/th>\n                    <td>Acier inox 316<\/td>\n                    <td>PEEK<\/td>\n                <\/tr>\n                <tr>\n                    <th>Engrenages<\/th>\n                    <td>PEEK rempli de carbone<\/td>\n                    <td>PEEK rempli de carbone<\/td>\n                <\/tr>\n                <tr>\n                    <th>Joint<\/th>\n                    <td>VitonTM<\/td>\n                    <td>VitonTM<\/td>\n                <\/tr>\n                <tr>\n                    <th>Aimant<\/th>\n                    <td>PTFE<\/td>\n                    <td>PTFE<\/td>\n                <\/tr>\n                <tr>\n                    <th>Axes<\/th>\n                    <td>Acier inox<\/td>\n                    <td>Hastelloy C<\/td>\n                <\/tr>\n                <tr>\n                    <th colspan=\"3\" class=\"darker-bg\">Pr\u00e9cision<\/th>\n                <\/tr>\n                <tr>\n                    <th>Eau<\/th>\n                    <td>\u00b1 1,0 % FSD<\/td>\n                    <td>\u00b1 1,0 % FSD<\/td>\n                <\/tr>\n                <tr>\n                    <th>Huile 30 cSt<\/th>\n                    <td>\u00b1 0,75 % FSD<\/td>\n                    <td>\u00b1 0,75 % FSD<\/td>\n                <\/tr>\n                <tr>\n                    <th>R\u00e9p\u00e9tabilit\u00e9<\/th>\n                    <td>\u00b1 0,1 %<\/td>\n                    <td>\u00b1 0,1 %<\/td>\n                <\/tr>\n                <tr>\n                    <th>Type de d\u00e9tecteur<\/th>\n                    <td>Hall effect<\/td>\n                    <td>Hall effect<\/td>\n                <\/tr>\n                <tr>\n                    <th>Connexions<\/th>\n                    <td>Connecteur M12 instrument<\/td>\n                    <td>Connecteur M12 instrument<\/td>\n                <\/tr>\n                <tr>\n                    <th>Facteur \u2018K\u2019 approximatif (Impulsions\/Litre)<\/th>\n                    <td>2050<\/td>\n                    <td>2050<\/td>\n                <\/tr>\n                <tr>\n                    <th>Plage de viscosit\u00e9^<\/th>\n                    <td>1-1000 cSt<\/td>\n                    <td>1-1000 cSt<\/td>\n                <\/tr>\n            <\/tbody>\n        <\/table>\n    <\/div>\n    <p>^ Option pour haute viscosit\u00e9 (sup\u00e9rieure \u00e0 1000 cSt) disponible<\/p>\n<\/body>\n<\/html><\/div><div class=\"w-separator size_huge with_line width_default thick_1 style_solid color_primary align_center with_text with_content\"><div class=\"w-separator-h\"><h3 class=\"w-separator-text\"><span>Aper\u00e7u du produit<\/span><\/h3><\/div><\/div><div class=\"g-cols wpb_row via_flex valign_top type_default stacking_default\"><div class=\"vc_col-sm-6 wpb_column vc_column_container\"><div class=\"vc_column-inner\"><div class=\"wpb_wrapper\"><div class=\"wpb_text_column\"><div class=\"wpb_wrapper\"><div class=\"ProseMirror\" contenteditable=\"true\" translate=\"no\">\n<p data-sourcepos=\"1:1-1:580\">Le Titan OG1 peut \u00eatre fourni avec des parties mouill\u00e9es non m\u00e9talliques, PEEK, des aimants encapsul\u00e9s en PTFE et des joints en \u00e9lastom\u00e8re, ce qui en fait le choix id\u00e9al pour mesurer des produits chimiques agressifs. Pour les OEM, des alternatives sont disponibles, y compris des montages sur collecteur. Les mod\u00e8les standards ont des bo\u00eetiers en acier inoxydable 316 ou en PEEK avec des joints toriques Viton\u2122.<\/p>\n<p data-sourcepos=\"3:1-3:458\">Le c\u0153ur du d\u00e9bitm\u00e8tre est constitu\u00e9 d\u2019une paire d\u2019engrenages ovales dent\u00e9s, dont l\u2019un contient des aimants r\u00e9sistants aux produits chimiques. La rotation est d\u00e9tect\u00e9e \u00e0 travers la paroi de la chambre par un d\u00e9tecteur Hall effect, un capteur Namur ou un contact reed, qui g\u00e9n\u00e8re environ 2050 impulsions par litre \u00e9coul\u00e9. La sortie est une impulsion NPN ou une fermeture de contact sans potentiel, toutes deux facilement connectables \u00e0 la plupart des appareils \u00e9lectroniques d\u2019affichage ou d\u2019enregistrement.<\/p>\n<p data-sourcepos=\"5:1-5:134\">Cette combinaison de mat\u00e9riaux et de technologie garantit un produit durable et un fonctionnement fiable et pr\u00e9cis.<\/p>\n<\/div>\n<\/div><\/div><\/div><\/div><\/div><div class=\"vc_col-sm-6 wpb_column vc_column_container has_bg_color\"><div class=\"vc_column-inner us_custom_c2693ae2\"><div class=\"wpb_wrapper\"><div class=\"wpb_text_column\"><div class=\"wpb_wrapper\"><h3 class=\"\" data-start=\"1128\" data-end=\"1160\">Caract\u00e9ristiques<\/h3>\n<div class=\"ProseMirror\" contenteditable=\"true\" translate=\"no\">\n<ul>\n<li data-sourcepos=\"3:1-3:37\">Excellente r\u00e9sistance chimique<\/li>\n<li data-sourcepos=\"4:1-4:22\">Construction robuste<\/li>\n<li data-sourcepos=\"5:1-5:24\">Calibration individuelle<\/li>\n<li data-sourcepos=\"6:1-6:30\">Options pour haute viscosit\u00e9<\/li>\n<li data-sourcepos=\"7:1-7:14\">Faible perte de pression<\/li>\n<li data-sourcepos=\"8:1-8:33\">Aucun conditionnement de d\u00e9bit requis<\/li>\n<li data-sourcepos=\"9:1-9:26\">Assemblage compact du d\u00e9bitm\u00e8tre<\/li>\n<li data-sourcepos=\"10:1-10:37\">Capteur Hall, contact reed ou Namur<\/li>\n<li data-sourcepos=\"11:1-11:31\">Pr\u00e9cision 1,0 % FSD pour l\u2019eau<\/li>\n<li data-sourcepos=\"12:1-12:25\">0,75 % FSD pour l\u2019huile (30 cSt)<\/li>\n<li data-sourcepos=\"13:1-13:22\">R\u00e9p\u00e9tabilit\u00e9 0,1 %<\/li>\n<li data-sourcepos=\"14:1-14:24\">Indice de protection IP65<\/li>\n<li data-sourcepos=\"15:1-15:53\">Mod\u00e8les jusqu\u2019\u00e0 700 bar (voir la fiche technique Haute Pression)<\/li>\n<li data-sourcepos=\"16:1-16:24\">Option non m\u00e9tallique<\/li>\n<\/ul>\n<\/div>\n<\/div><\/div><\/div><\/div><\/div><\/div><div class=\"w-separator size_huge with_line width_default thick_1 style_solid color_primary align_center with_text with_content\"><div class=\"w-separator-h\"><h3 class=\"w-separator-text\"><span>Application(s)<\/span><\/h3><\/div><\/div><div class=\"g-cols wpb_row via_flex valign_top type_default stacking_default\"><div class=\"vc_col-sm-6 wpb_column vc_column_container\"><div class=\"vc_column-inner\"><div class=\"wpb_wrapper\"><div class=\"wpb_text_column\"><div class=\"wpb_wrapper\"><ul>\n<li data-sourcepos=\"3:1-3:13\">Tests de moteurs<\/li>\n<li data-sourcepos=\"4:1-4:12\">D\u00e9bit d\u2019huile<\/li>\n<li data-sourcepos=\"5:1-5:35\">Liquides \u00e0 haute viscosit\u00e9<\/li>\n<\/ul>\n<\/div><\/div><\/div><\/div><\/div><div class=\"vc_col-sm-6 wpb_column vc_column_container\"><div class=\"vc_column-inner\"><div class=\"wpb_wrapper\"><div class=\"wpb_text_column\"><div class=\"wpb_wrapper\"><ul>\n<li data-sourcepos=\"6:1-6:16\">\u00c9quipements OEM<\/li>\n<li data-sourcepos=\"7:1-7:32\">Environnements \u00e0 risque d\u2019explosion<\/li>\n<li data-sourcepos=\"8:1-8:16\">Processus par lots<\/li>\n<\/ul>\n<\/div><\/div><\/div><\/div><\/div><\/div><div class=\"w-separator size_huge with_line width_default thick_1 style_solid color_primary align_center with_text with_content\"><div class=\"w-separator-h\"><h3 class=\"w-separator-text\"><span>T\u00e9l\u00e9chargement(s)<\/span><\/h3><\/div><\/div><div class=\"wpb_text_column us_custom_c2693ae2\"><div class=\"wpb_wrapper\"><ul>\n<li><a href=\"https:\/\/intercontrol.be\/wp-content\/uploads\/2025\/05\/Titan-OG1-oval-gear-flowmeter-datasheet-ENG.pdf\">Titan OG1 &#8211; <\/a><a href=\"https:\/\/intercontrol.be\/wp-content\/uploads\/2025\/05\/Titan-OG4-oval-gear-flowmeter-datasheet-ENG.pdf\">d\u00e9bitm\u00e8tre \u00e0 engrenages ovales \u2013 fiche technique (ANG)<\/a><\/li>\n<\/ul>\n<\/div><\/div><div class=\"w-separator size_small with_line width_default thick_1 style_solid color_primary align_center\"><div class=\"w-separator-h\"><\/div><\/div><\/div><\/div><\/div><\/div><\/div><\/section>\n","protected":false},"excerpt":{"rendered":"Titan OG1 D\u00e9bitm\u00e8tre \u00e0 engrenages ovales Ce d\u00e9bitm\u00e8tre compact et robuste \u00e0 engrenages ovales est con\u00e7u pour offrir de hautes performances avec un faible co\u00fbt de possession. Les d\u00e9bitm\u00e8tres couvrent des plages de d\u00e9bit de 0,01 \u00e0 1,0 l\/min pour une huile de 30 cSt et de 0,1 \u00e0 1,0 l\/min pour des liquides aqueux....","protected":false},"featured_media":41939,"comment_status":"closed","ping_status":"closed","template":"","meta":{"_acf_changed":false,"_monsterinsights_skip_tracking":false,"_monsterinsights_sitenote_active":false,"_monsterinsights_sitenote_note":"","_monsterinsights_sitenote_category":0},"product_brand":[],"product_cat":[1201,1202],"product_tag":[],"class_list":{"0":"post-41941","1":"product","2":"type-product","3":"status-publish","4":"has-post-thumbnail","6":"product_cat-debitmetres","7":"product_cat-debitmetres-pour-liquides","9":"first","10":"instock","11":"shipping-taxable","12":"purchasable","13":"product-type-simple"},"acf":[],"yoast_head":"<!-- This site is optimized with the Yoast SEO plugin v27.4 - https:\/\/yoast.com\/product\/yoast-seo-wordpress\/ -->\n<title>Titan OG1 D\u00e9bitm\u00e8tre \u00e0 engrenages ovales - Intercontrol Belgi\u00eb<\/title>\n<meta name=\"description\" content=\"D\u00e9couvrez les d\u00e9bitm\u00e8tres \u00e0 engrenages ovales Titan OG1 pour une mesure pr\u00e9cise des liquides, avec des options pour les produits chimiques agressifs et les viscosit\u00e9s \u00e9lev\u00e9es.\" \/>\n<meta name=\"robots\" content=\"index, follow, max-snippet:-1, max-image-preview:large, max-video-preview:-1\" \/>\n<link rel=\"canonical\" href=\"https:\/\/intercontrol.be\/frs\/debitmetres-pour-liquides\/titan-og1-debitmetre-a-engrenages-ovales\/\" \/>\n<meta property=\"og:locale\" content=\"fr_FR\" \/>\n<meta property=\"og:type\" content=\"article\" \/>\n<meta property=\"og:title\" content=\"Titan OG1 D\u00e9bitm\u00e8tre \u00e0 engrenages ovales - Intercontrol Belgi\u00eb\" \/>\n<meta property=\"og:description\" content=\"D\u00e9couvrez les d\u00e9bitm\u00e8tres \u00e0 engrenages ovales Titan OG1 pour une mesure pr\u00e9cise des liquides, avec des options pour les produits chimiques agressifs et les viscosit\u00e9s \u00e9lev\u00e9es.\" \/>\n<meta property=\"og:url\" content=\"https:\/\/intercontrol.be\/frs\/debitmetres-pour-liquides\/titan-og1-debitmetre-a-engrenages-ovales\/\" \/>\n<meta property=\"og:site_name\" content=\"Intercontrol Belgi\u00eb\" \/>\n<meta property=\"article:modified_time\" content=\"2025-05-16T09:57:00+00:00\" \/>\n<meta property=\"og:image\" content=\"https:\/\/intercontrol.be\/wp-content\/uploads\/2025\/05\/Titan-OG1.jpg\" \/>\n\t<meta property=\"og:image:width\" content=\"500\" \/>\n\t<meta property=\"og:image:height\" content=\"500\" \/>\n\t<meta property=\"og:image:type\" content=\"image\/jpeg\" \/>\n<meta name=\"twitter:card\" content=\"summary_large_image\" \/>\n<meta name=\"twitter:label1\" content=\"Dur\u00e9e de lecture estim\u00e9e\" \/>\n\t<meta name=\"twitter:data1\" content=\"3 minutes\" \/>\n<script type=\"application\/ld+json\" class=\"yoast-schema-graph\">{\"@context\":\"https:\\\/\\\/schema.org\",\"@graph\":[{\"@type\":\"WebPage\",\"@id\":\"https:\\\/\\\/intercontrol.be\\\/frs\\\/debitmetres-pour-liquides\\\/titan-og1-debitmetre-a-engrenages-ovales\\\/\",\"url\":\"https:\\\/\\\/intercontrol.be\\\/frs\\\/debitmetres-pour-liquides\\\/titan-og1-debitmetre-a-engrenages-ovales\\\/\",\"name\":\"Titan OG1 D\u00e9bitm\u00e8tre \u00e0 engrenages ovales - Intercontrol Belgi\u00eb\",\"isPartOf\":{\"@id\":\"https:\\\/\\\/intercontrol.be\\\/#website\"},\"primaryImageOfPage\":{\"@id\":\"https:\\\/\\\/intercontrol.be\\\/frs\\\/debitmetres-pour-liquides\\\/titan-og1-debitmetre-a-engrenages-ovales\\\/#primaryimage\"},\"image\":{\"@id\":\"https:\\\/\\\/intercontrol.be\\\/frs\\\/debitmetres-pour-liquides\\\/titan-og1-debitmetre-a-engrenages-ovales\\\/#primaryimage\"},\"thumbnailUrl\":\"https:\\\/\\\/intercontrol.be\\\/wp-content\\\/uploads\\\/2025\\\/05\\\/Titan-OG1.jpg\",\"datePublished\":\"2025-05-16T07:08:00+00:00\",\"dateModified\":\"2025-05-16T09:57:00+00:00\",\"description\":\"D\u00e9couvrez les d\u00e9bitm\u00e8tres \u00e0 engrenages ovales Titan OG1 pour une mesure pr\u00e9cise des liquides, avec des options pour les produits chimiques agressifs et les viscosit\u00e9s \u00e9lev\u00e9es.\",\"breadcrumb\":{\"@id\":\"https:\\\/\\\/intercontrol.be\\\/frs\\\/debitmetres-pour-liquides\\\/titan-og1-debitmetre-a-engrenages-ovales\\\/#breadcrumb\"},\"inLanguage\":\"fr-FR\",\"potentialAction\":[{\"@type\":\"ReadAction\",\"target\":[\"https:\\\/\\\/intercontrol.be\\\/frs\\\/debitmetres-pour-liquides\\\/titan-og1-debitmetre-a-engrenages-ovales\\\/\"]}]},{\"@type\":\"ImageObject\",\"inLanguage\":\"fr-FR\",\"@id\":\"https:\\\/\\\/intercontrol.be\\\/frs\\\/debitmetres-pour-liquides\\\/titan-og1-debitmetre-a-engrenages-ovales\\\/#primaryimage\",\"url\":\"https:\\\/\\\/intercontrol.be\\\/wp-content\\\/uploads\\\/2025\\\/05\\\/Titan-OG1.jpg\",\"contentUrl\":\"https:\\\/\\\/intercontrol.be\\\/wp-content\\\/uploads\\\/2025\\\/05\\\/Titan-OG1.jpg\",\"width\":500,\"height\":500,\"caption\":\"Titan OG1\"},{\"@type\":\"BreadcrumbList\",\"@id\":\"https:\\\/\\\/intercontrol.be\\\/frs\\\/debitmetres-pour-liquides\\\/titan-og1-debitmetre-a-engrenages-ovales\\\/#breadcrumb\",\"itemListElement\":[{\"@type\":\"ListItem\",\"position\":1,\"name\":\"Home\",\"item\":\"https:\\\/\\\/intercontrol.be\\\/frs\\\/\"},{\"@type\":\"ListItem\",\"position\":2,\"name\":\"Catalogus\",\"item\":\"https:\\\/\\\/intercontrol.be\\\/catalogus\\\/\"},{\"@type\":\"ListItem\",\"position\":3,\"name\":\"Titan OG1 D\u00e9bitm\u00e8tre \u00e0 engrenages ovales\"}]},{\"@type\":\"WebSite\",\"@id\":\"https:\\\/\\\/intercontrol.be\\\/#website\",\"url\":\"https:\\\/\\\/intercontrol.be\\\/\",\"name\":\"Intercontrol Belgi\u00eb\",\"description\":\"Alles onder controle!\",\"potentialAction\":[{\"@type\":\"SearchAction\",\"target\":{\"@type\":\"EntryPoint\",\"urlTemplate\":\"https:\\\/\\\/intercontrol.be\\\/?s={search_term_string}\"},\"query-input\":{\"@type\":\"PropertyValueSpecification\",\"valueRequired\":true,\"valueName\":\"search_term_string\"}}],\"inLanguage\":\"fr-FR\"}]}<\/script>\n<!-- \/ Yoast SEO plugin. -->","yoast_head_json":{"title":"Titan OG1 D\u00e9bitm\u00e8tre \u00e0 engrenages ovales - Intercontrol Belgi\u00eb","description":"D\u00e9couvrez les d\u00e9bitm\u00e8tres \u00e0 engrenages ovales Titan OG1 pour une mesure pr\u00e9cise des liquides, avec des options pour les produits chimiques agressifs et les viscosit\u00e9s \u00e9lev\u00e9es.","robots":{"index":"index","follow":"follow","max-snippet":"max-snippet:-1","max-image-preview":"max-image-preview:large","max-video-preview":"max-video-preview:-1"},"canonical":"https:\/\/intercontrol.be\/frs\/debitmetres-pour-liquides\/titan-og1-debitmetre-a-engrenages-ovales\/","og_locale":"fr_FR","og_type":"article","og_title":"Titan OG1 D\u00e9bitm\u00e8tre \u00e0 engrenages ovales - Intercontrol Belgi\u00eb","og_description":"D\u00e9couvrez les d\u00e9bitm\u00e8tres \u00e0 engrenages ovales Titan OG1 pour une mesure pr\u00e9cise des liquides, avec des options pour les produits chimiques agressifs et les viscosit\u00e9s \u00e9lev\u00e9es.","og_url":"https:\/\/intercontrol.be\/frs\/debitmetres-pour-liquides\/titan-og1-debitmetre-a-engrenages-ovales\/","og_site_name":"Intercontrol Belgi\u00eb","article_modified_time":"2025-05-16T09:57:00+00:00","og_image":[{"width":500,"height":500,"url":"https:\/\/intercontrol.be\/wp-content\/uploads\/2025\/05\/Titan-OG1.jpg","type":"image\/jpeg"}],"twitter_card":"summary_large_image","twitter_misc":{"Dur\u00e9e de lecture estim\u00e9e":"3 minutes"},"schema":{"@context":"https:\/\/schema.org","@graph":[{"@type":"WebPage","@id":"https:\/\/intercontrol.be\/frs\/debitmetres-pour-liquides\/titan-og1-debitmetre-a-engrenages-ovales\/","url":"https:\/\/intercontrol.be\/frs\/debitmetres-pour-liquides\/titan-og1-debitmetre-a-engrenages-ovales\/","name":"Titan OG1 D\u00e9bitm\u00e8tre \u00e0 engrenages ovales - Intercontrol Belgi\u00eb","isPartOf":{"@id":"https:\/\/intercontrol.be\/#website"},"primaryImageOfPage":{"@id":"https:\/\/intercontrol.be\/frs\/debitmetres-pour-liquides\/titan-og1-debitmetre-a-engrenages-ovales\/#primaryimage"},"image":{"@id":"https:\/\/intercontrol.be\/frs\/debitmetres-pour-liquides\/titan-og1-debitmetre-a-engrenages-ovales\/#primaryimage"},"thumbnailUrl":"https:\/\/intercontrol.be\/wp-content\/uploads\/2025\/05\/Titan-OG1.jpg","datePublished":"2025-05-16T07:08:00+00:00","dateModified":"2025-05-16T09:57:00+00:00","description":"D\u00e9couvrez les d\u00e9bitm\u00e8tres \u00e0 engrenages ovales Titan OG1 pour une mesure pr\u00e9cise des liquides, avec des options pour les produits chimiques agressifs et les viscosit\u00e9s \u00e9lev\u00e9es.","breadcrumb":{"@id":"https:\/\/intercontrol.be\/frs\/debitmetres-pour-liquides\/titan-og1-debitmetre-a-engrenages-ovales\/#breadcrumb"},"inLanguage":"fr-FR","potentialAction":[{"@type":"ReadAction","target":["https:\/\/intercontrol.be\/frs\/debitmetres-pour-liquides\/titan-og1-debitmetre-a-engrenages-ovales\/"]}]},{"@type":"ImageObject","inLanguage":"fr-FR","@id":"https:\/\/intercontrol.be\/frs\/debitmetres-pour-liquides\/titan-og1-debitmetre-a-engrenages-ovales\/#primaryimage","url":"https:\/\/intercontrol.be\/wp-content\/uploads\/2025\/05\/Titan-OG1.jpg","contentUrl":"https:\/\/intercontrol.be\/wp-content\/uploads\/2025\/05\/Titan-OG1.jpg","width":500,"height":500,"caption":"Titan OG1"},{"@type":"BreadcrumbList","@id":"https:\/\/intercontrol.be\/frs\/debitmetres-pour-liquides\/titan-og1-debitmetre-a-engrenages-ovales\/#breadcrumb","itemListElement":[{"@type":"ListItem","position":1,"name":"Home","item":"https:\/\/intercontrol.be\/frs\/"},{"@type":"ListItem","position":2,"name":"Catalogus","item":"https:\/\/intercontrol.be\/catalogus\/"},{"@type":"ListItem","position":3,"name":"Titan OG1 D\u00e9bitm\u00e8tre \u00e0 engrenages ovales"}]},{"@type":"WebSite","@id":"https:\/\/intercontrol.be\/#website","url":"https:\/\/intercontrol.be\/","name":"Intercontrol Belgi\u00eb","description":"Alles onder controle!","potentialAction":[{"@type":"SearchAction","target":{"@type":"EntryPoint","urlTemplate":"https:\/\/intercontrol.be\/?s={search_term_string}"},"query-input":{"@type":"PropertyValueSpecification","valueRequired":true,"valueName":"search_term_string"}}],"inLanguage":"fr-FR"}]}},"_links":{"self":[{"href":"https:\/\/intercontrol.be\/frs\/wp-json\/wp\/v2\/product\/41941","targetHints":{"allow":["GET"]}}],"collection":[{"href":"https:\/\/intercontrol.be\/frs\/wp-json\/wp\/v2\/product"}],"about":[{"href":"https:\/\/intercontrol.be\/frs\/wp-json\/wp\/v2\/types\/product"}],"replies":[{"embeddable":true,"href":"https:\/\/intercontrol.be\/frs\/wp-json\/wp\/v2\/comments?post=41941"}],"wp:featuredmedia":[{"embeddable":true,"href":"https:\/\/intercontrol.be\/frs\/wp-json\/wp\/v2\/media\/41939"}],"wp:attachment":[{"href":"https:\/\/intercontrol.be\/frs\/wp-json\/wp\/v2\/media?parent=41941"}],"wp:term":[{"taxonomy":"product_brand","embeddable":true,"href":"https:\/\/intercontrol.be\/frs\/wp-json\/wp\/v2\/product_brand?post=41941"},{"taxonomy":"product_cat","embeddable":true,"href":"https:\/\/intercontrol.be\/frs\/wp-json\/wp\/v2\/product_cat?post=41941"},{"taxonomy":"product_tag","embeddable":true,"href":"https:\/\/intercontrol.be\/frs\/wp-json\/wp\/v2\/product_tag?post=41941"}],"curies":[{"name":"wp","href":"https:\/\/api.w.org\/{rel}","templated":true}]}}