{"id":41900,"date":"2025-05-02T05:00:34","date_gmt":"2025-05-02T05:00:34","guid":{"rendered":"https:\/\/intercontrol.be\/?post_type=product&#038;p=41900"},"modified":"2025-06-05T07:58:27","modified_gmt":"2025-06-05T07:58:27","slug":"titan-proces-atrato-debitmetre-a-ultrasons","status":"publish","type":"product","link":"https:\/\/intercontrol.be\/frs\/debitmetres\/titan-proces-atrato-debitmetre-a-ultrasons\/","title":{"rendered":"<b>Titan Proces Atrato<\/b> <br>d\u00e9bitm\u00e8tre \u00e0 ultrasons"},"content":{"rendered":"<section class=\"l-section wpb_row height_large color_primary parallax_ver with_shape\"><div class=\"l-section-overlay\" style=\"background:rgba(6,56,119,0.81)\"><\/div><div class=\"l-section-shape type_triangle pos_bottom\" style=\"height:5vh;\"><svg xmlns=\"http:\/\/www.w3.org\/2000\/svg\" viewBox=\"0 0 64 8\" preserveAspectRatio=\"none\" width=\"100%\" height=\"100%\">\r\n\t<path fill=\"currentColor\" d=\"M64 8 L0 8 L0 0 L32 7.9 L64 0 Z\"\/>\r\n<\/svg><\/div><div class=\"l-section-h i-cf\"><div class=\"g-cols vc_row via_flex valign_top type_default stacking_default\"><div class=\"vc_col-sm-2 wpb_column vc_column_container\"><div class=\"vc_column-inner\"><div class=\"wpb_wrapper\"><\/div><\/div><\/div><div class=\"vc_col-sm-8 wpb_column vc_column_container\"><div class=\"vc_column-inner\"><div class=\"wpb_wrapper\"><div class=\"wpb_text_column\"><div class=\"wpb_wrapper\"><h1 style=\"text-align: center;\">Titan Process Atrato<\/h1>\n<\/div><\/div><div class=\"wpb_text_column\"><div class=\"wpb_wrapper\"><h3 style=\"text-align: center;\">D\u00e9bitm\u00e8tre \u00e0 ultrasons<\/h3>\n<\/div><\/div><\/div><\/div><\/div><div class=\"vc_col-sm-2 wpb_column vc_column_container\"><div class=\"vc_column-inner\"><div class=\"wpb_wrapper\"><\/div><\/div><\/div><\/div><\/div><\/section><section class=\"l-section wpb_row us_custom_a4ebe4e2 height_large\"><div class=\"l-section-h i-cf\"><div class=\"g-cols vc_row via_flex valign_top type_default stacking_default\" style=\"--additional-gap:10px;\"><div class=\"vc_col-sm-12 wpb_column vc_column_container\"><div class=\"vc_column-inner\"><div class=\"wpb_wrapper\"><div class=\"g-cols wpb_row via_flex valign_middle type_default stacking_default\"><div class=\"vc_col-sm-8 wpb_column vc_column_container\"><div class=\"vc_column-inner\"><div class=\"wpb_wrapper\"><div class=\"w-image align_center\"><div class=\"w-image-h\"><img decoding=\"async\" width=\"500\" height=\"500\" data-src=\"https:\/\/intercontrol.be\/wp-content\/uploads\/2023\/01\/Titan-process-atrato-ultrasone-pulse-flowmeter-2.jpg\" class=\"attachment-large size-large lazyload\" alt=\"Titan-process-atrato-ultrasone-pulse-flowmeter\" data-srcset=\"https:\/\/intercontrol.be\/wp-content\/uploads\/2023\/01\/Titan-process-atrato-ultrasone-pulse-flowmeter-2.jpg 500w, https:\/\/intercontrol.be\/wp-content\/uploads\/2023\/01\/Titan-process-atrato-ultrasone-pulse-flowmeter-2-300x300.jpg 300w, https:\/\/intercontrol.be\/wp-content\/uploads\/2023\/01\/Titan-process-atrato-ultrasone-pulse-flowmeter-2-120x120.jpg 120w, https:\/\/intercontrol.be\/wp-content\/uploads\/2023\/01\/Titan-process-atrato-ultrasone-pulse-flowmeter-2-150x150.jpg 150w\" data-sizes=\"(max-width: 500px) 100vw, 500px\" src=\"data:image\/svg+xml;base64,PHN2ZyB3aWR0aD0iMSIgaGVpZ2h0PSIxIiB4bWxucz0iaHR0cDovL3d3dy53My5vcmcvMjAwMC9zdmciPjwvc3ZnPg==\" style=\"--smush-placeholder-width: 500px; --smush-placeholder-aspect-ratio: 500\/500;\" \/><\/div><\/div><\/div><\/div><\/div><div class=\"vc_col-sm-4 wpb_column vc_column_container\"><div class=\"vc_column-inner\"><div class=\"wpb_wrapper\"><div class=\"w-image align_center\"><div class=\"w-image-h\"><img decoding=\"async\" width=\"400\" height=\"200\" data-src=\"https:\/\/intercontrol.be\/wp-content\/uploads\/2023\/01\/Titan-logo-batch.png\" class=\"attachment-large size-large lazyload\" alt=\"Titan logo\" data-srcset=\"https:\/\/intercontrol.be\/wp-content\/uploads\/2023\/01\/Titan-logo-batch.png 400w, https:\/\/intercontrol.be\/wp-content\/uploads\/2023\/01\/Titan-logo-batch-300x150.png 300w\" data-sizes=\"(max-width: 400px) 100vw, 400px\" src=\"data:image\/svg+xml;base64,PHN2ZyB3aWR0aD0iMSIgaGVpZ2h0PSIxIiB4bWxucz0iaHR0cDovL3d3dy53My5vcmcvMjAwMC9zdmciPjwvc3ZnPg==\" style=\"--smush-placeholder-width: 400px; --smush-placeholder-aspect-ratio: 400\/200;\" \/><\/div><\/div><div class=\"wpb_text_column\"><div class=\"wpb_wrapper\"><p>Le Process Atrato\u00ae est bas\u00e9 sur le d\u00e9bitm\u00e8tre \u00e0 ultrasons standard Atrato, mais con\u00e7u pour r\u00e9pondre aux environnements de processus industriels et de contr\u00f4le plus exigeants.<\/p>\n<\/div><\/div><\/div><\/div><\/div><\/div><div class=\"w-separator size_huge with_line width_default thick_1 style_solid color_primary align_center with_text with_content\"><div class=\"w-separator-h\"><h3 class=\"w-separator-text\"><span>Pr\u00e9sentation du produit<\/span><\/h3><\/div><\/div><div class=\"g-cols wpb_row via_flex valign_top type_default stacking_default\"><div class=\"vc_col-sm-12 wpb_column vc_column_container\"><div class=\"vc_column-inner\"><div class=\"wpb_wrapper\"><div class=\"w-html\"><!DOCTYPE html>\n<html lang=\"fr\">\n<head>\n    <meta charset=\"UTF-8\">\n    <meta name=\"viewport\" content=\"width=device-width, initial-scale=1.0\">\n    <title>Sp\u00e9cifications D\u00e9bitm\u00e8tres<\/title>\n    <style>\n        .table-wrapper {\n            overflow-x: auto;\n            width: 100%;\n            -webkit-overflow-scrolling: touch;\n        }\n        .data-table {\n            width: 100%;\n            min-width: 600px;\n            border-collapse: collapse;\n        }\n        .data-table th, .data-table td {\n            border: 1px solid #ddd;\n            padding: 8px;\n            text-align: left;\n            white-space: normal;\n        }\n        .data-table th {\n            background-color: #f2f2f2;\n            font-weight: bold;\n        }\n        .data-table tr:nth-child(even) {\n            background-color: #f9f9f9;\n        }\n        th.darker-bg {\n            background-color: #d3d3d3;\n            text-align: left;\n        }\n    <\/style>\n<\/head>\n<body>\n    <div class=\"table-wrapper\">\n        <table class=\"data-table\">\n            <tbody>\n                <tr>\n                    <th colspan=\"2\" class=\"darker-bg\">Sp\u00e9cifications techniques<\/th>\n                <\/tr>\n                <tr>\n                    <td>Plage de d\u00e9bit<\/td>\n                    <td>71P : 2 \u00e0 500 ml\/min \u2014 100 000 impulsions par litre<br>72P : 0.01 \u00e0 1.5 l\/min \u2014 20 000 impulsions par litre<br>74P : 0.03 \u00e0 5 l\/min \u2014 10 000 impulsions par litre<br>76P : 0.1 \u00e0 15 l\/min \u2014 2 000 impulsions par litre<\/td>\n                <\/tr>\n                <tr>\n                    <td>Lin\u00e9arit\u00e9<\/td>\n                    <td>\u00b11.0% de la lecture de 2 \u00e0 100% de la plage<br>\u00b12.0% de la lecture du d\u00e9bit minimal \u00e0 2% de la plage<\/td>\n                <\/tr>\n                <tr>\n                    <td>R\u00e9p\u00e9tabilit\u00e9<\/td>\n                    <td>\u00b10.1% de la lecture plus \u00b10.005% de la pleine \u00e9chelle<\/td>\n                <\/tr>\n                <tr>\n                    <th colspan=\"2\" class=\"darker-bg\">Sp\u00e9cifications environnementales et op\u00e9rationnelles<\/th>\n                <\/tr>\n                <tr>\n                    <td>Bo\u00eetier<\/td>\n                    <td>IP65<\/td>\n                <\/tr>\n                <tr>\n                    <td>Plage de temp\u00e9rature<\/td>\n                    <td>-20 \u00e0 65\u00b0C, sans condensation<\/td>\n                <\/tr>\n                <tr>\n                    <td>Raccords de proc\u00e9d\u00e9<\/td>\n                    <td>1\/4\u201d BSP\/NPT<\/td>\n                <\/tr>\n                <tr>\n                    <th colspan=\"2\" class=\"darker-bg\">Sp\u00e9cifications \u00e9lectroniques<\/th>\n                <\/tr>\n                <tr>\n                    <td>Alimentation<\/td>\n                    <td>8 \u00e0 24 V dc, 100 mA typique (5 \u00e0 24 V dc avec alimentation dc r\u00e9gul\u00e9e)<\/td>\n                <\/tr>\n                <tr>\n                    <td>Sorties<\/td>\n                    <td>Impulsion NPN : max. 20 mA<br>Impulsion PNP : max. 20 mA<\/td>\n                <\/tr>\n                <tr>\n                    <th colspan=\"2\" class=\"darker-bg\">Sp\u00e9cifications physiques<\/th>\n                <\/tr>\n                <tr>\n                    <td>Poids<\/td>\n                    <td>350 g<\/td>\n                <\/tr>\n            <\/tbody>\n        <\/table>\n    <\/div>\n<\/body>\n<\/html><\/div><\/div><\/div><\/div><\/div><div class=\"w-separator size_huge with_line width_default thick_1 style_solid color_primary align_center with_text with_content\"><div class=\"w-separator-h\"><h3 class=\"w-separator-text\"><span>Caract\u00e9ristiques<\/span><\/h3><\/div><\/div><div class=\"g-cols wpb_row via_flex valign_top type_default stacking_default\"><div class=\"vc_col-sm-12 wpb_column vc_column_container\"><div class=\"vc_column-inner\"><div class=\"wpb_wrapper\"><div class=\"wpb_text_column\"><div class=\"wpb_wrapper\"><p>Le Process Atrato repr\u00e9sente une nouvelle g\u00e9n\u00e9ration de d\u00e9bitm\u00e8tres \u00e0 ultrasons. Il est id\u00e9al pour diverses applications de contr\u00f4le de proc\u00e9d\u00e9, d&#8217;instrumentation et de laboratoire.<\/p>\n<p>Le bo\u00eetier de ce d\u00e9bitm\u00e8tre est en acier inoxydable 316, con\u00e7u pour r\u00e9sister \u00e0 une pression de 20 bar. L&#8217;\u00e9lectronique est int\u00e9gr\u00e9e et scell\u00e9e selon la norme IP65. Les seuls autres mat\u00e9riaux en contact avec le fluide sont le PEEK et des \u00e9lastom\u00e8res au choix.<\/p>\n<p>Le Process Atrato\u00ae est calibr\u00e9 avec un facteur &#8220;K&#8221; pr\u00e9d\u00e9fini, ce qui rend tous les mod\u00e8les ayant la m\u00eame plage de d\u00e9bit enti\u00e8rement interchangeables. Cela simplifie les proc\u00e9dures d&#8217;installation et de configuration pour les fabricants OEM.<\/p>\n<p>Deux sorties de fr\u00e9quence personnalisables sont disponibles : une PNP et une NPN. Deux LED multicolores indiquent la force du signal, les pannes d\u2019alimentation et les impulsions de sortie. Les connexions \u00e9lectriques se font via un connecteur M12 standard \u00e0 4 broches.<\/p>\n<p>Quatre plages de d\u00e9bit sont disponibles, allant de 2 ml\/min \u00e0 15 litres\/minute, avec une pr\u00e9cision de \u00b11 % sur toute la plage de d\u00e9bit.<\/p>\n<\/div><\/div><\/div><\/div><\/div><\/div><div class=\"w-separator size_huge with_line width_default thick_1 style_solid color_primary align_center with_text with_content\"><div class=\"w-separator-h\"><h3 class=\"w-separator-text\"><span>Applications<\/span><\/h3><\/div><\/div><div class=\"g-cols wpb_row via_flex valign_top type_default stacking_default\"><div class=\"vc_col-sm-12 wpb_column vc_column_container\"><div class=\"vc_column-inner\"><div class=\"wpb_wrapper\"><div class=\"wpb_text_column\"><div class=\"wpb_wrapper\"><ul>\n<li><span class=\"selected\">Mesure de produits chimiques agressifs, y compris l\u2019eau ultrapure<\/span><\/li>\n<li><span class=\"selected\">Installations pilotes (pilot plants)<\/span><\/li>\n<\/ul>\n<\/div><\/div><\/div><\/div><\/div><\/div><div class=\"w-separator size_huge with_line width_default thick_1 style_solid color_primary align_center with_text with_content\"><div class=\"w-separator-h\"><h3 class=\"w-separator-text\"><span>T\u00e9l\u00e9chargement(s)<\/span><\/h3><\/div><\/div><div class=\"g-cols wpb_row via_flex valign_top type_default stacking_default\"><div class=\"vc_col-sm-12 wpb_column vc_column_container\"><div class=\"vc_column-inner\"><div class=\"wpb_wrapper\"><div class=\"wpb_text_column us_custom_5c7e45ac\"><div class=\"wpb_wrapper\"><ul>\n<li><a href=\"https:\/\/intercontrol.be\/wp-content\/uploads\/2023\/01\/Titan-Process-atrato-ultrasone-flowmeter-datasheet-ENG.pdf\">Titan Process Atrato d\u00e9bitm\u00e8tre \u00e0 ultrasons \u2013 fiche technique (EN)<\/a><\/li>\n<\/ul>\n<\/div><\/div><\/div><\/div><\/div><\/div><div class=\"w-separator size_small with_line width_default thick_1 style_solid color_primary align_center\"><div class=\"w-separator-h\"><\/div><\/div><\/div><\/div><\/div><\/div><\/div><\/section>\n","protected":false},"excerpt":{"rendered":"Titan Process Atrato D\u00e9bitm\u00e8tre \u00e0 ultrasons Le Process Atrato\u00ae est bas\u00e9 sur le d\u00e9bitm\u00e8tre \u00e0 ultrasons standard Atrato, mais con\u00e7u pour r\u00e9pondre aux environnements de processus industriels et de contr\u00f4le plus exigeants. Pr\u00e9sentation du produit Sp\u00e9cifications D\u00e9bitm\u00e8tres Sp\u00e9cifications techniques Plage de d\u00e9bit 71P : 2 \u00e0 500 ml\/min \u2014 100 000 impulsions par litre72P :...","protected":false},"featured_media":41899,"comment_status":"closed","ping_status":"closed","template":"","meta":{"_acf_changed":false,"_monsterinsights_skip_tracking":false,"_monsterinsights_sitenote_active":false,"_monsterinsights_sitenote_note":"","_monsterinsights_sitenote_category":0},"product_brand":[],"product_cat":[1201,1202],"product_tag":[],"class_list":{"0":"post-41900","1":"product","2":"type-product","3":"status-publish","4":"has-post-thumbnail","6":"product_cat-debitmetres","7":"product_cat-debitmetres-pour-liquides","9":"first","10":"instock","11":"shipping-taxable","12":"product-type-simple"},"acf":[],"yoast_head":"<!-- This site is optimized with the Yoast SEO plugin v27.4 - https:\/\/yoast.com\/product\/yoast-seo-wordpress\/ -->\n<title>Titan Proces Atrato d\u00e9bitm\u00e8tre \u00e0 ultrasons - Intercontrol Belgi\u00eb<\/title>\n<meta name=\"robots\" content=\"index, follow, max-snippet:-1, max-image-preview:large, max-video-preview:-1\" \/>\n<link rel=\"canonical\" href=\"https:\/\/intercontrol.be\/frs\/debitmetres-pour-liquides\/titan-proces-atrato-debitmetre-a-ultrasons\/\" \/>\n<meta property=\"og:locale\" content=\"fr_FR\" \/>\n<meta property=\"og:type\" content=\"article\" \/>\n<meta property=\"og:title\" content=\"Titan Proces Atrato d\u00e9bitm\u00e8tre \u00e0 ultrasons - Intercontrol Belgi\u00eb\" \/>\n<meta property=\"og:url\" content=\"https:\/\/intercontrol.be\/frs\/debitmetres-pour-liquides\/titan-proces-atrato-debitmetre-a-ultrasons\/\" \/>\n<meta property=\"og:site_name\" content=\"Intercontrol Belgi\u00eb\" \/>\n<meta property=\"article:modified_time\" content=\"2025-06-05T07:58:27+00:00\" \/>\n<meta property=\"og:image\" content=\"https:\/\/intercontrol.be\/wp-content\/uploads\/2023\/01\/Titan-process-atrato-ultrasone-pulse-flowmeter-2.jpg\" \/>\n\t<meta property=\"og:image:width\" content=\"500\" \/>\n\t<meta property=\"og:image:height\" content=\"500\" \/>\n\t<meta property=\"og:image:type\" content=\"image\/jpeg\" \/>\n<meta name=\"twitter:card\" content=\"summary_large_image\" \/>\n<meta name=\"twitter:label1\" content=\"Dur\u00e9e de lecture estim\u00e9e\" \/>\n\t<meta name=\"twitter:data1\" content=\"2 minutes\" \/>\n<script type=\"application\/ld+json\" class=\"yoast-schema-graph\">{\"@context\":\"https:\\\/\\\/schema.org\",\"@graph\":[{\"@type\":\"WebPage\",\"@id\":\"https:\\\/\\\/intercontrol.be\\\/frs\\\/debitmetres-pour-liquides\\\/titan-proces-atrato-debitmetre-a-ultrasons\\\/\",\"url\":\"https:\\\/\\\/intercontrol.be\\\/frs\\\/debitmetres-pour-liquides\\\/titan-proces-atrato-debitmetre-a-ultrasons\\\/\",\"name\":\"Titan Proces Atrato d\u00e9bitm\u00e8tre \u00e0 ultrasons - Intercontrol Belgi\u00eb\",\"isPartOf\":{\"@id\":\"https:\\\/\\\/intercontrol.be\\\/#website\"},\"primaryImageOfPage\":{\"@id\":\"https:\\\/\\\/intercontrol.be\\\/frs\\\/debitmetres-pour-liquides\\\/titan-proces-atrato-debitmetre-a-ultrasons\\\/#primaryimage\"},\"image\":{\"@id\":\"https:\\\/\\\/intercontrol.be\\\/frs\\\/debitmetres-pour-liquides\\\/titan-proces-atrato-debitmetre-a-ultrasons\\\/#primaryimage\"},\"thumbnailUrl\":\"https:\\\/\\\/intercontrol.be\\\/wp-content\\\/uploads\\\/2023\\\/01\\\/Titan-process-atrato-ultrasone-pulse-flowmeter-2.jpg\",\"datePublished\":\"2025-05-02T05:00:34+00:00\",\"dateModified\":\"2025-06-05T07:58:27+00:00\",\"breadcrumb\":{\"@id\":\"https:\\\/\\\/intercontrol.be\\\/frs\\\/debitmetres-pour-liquides\\\/titan-proces-atrato-debitmetre-a-ultrasons\\\/#breadcrumb\"},\"inLanguage\":\"fr-FR\",\"potentialAction\":[{\"@type\":\"ReadAction\",\"target\":[\"https:\\\/\\\/intercontrol.be\\\/frs\\\/debitmetres-pour-liquides\\\/titan-proces-atrato-debitmetre-a-ultrasons\\\/\"]}]},{\"@type\":\"ImageObject\",\"inLanguage\":\"fr-FR\",\"@id\":\"https:\\\/\\\/intercontrol.be\\\/frs\\\/debitmetres-pour-liquides\\\/titan-proces-atrato-debitmetre-a-ultrasons\\\/#primaryimage\",\"url\":\"https:\\\/\\\/intercontrol.be\\\/wp-content\\\/uploads\\\/2023\\\/01\\\/Titan-process-atrato-ultrasone-pulse-flowmeter-2.jpg\",\"contentUrl\":\"https:\\\/\\\/intercontrol.be\\\/wp-content\\\/uploads\\\/2023\\\/01\\\/Titan-process-atrato-ultrasone-pulse-flowmeter-2.jpg\",\"width\":500,\"height\":500,\"caption\":\"Titan-process-atrato-ultrasone-pulse-flowmeter\"},{\"@type\":\"BreadcrumbList\",\"@id\":\"https:\\\/\\\/intercontrol.be\\\/frs\\\/debitmetres-pour-liquides\\\/titan-proces-atrato-debitmetre-a-ultrasons\\\/#breadcrumb\",\"itemListElement\":[{\"@type\":\"ListItem\",\"position\":1,\"name\":\"Home\",\"item\":\"https:\\\/\\\/intercontrol.be\\\/frs\\\/\"},{\"@type\":\"ListItem\",\"position\":2,\"name\":\"Catalogus\",\"item\":\"https:\\\/\\\/intercontrol.be\\\/catalogus\\\/\"},{\"@type\":\"ListItem\",\"position\":3,\"name\":\"Titan Proces Atrato d\u00e9bitm\u00e8tre \u00e0 ultrasons\"}]},{\"@type\":\"WebSite\",\"@id\":\"https:\\\/\\\/intercontrol.be\\\/#website\",\"url\":\"https:\\\/\\\/intercontrol.be\\\/\",\"name\":\"Intercontrol Belgi\u00eb\",\"description\":\"Alles onder controle!\",\"potentialAction\":[{\"@type\":\"SearchAction\",\"target\":{\"@type\":\"EntryPoint\",\"urlTemplate\":\"https:\\\/\\\/intercontrol.be\\\/?s={search_term_string}\"},\"query-input\":{\"@type\":\"PropertyValueSpecification\",\"valueRequired\":true,\"valueName\":\"search_term_string\"}}],\"inLanguage\":\"fr-FR\"}]}<\/script>\n<!-- \/ Yoast SEO plugin. -->","yoast_head_json":{"title":"Titan Proces Atrato d\u00e9bitm\u00e8tre \u00e0 ultrasons - Intercontrol Belgi\u00eb","robots":{"index":"index","follow":"follow","max-snippet":"max-snippet:-1","max-image-preview":"max-image-preview:large","max-video-preview":"max-video-preview:-1"},"canonical":"https:\/\/intercontrol.be\/frs\/debitmetres-pour-liquides\/titan-proces-atrato-debitmetre-a-ultrasons\/","og_locale":"fr_FR","og_type":"article","og_title":"Titan Proces Atrato d\u00e9bitm\u00e8tre \u00e0 ultrasons - Intercontrol Belgi\u00eb","og_url":"https:\/\/intercontrol.be\/frs\/debitmetres-pour-liquides\/titan-proces-atrato-debitmetre-a-ultrasons\/","og_site_name":"Intercontrol Belgi\u00eb","article_modified_time":"2025-06-05T07:58:27+00:00","og_image":[{"width":500,"height":500,"url":"https:\/\/intercontrol.be\/wp-content\/uploads\/2023\/01\/Titan-process-atrato-ultrasone-pulse-flowmeter-2.jpg","type":"image\/jpeg"}],"twitter_card":"summary_large_image","twitter_misc":{"Dur\u00e9e de lecture estim\u00e9e":"2 minutes"},"schema":{"@context":"https:\/\/schema.org","@graph":[{"@type":"WebPage","@id":"https:\/\/intercontrol.be\/frs\/debitmetres-pour-liquides\/titan-proces-atrato-debitmetre-a-ultrasons\/","url":"https:\/\/intercontrol.be\/frs\/debitmetres-pour-liquides\/titan-proces-atrato-debitmetre-a-ultrasons\/","name":"Titan Proces Atrato d\u00e9bitm\u00e8tre \u00e0 ultrasons - Intercontrol Belgi\u00eb","isPartOf":{"@id":"https:\/\/intercontrol.be\/#website"},"primaryImageOfPage":{"@id":"https:\/\/intercontrol.be\/frs\/debitmetres-pour-liquides\/titan-proces-atrato-debitmetre-a-ultrasons\/#primaryimage"},"image":{"@id":"https:\/\/intercontrol.be\/frs\/debitmetres-pour-liquides\/titan-proces-atrato-debitmetre-a-ultrasons\/#primaryimage"},"thumbnailUrl":"https:\/\/intercontrol.be\/wp-content\/uploads\/2023\/01\/Titan-process-atrato-ultrasone-pulse-flowmeter-2.jpg","datePublished":"2025-05-02T05:00:34+00:00","dateModified":"2025-06-05T07:58:27+00:00","breadcrumb":{"@id":"https:\/\/intercontrol.be\/frs\/debitmetres-pour-liquides\/titan-proces-atrato-debitmetre-a-ultrasons\/#breadcrumb"},"inLanguage":"fr-FR","potentialAction":[{"@type":"ReadAction","target":["https:\/\/intercontrol.be\/frs\/debitmetres-pour-liquides\/titan-proces-atrato-debitmetre-a-ultrasons\/"]}]},{"@type":"ImageObject","inLanguage":"fr-FR","@id":"https:\/\/intercontrol.be\/frs\/debitmetres-pour-liquides\/titan-proces-atrato-debitmetre-a-ultrasons\/#primaryimage","url":"https:\/\/intercontrol.be\/wp-content\/uploads\/2023\/01\/Titan-process-atrato-ultrasone-pulse-flowmeter-2.jpg","contentUrl":"https:\/\/intercontrol.be\/wp-content\/uploads\/2023\/01\/Titan-process-atrato-ultrasone-pulse-flowmeter-2.jpg","width":500,"height":500,"caption":"Titan-process-atrato-ultrasone-pulse-flowmeter"},{"@type":"BreadcrumbList","@id":"https:\/\/intercontrol.be\/frs\/debitmetres-pour-liquides\/titan-proces-atrato-debitmetre-a-ultrasons\/#breadcrumb","itemListElement":[{"@type":"ListItem","position":1,"name":"Home","item":"https:\/\/intercontrol.be\/frs\/"},{"@type":"ListItem","position":2,"name":"Catalogus","item":"https:\/\/intercontrol.be\/catalogus\/"},{"@type":"ListItem","position":3,"name":"Titan Proces Atrato d\u00e9bitm\u00e8tre \u00e0 ultrasons"}]},{"@type":"WebSite","@id":"https:\/\/intercontrol.be\/#website","url":"https:\/\/intercontrol.be\/","name":"Intercontrol Belgi\u00eb","description":"Alles onder controle!","potentialAction":[{"@type":"SearchAction","target":{"@type":"EntryPoint","urlTemplate":"https:\/\/intercontrol.be\/?s={search_term_string}"},"query-input":{"@type":"PropertyValueSpecification","valueRequired":true,"valueName":"search_term_string"}}],"inLanguage":"fr-FR"}]}},"_links":{"self":[{"href":"https:\/\/intercontrol.be\/frs\/wp-json\/wp\/v2\/product\/41900","targetHints":{"allow":["GET"]}}],"collection":[{"href":"https:\/\/intercontrol.be\/frs\/wp-json\/wp\/v2\/product"}],"about":[{"href":"https:\/\/intercontrol.be\/frs\/wp-json\/wp\/v2\/types\/product"}],"replies":[{"embeddable":true,"href":"https:\/\/intercontrol.be\/frs\/wp-json\/wp\/v2\/comments?post=41900"}],"wp:featuredmedia":[{"embeddable":true,"href":"https:\/\/intercontrol.be\/frs\/wp-json\/wp\/v2\/media\/41899"}],"wp:attachment":[{"href":"https:\/\/intercontrol.be\/frs\/wp-json\/wp\/v2\/media?parent=41900"}],"wp:term":[{"taxonomy":"product_brand","embeddable":true,"href":"https:\/\/intercontrol.be\/frs\/wp-json\/wp\/v2\/product_brand?post=41900"},{"taxonomy":"product_cat","embeddable":true,"href":"https:\/\/intercontrol.be\/frs\/wp-json\/wp\/v2\/product_cat?post=41900"},{"taxonomy":"product_tag","embeddable":true,"href":"https:\/\/intercontrol.be\/frs\/wp-json\/wp\/v2\/product_tag?post=41900"}],"curies":[{"name":"wp","href":"https:\/\/api.w.org\/{rel}","templated":true}]}}