{"id":41897,"date":"2025-05-02T04:46:27","date_gmt":"2025-05-02T04:46:27","guid":{"rendered":"https:\/\/intercontrol.be\/?post_type=product&#038;p=41897"},"modified":"2025-05-02T04:46:28","modified_gmt":"2025-05-02T04:46:28","slug":"titan-metraflow-atrato-ultrasone-flowmeter","status":"publish","type":"product","link":"https:\/\/intercontrol.be\/frs\/debitmetres-pour-liquides\/titan-metraflow-atrato-ultrasone-flowmeter\/","title":{"rendered":"<b>Titan Metraflow Atrato<\/b> <br>ultrasone flowmeter"},"content":{"rendered":"<section class=\"l-section wpb_row height_large color_primary parallax_ver with_shape\"><div class=\"l-section-overlay\" style=\"background:rgba(6,56,119,0.81)\"><\/div><div class=\"l-section-shape type_triangle pos_bottom\" style=\"height:5vh;\"><svg xmlns=\"http:\/\/www.w3.org\/2000\/svg\" viewBox=\"0 0 64 8\" preserveAspectRatio=\"none\" width=\"100%\" height=\"100%\">\r\n\t<path fill=\"currentColor\" d=\"M64 8 L0 8 L0 0 L32 7.9 L64 0 Z\"\/>\r\n<\/svg><\/div><div class=\"l-section-h i-cf\"><div class=\"g-cols vc_row via_flex valign_top type_default stacking_default\"><div class=\"vc_col-sm-2 wpb_column vc_column_container\"><div class=\"vc_column-inner\"><div class=\"wpb_wrapper\"><\/div><\/div><\/div><div class=\"vc_col-sm-8 wpb_column vc_column_container\"><div class=\"vc_column-inner\"><div class=\"wpb_wrapper\"><div class=\"wpb_text_column\"><div class=\"wpb_wrapper\"><h1 style=\"text-align: center;\">Titan Metraflow Atrato<\/h1>\n<\/div><\/div><div class=\"wpb_text_column\"><div class=\"wpb_wrapper\"><h3 style=\"text-align: center;\">D\u00e9bitm\u00e8tre \u00e0 ultrasons<\/h3>\n<\/div><\/div><\/div><\/div><\/div><div class=\"vc_col-sm-2 wpb_column vc_column_container\"><div class=\"vc_column-inner\"><div class=\"wpb_wrapper\"><\/div><\/div><\/div><\/div><\/div><\/section><section class=\"l-section wpb_row us_custom_a4ebe4e2 height_large\"><div class=\"l-section-h i-cf\"><div class=\"g-cols vc_row via_flex valign_top type_default stacking_default\" style=\"--additional-gap:10px;\"><div class=\"vc_col-sm-12 wpb_column vc_column_container\"><div class=\"vc_column-inner\"><div class=\"wpb_wrapper\"><div class=\"g-cols wpb_row via_flex valign_middle type_default stacking_default\"><div class=\"vc_col-sm-8 wpb_column vc_column_container\"><div class=\"vc_column-inner\"><div class=\"wpb_wrapper\"><div class=\"w-image align_center\"><div class=\"w-image-h\"><img decoding=\"async\" width=\"500\" height=\"500\" data-src=\"https:\/\/intercontrol.be\/wp-content\/uploads\/2023\/01\/Titan-metraflow-ultra-puur-water-pfa-ultrasone-flowmeter-1.jpg\" class=\"attachment-large size-large lazyload\" alt=\"\" data-srcset=\"https:\/\/intercontrol.be\/wp-content\/uploads\/2023\/01\/Titan-metraflow-ultra-puur-water-pfa-ultrasone-flowmeter-1.jpg 500w, https:\/\/intercontrol.be\/wp-content\/uploads\/2023\/01\/Titan-metraflow-ultra-puur-water-pfa-ultrasone-flowmeter-1-300x300.jpg 300w, https:\/\/intercontrol.be\/wp-content\/uploads\/2023\/01\/Titan-metraflow-ultra-puur-water-pfa-ultrasone-flowmeter-1-120x120.jpg 120w, https:\/\/intercontrol.be\/wp-content\/uploads\/2023\/01\/Titan-metraflow-ultra-puur-water-pfa-ultrasone-flowmeter-1-150x150.jpg 150w\" data-sizes=\"(max-width: 500px) 100vw, 500px\" src=\"data:image\/svg+xml;base64,PHN2ZyB3aWR0aD0iMSIgaGVpZ2h0PSIxIiB4bWxucz0iaHR0cDovL3d3dy53My5vcmcvMjAwMC9zdmciPjwvc3ZnPg==\" style=\"--smush-placeholder-width: 500px; --smush-placeholder-aspect-ratio: 500\/500;\" \/><\/div><\/div><\/div><\/div><\/div><div class=\"vc_col-sm-4 wpb_column vc_column_container\"><div class=\"vc_column-inner\"><div class=\"wpb_wrapper\"><div class=\"w-image align_none\"><div class=\"w-image-h\"><img decoding=\"async\" width=\"400\" height=\"200\" data-src=\"https:\/\/intercontrol.be\/wp-content\/uploads\/2023\/01\/Titan-logo-batch.png\" class=\"attachment-large size-large lazyload\" alt=\"Titan logo\" data-srcset=\"https:\/\/intercontrol.be\/wp-content\/uploads\/2023\/01\/Titan-logo-batch.png 400w, https:\/\/intercontrol.be\/wp-content\/uploads\/2023\/01\/Titan-logo-batch-300x150.png 300w\" data-sizes=\"(max-width: 400px) 100vw, 400px\" src=\"data:image\/svg+xml;base64,PHN2ZyB3aWR0aD0iMSIgaGVpZ2h0PSIxIiB4bWxucz0iaHR0cDovL3d3dy53My5vcmcvMjAwMC9zdmciPjwvc3ZnPg==\" style=\"--smush-placeholder-width: 400px; --smush-placeholder-aspect-ratio: 400\/200;\" \/><\/div><\/div><div class=\"wpb_text_column\"><div class=\"wpb_wrapper\"><p>Le d\u00e9bitm\u00e8tre \u00e0 ultrasons Metraflow\u00ae utilise la technologie brevet\u00e9e &#8220;transit time&#8221; de Titan. Cela permet de mesurer avec pr\u00e9cision les liquides circulant dans un tube de d\u00e9bit en PFA.<\/p>\n<\/div><\/div><\/div><\/div><\/div><\/div><div class=\"w-separator size_huge with_line width_default thick_1 style_solid color_primary align_center with_text with_content\"><div class=\"w-separator-h\"><h3 class=\"w-separator-text\"><span>Pr\u00e9sentation du produit<\/span><\/h3><\/div><\/div><div class=\"g-cols wpb_row via_flex valign_top type_default stacking_default\"><div class=\"vc_col-sm-12 wpb_column vc_column_container\"><div class=\"vc_column-inner\"><div class=\"wpb_wrapper\"><div class=\"w-html\"><!DOCTYPE html>\n<html lang=\"fr\">\n<head>\n    <meta charset=\"UTF-8\">\n    <meta name=\"viewport\" content=\"width=device-width, initial-scale=1.0\">\n    <title>Sp\u00e9cifications D\u00e9bitm\u00e8tres<\/title>\n    <style>\n        .table-wrapper {\n            overflow-x: auto;\n            width: 100%;\n            -webkit-overflow-scrolling: touch;\n        }\n        .data-table {\n            width: 100%;\n            min-width: 600px;\n            border-collapse: collapse;\n        }\n        .data-table th, .data-table td {\n            border: 1px solid #ddd;\n            padding: 8px;\n            text-align: left;\n            white-space: normal;\n        }\n        .data-table th {\n            background-color: #f2f2f2;\n            font-weight: bold;\n        }\n        .data-table tr:nth-child(even) {\n            background-color: #f9f9f9;\n        }\n        th.darker-bg {\n            background-color: #d3d3d3;\n            text-align: left;\n        }\n    <\/style>\n<\/head>\n<body>\n    <div class=\"table-wrapper\">\n        <table class=\"data-table\">\n            <tbody>\n                <tr>\n                    <th colspan=\"2\" class=\"darker-bg\">Sp\u00e9cifications techniques<\/th>\n                <\/tr>\n                <tr>\n                    <td>Plage de d\u00e9bit<\/td>\n                    <td>Tuyau 1\/8\u201d : 20 \u00e0 1000 ml\/min<br>Tuyau 1\/4\u201d : 100 \u00e0 5000 ml\/min<\/td>\n                <\/tr>\n                <tr>\n                    <td>Lin\u00e9arit\u00e9<\/td>\n                    <td>\u00b10.5% FSD (* \u00b11% de la lecture en conditions isothermes)<\/td>\n                <\/tr>\n                <tr>\n                    <td>R\u00e9p\u00e9tabilit\u00e9<\/td>\n                    <td>\u00b10.1% plus \u00b10.02% FSD<\/td>\n                <\/tr>\n                <tr>\n                    <th colspan=\"2\" class=\"darker-bg\">Mat\u00e9riaux et pression<\/th>\n                <\/tr>\n                <tr>\n                    <td>Composants en contact avec le fluide<\/td>\n                    <td>Tuyau PFA ; approuv\u00e9 par la FDA<\/td>\n                <\/tr>\n                <tr>\n                    <td>Temp\u00e9rature maximale<\/td>\n                    <td>60\u00b0C<\/td>\n                <\/tr>\n                <tr>\n                    <td>Pression de service<\/td>\n                    <td>Tuyau 1\/8\u201d : 27.7 bar(g) @ 25\u00b0C ; 20.8 bar(g) @ 60\u00b0C<br>Tuyau 1\/4\u201d : 16.7 bar(g) @ 25\u00b0C ; 12.6 bar(g) @ 60\u00b0C<\/td>\n                <\/tr>\n                <tr>\n                    <th colspan=\"2\" class=\"darker-bg\">Affichage et sorties<\/th>\n                <\/tr>\n                <tr>\n                    <td>Affichage<\/td>\n                    <td>LCD \u00e0 6 chiffres, configurable avec indicateurs<\/td>\n                <\/tr>\n                <tr>\n                    <td>Sorties<\/td>\n                    <td>Configurables : <br>2 x \u201cNPN\u201d NFET entr\u00e9e ou sortie<br>1 x \u201cPNP\u201d PFET entr\u00e9e ou sortie<br>4 \u00e0 20 mA<br>0 \u00e0 5\/10 V dc<\/td>\n                <\/tr>\n                <tr>\n                    <td>Sortie d\u2019impulsions<\/td>\n                    <td>Jusqu\u2019\u00e0 10 kHz<\/td>\n                <\/tr>\n                <tr>\n                    <td>Sorties analogiques<\/td>\n                    <td>4 \u2013 20 mA, 0 \u2013 5\/10 V<\/td>\n                <\/tr>\n                <tr>\n                    <td>Configuration<\/td>\n                    <td>D\u00e9bit et\/ou total, unit\u00e9s, base de temps, alarmes de d\u00e9bit haut\/bas avec hyst\u00e9r\u00e9sis<\/td>\n                <\/tr>\n                <tr>\n                    <th colspan=\"2\" class=\"darker-bg\">Raccordements et alimentation<\/th>\n                <\/tr>\n                <tr>\n                    <td>Interface USB<\/td>\n                    <td>Mini B, pour programmation et connexion<\/td>\n                <\/tr>\n                <tr>\n                    <td>Raccordements<\/td>\n                    <td>Fluides : extr\u00e9mit\u00e9s de tuyau de 300 mm<br>\u00c9lectriques : via c\u00e2ble \u00e0 8 conducteurs et\/ou USB<\/td>\n                <\/tr>\n                <tr>\n                    <td>Alimentation<\/td>\n                    <td>12 \u00e0 24 V dc<br>USB 5 V avec fonctionnalit\u00e9 limit\u00e9e<\/td>\n                <\/tr>\n                <tr>\n                    <th colspan=\"2\" class=\"darker-bg\">Codes de commande<\/th>\n                <\/tr>\n                <tr>\n                    <td>Codes de commande<\/td>\n                    <td>Tuyau 1\/8\u201d : 240-020<br>Tuyau 1\/4\u201d : 240-025<\/td>\n                <\/tr>\n            <\/tbody>\n        <\/table>\n    <\/div>\n<\/body>\n<\/html>\n<\/div><\/div><\/div><\/div><\/div><div class=\"w-separator size_huge with_line width_default thick_1 style_solid color_primary align_center with_text with_content\"><div class=\"w-separator-h\"><h3 class=\"w-separator-text\"><span>Caract\u00e9ristiques<\/span><\/h3><\/div><\/div><div class=\"g-cols wpb_row via_flex valign_top type_default stacking_default\"><div class=\"vc_col-sm-12 wpb_column vc_column_container\"><div class=\"vc_column-inner\"><div class=\"wpb_wrapper\"><div class=\"wpb_text_column\"><div class=\"wpb_wrapper\"><p>Le module compact combinant l\u2019\u00e9lectronique, l\u2019affichage et le capteur offre des performances sup\u00e9rieures dans un seul bo\u00eetier. Cela fait du Metraflow\u00ae le d\u00e9bitm\u00e8tre \u00e0 ultrasons id\u00e9al pour l\u2019eau ultrapure.<\/p>\n<p>Les connexions informatiques et op\u00e9rationnelles sont s\u00e9par\u00e9es, ce qui permet le param\u00e9trage et la surveillance de l\u2019interface pendant le fonctionnement normal. Les unit\u00e9s, l\u2019\u00e9chelle de temps, les seuils et les sorties analogiques\/num\u00e9riques peuvent \u00eatre configur\u00e9s via le connecteur USB et le logiciel d\u00e9di\u00e9 de Titan.<\/p>\n<p>D\u2019autres param\u00e8tres peuvent \u00e9galement \u00eatre configur\u00e9s via ce port, tels que l\u2019interruption minimale du flux, l\u2019enregistrement des donn\u00e9es sur ordinateur, le filtrage des affichages\/sorties et l\u2019indicateur de flux n\u00e9gatif.<\/p>\n<\/div><\/div><\/div><\/div><\/div><\/div><div class=\"w-separator size_huge with_line width_default thick_1 style_solid color_primary align_center with_text with_content\"><div class=\"w-separator-h\"><h3 class=\"w-separator-text\"><span>Applications<\/span><\/h3><\/div><\/div><div class=\"g-cols wpb_row via_flex valign_top type_default stacking_default\"><div class=\"vc_col-sm-6 wpb_column vc_column_container\"><div class=\"vc_column-inner\"><div class=\"wpb_wrapper\"><div class=\"wpb_text_column\"><div class=\"wpb_wrapper\"><ul>\n<li><span class=\"selected\">Industrie pharmaceutique<\/span><\/li>\n<li><span class=\"selected\">Industrie chimique et p\u00e9trochimique<\/span><\/li>\n<li><span class=\"selected\">Industrie des semi-conducteurs<\/span><\/li>\n<li><span class=\"selected\">Applications de laboratoire et de recherche<\/span><\/li>\n<li><span class=\"selected\">Applications OEM<\/span><\/li>\n<\/ul>\n<\/div><\/div><\/div><\/div><\/div><div class=\"vc_col-sm-6 wpb_column vc_column_container\"><div class=\"vc_column-inner\"><div class=\"wpb_wrapper\"><div class=\"wpb_text_column\"><div class=\"wpb_wrapper\"><ul>\n<li><span class=\"selected\">Surveillance active du d\u00e9bit<\/span><\/li>\n<li><span class=\"selected\">Dosage par lots<\/span><\/li>\n<li><span class=\"selected\">\u00c9quipements de refroidissement<\/span><\/li>\n<li><span class=\"selected\">Recherche sur les piles \u00e0 combustible<\/span><\/li>\n<\/ul>\n<\/div><\/div><\/div><\/div><\/div><\/div><div class=\"w-separator size_huge with_line width_default thick_1 style_solid color_primary align_center with_text with_content\"><div class=\"w-separator-h\"><h3 class=\"w-separator-text\"><span>T\u00e9l\u00e9chargement(s)<\/span><\/h3><\/div><\/div><div class=\"wpb_text_column us_custom_5c7e45ac\"><div class=\"wpb_wrapper\"><ul>\n<li><a href=\"https:\/\/intercontrol.be\/wp-content\/uploads\/2023\/01\/Titan-Metraflow-ultrasone-flowmeter-datasheet-ENG.pdf\">Titan Metraflow d\u00e9bitm\u00e8tre \u00e0 ultrasons &#8211; fiche technique (ENG)<\/a><\/li>\n<\/ul>\n<\/div><\/div><div class=\"w-separator size_small with_line width_default thick_1 style_solid color_primary align_center\"><div class=\"w-separator-h\"><\/div><\/div><\/div><\/div><\/div><\/div><\/div><\/section>\n","protected":false},"excerpt":{"rendered":"Titan Metraflow Atrato D\u00e9bitm\u00e8tre \u00e0 ultrasons Le d\u00e9bitm\u00e8tre \u00e0 ultrasons Metraflow\u00ae utilise la technologie brevet\u00e9e &#8220;transit time&#8221; de Titan. Cela permet de mesurer avec pr\u00e9cision les liquides circulant dans un tube de d\u00e9bit en PFA. Pr\u00e9sentation du produit Sp\u00e9cifications D\u00e9bitm\u00e8tres Sp\u00e9cifications techniques Plage de d\u00e9bit Tuyau 1\/8\u201d : 20 \u00e0 1000 ml\/minTuyau 1\/4\u201d : 100...","protected":false},"featured_media":32370,"comment_status":"closed","ping_status":"closed","template":"","meta":{"_acf_changed":false,"_monsterinsights_skip_tracking":false,"_monsterinsights_sitenote_active":false,"_monsterinsights_sitenote_note":"","_monsterinsights_sitenote_category":0},"product_brand":[],"product_cat":[1202],"product_tag":[],"class_list":{"0":"post-41897","1":"product","2":"type-product","3":"status-publish","4":"has-post-thumbnail","6":"product_cat-debitmetres-pour-liquides","8":"first","9":"instock","10":"shipping-taxable","11":"product-type-simple"},"acf":[],"yoast_head":"<!-- This site is optimized with the Yoast SEO plugin v27.4 - https:\/\/yoast.com\/product\/yoast-seo-wordpress\/ -->\n<title>Titan Metraflow Atrato ultrasone flowmeter - Intercontrol Belgi\u00eb<\/title>\n<meta name=\"robots\" content=\"index, follow, max-snippet:-1, max-image-preview:large, max-video-preview:-1\" \/>\n<link rel=\"canonical\" href=\"https:\/\/intercontrol.be\/frs\/debitmetres-pour-liquides\/titan-metraflow-atrato-ultrasone-flowmeter\/\" \/>\n<meta property=\"og:locale\" content=\"fr_FR\" \/>\n<meta property=\"og:type\" content=\"article\" \/>\n<meta property=\"og:title\" content=\"Titan Metraflow Atrato ultrasone flowmeter - Intercontrol Belgi\u00eb\" \/>\n<meta property=\"og:url\" content=\"https:\/\/intercontrol.be\/frs\/debitmetres-pour-liquides\/titan-metraflow-atrato-ultrasone-flowmeter\/\" \/>\n<meta property=\"og:site_name\" content=\"Intercontrol Belgi\u00eb\" \/>\n<meta property=\"article:modified_time\" content=\"2025-05-02T04:46:28+00:00\" \/>\n<meta property=\"og:image\" content=\"https:\/\/intercontrol.be\/wp-content\/uploads\/2023\/01\/Titan-metraflow-ultra-puur-water-pfa-ultrasone-flowmeter.jpg\" \/>\n\t<meta property=\"og:image:width\" content=\"800\" \/>\n\t<meta property=\"og:image:height\" content=\"800\" \/>\n\t<meta property=\"og:image:type\" content=\"image\/jpeg\" \/>\n<meta name=\"twitter:card\" content=\"summary_large_image\" \/>\n<meta name=\"twitter:label1\" content=\"Dur\u00e9e de lecture estim\u00e9e\" \/>\n\t<meta name=\"twitter:data1\" content=\"2 minutes\" \/>\n<script type=\"application\/ld+json\" class=\"yoast-schema-graph\">{\"@context\":\"https:\\\/\\\/schema.org\",\"@graph\":[{\"@type\":\"WebPage\",\"@id\":\"https:\\\/\\\/intercontrol.be\\\/frs\\\/debitmetres-pour-liquides\\\/titan-metraflow-atrato-ultrasone-flowmeter\\\/\",\"url\":\"https:\\\/\\\/intercontrol.be\\\/frs\\\/debitmetres-pour-liquides\\\/titan-metraflow-atrato-ultrasone-flowmeter\\\/\",\"name\":\"Titan Metraflow Atrato ultrasone flowmeter - Intercontrol Belgi\u00eb\",\"isPartOf\":{\"@id\":\"https:\\\/\\\/intercontrol.be\\\/#website\"},\"primaryImageOfPage\":{\"@id\":\"https:\\\/\\\/intercontrol.be\\\/frs\\\/debitmetres-pour-liquides\\\/titan-metraflow-atrato-ultrasone-flowmeter\\\/#primaryimage\"},\"image\":{\"@id\":\"https:\\\/\\\/intercontrol.be\\\/frs\\\/debitmetres-pour-liquides\\\/titan-metraflow-atrato-ultrasone-flowmeter\\\/#primaryimage\"},\"thumbnailUrl\":\"https:\\\/\\\/intercontrol.be\\\/wp-content\\\/uploads\\\/2023\\\/01\\\/Titan-metraflow-ultra-puur-water-pfa-ultrasone-flowmeter.jpg\",\"datePublished\":\"2025-05-02T04:46:27+00:00\",\"dateModified\":\"2025-05-02T04:46:28+00:00\",\"breadcrumb\":{\"@id\":\"https:\\\/\\\/intercontrol.be\\\/frs\\\/debitmetres-pour-liquides\\\/titan-metraflow-atrato-ultrasone-flowmeter\\\/#breadcrumb\"},\"inLanguage\":\"fr-FR\",\"potentialAction\":[{\"@type\":\"ReadAction\",\"target\":[\"https:\\\/\\\/intercontrol.be\\\/frs\\\/debitmetres-pour-liquides\\\/titan-metraflow-atrato-ultrasone-flowmeter\\\/\"]}]},{\"@type\":\"ImageObject\",\"inLanguage\":\"fr-FR\",\"@id\":\"https:\\\/\\\/intercontrol.be\\\/frs\\\/debitmetres-pour-liquides\\\/titan-metraflow-atrato-ultrasone-flowmeter\\\/#primaryimage\",\"url\":\"https:\\\/\\\/intercontrol.be\\\/wp-content\\\/uploads\\\/2023\\\/01\\\/Titan-metraflow-ultra-puur-water-pfa-ultrasone-flowmeter.jpg\",\"contentUrl\":\"https:\\\/\\\/intercontrol.be\\\/wp-content\\\/uploads\\\/2023\\\/01\\\/Titan-metraflow-ultra-puur-water-pfa-ultrasone-flowmeter.jpg\",\"width\":800,\"height\":800,\"caption\":\"Titan metraflow ultra-puur water pfa ultrasone flowmeter\"},{\"@type\":\"BreadcrumbList\",\"@id\":\"https:\\\/\\\/intercontrol.be\\\/frs\\\/debitmetres-pour-liquides\\\/titan-metraflow-atrato-ultrasone-flowmeter\\\/#breadcrumb\",\"itemListElement\":[{\"@type\":\"ListItem\",\"position\":1,\"name\":\"Home\",\"item\":\"https:\\\/\\\/intercontrol.be\\\/frs\\\/\"},{\"@type\":\"ListItem\",\"position\":2,\"name\":\"Catalogus\",\"item\":\"https:\\\/\\\/intercontrol.be\\\/catalogus\\\/\"},{\"@type\":\"ListItem\",\"position\":3,\"name\":\"Titan Metraflow Atrato ultrasone flowmeter\"}]},{\"@type\":\"WebSite\",\"@id\":\"https:\\\/\\\/intercontrol.be\\\/#website\",\"url\":\"https:\\\/\\\/intercontrol.be\\\/\",\"name\":\"Intercontrol Belgi\u00eb\",\"description\":\"Alles onder controle!\",\"potentialAction\":[{\"@type\":\"SearchAction\",\"target\":{\"@type\":\"EntryPoint\",\"urlTemplate\":\"https:\\\/\\\/intercontrol.be\\\/?s={search_term_string}\"},\"query-input\":{\"@type\":\"PropertyValueSpecification\",\"valueRequired\":true,\"valueName\":\"search_term_string\"}}],\"inLanguage\":\"fr-FR\"}]}<\/script>\n<!-- \/ Yoast SEO plugin. -->","yoast_head_json":{"title":"Titan Metraflow Atrato ultrasone flowmeter - Intercontrol Belgi\u00eb","robots":{"index":"index","follow":"follow","max-snippet":"max-snippet:-1","max-image-preview":"max-image-preview:large","max-video-preview":"max-video-preview:-1"},"canonical":"https:\/\/intercontrol.be\/frs\/debitmetres-pour-liquides\/titan-metraflow-atrato-ultrasone-flowmeter\/","og_locale":"fr_FR","og_type":"article","og_title":"Titan Metraflow Atrato ultrasone flowmeter - Intercontrol Belgi\u00eb","og_url":"https:\/\/intercontrol.be\/frs\/debitmetres-pour-liquides\/titan-metraflow-atrato-ultrasone-flowmeter\/","og_site_name":"Intercontrol Belgi\u00eb","article_modified_time":"2025-05-02T04:46:28+00:00","og_image":[{"width":800,"height":800,"url":"https:\/\/intercontrol.be\/wp-content\/uploads\/2023\/01\/Titan-metraflow-ultra-puur-water-pfa-ultrasone-flowmeter.jpg","type":"image\/jpeg"}],"twitter_card":"summary_large_image","twitter_misc":{"Dur\u00e9e de lecture estim\u00e9e":"2 minutes"},"schema":{"@context":"https:\/\/schema.org","@graph":[{"@type":"WebPage","@id":"https:\/\/intercontrol.be\/frs\/debitmetres-pour-liquides\/titan-metraflow-atrato-ultrasone-flowmeter\/","url":"https:\/\/intercontrol.be\/frs\/debitmetres-pour-liquides\/titan-metraflow-atrato-ultrasone-flowmeter\/","name":"Titan Metraflow Atrato ultrasone flowmeter - Intercontrol Belgi\u00eb","isPartOf":{"@id":"https:\/\/intercontrol.be\/#website"},"primaryImageOfPage":{"@id":"https:\/\/intercontrol.be\/frs\/debitmetres-pour-liquides\/titan-metraflow-atrato-ultrasone-flowmeter\/#primaryimage"},"image":{"@id":"https:\/\/intercontrol.be\/frs\/debitmetres-pour-liquides\/titan-metraflow-atrato-ultrasone-flowmeter\/#primaryimage"},"thumbnailUrl":"https:\/\/intercontrol.be\/wp-content\/uploads\/2023\/01\/Titan-metraflow-ultra-puur-water-pfa-ultrasone-flowmeter.jpg","datePublished":"2025-05-02T04:46:27+00:00","dateModified":"2025-05-02T04:46:28+00:00","breadcrumb":{"@id":"https:\/\/intercontrol.be\/frs\/debitmetres-pour-liquides\/titan-metraflow-atrato-ultrasone-flowmeter\/#breadcrumb"},"inLanguage":"fr-FR","potentialAction":[{"@type":"ReadAction","target":["https:\/\/intercontrol.be\/frs\/debitmetres-pour-liquides\/titan-metraflow-atrato-ultrasone-flowmeter\/"]}]},{"@type":"ImageObject","inLanguage":"fr-FR","@id":"https:\/\/intercontrol.be\/frs\/debitmetres-pour-liquides\/titan-metraflow-atrato-ultrasone-flowmeter\/#primaryimage","url":"https:\/\/intercontrol.be\/wp-content\/uploads\/2023\/01\/Titan-metraflow-ultra-puur-water-pfa-ultrasone-flowmeter.jpg","contentUrl":"https:\/\/intercontrol.be\/wp-content\/uploads\/2023\/01\/Titan-metraflow-ultra-puur-water-pfa-ultrasone-flowmeter.jpg","width":800,"height":800,"caption":"Titan metraflow ultra-puur water pfa ultrasone flowmeter"},{"@type":"BreadcrumbList","@id":"https:\/\/intercontrol.be\/frs\/debitmetres-pour-liquides\/titan-metraflow-atrato-ultrasone-flowmeter\/#breadcrumb","itemListElement":[{"@type":"ListItem","position":1,"name":"Home","item":"https:\/\/intercontrol.be\/frs\/"},{"@type":"ListItem","position":2,"name":"Catalogus","item":"https:\/\/intercontrol.be\/catalogus\/"},{"@type":"ListItem","position":3,"name":"Titan Metraflow Atrato ultrasone flowmeter"}]},{"@type":"WebSite","@id":"https:\/\/intercontrol.be\/#website","url":"https:\/\/intercontrol.be\/","name":"Intercontrol Belgi\u00eb","description":"Alles onder controle!","potentialAction":[{"@type":"SearchAction","target":{"@type":"EntryPoint","urlTemplate":"https:\/\/intercontrol.be\/?s={search_term_string}"},"query-input":{"@type":"PropertyValueSpecification","valueRequired":true,"valueName":"search_term_string"}}],"inLanguage":"fr-FR"}]}},"_links":{"self":[{"href":"https:\/\/intercontrol.be\/frs\/wp-json\/wp\/v2\/product\/41897","targetHints":{"allow":["GET"]}}],"collection":[{"href":"https:\/\/intercontrol.be\/frs\/wp-json\/wp\/v2\/product"}],"about":[{"href":"https:\/\/intercontrol.be\/frs\/wp-json\/wp\/v2\/types\/product"}],"replies":[{"embeddable":true,"href":"https:\/\/intercontrol.be\/frs\/wp-json\/wp\/v2\/comments?post=41897"}],"wp:featuredmedia":[{"embeddable":true,"href":"https:\/\/intercontrol.be\/frs\/wp-json\/wp\/v2\/media\/32370"}],"wp:attachment":[{"href":"https:\/\/intercontrol.be\/frs\/wp-json\/wp\/v2\/media?parent=41897"}],"wp:term":[{"taxonomy":"product_brand","embeddable":true,"href":"https:\/\/intercontrol.be\/frs\/wp-json\/wp\/v2\/product_brand?post=41897"},{"taxonomy":"product_cat","embeddable":true,"href":"https:\/\/intercontrol.be\/frs\/wp-json\/wp\/v2\/product_cat?post=41897"},{"taxonomy":"product_tag","embeddable":true,"href":"https:\/\/intercontrol.be\/frs\/wp-json\/wp\/v2\/product_tag?post=41897"}],"curies":[{"name":"wp","href":"https:\/\/api.w.org\/{rel}","templated":true}]}}