{"id":41888,"date":"2025-05-01T17:26:14","date_gmt":"2025-05-01T17:26:14","guid":{"rendered":"https:\/\/intercontrol.be\/?post_type=product&#038;p=41888"},"modified":"2025-05-01T17:28:20","modified_gmt":"2025-05-01T17:28:20","slug":"serie-titan-1000-mini-debitmetre-a-turbine","status":"publish","type":"product","link":"https:\/\/intercontrol.be\/frs\/debitmetres-pour-liquides\/serie-titan-1000-mini-debitmetre-a-turbine\/","title":{"rendered":"S\u00e9rie Titan 1000<\/b> <br>Mini d\u00e9bitm\u00e8tre \u00e0 turbine"},"content":{"rendered":"<section class=\"l-section wpb_row height_large color_primary parallax_ver with_shape\"><div class=\"l-section-overlay\" style=\"background:rgba(6,56,119,0.81)\"><\/div><div class=\"l-section-shape type_triangle pos_bottom\" style=\"height:5vh;\"><svg xmlns=\"http:\/\/www.w3.org\/2000\/svg\" viewBox=\"0 0 64 8\" preserveAspectRatio=\"none\" width=\"100%\" height=\"100%\">\r\n\t<path fill=\"currentColor\" d=\"M64 8 L0 8 L0 0 L32 7.9 L64 0 Z\"\/>\r\n<\/svg><\/div><div class=\"l-section-h i-cf\"><div class=\"g-cols vc_row via_flex valign_top type_default stacking_default\"><div class=\"vc_col-sm-2 wpb_column vc_column_container\"><div class=\"vc_column-inner\"><div class=\"wpb_wrapper\"><\/div><\/div><\/div><div class=\"vc_col-sm-8 wpb_column vc_column_container\"><div class=\"vc_column-inner\"><div class=\"wpb_wrapper\"><div class=\"wpb_text_column\"><div class=\"wpb_wrapper\"><h1 style=\"text-align: center;\">S\u00e9rie Titan 1000<\/h1>\n<\/div><\/div><div class=\"wpb_text_column\"><div class=\"wpb_wrapper\"><h3 style=\"text-align: center;\">Mini d\u00e9bitm\u00e8tre \u00e0 turbine<\/h3>\n<\/div><\/div><\/div><\/div><\/div><div class=\"vc_col-sm-2 wpb_column vc_column_container\"><div class=\"vc_column-inner\"><div class=\"wpb_wrapper\"><\/div><\/div><\/div><\/div><\/div><\/section><section class=\"l-section wpb_row us_custom_a4ebe4e2 height_large\"><div class=\"l-section-h i-cf\"><div class=\"g-cols vc_row via_flex valign_top type_default stacking_default\" style=\"--additional-gap:10px;\"><div class=\"vc_col-sm-12 wpb_column vc_column_container\"><div class=\"vc_column-inner\"><div class=\"wpb_wrapper\"><div class=\"g-cols wpb_row via_flex valign_middle type_default stacking_default\"><div class=\"vc_col-sm-8 wpb_column vc_column_container\"><div class=\"vc_column-inner\"><div class=\"wpb_wrapper\"><div class=\"w-image align_center\"><div class=\"w-image-h\"><img decoding=\"async\" width=\"500\" height=\"500\" data-src=\"https:\/\/intercontrol.be\/wp-content\/uploads\/2025\/05\/Titan-1000-serie-mini-turbine-flowmeters-2.jpg\" class=\"attachment-large size-large lazyload\" alt=\"\" data-srcset=\"https:\/\/intercontrol.be\/wp-content\/uploads\/2025\/05\/Titan-1000-serie-mini-turbine-flowmeters-2.jpg 500w, https:\/\/intercontrol.be\/wp-content\/uploads\/2025\/05\/Titan-1000-serie-mini-turbine-flowmeters-2-300x300.jpg 300w, https:\/\/intercontrol.be\/wp-content\/uploads\/2025\/05\/Titan-1000-serie-mini-turbine-flowmeters-2-120x120.jpg 120w, https:\/\/intercontrol.be\/wp-content\/uploads\/2025\/05\/Titan-1000-serie-mini-turbine-flowmeters-2-150x150.jpg 150w\" data-sizes=\"(max-width: 500px) 100vw, 500px\" src=\"data:image\/svg+xml;base64,PHN2ZyB3aWR0aD0iMSIgaGVpZ2h0PSIxIiB4bWxucz0iaHR0cDovL3d3dy53My5vcmcvMjAwMC9zdmciPjwvc3ZnPg==\" style=\"--smush-placeholder-width: 500px; --smush-placeholder-aspect-ratio: 500\/500;\" \/><\/div><\/div><\/div><\/div><\/div><div class=\"vc_col-sm-4 wpb_column vc_column_container\"><div class=\"vc_column-inner\"><div class=\"wpb_wrapper\"><div class=\"w-image align_center\"><a title=\"Titan\" href=\"https:\/\/intercontrol.be\/titan-flowmeters\/\" aria-label=\"Link\" class=\"w-image-h\"><img decoding=\"async\" width=\"400\" height=\"200\" data-src=\"https:\/\/intercontrol.be\/wp-content\/uploads\/2023\/01\/Titan-logo-batch.png\" class=\"attachment-large size-large lazyload\" alt=\"Titan logo\" data-srcset=\"https:\/\/intercontrol.be\/wp-content\/uploads\/2023\/01\/Titan-logo-batch.png 400w, https:\/\/intercontrol.be\/wp-content\/uploads\/2023\/01\/Titan-logo-batch-300x150.png 300w\" data-sizes=\"(max-width: 400px) 100vw, 400px\" src=\"data:image\/svg+xml;base64,PHN2ZyB3aWR0aD0iMSIgaGVpZ2h0PSIxIiB4bWxucz0iaHR0cDovL3d3dy53My5vcmcvMjAwMC9zdmciPjwvc3ZnPg==\" style=\"--smush-placeholder-width: 400px; --smush-placeholder-aspect-ratio: 400\/200;\" \/><\/a><\/div><div class=\"wpb_text_column\"><div class=\"wpb_wrapper\"><p>Avec 7 plages de d\u00e9bit de 0,05 \u00e0 30 l\/min, le d\u00e9bitm\u00e8tre \u00e0 turbine de la s\u00e9rie 1000 est con\u00e7u pour offrir des performances \u00e9lev\u00e9es. Le choix des mat\u00e9riaux du bo\u00eetier en fait un compteur id\u00e9al pour mesurer des produits chimiques agressifs, y compris l\u2019eau ultrapure.<\/p>\n<\/div><\/div><\/div><\/div><\/div><\/div><div class=\"w-separator size_huge with_line width_default thick_1 style_solid color_primary align_center with_text with_content\"><div class=\"w-separator-h\"><h3 class=\"w-separator-text\"><span>Sp\u00e9cifications<\/span><\/h3><\/div><\/div><div class=\"w-html\"><!DOCTYPE html>\n<html lang=\"fr\">\n<head>\n    <meta charset=\"UTF-8\">\n    <meta name=\"viewport\" content=\"width=device-width, initial-scale=1.0\">\n    <title>Sp\u00e9cifications D\u00e9bitm\u00e8tres<\/title>\n    <style>\n        .table-wrapper {\n            overflow-x: auto;\n            width: 100%;\n            -webkit-overflow-scrolling: touch;\n        }\n        .data-table {\n            width: 100%;\n            min-width: 600px;\n            border-collapse: collapse;\n        }\n        .data-table th, .data-table td {\n            border: 1px solid #ddd;\n            padding: 8px;\n            text-align: left;\n            white-space: nowrap;\n        }\n        .data-table th {\n            background-color: #f2f2f2;\n            font-weight: bold;\n        }\n        .data-table tr:nth-child(even) {\n            background-color: #f9f9f9;\n        }\n        th.darker-bg {\n            background-color: #d3d3d3;\n            text-align: left;\n        }\n    <\/style>\n<\/head>\n<body>\n    <div class=\"table-wrapper\">\n        <table class=\"data-table\">\n            <tbody>\n                <tr>\n                    <th colspan=\"5\" class=\"darker-bg\">Sp\u00e9cifications techniques des d\u00e9bitm\u00e8tres<\/th>\n                <\/tr>\n                <tr>\n                    <th>Mod\u00e8le<\/th>\n                    <th>Plage de d\u00e9bit (l\/min)<\/th>\n                    <th>Lin\u00e9arit\u00e9 (% FSD)<\/th>\n                    <th>Fr\u00e9quence typique (Hz)<\/th>\n                    <th>Facteur K (approx. impulsions\/l)<\/th>\n                <\/tr>\n                <tr>\n                    <td>1003<\/td>\n                    <td>0.05 - 0.5<\/td>\n                    <td>2.0<\/td>\n                    <td>142<\/td>\n                    <td>17,000<\/td>\n                <\/tr>\n                <tr>\n                    <td>1015<\/td>\n                    <td>0.12 - 1.5<\/td>\n                    <td>2.0<\/td>\n                    <td>175<\/td>\n                    <td>7,000<\/td>\n                <\/tr>\n                <tr>\n                    <td>1045<\/td>\n                    <td>0.20 - 4.5<\/td>\n                    <td>1.5<\/td>\n                    <td>260<\/td>\n                    <td>3,500<\/td>\n                <\/tr>\n                <tr>\n                    <td>1065<\/td>\n                    <td>0.25 - 6.5<\/td>\n                    <td>1.5<\/td>\n                    <td>230<\/td>\n                    <td>2,100<\/td>\n                <\/tr>\n                <tr>\n                    <td>1010<\/td>\n                    <td>0.30 - 10.0<\/td>\n                    <td>1.0<\/td>\n                    <td>235<\/td>\n                    <td>1,420<\/td>\n                <\/tr>\n                <tr>\n                    <td>1024<\/td>\n                    <td>0.50 - 15.0<\/td>\n                    <td>1.0<\/td>\n                    <td>245<\/td>\n                    <td>980<\/td>\n                <\/tr>\n                <tr>\n                    <td>1000<\/td>\n                    <td>2.00 - 30.0<\/td>\n                    <td>1.0<\/td>\n                    <td>360<\/td>\n                    <td>720<\/td>\n                <\/tr>\n                <tr>\n                    <th colspan=\"5\" class=\"darker-bg\">Poids<\/th>\n                <\/tr>\n                <tr>\n                    <th>Mati\u00e8re<\/th>\n                    <th colspan=\"4\">Poids (kg)<\/th>\n                <\/tr>\n                <tr>\n                    <td>Acier inoxydable 316<\/td>\n                    <td colspan=\"4\">0.245<\/td>\n                <\/tr>\n                <tr>\n                    <td>PVDF<\/td>\n                    <td colspan=\"4\">0.085<\/td>\n                <\/tr>\n            <\/tbody>\n        <\/table>\n    <\/div>\n<\/body>\n<\/html><\/div><div class=\"w-separator size_huge with_line width_default thick_1 style_solid color_primary align_center with_text with_content\"><div class=\"w-separator-h\"><h3 class=\"w-separator-text\"><span>Aper\u00e7u du produit<\/span><\/h3><\/div><\/div><div class=\"g-cols wpb_row via_flex valign_top type_default stacking_default\"><div class=\"vc_col-sm-6 wpb_column vc_column_container\"><div class=\"vc_column-inner\"><div class=\"wpb_wrapper\"><div class=\"wpb_text_column\"><div class=\"wpb_wrapper\"><div class=\"ProseMirror\" contenteditable=\"true\" translate=\"no\">\n<p>L\u2019entr\u00e9e standard est un raccord BSPF \u00bd&#8221;, avec des alternatives disponibles pour les applications OEM. Les paliers sont en saphir pour une longue dur\u00e9e de vie et une fiabilit\u00e9 accrue, le bo\u00eetier est en PVDF ou en acier inoxydable 316, et pour le compteur standard, le joint torique est en Viton\u2122.<\/p>\n<p>Au c\u0153ur du compteur se trouve une turbine de pr\u00e9cision qui tourne librement sur des paliers en saphir robustes et contient des aimants surmoul\u00e9s d\u00e9tect\u00e9s \u00e0 travers la paroi de la chambre par un d\u00e9tecteur \u00e0 effet Hall.<\/p>\n<p>La sortie est un flux d\u2019impulsions NPN qui peut \u00eatre facilement connect\u00e9 \u00e0 la plupart des dispositifs d\u2019affichage ou d\u2019enregistrement \u00e9lectroniques, tels que le Pulsite\u00ae Solo de Titan. La combinaison des mat\u00e9riaux et de la technologie garantit un produit durable avec un fonctionnement fiable.<\/p>\n<p>Deux options de temp\u00e9rature sont disponibles : 125\u00b0C ou 60\u00b0C. L\u2019unit\u00e9 \u00e0 60\u00b0C est \u00e9quip\u00e9e de deux LED pour surveiller l\u2019alimentation et la sortie d\u2019impulsions. Des sorties \u00e0 transistor NPN et PNP sont disponibles sur chaque d\u00e9bitm\u00e8tre.<\/p>\n<\/div>\n<\/div><\/div><\/div><\/div><\/div><div class=\"vc_col-sm-6 wpb_column vc_column_container has_bg_color\"><div class=\"vc_column-inner us_custom_c2693ae2\"><div class=\"wpb_wrapper\"><div class=\"wpb_text_column\"><div class=\"wpb_wrapper\"><h3 class=\"\" data-start=\"1128\" data-end=\"1160\">Caract\u00e9ristiques principales :<\/h3>\n<div class=\"ProseMirror\" contenteditable=\"true\" translate=\"no\">\n<ul>\n<li><span class=\"selected\">Faible co\u00fbt<\/span><\/li>\n<li><span class=\"selected\">Bo\u00eetier en PVDF ou acier inoxydable<\/span><\/li>\n<li><span class=\"selected\">1-2% FSD<\/span><\/li>\n<li><span class=\"selected\">Paliers en saphir<\/span><\/li>\n<li><span class=\"selected\">Capteur \u00e0 effet Hall<\/span><\/li>\n<li><span class=\"selected\">7 plages de d\u00e9bit<\/span><\/li>\n<li><span class=\"selected\">Sortie \u00e0 impulsions (NPN standard \/ option PNP)<\/span><\/li>\n<li><span class=\"selected\">Pression nominale de 10 bar (option 40 bar pour bo\u00eetier en acier inoxydable)<\/span><\/li>\n<li><span class=\"selected\">Joint Viton\u2122 en standard<\/span><\/li>\n<li><span class=\"selected\">\u00bd&#8221; BSP-F (option \u00bd&#8221; NPT-F)<\/span><\/li>\n<li><span class=\"selected\">R\u00e9p\u00e9tabilit\u00e9 de 0,1%<\/span><\/li>\n<li><span class=\"selected\">4,5 \u00e0 24 Vdc<\/span><\/li>\n<li><span class=\"selected\">-25\u00b0C min \u00e0 125\u00b0C max<\/span><\/li>\n<li><span class=\"selected\">IP65<\/span><\/li>\n<\/ul>\n<\/div>\n<\/div><\/div><\/div><\/div><\/div><\/div><div class=\"w-separator size_medium\"><\/div><div class=\"wpb_text_column\"><div class=\"wpb_wrapper\"><h3 class=\"\" data-start=\"72\" data-end=\"95\">Mat\u00e9riaux standard<\/h3>\n<p><strong><span class=\"selected\">Mat\u00e9riaux<\/span><\/strong><\/p>\n<ul>\n<li><span class=\"selected\">Bo\u00eetier et couvercle &#8211; PVDF ou acier inoxydable 316<\/span><\/li>\n<li><span class=\"selected\">Joint torique &#8211; Viton\u2122<\/span><\/li>\n<li><span class=\"selected\">Aimants &#8211; Surmoul\u00e9s<\/span><\/li>\n<li><span class=\"selected\">Paliers &#8211; Saphir<\/span><\/li>\n<\/ul>\n<\/div><\/div><div class=\"w-separator size_huge with_line width_default thick_1 style_solid color_primary align_center with_text with_content\"><div class=\"w-separator-h\"><h3 class=\"w-separator-text\"><span>Application(s)<\/span><\/h3><\/div><\/div><div class=\"g-cols wpb_row via_flex valign_top type_default stacking_default\"><div class=\"vc_col-sm-6 wpb_column vc_column_container\"><div class=\"vc_column-inner\"><div class=\"wpb_wrapper\"><div class=\"wpb_text_column\"><div class=\"wpb_wrapper\"><ul>\n<li><span class=\"selected\">Dosage par lots<\/span><\/li>\n<li><span class=\"selected\">Dosage chimique<\/span><\/li>\n<li><span class=\"selected\">Tests en laboratoire<\/span><\/li>\n<li><span class=\"selected\">\u00c9quipements de refroidissement<\/span><\/li>\n<\/ul>\n<\/div><\/div><\/div><\/div><\/div><div class=\"vc_col-sm-6 wpb_column vc_column_container\"><div class=\"vc_column-inner\"><div class=\"wpb_wrapper\"><div class=\"wpb_text_column\"><div class=\"wpb_wrapper\"><ul>\n<li><span class=\"selected\">Alarmes de d\u00e9bit actif<\/span><\/li>\n<li><span class=\"selected\">Fabrication de semi-conducteurs<\/span><\/li>\n<li><span class=\"selected\">Tests de moteurs<\/span><\/li>\n<li><span class=\"selected\">Applications OEM<\/span><\/li>\n<\/ul>\n<\/div><\/div><\/div><\/div><\/div><\/div><div class=\"w-separator size_huge with_line width_default thick_1 style_solid color_primary align_center with_text with_content\"><div class=\"w-separator-h\"><h3 class=\"w-separator-text\"><span>T\u00e9l\u00e9chargement(s)<\/span><\/h3><\/div><\/div><div class=\"wpb_text_column us_custom_c2693ae2\"><div class=\"wpb_wrapper\"><ul>\n<li><a href=\"https:\/\/intercontrol.be\/wp-content\/uploads\/2025\/05\/TITAN-1000-serie-\u2013-mini-turbine-flowmeter-\u2013-datasheet-ENG.pdf\">S\u00e9rie TITAN 1000 \u2013 mini d\u00e9bitm\u00e8tre \u00e0 turbine \u2013 fiche technique (ENG)<\/a><\/li>\n<\/ul>\n<\/div><\/div><div class=\"w-separator size_small with_line width_default thick_1 style_solid color_primary align_center\"><div class=\"w-separator-h\"><\/div><\/div><\/div><\/div><\/div><\/div><\/div><\/section>\n","protected":false},"excerpt":{"rendered":"S\u00e9rie Titan 1000 Mini d\u00e9bitm\u00e8tre \u00e0 turbine Avec 7 plages de d\u00e9bit de 0,05 \u00e0 30 l\/min, le d\u00e9bitm\u00e8tre \u00e0 turbine de la s\u00e9rie 1000 est con\u00e7u pour offrir des performances \u00e9lev\u00e9es. Le choix des mat\u00e9riaux du bo\u00eetier en fait un compteur id\u00e9al pour mesurer des produits chimiques agressifs, y compris l\u2019eau ultrapure. Sp\u00e9cifications Sp\u00e9cifications...","protected":false},"featured_media":41876,"comment_status":"closed","ping_status":"closed","template":"","meta":{"_acf_changed":false,"_monsterinsights_skip_tracking":false,"_monsterinsights_sitenote_active":false,"_monsterinsights_sitenote_note":"","_monsterinsights_sitenote_category":0},"product_brand":[],"product_cat":[1202],"product_tag":[],"class_list":{"0":"post-41888","1":"product","2":"type-product","3":"status-publish","4":"has-post-thumbnail","6":"product_cat-debitmetres-pour-liquides","8":"first","9":"instock","10":"shipping-taxable","11":"product-type-simple"},"acf":[],"yoast_head":"<!-- This site is optimized with the Yoast SEO plugin v27.3 - https:\/\/yoast.com\/product\/yoast-seo-wordpress\/ -->\n<title>S\u00e9rie Titan 1000 Mini d\u00e9bitm\u00e8tre \u00e0 turbine - Intercontrol Belgi\u00eb<\/title>\n<meta name=\"robots\" content=\"index, follow, max-snippet:-1, max-image-preview:large, max-video-preview:-1\" \/>\n<link rel=\"canonical\" href=\"https:\/\/intercontrol.be\/frs\/debitmetres-pour-liquides\/serie-titan-1000-mini-debitmetre-a-turbine\/\" \/>\n<meta property=\"og:locale\" content=\"fr_FR\" \/>\n<meta property=\"og:type\" content=\"article\" \/>\n<meta property=\"og:title\" content=\"S\u00e9rie Titan 1000 Mini d\u00e9bitm\u00e8tre \u00e0 turbine - Intercontrol Belgi\u00eb\" \/>\n<meta property=\"og:url\" content=\"https:\/\/intercontrol.be\/frs\/debitmetres-pour-liquides\/serie-titan-1000-mini-debitmetre-a-turbine\/\" \/>\n<meta property=\"og:site_name\" content=\"Intercontrol Belgi\u00eb\" \/>\n<meta property=\"article:modified_time\" content=\"2025-05-01T17:28:20+00:00\" \/>\n<meta property=\"og:image\" content=\"https:\/\/intercontrol.be\/wp-content\/uploads\/2025\/05\/Titan-900-mini-turbine-flowmeter.jpg\" \/>\n\t<meta property=\"og:image:width\" content=\"500\" \/>\n\t<meta property=\"og:image:height\" content=\"500\" \/>\n\t<meta property=\"og:image:type\" content=\"image\/jpeg\" \/>\n<meta name=\"twitter:card\" content=\"summary_large_image\" \/>\n<meta name=\"twitter:label1\" content=\"Dur\u00e9e de lecture estim\u00e9e\" \/>\n\t<meta name=\"twitter:data1\" content=\"3 minutes\" \/>\n<script type=\"application\/ld+json\" class=\"yoast-schema-graph\">{\"@context\":\"https:\\\/\\\/schema.org\",\"@graph\":[{\"@type\":\"WebPage\",\"@id\":\"https:\\\/\\\/intercontrol.be\\\/frs\\\/debitmetres-pour-liquides\\\/serie-titan-1000-mini-debitmetre-a-turbine\\\/\",\"url\":\"https:\\\/\\\/intercontrol.be\\\/frs\\\/debitmetres-pour-liquides\\\/serie-titan-1000-mini-debitmetre-a-turbine\\\/\",\"name\":\"S\u00e9rie Titan 1000 Mini d\u00e9bitm\u00e8tre \u00e0 turbine - Intercontrol Belgi\u00eb\",\"isPartOf\":{\"@id\":\"https:\\\/\\\/intercontrol.be\\\/#website\"},\"primaryImageOfPage\":{\"@id\":\"https:\\\/\\\/intercontrol.be\\\/frs\\\/debitmetres-pour-liquides\\\/serie-titan-1000-mini-debitmetre-a-turbine\\\/#primaryimage\"},\"image\":{\"@id\":\"https:\\\/\\\/intercontrol.be\\\/frs\\\/debitmetres-pour-liquides\\\/serie-titan-1000-mini-debitmetre-a-turbine\\\/#primaryimage\"},\"thumbnailUrl\":\"https:\\\/\\\/intercontrol.be\\\/wp-content\\\/uploads\\\/2025\\\/05\\\/Titan-900-mini-turbine-flowmeter.jpg\",\"datePublished\":\"2025-05-01T17:26:14+00:00\",\"dateModified\":\"2025-05-01T17:28:20+00:00\",\"breadcrumb\":{\"@id\":\"https:\\\/\\\/intercontrol.be\\\/frs\\\/debitmetres-pour-liquides\\\/serie-titan-1000-mini-debitmetre-a-turbine\\\/#breadcrumb\"},\"inLanguage\":\"fr-FR\",\"potentialAction\":[{\"@type\":\"ReadAction\",\"target\":[\"https:\\\/\\\/intercontrol.be\\\/frs\\\/debitmetres-pour-liquides\\\/serie-titan-1000-mini-debitmetre-a-turbine\\\/\"]}]},{\"@type\":\"ImageObject\",\"inLanguage\":\"fr-FR\",\"@id\":\"https:\\\/\\\/intercontrol.be\\\/frs\\\/debitmetres-pour-liquides\\\/serie-titan-1000-mini-debitmetre-a-turbine\\\/#primaryimage\",\"url\":\"https:\\\/\\\/intercontrol.be\\\/wp-content\\\/uploads\\\/2025\\\/05\\\/Titan-900-mini-turbine-flowmeter.jpg\",\"contentUrl\":\"https:\\\/\\\/intercontrol.be\\\/wp-content\\\/uploads\\\/2025\\\/05\\\/Titan-900-mini-turbine-flowmeter.jpg\",\"width\":500,\"height\":500,\"caption\":\"Titan 900 mini turbine flowmeter\"},{\"@type\":\"BreadcrumbList\",\"@id\":\"https:\\\/\\\/intercontrol.be\\\/frs\\\/debitmetres-pour-liquides\\\/serie-titan-1000-mini-debitmetre-a-turbine\\\/#breadcrumb\",\"itemListElement\":[{\"@type\":\"ListItem\",\"position\":1,\"name\":\"Home\",\"item\":\"https:\\\/\\\/intercontrol.be\\\/frs\\\/\"},{\"@type\":\"ListItem\",\"position\":2,\"name\":\"Catalogus\",\"item\":\"https:\\\/\\\/intercontrol.be\\\/catalogus\\\/\"},{\"@type\":\"ListItem\",\"position\":3,\"name\":\"S\u00e9rie Titan 1000 Mini d\u00e9bitm\u00e8tre \u00e0 turbine\"}]},{\"@type\":\"WebSite\",\"@id\":\"https:\\\/\\\/intercontrol.be\\\/#website\",\"url\":\"https:\\\/\\\/intercontrol.be\\\/\",\"name\":\"Intercontrol Belgi\u00eb\",\"description\":\"Alles onder controle!\",\"potentialAction\":[{\"@type\":\"SearchAction\",\"target\":{\"@type\":\"EntryPoint\",\"urlTemplate\":\"https:\\\/\\\/intercontrol.be\\\/?s={search_term_string}\"},\"query-input\":{\"@type\":\"PropertyValueSpecification\",\"valueRequired\":true,\"valueName\":\"search_term_string\"}}],\"inLanguage\":\"fr-FR\"}]}<\/script>\n<!-- \/ Yoast SEO plugin. -->","yoast_head_json":{"title":"S\u00e9rie Titan 1000 Mini d\u00e9bitm\u00e8tre \u00e0 turbine - Intercontrol Belgi\u00eb","robots":{"index":"index","follow":"follow","max-snippet":"max-snippet:-1","max-image-preview":"max-image-preview:large","max-video-preview":"max-video-preview:-1"},"canonical":"https:\/\/intercontrol.be\/frs\/debitmetres-pour-liquides\/serie-titan-1000-mini-debitmetre-a-turbine\/","og_locale":"fr_FR","og_type":"article","og_title":"S\u00e9rie Titan 1000 Mini d\u00e9bitm\u00e8tre \u00e0 turbine - Intercontrol Belgi\u00eb","og_url":"https:\/\/intercontrol.be\/frs\/debitmetres-pour-liquides\/serie-titan-1000-mini-debitmetre-a-turbine\/","og_site_name":"Intercontrol Belgi\u00eb","article_modified_time":"2025-05-01T17:28:20+00:00","og_image":[{"width":500,"height":500,"url":"https:\/\/intercontrol.be\/wp-content\/uploads\/2025\/05\/Titan-900-mini-turbine-flowmeter.jpg","type":"image\/jpeg"}],"twitter_card":"summary_large_image","twitter_misc":{"Dur\u00e9e de lecture estim\u00e9e":"3 minutes"},"schema":{"@context":"https:\/\/schema.org","@graph":[{"@type":"WebPage","@id":"https:\/\/intercontrol.be\/frs\/debitmetres-pour-liquides\/serie-titan-1000-mini-debitmetre-a-turbine\/","url":"https:\/\/intercontrol.be\/frs\/debitmetres-pour-liquides\/serie-titan-1000-mini-debitmetre-a-turbine\/","name":"S\u00e9rie Titan 1000 Mini d\u00e9bitm\u00e8tre \u00e0 turbine - Intercontrol Belgi\u00eb","isPartOf":{"@id":"https:\/\/intercontrol.be\/#website"},"primaryImageOfPage":{"@id":"https:\/\/intercontrol.be\/frs\/debitmetres-pour-liquides\/serie-titan-1000-mini-debitmetre-a-turbine\/#primaryimage"},"image":{"@id":"https:\/\/intercontrol.be\/frs\/debitmetres-pour-liquides\/serie-titan-1000-mini-debitmetre-a-turbine\/#primaryimage"},"thumbnailUrl":"https:\/\/intercontrol.be\/wp-content\/uploads\/2025\/05\/Titan-900-mini-turbine-flowmeter.jpg","datePublished":"2025-05-01T17:26:14+00:00","dateModified":"2025-05-01T17:28:20+00:00","breadcrumb":{"@id":"https:\/\/intercontrol.be\/frs\/debitmetres-pour-liquides\/serie-titan-1000-mini-debitmetre-a-turbine\/#breadcrumb"},"inLanguage":"fr-FR","potentialAction":[{"@type":"ReadAction","target":["https:\/\/intercontrol.be\/frs\/debitmetres-pour-liquides\/serie-titan-1000-mini-debitmetre-a-turbine\/"]}]},{"@type":"ImageObject","inLanguage":"fr-FR","@id":"https:\/\/intercontrol.be\/frs\/debitmetres-pour-liquides\/serie-titan-1000-mini-debitmetre-a-turbine\/#primaryimage","url":"https:\/\/intercontrol.be\/wp-content\/uploads\/2025\/05\/Titan-900-mini-turbine-flowmeter.jpg","contentUrl":"https:\/\/intercontrol.be\/wp-content\/uploads\/2025\/05\/Titan-900-mini-turbine-flowmeter.jpg","width":500,"height":500,"caption":"Titan 900 mini turbine flowmeter"},{"@type":"BreadcrumbList","@id":"https:\/\/intercontrol.be\/frs\/debitmetres-pour-liquides\/serie-titan-1000-mini-debitmetre-a-turbine\/#breadcrumb","itemListElement":[{"@type":"ListItem","position":1,"name":"Home","item":"https:\/\/intercontrol.be\/frs\/"},{"@type":"ListItem","position":2,"name":"Catalogus","item":"https:\/\/intercontrol.be\/catalogus\/"},{"@type":"ListItem","position":3,"name":"S\u00e9rie Titan 1000 Mini d\u00e9bitm\u00e8tre \u00e0 turbine"}]},{"@type":"WebSite","@id":"https:\/\/intercontrol.be\/#website","url":"https:\/\/intercontrol.be\/","name":"Intercontrol Belgi\u00eb","description":"Alles onder controle!","potentialAction":[{"@type":"SearchAction","target":{"@type":"EntryPoint","urlTemplate":"https:\/\/intercontrol.be\/?s={search_term_string}"},"query-input":{"@type":"PropertyValueSpecification","valueRequired":true,"valueName":"search_term_string"}}],"inLanguage":"fr-FR"}]}},"_links":{"self":[{"href":"https:\/\/intercontrol.be\/frs\/wp-json\/wp\/v2\/product\/41888","targetHints":{"allow":["GET"]}}],"collection":[{"href":"https:\/\/intercontrol.be\/frs\/wp-json\/wp\/v2\/product"}],"about":[{"href":"https:\/\/intercontrol.be\/frs\/wp-json\/wp\/v2\/types\/product"}],"replies":[{"embeddable":true,"href":"https:\/\/intercontrol.be\/frs\/wp-json\/wp\/v2\/comments?post=41888"}],"wp:featuredmedia":[{"embeddable":true,"href":"https:\/\/intercontrol.be\/frs\/wp-json\/wp\/v2\/media\/41876"}],"wp:attachment":[{"href":"https:\/\/intercontrol.be\/frs\/wp-json\/wp\/v2\/media?parent=41888"}],"wp:term":[{"taxonomy":"product_brand","embeddable":true,"href":"https:\/\/intercontrol.be\/frs\/wp-json\/wp\/v2\/product_brand?post=41888"},{"taxonomy":"product_cat","embeddable":true,"href":"https:\/\/intercontrol.be\/frs\/wp-json\/wp\/v2\/product_cat?post=41888"},{"taxonomy":"product_tag","embeddable":true,"href":"https:\/\/intercontrol.be\/frs\/wp-json\/wp\/v2\/product_tag?post=41888"}],"curies":[{"name":"wp","href":"https:\/\/api.w.org\/{rel}","templated":true}]}}