{"id":41852,"date":"2025-04-29T07:29:04","date_gmt":"2025-04-29T07:29:04","guid":{"rendered":"https:\/\/intercontrol.be\/?post_type=product&#038;p=41852"},"modified":"2025-04-29T07:36:30","modified_gmt":"2025-04-29T07:36:30","slug":"titan-serie-800-faible-consommation-debitmetre-mini-turbine","status":"publish","type":"product","link":"https:\/\/intercontrol.be\/frs\/aucune-categorie\/titan-serie-800-faible-consommation-debitmetre-mini-turbine\/","title":{"rendered":"<b>Titan s\u00e9rie 800 (faible consommation)<\/b> <br>d\u00e9bitm\u00e8tre mini-turbine"},"content":{"rendered":"<section class=\"l-section wpb_row height_large color_primary parallax_ver with_shape\"><div class=\"l-section-overlay\" style=\"background:rgba(6,56,119,0.81)\"><\/div><div class=\"l-section-shape type_triangle pos_bottom\" style=\"height:5vh;\"><svg xmlns=\"http:\/\/www.w3.org\/2000\/svg\" viewBox=\"0 0 64 8\" preserveAspectRatio=\"none\" width=\"100%\" height=\"100%\">\r\n\t<path fill=\"currentColor\" d=\"M64 8 L0 8 L0 0 L32 7.9 L64 0 Z\"\/>\r\n<\/svg><\/div><div class=\"l-section-h i-cf\"><div class=\"g-cols vc_row via_flex valign_top type_default stacking_default\"><div class=\"vc_col-sm-2 wpb_column vc_column_container\"><div class=\"vc_column-inner\"><div class=\"wpb_wrapper\"><\/div><\/div><\/div><div class=\"vc_col-sm-8 wpb_column vc_column_container\"><div class=\"vc_column-inner\"><div class=\"wpb_wrapper\"><div class=\"wpb_text_column\"><div class=\"wpb_wrapper\"><h1 style=\"text-align: center;\">Titan s\u00e9rie 800 (faible consommation)<\/h1>\n<\/div><\/div><div class=\"w-separator size_small\"><\/div><div class=\"wpb_text_column\"><div class=\"wpb_wrapper\"><h3 style=\"text-align: center;\">D\u00e9bitm\u00e8tre mini-turbine<\/h3>\n<\/div><\/div><\/div><\/div><\/div><div class=\"vc_col-sm-2 wpb_column vc_column_container\"><div class=\"vc_column-inner\"><div class=\"wpb_wrapper\"><\/div><\/div><\/div><\/div><\/div><\/section><section class=\"l-section wpb_row us_custom_a4ebe4e2 height_large\"><div class=\"l-section-h i-cf\"><div class=\"g-cols vc_row via_flex valign_top type_default stacking_default\" style=\"--additional-gap:10px;\"><div class=\"vc_col-sm-12 wpb_column vc_column_container\"><div class=\"vc_column-inner\"><div class=\"wpb_wrapper\"><div class=\"w-separator size_medium\"><\/div><div class=\"g-cols wpb_row via_flex valign_middle type_default stacking_default\"><div class=\"vc_col-sm-8 wpb_column vc_column_container\"><div class=\"vc_column-inner\"><div class=\"wpb_wrapper\"><div class=\"w-image align_center\"><div class=\"w-image-h\"><img decoding=\"async\" width=\"500\" height=\"500\" data-src=\"https:\/\/intercontrol.be\/wp-content\/uploads\/2025\/04\/TITAN-800-serie-low-power-.jpg\" class=\"attachment-large size-large lazyload\" alt=\"TITAN 800-serie low power\" data-srcset=\"https:\/\/intercontrol.be\/wp-content\/uploads\/2025\/04\/TITAN-800-serie-low-power-.jpg 500w, https:\/\/intercontrol.be\/wp-content\/uploads\/2025\/04\/TITAN-800-serie-low-power--300x300.jpg 300w, https:\/\/intercontrol.be\/wp-content\/uploads\/2025\/04\/TITAN-800-serie-low-power--120x120.jpg 120w, https:\/\/intercontrol.be\/wp-content\/uploads\/2025\/04\/TITAN-800-serie-low-power--150x150.jpg 150w\" data-sizes=\"(max-width: 500px) 100vw, 500px\" src=\"data:image\/svg+xml;base64,PHN2ZyB3aWR0aD0iMSIgaGVpZ2h0PSIxIiB4bWxucz0iaHR0cDovL3d3dy53My5vcmcvMjAwMC9zdmciPjwvc3ZnPg==\" style=\"--smush-placeholder-width: 500px; --smush-placeholder-aspect-ratio: 500\/500;\" \/><\/div><\/div><\/div><\/div><\/div><div class=\"vc_col-sm-4 wpb_column vc_column_container\"><div class=\"vc_column-inner\"><div class=\"wpb_wrapper\"><div class=\"w-image align_center\"><a title=\"Titan\" href=\"https:\/\/intercontrol.be\/titan-flowmeters\/\" aria-label=\"Link\" class=\"w-image-h\"><img decoding=\"async\" width=\"400\" height=\"200\" data-src=\"https:\/\/intercontrol.be\/wp-content\/uploads\/2023\/01\/Titan-logo-batch.png\" class=\"attachment-large size-large lazyload\" alt=\"Titan logo\" data-srcset=\"https:\/\/intercontrol.be\/wp-content\/uploads\/2023\/01\/Titan-logo-batch.png 400w, https:\/\/intercontrol.be\/wp-content\/uploads\/2023\/01\/Titan-logo-batch-300x150.png 300w\" data-sizes=\"(max-width: 400px) 100vw, 400px\" src=\"data:image\/svg+xml;base64,PHN2ZyB3aWR0aD0iMSIgaGVpZ2h0PSIxIiB4bWxucz0iaHR0cDovL3d3dy53My5vcmcvMjAwMC9zdmciPjwvc3ZnPg==\" style=\"--smush-placeholder-width: 400px; --smush-placeholder-aspect-ratio: 400\/200;\" \/><\/a><\/div><div class=\"wpb_text_column\"><div class=\"wpb_wrapper\"><p>Le d\u00e9bitm\u00e8tre mini-turbine Titan s\u00e9rie 800 \u00e0 faible consommation (4 \u00b5A \u00e0 3,3 V) offre des performances \u00e9lev\u00e9es. Il est disponible en six plages de d\u00e9bit diff\u00e9rentes de 0,05 \u00e0 15 litres par minute.<\/p>\n<\/div><\/div><\/div><\/div><\/div><\/div><div class=\"w-separator size_huge with_line width_default thick_1 style_solid color_primary align_center with_text with_content\"><div class=\"w-separator-h\"><h3 class=\"w-separator-text\"><span>Caract\u00e9ristiques<\/span><\/h3><\/div><\/div><div class=\"w-html\"><!DOCTYPE html>\n<html lang=\"fr\">\n<head>\n    <meta charset=\"UTF-8\">\n    <meta name=\"viewport\" content=\"width=device-width, initial-scale=1.0\">\n    <title>Sp\u00e9cifications du D\u00e9bitm\u00e8tre<\/title>\n    <style>\n        .table-wrapper {\n            overflow-x: auto;\n            width: 100%;\n            -webkit-overflow-scrolling: touch;\n        }\n        .data-table {\n            width: 100%;\n            min-width: 600px;\n            border-collapse: collapse;\n        }\n        .data-table th, .data-table td {\n            border: 1px solid #ddd;\n            padding: 8px;\n            text-align: left;\n            white-space: nowrap;\n        }\n        .data-table th {\n            background-color: #f2f2f2;\n            font-weight: bold;\n        }\n        .data-table tr:nth-child(even) {\n            background-color: #f9f9f9;\n        }\n        th.darker-bg {\n            background-color: #d3d3d3;\n            text-align: left;\n        }\n    <\/style>\n<\/head>\n<body>\n    <div class=\"table-wrapper\">\n        <table class=\"data-table\">\n            <tbody>\n                <tr>\n                    <th colspan=\"5\" class=\"darker-bg\">Sp\u00e9cifications techniques du d\u00e9bitm\u00e8tre<\/th>\n                <\/tr>\n                <tr>\n                    <th>Mod\u00e8le (Code de commande)<\/th>\n                    <th>Plage de d\u00e9bit (L\/min)<\/th>\n                    <th>Lin\u00e9arit\u00e9 (% FSD)<\/th>\n                    <th>Fr\u00e9quence typique (Hz)<\/th>\n                    <th>Facteur \u2018K\u2019 approximatif<\/th>\n                <\/tr>\n                <tr>\n                    <td>803<\/td>\n                    <td>0.05 - 0.5<\/td>\n                    <td>2.0<\/td>\n                    <td>47<\/td>\n                    <td>5650<\/td>\n                <\/tr>\n                <tr>\n                    <td>815<\/td>\n                    <td>0.12 - 1.5<\/td>\n                    <td>2.0<\/td>\n                    <td>58<\/td>\n                    <td>2300<\/td>\n                <\/tr>\n                <tr>\n                    <td>845<\/td>\n                    <td>0.20 - 4.5<\/td>\n                    <td>1.5<\/td>\n                    <td>86<\/td>\n                    <td>1150<\/td>\n                <\/tr>\n                <tr>\n                    <td>865<\/td>\n                    <td>0.25 - 6.5<\/td>\n                    <td>1.5<\/td>\n                    <td>76<\/td>\n                    <td>700<\/td>\n                <\/tr>\n                <tr>\n                    <td>810<\/td>\n                    <td>0.30 - 10.0<\/td>\n                    <td>1.0<\/td>\n                    <td>78<\/td>\n                    <td>470<\/td>\n                <\/tr>\n                <tr>\n                    <td>824<\/td>\n                    <td>0.50 - 15.0<\/td>\n                    <td>1.0<\/td>\n                    <td>81<\/td>\n                    <td>325<\/td>\n                <\/tr>\n            <\/tbody>\n        <\/table>\n    <\/div>\n<\/body>\n<\/html><\/div><div class=\"w-separator size_huge with_line width_default thick_1 style_solid color_primary align_center with_text with_content\"><div class=\"w-separator-h\"><h3 class=\"w-separator-text\"><span>Pr\u00e9sentation du produit<\/span><\/h3><\/div><\/div><div class=\"g-cols wpb_row via_flex valign_top type_default stacking_default\"><div class=\"vc_col-sm-6 wpb_column vc_column_container\"><div class=\"vc_column-inner\"><div class=\"wpb_wrapper\"><div class=\"wpb_text_column\"><div class=\"wpb_wrapper\"><p class=\"\">Gr\u00e2ce \u00e0 ses composants mouill\u00e9s enti\u00e8rement non m\u00e9talliques, ce d\u00e9bitm\u00e8tre est particuli\u00e8rement adapt\u00e9 \u00e0 la mesure de produits chimiques agressifs, y compris l&#8217;eau ultrapure.<br \/>\nLes tubes d&#8217;entr\u00e9e standard sont cannel\u00e9s (barbed) et compatibles avec des tuyaux de 8 mm. D&#8217;autres options de raccordement sont disponibles pour les applications OEM.<br \/>\nLe corps est en PVDF (standard), le joint torique est g\u00e9n\u00e9ralement en Viton\u2122, et les roulements sont en saphir, garantissant une longue dur\u00e9e de vie et une fiabilit\u00e9 \u00e9lev\u00e9e.<\/p>\n<\/div><\/div><div class=\"wpb_text_column\"><div class=\"wpb_wrapper\"><h3>Mat\u00e9riaux standards<\/h3>\n<ul>\n<li>Corps et couvercle \u2013 PVDF<\/li>\n<li>Joint torique \u2013 Viton\u2122<\/li>\n<li>Aimants \u2013 C\u00e9ramique avec rev\u00eatement PVDF<\/li>\n<li>Roulements \u2013 Saphir<\/li>\n<\/ul>\n<\/div><\/div><\/div><\/div><\/div><div class=\"vc_col-sm-6 wpb_column vc_column_container has_bg_color\"><div class=\"vc_column-inner us_custom_c2693ae2\"><div class=\"wpb_wrapper\"><div class=\"wpb_text_column\"><div class=\"wpb_wrapper\"><h3>Principales caract\u00e9ristiques :<\/h3>\n<ul>\n<li>Co\u00fbt r\u00e9duit<\/li>\n<li>Corps en PVDF<\/li>\n<li>1\u20132 % FSD (\u00e9cart \u00e0 pleine \u00e9chelle)<\/li>\n<li>Roulements en saphir<\/li>\n<li>Capteur \u00e0 faible consommation<\/li>\n<li>6 plages de d\u00e9bit<\/li>\n<li>Pression maximale : 10 bar<\/li>\n<li>Joint standard en Viton\u2122<\/li>\n<li>Raccords pour tuyau de 8 mm<\/li>\n<li>R\u00e9p\u00e9tabilit\u00e9 : 0,1 %<\/li>\n<li>Consommation : 3,3 V \/ 4 \u00b5A<\/li>\n<li>Temp\u00e9rature de fonctionnement : -25\u00b0C \u00e0 +80\u00b0C<\/li>\n<li>Poids : 50 grammes<\/li>\n<\/ul>\n<\/div><\/div><\/div><\/div><\/div><\/div><div class=\"w-separator size_huge with_line width_default thick_1 style_solid color_primary align_center with_text with_content\"><div class=\"w-separator-h\"><h3 class=\"w-separator-text\"><span>Applications<\/span><\/h3><\/div><\/div><div class=\"g-cols wpb_row via_flex valign_top type_default stacking_default\"><div class=\"vc_col-sm-6 wpb_column vc_column_container\"><div class=\"vc_column-inner\"><div class=\"wpb_wrapper\"><div class=\"wpb_text_column\"><div class=\"wpb_wrapper\"><ul>\n<li>Distributeurs de boissons<\/li>\n<li>Doses par lots (batching)<\/li>\n<li>Tests en laboratoire<\/li>\n<li>Syst\u00e8mes de refroidissement<\/li>\n<\/ul>\n<\/div><\/div><\/div><\/div><\/div><div class=\"vc_col-sm-6 wpb_column vc_column_container\"><div class=\"vc_column-inner\"><div class=\"wpb_wrapper\"><div class=\"wpb_text_column\"><div class=\"wpb_wrapper\"><ul>\n<li>Alarmes de d\u00e9bit actives<\/li>\n<li>Industrie des semi-conducteurs<\/li>\n<li>Int\u00e9gration OEM<\/li>\n<\/ul>\n<\/div><\/div><\/div><\/div><\/div><\/div><div class=\"w-separator size_huge with_line width_default thick_1 style_solid color_primary align_center with_text with_content\"><div class=\"w-separator-h\"><h3 class=\"w-separator-text\"><span>T\u00e9l\u00e9chargement(s)<\/span><\/h3><\/div><\/div><div class=\"wpb_text_column us_custom_c2693ae2\"><div class=\"wpb_wrapper\"><ul>\n<li><a href=\"https:\/\/intercontrol.be\/wp-content\/uploads\/2025\/04\/TITAN-800-serie-low-power-mini-turbine-flowmeter-datasheet-ENG.pdf\">TITAN s\u00e9rie 800 (faible consommation) &#8211; d\u00e9bitm\u00e8tre mini-turbine &#8211; fiche technique (EN)<\/a><\/li>\n<\/ul>\n<\/div><\/div><div class=\"w-separator size_small with_line width_default thick_1 style_solid color_primary align_center\"><div class=\"w-separator-h\"><\/div><\/div><\/div><\/div><\/div><\/div><\/div><\/section>\n","protected":false},"excerpt":{"rendered":"Titan s\u00e9rie 800 (faible consommation) D\u00e9bitm\u00e8tre mini-turbine Le d\u00e9bitm\u00e8tre mini-turbine Titan s\u00e9rie 800 \u00e0 faible consommation (4 \u00b5A \u00e0 3,3 V) offre des performances \u00e9lev\u00e9es. Il est disponible en six plages de d\u00e9bit diff\u00e9rentes de 0,05 \u00e0 15 litres par minute. Caract\u00e9ristiques Sp\u00e9cifications du D\u00e9bitm\u00e8tre Sp\u00e9cifications techniques du d\u00e9bitm\u00e8tre Mod\u00e8le (Code de commande) Plage de...","protected":false},"featured_media":41849,"comment_status":"closed","ping_status":"closed","template":"","meta":{"_acf_changed":false,"_monsterinsights_skip_tracking":false,"_monsterinsights_sitenote_active":false,"_monsterinsights_sitenote_note":"","_monsterinsights_sitenote_category":0},"product_brand":[],"product_cat":[1200,1202],"product_tag":[],"class_list":{"0":"post-41852","1":"product","2":"type-product","3":"status-publish","4":"has-post-thumbnail","6":"product_cat-aucune-categorie","7":"product_cat-debitmetres-pour-liquides","9":"first","10":"instock","11":"shipping-taxable","12":"product-type-simple"},"acf":[],"yoast_head":"<!-- This site is optimized with the Yoast SEO plugin v27.4 - https:\/\/yoast.com\/product\/yoast-seo-wordpress\/ -->\n<title>Titan s\u00e9rie 800 (faible consommation) d\u00e9bitm\u00e8tre mini-turbine - Intercontrol Belgi\u00eb<\/title>\n<meta name=\"robots\" content=\"index, follow, max-snippet:-1, max-image-preview:large, max-video-preview:-1\" \/>\n<link rel=\"canonical\" href=\"https:\/\/intercontrol.be\/frs\/debitmetres-pour-liquides\/titan-serie-800-faible-consommation-debitmetre-mini-turbine\/\" \/>\n<meta property=\"og:locale\" content=\"fr_FR\" \/>\n<meta property=\"og:type\" content=\"article\" \/>\n<meta property=\"og:title\" content=\"Titan s\u00e9rie 800 (faible consommation) d\u00e9bitm\u00e8tre mini-turbine - Intercontrol Belgi\u00eb\" \/>\n<meta property=\"og:url\" content=\"https:\/\/intercontrol.be\/frs\/debitmetres-pour-liquides\/titan-serie-800-faible-consommation-debitmetre-mini-turbine\/\" \/>\n<meta property=\"og:site_name\" content=\"Intercontrol Belgi\u00eb\" \/>\n<meta property=\"article:modified_time\" content=\"2025-04-29T07:36:30+00:00\" \/>\n<meta property=\"og:image\" content=\"https:\/\/intercontrol.be\/wp-content\/uploads\/2025\/04\/TITAN-800-serie-low-power-.jpg\" \/>\n\t<meta property=\"og:image:width\" content=\"500\" \/>\n\t<meta property=\"og:image:height\" content=\"500\" \/>\n\t<meta property=\"og:image:type\" content=\"image\/jpeg\" \/>\n<meta name=\"twitter:card\" content=\"summary_large_image\" \/>\n<meta name=\"twitter:label1\" content=\"Dur\u00e9e de lecture estim\u00e9e\" \/>\n\t<meta name=\"twitter:data1\" content=\"3 minutes\" \/>\n<script type=\"application\/ld+json\" class=\"yoast-schema-graph\">{\"@context\":\"https:\\\/\\\/schema.org\",\"@graph\":[{\"@type\":\"WebPage\",\"@id\":\"https:\\\/\\\/intercontrol.be\\\/frs\\\/debitmetres-pour-liquides\\\/titan-serie-800-faible-consommation-debitmetre-mini-turbine\\\/\",\"url\":\"https:\\\/\\\/intercontrol.be\\\/frs\\\/debitmetres-pour-liquides\\\/titan-serie-800-faible-consommation-debitmetre-mini-turbine\\\/\",\"name\":\"Titan s\u00e9rie 800 (faible consommation) d\u00e9bitm\u00e8tre mini-turbine - Intercontrol Belgi\u00eb\",\"isPartOf\":{\"@id\":\"https:\\\/\\\/intercontrol.be\\\/#website\"},\"primaryImageOfPage\":{\"@id\":\"https:\\\/\\\/intercontrol.be\\\/frs\\\/debitmetres-pour-liquides\\\/titan-serie-800-faible-consommation-debitmetre-mini-turbine\\\/#primaryimage\"},\"image\":{\"@id\":\"https:\\\/\\\/intercontrol.be\\\/frs\\\/debitmetres-pour-liquides\\\/titan-serie-800-faible-consommation-debitmetre-mini-turbine\\\/#primaryimage\"},\"thumbnailUrl\":\"https:\\\/\\\/intercontrol.be\\\/wp-content\\\/uploads\\\/2025\\\/04\\\/TITAN-800-serie-low-power-.jpg\",\"datePublished\":\"2025-04-29T07:29:04+00:00\",\"dateModified\":\"2025-04-29T07:36:30+00:00\",\"breadcrumb\":{\"@id\":\"https:\\\/\\\/intercontrol.be\\\/frs\\\/debitmetres-pour-liquides\\\/titan-serie-800-faible-consommation-debitmetre-mini-turbine\\\/#breadcrumb\"},\"inLanguage\":\"fr-FR\",\"potentialAction\":[{\"@type\":\"ReadAction\",\"target\":[\"https:\\\/\\\/intercontrol.be\\\/frs\\\/debitmetres-pour-liquides\\\/titan-serie-800-faible-consommation-debitmetre-mini-turbine\\\/\"]}]},{\"@type\":\"ImageObject\",\"inLanguage\":\"fr-FR\",\"@id\":\"https:\\\/\\\/intercontrol.be\\\/frs\\\/debitmetres-pour-liquides\\\/titan-serie-800-faible-consommation-debitmetre-mini-turbine\\\/#primaryimage\",\"url\":\"https:\\\/\\\/intercontrol.be\\\/wp-content\\\/uploads\\\/2025\\\/04\\\/TITAN-800-serie-low-power-.jpg\",\"contentUrl\":\"https:\\\/\\\/intercontrol.be\\\/wp-content\\\/uploads\\\/2025\\\/04\\\/TITAN-800-serie-low-power-.jpg\",\"width\":500,\"height\":500,\"caption\":\"TITAN 800-serie low power\"},{\"@type\":\"BreadcrumbList\",\"@id\":\"https:\\\/\\\/intercontrol.be\\\/frs\\\/debitmetres-pour-liquides\\\/titan-serie-800-faible-consommation-debitmetre-mini-turbine\\\/#breadcrumb\",\"itemListElement\":[{\"@type\":\"ListItem\",\"position\":1,\"name\":\"Home\",\"item\":\"https:\\\/\\\/intercontrol.be\\\/frs\\\/\"},{\"@type\":\"ListItem\",\"position\":2,\"name\":\"Catalogus\",\"item\":\"https:\\\/\\\/intercontrol.be\\\/catalogus\\\/\"},{\"@type\":\"ListItem\",\"position\":3,\"name\":\"Titan s\u00e9rie 800 (faible consommation) d\u00e9bitm\u00e8tre mini-turbine\"}]},{\"@type\":\"WebSite\",\"@id\":\"https:\\\/\\\/intercontrol.be\\\/#website\",\"url\":\"https:\\\/\\\/intercontrol.be\\\/\",\"name\":\"Intercontrol Belgi\u00eb\",\"description\":\"Alles onder controle!\",\"potentialAction\":[{\"@type\":\"SearchAction\",\"target\":{\"@type\":\"EntryPoint\",\"urlTemplate\":\"https:\\\/\\\/intercontrol.be\\\/?s={search_term_string}\"},\"query-input\":{\"@type\":\"PropertyValueSpecification\",\"valueRequired\":true,\"valueName\":\"search_term_string\"}}],\"inLanguage\":\"fr-FR\"}]}<\/script>\n<!-- \/ Yoast SEO plugin. -->","yoast_head_json":{"title":"Titan s\u00e9rie 800 (faible consommation) d\u00e9bitm\u00e8tre mini-turbine - Intercontrol Belgi\u00eb","robots":{"index":"index","follow":"follow","max-snippet":"max-snippet:-1","max-image-preview":"max-image-preview:large","max-video-preview":"max-video-preview:-1"},"canonical":"https:\/\/intercontrol.be\/frs\/debitmetres-pour-liquides\/titan-serie-800-faible-consommation-debitmetre-mini-turbine\/","og_locale":"fr_FR","og_type":"article","og_title":"Titan s\u00e9rie 800 (faible consommation) d\u00e9bitm\u00e8tre mini-turbine - Intercontrol Belgi\u00eb","og_url":"https:\/\/intercontrol.be\/frs\/debitmetres-pour-liquides\/titan-serie-800-faible-consommation-debitmetre-mini-turbine\/","og_site_name":"Intercontrol Belgi\u00eb","article_modified_time":"2025-04-29T07:36:30+00:00","og_image":[{"width":500,"height":500,"url":"https:\/\/intercontrol.be\/wp-content\/uploads\/2025\/04\/TITAN-800-serie-low-power-.jpg","type":"image\/jpeg"}],"twitter_card":"summary_large_image","twitter_misc":{"Dur\u00e9e de lecture estim\u00e9e":"3 minutes"},"schema":{"@context":"https:\/\/schema.org","@graph":[{"@type":"WebPage","@id":"https:\/\/intercontrol.be\/frs\/debitmetres-pour-liquides\/titan-serie-800-faible-consommation-debitmetre-mini-turbine\/","url":"https:\/\/intercontrol.be\/frs\/debitmetres-pour-liquides\/titan-serie-800-faible-consommation-debitmetre-mini-turbine\/","name":"Titan s\u00e9rie 800 (faible consommation) d\u00e9bitm\u00e8tre mini-turbine - Intercontrol Belgi\u00eb","isPartOf":{"@id":"https:\/\/intercontrol.be\/#website"},"primaryImageOfPage":{"@id":"https:\/\/intercontrol.be\/frs\/debitmetres-pour-liquides\/titan-serie-800-faible-consommation-debitmetre-mini-turbine\/#primaryimage"},"image":{"@id":"https:\/\/intercontrol.be\/frs\/debitmetres-pour-liquides\/titan-serie-800-faible-consommation-debitmetre-mini-turbine\/#primaryimage"},"thumbnailUrl":"https:\/\/intercontrol.be\/wp-content\/uploads\/2025\/04\/TITAN-800-serie-low-power-.jpg","datePublished":"2025-04-29T07:29:04+00:00","dateModified":"2025-04-29T07:36:30+00:00","breadcrumb":{"@id":"https:\/\/intercontrol.be\/frs\/debitmetres-pour-liquides\/titan-serie-800-faible-consommation-debitmetre-mini-turbine\/#breadcrumb"},"inLanguage":"fr-FR","potentialAction":[{"@type":"ReadAction","target":["https:\/\/intercontrol.be\/frs\/debitmetres-pour-liquides\/titan-serie-800-faible-consommation-debitmetre-mini-turbine\/"]}]},{"@type":"ImageObject","inLanguage":"fr-FR","@id":"https:\/\/intercontrol.be\/frs\/debitmetres-pour-liquides\/titan-serie-800-faible-consommation-debitmetre-mini-turbine\/#primaryimage","url":"https:\/\/intercontrol.be\/wp-content\/uploads\/2025\/04\/TITAN-800-serie-low-power-.jpg","contentUrl":"https:\/\/intercontrol.be\/wp-content\/uploads\/2025\/04\/TITAN-800-serie-low-power-.jpg","width":500,"height":500,"caption":"TITAN 800-serie low power"},{"@type":"BreadcrumbList","@id":"https:\/\/intercontrol.be\/frs\/debitmetres-pour-liquides\/titan-serie-800-faible-consommation-debitmetre-mini-turbine\/#breadcrumb","itemListElement":[{"@type":"ListItem","position":1,"name":"Home","item":"https:\/\/intercontrol.be\/frs\/"},{"@type":"ListItem","position":2,"name":"Catalogus","item":"https:\/\/intercontrol.be\/catalogus\/"},{"@type":"ListItem","position":3,"name":"Titan s\u00e9rie 800 (faible consommation) d\u00e9bitm\u00e8tre mini-turbine"}]},{"@type":"WebSite","@id":"https:\/\/intercontrol.be\/#website","url":"https:\/\/intercontrol.be\/","name":"Intercontrol Belgi\u00eb","description":"Alles onder controle!","potentialAction":[{"@type":"SearchAction","target":{"@type":"EntryPoint","urlTemplate":"https:\/\/intercontrol.be\/?s={search_term_string}"},"query-input":{"@type":"PropertyValueSpecification","valueRequired":true,"valueName":"search_term_string"}}],"inLanguage":"fr-FR"}]}},"_links":{"self":[{"href":"https:\/\/intercontrol.be\/frs\/wp-json\/wp\/v2\/product\/41852","targetHints":{"allow":["GET"]}}],"collection":[{"href":"https:\/\/intercontrol.be\/frs\/wp-json\/wp\/v2\/product"}],"about":[{"href":"https:\/\/intercontrol.be\/frs\/wp-json\/wp\/v2\/types\/product"}],"replies":[{"embeddable":true,"href":"https:\/\/intercontrol.be\/frs\/wp-json\/wp\/v2\/comments?post=41852"}],"wp:featuredmedia":[{"embeddable":true,"href":"https:\/\/intercontrol.be\/frs\/wp-json\/wp\/v2\/media\/41849"}],"wp:attachment":[{"href":"https:\/\/intercontrol.be\/frs\/wp-json\/wp\/v2\/media?parent=41852"}],"wp:term":[{"taxonomy":"product_brand","embeddable":true,"href":"https:\/\/intercontrol.be\/frs\/wp-json\/wp\/v2\/product_brand?post=41852"},{"taxonomy":"product_cat","embeddable":true,"href":"https:\/\/intercontrol.be\/frs\/wp-json\/wp\/v2\/product_cat?post=41852"},{"taxonomy":"product_tag","embeddable":true,"href":"https:\/\/intercontrol.be\/frs\/wp-json\/wp\/v2\/product_tag?post=41852"}],"curies":[{"name":"wp","href":"https:\/\/api.w.org\/{rel}","templated":true}]}}