{"id":41844,"date":"2025-04-29T06:41:12","date_gmt":"2025-04-29T06:41:12","guid":{"rendered":"https:\/\/intercontrol.be\/?post_type=product&#038;p=41844"},"modified":"2025-04-29T06:43:10","modified_gmt":"2025-04-29T06:43:10","slug":"titan-300-debitmetre-a-mini-turbine","status":"publish","type":"product","link":"https:\/\/intercontrol.be\/frs\/pompes-doseuses\/titan-300-debitmetre-a-mini-turbine\/","title":{"rendered":"<b>TITAN 300<\/b> <br>d\u00e9bitm\u00e8tre \u00e0 mini-turbine"},"content":{"rendered":"<section class=\"l-section wpb_row height_large color_primary parallax_ver with_shape\"><div class=\"l-section-overlay\" style=\"background:rgba(6,56,119,0.81)\"><\/div><div class=\"l-section-shape type_triangle pos_bottom\" style=\"height:5vh;\"><svg xmlns=\"http:\/\/www.w3.org\/2000\/svg\" viewBox=\"0 0 64 8\" preserveAspectRatio=\"none\" width=\"100%\" height=\"100%\">\r\n\t<path fill=\"currentColor\" d=\"M64 8 L0 8 L0 0 L32 7.9 L64 0 Z\"\/>\r\n<\/svg><\/div><div class=\"l-section-h i-cf\"><div class=\"g-cols vc_row via_flex valign_top type_default stacking_default\"><div class=\"vc_col-sm-2 wpb_column vc_column_container\"><div class=\"vc_column-inner\"><div class=\"wpb_wrapper\"><\/div><\/div><\/div><div class=\"vc_col-sm-8 wpb_column vc_column_container\"><div class=\"vc_column-inner\"><div class=\"wpb_wrapper\"><div class=\"wpb_text_column\"><div class=\"wpb_wrapper\"><h1 style=\"text-align: center;\">Titan 300<\/h1>\n<\/div><\/div><div class=\"w-separator size_small\"><\/div><div class=\"wpb_text_column\"><div class=\"wpb_wrapper\"><h3 style=\"text-align: center;\">D\u00e9bitm\u00e8tre \u00e0 mini-turbine<\/h3>\n<\/div><\/div><\/div><\/div><\/div><div class=\"vc_col-sm-2 wpb_column vc_column_container\"><div class=\"vc_column-inner\"><div class=\"wpb_wrapper\"><\/div><\/div><\/div><\/div><\/div><\/section><section class=\"l-section wpb_row us_custom_a4ebe4e2 height_large\"><div class=\"l-section-h i-cf\"><div class=\"g-cols vc_row via_flex valign_top type_default stacking_default\" style=\"--additional-gap:10px;\"><div class=\"vc_col-sm-12 wpb_column vc_column_container\"><div class=\"vc_column-inner\"><div class=\"wpb_wrapper\"><div class=\"w-separator size_medium\"><\/div><div class=\"g-cols wpb_row via_flex valign_middle type_default stacking_default\"><div class=\"vc_col-sm-8 wpb_column vc_column_container\"><div class=\"vc_column-inner\"><div class=\"wpb_wrapper\"><div class=\"w-image align_center\"><div class=\"w-image-h\"><img decoding=\"async\" width=\"500\" height=\"500\" data-src=\"https:\/\/intercontrol.be\/wp-content\/uploads\/2025\/04\/TITAN-300-mini-turbine-flowmeter-voor-dranken.jpg\" class=\"attachment-large size-large lazyload\" alt=\"TITAN 300 - mini turbine flowmeter voor dranken\" data-srcset=\"https:\/\/intercontrol.be\/wp-content\/uploads\/2025\/04\/TITAN-300-mini-turbine-flowmeter-voor-dranken.jpg 500w, https:\/\/intercontrol.be\/wp-content\/uploads\/2025\/04\/TITAN-300-mini-turbine-flowmeter-voor-dranken-300x300.jpg 300w, https:\/\/intercontrol.be\/wp-content\/uploads\/2025\/04\/TITAN-300-mini-turbine-flowmeter-voor-dranken-120x120.jpg 120w, https:\/\/intercontrol.be\/wp-content\/uploads\/2025\/04\/TITAN-300-mini-turbine-flowmeter-voor-dranken-150x150.jpg 150w\" data-sizes=\"(max-width: 500px) 100vw, 500px\" src=\"data:image\/svg+xml;base64,PHN2ZyB3aWR0aD0iMSIgaGVpZ2h0PSIxIiB4bWxucz0iaHR0cDovL3d3dy53My5vcmcvMjAwMC9zdmciPjwvc3ZnPg==\" style=\"--smush-placeholder-width: 500px; --smush-placeholder-aspect-ratio: 500\/500;\" \/><\/div><\/div><\/div><\/div><\/div><div class=\"vc_col-sm-4 wpb_column vc_column_container\"><div class=\"vc_column-inner\"><div class=\"wpb_wrapper\"><div class=\"w-image align_center\"><a title=\"Titan\" href=\"https:\/\/intercontrol.be\/titan-flowmeters\/\" aria-label=\"Link\" class=\"w-image-h\"><img decoding=\"async\" width=\"400\" height=\"200\" data-src=\"https:\/\/intercontrol.be\/wp-content\/uploads\/2023\/01\/Titan-logo-batch.png\" class=\"attachment-large size-large lazyload\" alt=\"Titan logo\" data-srcset=\"https:\/\/intercontrol.be\/wp-content\/uploads\/2023\/01\/Titan-logo-batch.png 400w, https:\/\/intercontrol.be\/wp-content\/uploads\/2023\/01\/Titan-logo-batch-300x150.png 300w\" data-sizes=\"(max-width: 400px) 100vw, 400px\" src=\"data:image\/svg+xml;base64,PHN2ZyB3aWR0aD0iMSIgaGVpZ2h0PSIxIiB4bWxucz0iaHR0cDovL3d3dy53My5vcmcvMjAwMC9zdmciPjwvc3ZnPg==\" style=\"--smush-placeholder-width: 400px; --smush-placeholder-aspect-ratio: 400\/200;\" \/><\/a><\/div><div class=\"wpb_text_column\"><div class=\"wpb_wrapper\"><p>Ce d\u00e9bitm\u00e8tre TITAN 300 a \u00e9t\u00e9 sp\u00e9cialement con\u00e7u pour le dosage de boissons \u00e0 faible viscosit\u00e9. Un instrument pr\u00e9cis pour les applications dans l&#8217;industrie des boissons, comme le caf\u00e9, la bi\u00e8re, le vin et les spiritueux.<\/p>\n<\/div><\/div><\/div><\/div><\/div><\/div><div class=\"w-separator size_huge with_line width_default thick_1 style_solid color_primary align_center with_text with_content\"><div class=\"w-separator-h\"><h3 class=\"w-separator-text\"><span>Caract\u00e9ristiques<\/span><\/h3><\/div><\/div><div class=\"w-html\"><!DOCTYPE html>\n<html lang=\"fr\">\n<head>\n    <meta charset=\"UTF-8\">\n    <meta name=\"viewport\" content=\"width=device-width, initial-scale=1.0\">\n    <title>Sp\u00e9cifications du D\u00e9bitm\u00e8tre<\/title>\n    <style>\n        .table-wrapper {\n            overflow-x: auto;\n            width: 100%;\n            -webkit-overflow-scrolling: touch;\n        }\n        .data-table {\n            width: 100%;\n            min-width: 600px;\n            border-collapse: collapse;\n        }\n        .data-table th, .data-table td {\n            border: 1px solid #ddd;\n            padding: 8px;\n            text-align: left;\n            white-space: nowrap;\n        }\n        .data-table th {\n            background-color: #f2f2f2;\n            font-weight: bold;\n        }\n        .data-table tr:nth-child(even) {\n            background-color: #f9f9f9;\n        }\n        th.darker-bg {\n            background-color: #d3d3d3;\n            text-align: left;\n        }\n    <\/style>\n<\/head>\n<body>\n    <div class=\"table-wrapper\">\n        <table class=\"data-table\">\n            <tbody>\n                <tr>\n                    <th colspan=\"5\" class=\"darker-bg\">Caract\u00e9ristiques techniques du d\u00e9bitm\u00e8tre<\/th>\n                <\/tr>\n                <tr>\n                    <th>Mod\u00e8le (Code de commande)<\/th>\n                    <th>Plage de d\u00e9bit (L\/min)<\/th>\n                    <th>Lin\u00e9arit\u00e9 (% FSD)<\/th>\n                    <th>Fr\u00e9quence typique (Hz)<\/th>\n                    <th>Facteur \u2018K\u2019 approximatif<\/th>\n                <\/tr>\n                <tr>\n                    <td>300-010<\/td>\n                    <td>0,6 - 10<\/td>\n                    <td>1,0<\/td>\n                    <td>235<\/td>\n                    <td>1420<\/td>\n                <\/tr>\n                <tr>\n                    <th colspan=\"5\" class=\"darker-bg\">Poids<\/th>\n                <\/tr>\n                <tr>\n                    <th>Poids<\/th>\n                    <td colspan=\"4\">0,150 kg (c\u00e2ble inclus)<\/td>\n                <\/tr>\n            <\/tbody>\n        <\/table>\n    <\/div>\n<\/body>\n<\/html><\/div><div class=\"w-separator size_huge with_line width_default thick_1 style_solid color_primary align_center with_text with_content\"><div class=\"w-separator-h\"><h3 class=\"w-separator-text\"><span>Certification(s)<\/span><\/h3><\/div><\/div><div class=\"g-cols wpb_row via_flex valign_top type_default stacking_default\"><div class=\"vc_col-sm-4 wpb_column vc_column_container\"><div class=\"vc_column-inner\"><div class=\"wpb_wrapper\"><\/div><\/div><\/div><div class=\"vc_col-sm-4 wpb_column vc_column_container\"><div class=\"vc_column-inner\"><div class=\"wpb_wrapper\"><div class=\"w-image align_center\"><div class=\"w-image-h\"><img decoding=\"async\" width=\"150\" height=\"150\" data-src=\"https:\/\/intercontrol.be\/wp-content\/uploads\/2025\/04\/NSF-certificaat-150x150.jpg\" class=\"attachment-woocommerce_gallery_thumbnail size-woocommerce_gallery_thumbnail lazyload\" alt=\"NSF certificaat\" data-srcset=\"https:\/\/intercontrol.be\/wp-content\/uploads\/2025\/04\/NSF-certificaat-150x150.jpg 150w, https:\/\/intercontrol.be\/wp-content\/uploads\/2025\/04\/NSF-certificaat-120x120.jpg 120w, https:\/\/intercontrol.be\/wp-content\/uploads\/2025\/04\/NSF-certificaat.jpg 200w\" data-sizes=\"(max-width: 150px) 100vw, 150px\" src=\"data:image\/svg+xml;base64,PHN2ZyB3aWR0aD0iMSIgaGVpZ2h0PSIxIiB4bWxucz0iaHR0cDovL3d3dy53My5vcmcvMjAwMC9zdmciPjwvc3ZnPg==\" style=\"--smush-placeholder-width: 150px; --smush-placeholder-aspect-ratio: 150\/150;\" \/><\/div><\/div><\/div><\/div><\/div><div class=\"vc_col-sm-4 wpb_column vc_column_container\"><div class=\"vc_column-inner\"><div class=\"wpb_wrapper\"><\/div><\/div><\/div><\/div><div class=\"w-separator size_huge with_line width_default thick_1 style_solid color_primary align_center with_text with_content\"><div class=\"w-separator-h\"><h3 class=\"w-separator-text\"><span>Pr\u00e9sentation du produit<\/span><\/h3><\/div><\/div><div class=\"g-cols wpb_row via_flex valign_top type_default stacking_default\"><div class=\"vc_col-sm-6 wpb_column vc_column_container\"><div class=\"vc_column-inner\"><div class=\"wpb_wrapper\"><div class=\"wpb_text_column\"><div class=\"wpb_wrapper\"><p class=\"\" data-start=\"439\" data-end=\"733\">Le d\u00e9bitm\u00e8tre offre des performances \u00e9lev\u00e9es \u00e0 un prix abordable et prend en charge un d\u00e9bit allant jusqu&#8217;\u00e0 10 litres par minute.<br data-start=\"560\" data-end=\"563\" \/>Gr\u00e2ce \u00e0 ses composants enti\u00e8rement non m\u00e9talliques en contact avec le fluide, cet appareil est id\u00e9al pour mesurer des produits alimentaires et des boissons, ainsi que pour l&#8217;eau ultra-pure.<\/p>\n<p class=\"\" data-start=\"735\" data-end=\"925\">Titan Enterprises d\u00e9tient une certification NSF169 pour les d\u00e9bitm\u00e8tres \u00e0 turbine de la s\u00e9rie 800 et les d\u00e9bitm\u00e8tres pour distributeurs de boissons, en tant qu\u2019\u2018\u00e9quipement pour applications alimentaires et de boissons\u2019.<\/p>\n<p class=\"\" data-start=\"927\" data-end=\"1130\">Les paliers sont en saphir pour une longue dur\u00e9e de vie et une fiabilit\u00e9 \u00e9lev\u00e9e.<br data-start=\"999\" data-end=\"1002\" \/>Le bo\u00eetier est fabriqu\u00e9 en mat\u00e9riau thermoplastique (PVDF standard) et le joint torique est g\u00e9n\u00e9ralement en Viton\u2122.<\/p>\n<\/div><\/div><div class=\"wpb_text_column\"><div class=\"wpb_wrapper\"><h3 class=\"\" data-start=\"98\" data-end=\"138\">Mat\u00e9riaux standard<\/h3>\n<ul data-start=\"141\" data-end=\"265\">\n<li class=\"\" data-start=\"141\" data-end=\"175\">\n<p class=\"\" data-start=\"143\" data-end=\"175\">Bo\u00eetier et couvercle \u2013 PVDF<\/p>\n<\/li>\n<li class=\"\" data-start=\"176\" data-end=\"209\">\n<p class=\"\" data-start=\"178\" data-end=\"209\">Joint torique \u2013 Viton\u2122<\/p>\n<\/li>\n<li class=\"\" data-start=\"210\" data-end=\"240\">\n<p class=\"\" data-start=\"212\" data-end=\"240\">Aimants \u2013 Surmoul\u00e9s<\/p>\n<\/li>\n<li class=\"\" data-start=\"241\" data-end=\"265\">\n<p class=\"\" data-start=\"243\" data-end=\"265\">Paliers \u2013 Saphir<\/p>\n<\/li>\n<\/ul>\n<\/div><\/div><\/div><\/div><\/div><div class=\"vc_col-sm-6 wpb_column vc_column_container has_bg_color\"><div class=\"vc_column-inner us_custom_c2693ae2\"><div class=\"wpb_wrapper\"><div class=\"wpb_text_column\"><div class=\"wpb_wrapper\"><h3 class=\"\" data-start=\"1128\" data-end=\"1160\">Caract\u00e9ristiques principales :<\/h3>\n<ul>\n<li class=\"\" data-start=\"1411\" data-end=\"1477\">\n<p class=\"\" data-start=\"1413\" data-end=\"1477\">Certifi\u00e9 NSF pour une utilisation dans l\u2019industrie alimentaire et des boissons<\/p>\n<\/li>\n<li class=\"\" data-start=\"1478\" data-end=\"1505\">\n<p class=\"\" data-start=\"1480\" data-end=\"1505\">Technologie de d\u00e9bit \u00e0 turbine<\/p>\n<\/li>\n<li class=\"\" data-start=\"1506\" data-end=\"1521\">\n<p class=\"\" data-start=\"1508\" data-end=\"1521\">Co\u00fbt r\u00e9duit<\/p>\n<\/li>\n<li class=\"\" data-start=\"1522\" data-end=\"1540\">\n<p class=\"\" data-start=\"1524\" data-end=\"1540\">Bo\u00eetier en PVDF<\/p>\n<\/li>\n<li class=\"\" data-start=\"1541\" data-end=\"1558\">\n<p class=\"\" data-start=\"1543\" data-end=\"1558\">Paliers en saphir<\/p>\n<\/li>\n<li class=\"\" data-start=\"1559\" data-end=\"1581\">\n<p class=\"\" data-start=\"1561\" data-end=\"1581\">Capteur \u00e0 effet Hall<\/p>\n<\/li>\n<li class=\"\" data-start=\"1582\" data-end=\"1612\">\n<p class=\"\" data-start=\"1584\" data-end=\"1612\">Plage de d\u00e9bit : 0,6\u201310 L\/min<\/p>\n<\/li>\n<li class=\"\" data-start=\"1613\" data-end=\"1644\">\n<p class=\"\" data-start=\"1615\" data-end=\"1644\">Joint standard en Viton\u2122<\/p>\n<\/li>\n<li class=\"\" data-start=\"1645\" data-end=\"1670\">\n<p class=\"\" data-start=\"1647\" data-end=\"1670\">R\u00e9p\u00e9tabilit\u00e9 : 0,1%<\/p>\n<\/li>\n<li class=\"\" data-start=\"1671\" data-end=\"1707\">\n<p class=\"\" data-start=\"1673\" data-end=\"1707\">Tension d\u2019alimentation : 4,5 \u00e0 24 VDC<\/p>\n<\/li>\n<li class=\"\" data-start=\"1708\" data-end=\"1736\">\n<p class=\"\" data-start=\"1710\" data-end=\"1736\">R\u00e9sistance \u00e0 la pression jusqu\u2019\u00e0 10 bar<\/p>\n<\/li>\n<li class=\"\" data-start=\"1737\" data-end=\"1791\">\n<p class=\"\" data-start=\"1739\" data-end=\"1791\">Compatible avec raccord John Guest \u215c&#8221;<\/p>\n<\/li>\n<li class=\"\" data-start=\"1792\" data-end=\"1820\">\n<p class=\"\" data-start=\"1794\" data-end=\"1820\">Classe de protection : IP65<\/p>\n<\/li>\n<li class=\"\" data-start=\"1821\" data-end=\"1852\">\n<p class=\"\" data-start=\"1823\" data-end=\"1852\">Plage de temp\u00e9rature : 0 \u2013 70\u00b0C<\/p>\n<\/li>\n<li class=\"\" data-start=\"1853\" data-end=\"1892\">\n<p class=\"\" data-start=\"1855\" data-end=\"1892\">Poids (c\u00e2ble inclus) : 0,150 kg<\/p>\n<\/li>\n<\/ul>\n<\/div><\/div><\/div><\/div><\/div><\/div><div class=\"w-separator size_huge with_line width_default thick_1 style_solid color_primary align_center with_text with_content\"><div class=\"w-separator-h\"><h3 class=\"w-separator-text\"><span>Application(s)<\/span><\/h3><\/div><\/div><div class=\"g-cols wpb_row via_flex valign_top type_default stacking_default\"><div class=\"vc_col-sm-6 wpb_column vc_column_container\"><div class=\"vc_column-inner\"><div class=\"wpb_wrapper\"><div class=\"wpb_text_column\"><div class=\"wpb_wrapper\"><ul>\n<li class=\"\" data-start=\"1155\" data-end=\"1188\">\n<p class=\"\" data-start=\"1157\" data-end=\"1188\">Mesure de d\u00e9bit certifi\u00e9e NSF<\/p>\n<\/li>\n<li class=\"\" data-start=\"1189\" data-end=\"1219\">\n<p class=\"\" data-start=\"1191\" data-end=\"1219\">Production alimentaire et de boissons<\/p>\n<\/li>\n<li class=\"\" data-start=\"1220\" data-end=\"1282\">\n<p class=\"\" data-start=\"1222\" data-end=\"1282\">Distributeurs de boissons (caf\u00e9, vin, bi\u00e8re, spiritueux)<\/p>\n<\/li>\n<li class=\"\" data-start=\"1283\" data-end=\"1300\">\n<p class=\"\" data-start=\"1285\" data-end=\"1300\">Dosage par lots<\/p>\n<\/li>\n<\/ul>\n<\/div><\/div><\/div><\/div><\/div><div class=\"vc_col-sm-6 wpb_column vc_column_container\"><div class=\"vc_column-inner\"><div class=\"wpb_wrapper\"><div class=\"wpb_text_column\"><div class=\"wpb_wrapper\"><ul>\n<li class=\"\" data-start=\"1301\" data-end=\"1321\">\n<p class=\"\" data-start=\"1303\" data-end=\"1321\">Installations de refroidissement<\/p>\n<\/li>\n<li class=\"\" data-start=\"1322\" data-end=\"1338\">\n<p class=\"\" data-start=\"1324\" data-end=\"1338\">Surveillance de la bi\u00e8re<\/p>\n<\/li>\n<li class=\"\" data-start=\"1339\" data-end=\"1370\">\n<p class=\"\" data-start=\"1341\" data-end=\"1370\">Production de semi-conducteurs<\/p>\n<\/li>\n<\/ul>\n<\/div><\/div><\/div><\/div><\/div><\/div><div class=\"w-separator size_huge with_line width_default thick_1 style_solid color_primary align_center with_text with_content\"><div class=\"w-separator-h\"><h3 class=\"w-separator-text\"><span>T\u00e9l\u00e9chargement(s)<\/span><\/h3><\/div><\/div><div class=\"wpb_text_column us_custom_c2693ae2\"><div class=\"wpb_wrapper\"><ul>\n<li><a href=\"https:\/\/intercontrol.be\/wp-content\/uploads\/2025\/04\/TITAN-300-mini-turbine-flowmeter-datasheet-ENG.pdf\">TITAN 300 &#8211; d\u00e9bitm\u00e8tre \u00e0 mini-turbine &#8211; fiche technique (ENG)<\/a><\/li>\n<\/ul>\n<\/div><\/div><div class=\"w-separator size_small with_line width_default thick_1 style_solid color_primary align_center\"><div class=\"w-separator-h\"><\/div><\/div><\/div><\/div><\/div><\/div><\/div><\/section>\n","protected":false},"excerpt":{"rendered":"Titan 300 D\u00e9bitm\u00e8tre \u00e0 mini-turbine Ce d\u00e9bitm\u00e8tre TITAN 300 a \u00e9t\u00e9 sp\u00e9cialement con\u00e7u pour le dosage de boissons \u00e0 faible viscosit\u00e9. Un instrument pr\u00e9cis pour les applications dans l&#8217;industrie des boissons, comme le caf\u00e9, la bi\u00e8re, le vin et les spiritueux. Caract\u00e9ristiques Sp\u00e9cifications du D\u00e9bitm\u00e8tre Caract\u00e9ristiques techniques du d\u00e9bitm\u00e8tre Mod\u00e8le (Code de commande) Plage de...","protected":false},"featured_media":41837,"comment_status":"closed","ping_status":"closed","template":"","meta":{"_acf_changed":false,"_monsterinsights_skip_tracking":false,"_monsterinsights_sitenote_active":false,"_monsterinsights_sitenote_note":"","_monsterinsights_sitenote_category":0},"product_brand":[],"product_cat":[1201,1202,1180,1174],"product_tag":[],"class_list":{"0":"post-41844","1":"product","2":"type-product","3":"status-publish","4":"has-post-thumbnail","6":"product_cat-debitmetres","7":"product_cat-debitmetres-pour-liquides","8":"product_cat-pompes-doseuses","9":"product_cat-pompes-industrielles","11":"first","12":"instock","13":"shipping-taxable","14":"product-type-simple"},"acf":[],"yoast_head":"<!-- This site is optimized with the Yoast SEO plugin v27.6 - https:\/\/yoast.com\/product\/yoast-seo-wordpress\/ -->\n<title>TITAN 300 d\u00e9bitm\u00e8tre \u00e0 mini-turbine - Intercontrol Belgi\u00eb<\/title>\n<meta name=\"robots\" content=\"index, follow, max-snippet:-1, max-image-preview:large, max-video-preview:-1\" \/>\n<link rel=\"canonical\" href=\"https:\/\/intercontrol.be\/frs\/pompes-doseuses\/titan-300-debitmetre-a-mini-turbine\/\" \/>\n<meta property=\"og:locale\" content=\"fr_FR\" \/>\n<meta property=\"og:type\" content=\"article\" \/>\n<meta property=\"og:title\" content=\"TITAN 300 d\u00e9bitm\u00e8tre \u00e0 mini-turbine - Intercontrol Belgi\u00eb\" \/>\n<meta property=\"og:url\" content=\"https:\/\/intercontrol.be\/frs\/pompes-doseuses\/titan-300-debitmetre-a-mini-turbine\/\" \/>\n<meta property=\"og:site_name\" content=\"Intercontrol Belgi\u00eb\" \/>\n<meta property=\"article:modified_time\" content=\"2025-04-29T06:43:10+00:00\" \/>\n<meta property=\"og:image\" content=\"https:\/\/intercontrol.be\/wp-content\/uploads\/2025\/04\/TITAN-300-mini-turbine-flowmeter-voor-dranken.jpg\" \/>\n\t<meta property=\"og:image:width\" content=\"500\" \/>\n\t<meta property=\"og:image:height\" content=\"500\" \/>\n\t<meta property=\"og:image:type\" content=\"image\/jpeg\" \/>\n<meta name=\"twitter:card\" content=\"summary_large_image\" \/>\n<meta name=\"twitter:label1\" content=\"Dur\u00e9e de lecture estim\u00e9e\" \/>\n\t<meta name=\"twitter:data1\" content=\"3 minutes\" \/>\n<script type=\"application\/ld+json\" class=\"yoast-schema-graph\">{\"@context\":\"https:\\\/\\\/schema.org\",\"@graph\":[{\"@type\":\"WebPage\",\"@id\":\"https:\\\/\\\/intercontrol.be\\\/frs\\\/pompes-doseuses\\\/titan-300-debitmetre-a-mini-turbine\\\/\",\"url\":\"https:\\\/\\\/intercontrol.be\\\/frs\\\/pompes-doseuses\\\/titan-300-debitmetre-a-mini-turbine\\\/\",\"name\":\"TITAN 300 d\u00e9bitm\u00e8tre \u00e0 mini-turbine - Intercontrol Belgi\u00eb\",\"isPartOf\":{\"@id\":\"https:\\\/\\\/intercontrol.be\\\/#website\"},\"primaryImageOfPage\":{\"@id\":\"https:\\\/\\\/intercontrol.be\\\/frs\\\/pompes-doseuses\\\/titan-300-debitmetre-a-mini-turbine\\\/#primaryimage\"},\"image\":{\"@id\":\"https:\\\/\\\/intercontrol.be\\\/frs\\\/pompes-doseuses\\\/titan-300-debitmetre-a-mini-turbine\\\/#primaryimage\"},\"thumbnailUrl\":\"https:\\\/\\\/intercontrol.be\\\/wp-content\\\/uploads\\\/2025\\\/04\\\/TITAN-300-mini-turbine-flowmeter-voor-dranken.jpg\",\"datePublished\":\"2025-04-29T06:41:12+00:00\",\"dateModified\":\"2025-04-29T06:43:10+00:00\",\"breadcrumb\":{\"@id\":\"https:\\\/\\\/intercontrol.be\\\/frs\\\/pompes-doseuses\\\/titan-300-debitmetre-a-mini-turbine\\\/#breadcrumb\"},\"inLanguage\":\"fr-FR\",\"potentialAction\":[{\"@type\":\"ReadAction\",\"target\":[\"https:\\\/\\\/intercontrol.be\\\/frs\\\/pompes-doseuses\\\/titan-300-debitmetre-a-mini-turbine\\\/\"]}]},{\"@type\":\"ImageObject\",\"inLanguage\":\"fr-FR\",\"@id\":\"https:\\\/\\\/intercontrol.be\\\/frs\\\/pompes-doseuses\\\/titan-300-debitmetre-a-mini-turbine\\\/#primaryimage\",\"url\":\"https:\\\/\\\/intercontrol.be\\\/wp-content\\\/uploads\\\/2025\\\/04\\\/TITAN-300-mini-turbine-flowmeter-voor-dranken.jpg\",\"contentUrl\":\"https:\\\/\\\/intercontrol.be\\\/wp-content\\\/uploads\\\/2025\\\/04\\\/TITAN-300-mini-turbine-flowmeter-voor-dranken.jpg\",\"width\":500,\"height\":500,\"caption\":\"TITAN 300 - mini turbine flowmeter voor dranken\"},{\"@type\":\"BreadcrumbList\",\"@id\":\"https:\\\/\\\/intercontrol.be\\\/frs\\\/pompes-doseuses\\\/titan-300-debitmetre-a-mini-turbine\\\/#breadcrumb\",\"itemListElement\":[{\"@type\":\"ListItem\",\"position\":1,\"name\":\"Home\",\"item\":\"https:\\\/\\\/intercontrol.be\\\/frs\\\/\"},{\"@type\":\"ListItem\",\"position\":2,\"name\":\"Catalogus\",\"item\":\"https:\\\/\\\/intercontrol.be\\\/catalogus\\\/\"},{\"@type\":\"ListItem\",\"position\":3,\"name\":\"TITAN 300 d\u00e9bitm\u00e8tre \u00e0 mini-turbine\"}]},{\"@type\":\"WebSite\",\"@id\":\"https:\\\/\\\/intercontrol.be\\\/#website\",\"url\":\"https:\\\/\\\/intercontrol.be\\\/\",\"name\":\"Intercontrol Belgi\u00eb\",\"description\":\"Alles onder controle!\",\"potentialAction\":[{\"@type\":\"SearchAction\",\"target\":{\"@type\":\"EntryPoint\",\"urlTemplate\":\"https:\\\/\\\/intercontrol.be\\\/?s={search_term_string}\"},\"query-input\":{\"@type\":\"PropertyValueSpecification\",\"valueRequired\":true,\"valueName\":\"search_term_string\"}}],\"inLanguage\":\"fr-FR\"}]}<\/script>\n<!-- \/ Yoast SEO plugin. -->","yoast_head_json":{"title":"TITAN 300 d\u00e9bitm\u00e8tre \u00e0 mini-turbine - Intercontrol Belgi\u00eb","robots":{"index":"index","follow":"follow","max-snippet":"max-snippet:-1","max-image-preview":"max-image-preview:large","max-video-preview":"max-video-preview:-1"},"canonical":"https:\/\/intercontrol.be\/frs\/pompes-doseuses\/titan-300-debitmetre-a-mini-turbine\/","og_locale":"fr_FR","og_type":"article","og_title":"TITAN 300 d\u00e9bitm\u00e8tre \u00e0 mini-turbine - Intercontrol Belgi\u00eb","og_url":"https:\/\/intercontrol.be\/frs\/pompes-doseuses\/titan-300-debitmetre-a-mini-turbine\/","og_site_name":"Intercontrol Belgi\u00eb","article_modified_time":"2025-04-29T06:43:10+00:00","og_image":[{"width":500,"height":500,"url":"https:\/\/intercontrol.be\/wp-content\/uploads\/2025\/04\/TITAN-300-mini-turbine-flowmeter-voor-dranken.jpg","type":"image\/jpeg"}],"twitter_card":"summary_large_image","twitter_misc":{"Dur\u00e9e de lecture estim\u00e9e":"3 minutes"},"schema":{"@context":"https:\/\/schema.org","@graph":[{"@type":"WebPage","@id":"https:\/\/intercontrol.be\/frs\/pompes-doseuses\/titan-300-debitmetre-a-mini-turbine\/","url":"https:\/\/intercontrol.be\/frs\/pompes-doseuses\/titan-300-debitmetre-a-mini-turbine\/","name":"TITAN 300 d\u00e9bitm\u00e8tre \u00e0 mini-turbine - Intercontrol Belgi\u00eb","isPartOf":{"@id":"https:\/\/intercontrol.be\/#website"},"primaryImageOfPage":{"@id":"https:\/\/intercontrol.be\/frs\/pompes-doseuses\/titan-300-debitmetre-a-mini-turbine\/#primaryimage"},"image":{"@id":"https:\/\/intercontrol.be\/frs\/pompes-doseuses\/titan-300-debitmetre-a-mini-turbine\/#primaryimage"},"thumbnailUrl":"https:\/\/intercontrol.be\/wp-content\/uploads\/2025\/04\/TITAN-300-mini-turbine-flowmeter-voor-dranken.jpg","datePublished":"2025-04-29T06:41:12+00:00","dateModified":"2025-04-29T06:43:10+00:00","breadcrumb":{"@id":"https:\/\/intercontrol.be\/frs\/pompes-doseuses\/titan-300-debitmetre-a-mini-turbine\/#breadcrumb"},"inLanguage":"fr-FR","potentialAction":[{"@type":"ReadAction","target":["https:\/\/intercontrol.be\/frs\/pompes-doseuses\/titan-300-debitmetre-a-mini-turbine\/"]}]},{"@type":"ImageObject","inLanguage":"fr-FR","@id":"https:\/\/intercontrol.be\/frs\/pompes-doseuses\/titan-300-debitmetre-a-mini-turbine\/#primaryimage","url":"https:\/\/intercontrol.be\/wp-content\/uploads\/2025\/04\/TITAN-300-mini-turbine-flowmeter-voor-dranken.jpg","contentUrl":"https:\/\/intercontrol.be\/wp-content\/uploads\/2025\/04\/TITAN-300-mini-turbine-flowmeter-voor-dranken.jpg","width":500,"height":500,"caption":"TITAN 300 - mini turbine flowmeter voor dranken"},{"@type":"BreadcrumbList","@id":"https:\/\/intercontrol.be\/frs\/pompes-doseuses\/titan-300-debitmetre-a-mini-turbine\/#breadcrumb","itemListElement":[{"@type":"ListItem","position":1,"name":"Home","item":"https:\/\/intercontrol.be\/frs\/"},{"@type":"ListItem","position":2,"name":"Catalogus","item":"https:\/\/intercontrol.be\/catalogus\/"},{"@type":"ListItem","position":3,"name":"TITAN 300 d\u00e9bitm\u00e8tre \u00e0 mini-turbine"}]},{"@type":"WebSite","@id":"https:\/\/intercontrol.be\/#website","url":"https:\/\/intercontrol.be\/","name":"Intercontrol Belgi\u00eb","description":"Alles onder controle!","potentialAction":[{"@type":"SearchAction","target":{"@type":"EntryPoint","urlTemplate":"https:\/\/intercontrol.be\/?s={search_term_string}"},"query-input":{"@type":"PropertyValueSpecification","valueRequired":true,"valueName":"search_term_string"}}],"inLanguage":"fr-FR"}]}},"_links":{"self":[{"href":"https:\/\/intercontrol.be\/frs\/wp-json\/wp\/v2\/product\/41844","targetHints":{"allow":["GET"]}}],"collection":[{"href":"https:\/\/intercontrol.be\/frs\/wp-json\/wp\/v2\/product"}],"about":[{"href":"https:\/\/intercontrol.be\/frs\/wp-json\/wp\/v2\/types\/product"}],"replies":[{"embeddable":true,"href":"https:\/\/intercontrol.be\/frs\/wp-json\/wp\/v2\/comments?post=41844"}],"wp:featuredmedia":[{"embeddable":true,"href":"https:\/\/intercontrol.be\/frs\/wp-json\/wp\/v2\/media\/41837"}],"wp:attachment":[{"href":"https:\/\/intercontrol.be\/frs\/wp-json\/wp\/v2\/media?parent=41844"}],"wp:term":[{"taxonomy":"product_brand","embeddable":true,"href":"https:\/\/intercontrol.be\/frs\/wp-json\/wp\/v2\/product_brand?post=41844"},{"taxonomy":"product_cat","embeddable":true,"href":"https:\/\/intercontrol.be\/frs\/wp-json\/wp\/v2\/product_cat?post=41844"},{"taxonomy":"product_tag","embeddable":true,"href":"https:\/\/intercontrol.be\/frs\/wp-json\/wp\/v2\/product_tag?post=41844"}],"curies":[{"name":"wp","href":"https:\/\/api.w.org\/{rel}","templated":true}]}}