{"id":41832,"date":"2025-04-28T20:39:11","date_gmt":"2025-04-28T20:39:11","guid":{"rendered":"https:\/\/intercontrol.be\/?post_type=product&#038;p=41832"},"modified":"2025-04-29T05:41:52","modified_gmt":"2025-04-29T05:41:52","slug":"serie-titan-800-debitmetre-a-mini-turbine","status":"publish","type":"product","link":"https:\/\/intercontrol.be\/frs\/debitmetres-pour-liquides\/serie-titan-800-debitmetre-a-mini-turbine\/","title":{"rendered":"<b>S\u00e9rie Titan 800<\/b> <br>d\u00e9bitm\u00e8tre \u00e0 mini-turbine"},"content":{"rendered":"<section class=\"l-section wpb_row height_large color_primary parallax_ver with_shape\"><div class=\"l-section-overlay\" style=\"background:rgba(6,56,119,0.81)\"><\/div><div class=\"l-section-shape type_triangle pos_bottom\" style=\"height:5vh;\"><svg xmlns=\"http:\/\/www.w3.org\/2000\/svg\" viewBox=\"0 0 64 8\" preserveAspectRatio=\"none\" width=\"100%\" height=\"100%\">\r\n\t<path fill=\"currentColor\" d=\"M64 8 L0 8 L0 0 L32 7.9 L64 0 Z\"\/>\r\n<\/svg><\/div><div class=\"l-section-h i-cf\"><div class=\"g-cols vc_row via_flex valign_top type_default stacking_default\"><div class=\"vc_col-sm-2 wpb_column vc_column_container\"><div class=\"vc_column-inner\"><div class=\"wpb_wrapper\"><\/div><\/div><\/div><div class=\"vc_col-sm-8 wpb_column vc_column_container\"><div class=\"vc_column-inner\"><div class=\"wpb_wrapper\"><div class=\"wpb_text_column\"><div class=\"wpb_wrapper\"><h1 style=\"text-align: center;\">S\u00e9rie Titan 800<\/h1>\n<\/div><\/div><div class=\"w-separator size_small\"><\/div><div class=\"wpb_text_column\"><div class=\"wpb_wrapper\"><h3 style=\"text-align: center;\">D\u00e9bitm\u00e8tre \u00e0 mini-turbine<\/h3>\n<\/div><\/div><\/div><\/div><\/div><div class=\"vc_col-sm-2 wpb_column vc_column_container\"><div class=\"vc_column-inner\"><div class=\"wpb_wrapper\"><\/div><\/div><\/div><\/div><\/div><\/section><section class=\"l-section wpb_row us_custom_a4ebe4e2 height_large\"><div class=\"l-section-h i-cf\"><div class=\"g-cols vc_row via_flex valign_top type_default stacking_default\" style=\"--additional-gap:10px;\"><div class=\"vc_col-sm-12 wpb_column vc_column_container\"><div class=\"vc_column-inner\"><div class=\"wpb_wrapper\"><div class=\"w-separator size_medium\"><\/div><div class=\"g-cols wpb_row via_flex valign_middle type_default stacking_default\"><div class=\"vc_col-sm-8 wpb_column vc_column_container\"><div class=\"vc_column-inner\"><div class=\"wpb_wrapper\"><div class=\"w-image align_center\"><div class=\"w-image-h\"><img decoding=\"async\" width=\"500\" height=\"500\" data-src=\"https:\/\/intercontrol.be\/wp-content\/uploads\/2025\/04\/TITAN-mini-turbine-flowmeter.jpg\" class=\"attachment-large size-large lazyload\" alt=\"TITAN mini turbine flowmeter\" data-srcset=\"https:\/\/intercontrol.be\/wp-content\/uploads\/2025\/04\/TITAN-mini-turbine-flowmeter.jpg 500w, https:\/\/intercontrol.be\/wp-content\/uploads\/2025\/04\/TITAN-mini-turbine-flowmeter-300x300.jpg 300w, https:\/\/intercontrol.be\/wp-content\/uploads\/2025\/04\/TITAN-mini-turbine-flowmeter-120x120.jpg 120w, https:\/\/intercontrol.be\/wp-content\/uploads\/2025\/04\/TITAN-mini-turbine-flowmeter-150x150.jpg 150w\" data-sizes=\"(max-width: 500px) 100vw, 500px\" src=\"data:image\/svg+xml;base64,PHN2ZyB3aWR0aD0iMSIgaGVpZ2h0PSIxIiB4bWxucz0iaHR0cDovL3d3dy53My5vcmcvMjAwMC9zdmciPjwvc3ZnPg==\" style=\"--smush-placeholder-width: 500px; --smush-placeholder-aspect-ratio: 500\/500;\" \/><\/div><\/div><\/div><\/div><\/div><div class=\"vc_col-sm-4 wpb_column vc_column_container\"><div class=\"vc_column-inner\"><div class=\"wpb_wrapper\"><div class=\"w-image align_center\"><a title=\"Titan\" href=\"https:\/\/intercontrol.be\/titan-flowmeters\/\" aria-label=\"Link\" class=\"w-image-h\"><img decoding=\"async\" width=\"400\" height=\"200\" data-src=\"https:\/\/intercontrol.be\/wp-content\/uploads\/2023\/01\/Titan-logo-batch.png\" class=\"attachment-large size-large lazyload\" alt=\"Titan logo\" data-srcset=\"https:\/\/intercontrol.be\/wp-content\/uploads\/2023\/01\/Titan-logo-batch.png 400w, https:\/\/intercontrol.be\/wp-content\/uploads\/2023\/01\/Titan-logo-batch-300x150.png 300w\" data-sizes=\"(max-width: 400px) 100vw, 400px\" src=\"data:image\/svg+xml;base64,PHN2ZyB3aWR0aD0iMSIgaGVpZ2h0PSIxIiB4bWxucz0iaHR0cDovL3d3dy53My5vcmcvMjAwMC9zdmciPjwvc3ZnPg==\" style=\"--smush-placeholder-width: 400px; --smush-placeholder-aspect-ratio: 400\/200;\" \/><\/a><\/div><div class=\"wpb_text_column\"><div class=\"wpb_wrapper\"><p>Le d\u00e9bitm\u00e8tre de la s\u00e9rie 800 offre six plages de d\u00e9bit de 0,05 \u00e0 15 L\/min. Gr\u00e2ce \u00e0 ses composants enti\u00e8rement non m\u00e9talliques en contact avec le fluide, ce d\u00e9bitm\u00e8tre est id\u00e9al pour mesurer des produits chimiques agressifs et de l&#8217;eau ultra-pure.<\/p>\n<\/div><\/div><\/div><\/div><\/div><\/div><div class=\"w-separator size_huge with_line width_default thick_1 style_solid color_primary align_center with_text with_content\"><div class=\"w-separator-h\"><h3 class=\"w-separator-text\"><span>Caract\u00e9ristiques<\/span><\/h3><\/div><\/div><div class=\"w-html\"><!DOCTYPE html>\n<html lang=\"fr\">\n<head>\n    <meta charset=\"UTF-8\">\n    <meta name=\"viewport\" content=\"width=device-width, initial-scale=1.0\">\n    <title>Sp\u00e9cifications des D\u00e9bitm\u00e8tres<\/title>\n    <style>\n        .table-wrapper {\n            overflow-x: auto;\n            width: 100%;\n            -webkit-overflow-scrolling: touch;\n        }\n        .data-table {\n            width: 100%;\n            min-width: 600px;\n            border-collapse: collapse;\n        }\n        .data-table th, .data-table td {\n            border: 1px solid #ddd;\n            padding: 8px;\n            text-align: left;\n            white-space: nowrap;\n        }\n        .data-table th {\n            background-color: #f2f2f2;\n            font-weight: bold;\n        }\n        .data-table tr:nth-child(even) {\n            background-color: #f9f9f9;\n        }\n        th.darker-bg {\n            background-color: #d3d3d3;\n            text-align: left;\n        }\n    <\/style>\n<\/head>\n<body>\n    <div class=\"table-wrapper\">\n        <table class=\"data-table\">\n            <tbody>\n                <tr>\n                    <th colspan=\"5\" class=\"darker-bg\">Caract\u00e9ristiques techniques des d\u00e9bitm\u00e8tres<\/th>\n                <\/tr>\n                <tr>\n                    <th>Mod\u00e8le<\/th>\n                    <th>Plage de d\u00e9bit (L\/min)<\/th>\n                    <th>Lin\u00e9arit\u00e9 (% FSD)<\/th>\n                    <th>Fr\u00e9quence typique (Hz)<\/th>\n                    <th>Facteur \u2018K\u2019 approximatif<\/th>\n                <\/tr>\n                <tr>\n                    <td>803<\/td>\n                    <td>0,05 - 0,5<\/td>\n                    <td>2,0<\/td>\n                    <td>142<\/td>\n                    <td>17000<\/td>\n                <\/tr>\n                <tr>\n                    <td>815<\/td>\n                    <td>0,12 - 1,5<\/td>\n                    <td>2,0<\/td>\n                    <td>175<\/td>\n                    <td>7000<\/td>\n                <\/tr>\n                <tr>\n                    <td>845<\/td>\n                    <td>0,20 - 4,5<\/td>\n                    <td>1,5<\/td>\n                    <td>260<\/td>\n                    <td>3500<\/td>\n                <\/tr>\n                <tr>\n                    <td>865<\/td>\n                    <td>0,25 - 6,5<\/td>\n                    <td>1,5<\/td>\n                    <td>230<\/td>\n                    <td>2100<\/td>\n                <\/tr>\n                <tr>\n                    <td>810<\/td>\n                    <td>0,30 - 10,0<\/td>\n                    <td>1,0<\/td>\n                    <td>235<\/td>\n                    <td>1420<\/td>\n                <\/tr>\n                <tr>\n                    <td>824<\/td>\n                    <td>0,50 - 15,0<\/td>\n                    <td>1,0<\/td>\n                    <td>245<\/td>\n                    <td>980<\/td>\n                <\/tr>\n                <tr>\n                    <th colspan=\"5\" class=\"darker-bg\">Poids<\/th>\n                <\/tr>\n                <tr>\n                    <th>Poids<\/th>\n                    <td colspan=\"4\">0,050 kg<\/td>\n                <\/tr>\n            <\/tbody>\n        <\/table>\n    <\/div>\n<\/body>\n<\/html><\/div><div class=\"w-separator size_huge with_line width_default thick_1 style_solid color_primary align_center with_text with_content\"><div class=\"w-separator-h\"><h3 class=\"w-separator-text\"><span>Pr\u00e9sentation du produit<\/span><\/h3><\/div><\/div><div class=\"g-cols wpb_row via_flex valign_top type_default stacking_default\"><div class=\"vc_col-sm-6 wpb_column vc_column_container\"><div class=\"vc_column-inner\"><div class=\"wpb_wrapper\"><div class=\"wpb_text_column\"><div class=\"wpb_wrapper\"><h3 class=\"\" data-start=\"1852\" data-end=\"1883\">Technologie du d\u00e9bitm\u00e8tre<\/h3>\n<p class=\"\" data-start=\"1885\" data-end=\"2419\">Au c\u0153ur du d\u00e9bitm\u00e8tre, une turbine de pr\u00e9cision tourne librement sur des paliers en saphir robustes.<br data-start=\"1975\" data-end=\"1978\" \/>La turbine int\u00e8gre des aimants surmoul\u00e9s d\u00e9tect\u00e9s \u00e0 travers la paroi de la chambre de mesure par un capteur \u00e0 effet Hall.<br data-start=\"2107\" data-end=\"2110\" \/>La sortie est un flux de pulses NPN\/PNP, facilement connectable \u00e0 des afficheurs \u00e9lectroniques ou des appareils d&#8217;enregistrement, comme le Titan Pulsite\u00ae Solo.<br data-start=\"2276\" data-end=\"2279\" \/>Gr\u00e2ce \u00e0 la combinaison de mat\u00e9riaux robustes et de technologies modernes, la s\u00e9rie 800 offre une longue dur\u00e9e de vie et un fonctionnement fiable.<\/p>\n<p class=\"\" data-start=\"2421\" data-end=\"2467\">Deux versions de temp\u00e9rature sont disponibles :<\/p>\n<ul data-start=\"2468\" data-end=\"2572\">\n<li class=\"\" data-start=\"2468\" data-end=\"2488\">\n<p class=\"\" data-start=\"2470\" data-end=\"2488\">Version 125\u00b0C<\/p>\n<\/li>\n<li class=\"\" data-start=\"2489\" data-end=\"2572\">\n<p class=\"\" data-start=\"2491\" data-end=\"2572\">Version 60\u00b0C (\u00e9quip\u00e9e de deux LEDs pour v\u00e9rifier l&#8217;alimentation et la sortie des pulses)<\/p>\n<\/li>\n<\/ul>\n<\/div><\/div><div class=\"wpb_text_column\"><div class=\"wpb_wrapper\"><h3 class=\"\" data-start=\"98\" data-end=\"138\">Mat\u00e9riaux standard<\/h3>\n<ul data-start=\"140\" data-end=\"264\">\n<li class=\"\" data-start=\"140\" data-end=\"174\">\n<p class=\"\" data-start=\"142\" data-end=\"174\">Bo\u00eetier et couvercle \u2013 PVDF<\/p>\n<\/li>\n<li class=\"\" data-start=\"175\" data-end=\"208\">\n<p class=\"\" data-start=\"177\" data-end=\"208\">Joint torique \u2013 Viton\u2122<\/p>\n<\/li>\n<li class=\"\" data-start=\"209\" data-end=\"239\">\n<p class=\"\" data-start=\"211\" data-end=\"239\">Aimants \u2013 Surmoul\u00e9s<\/p>\n<\/li>\n<li class=\"\" data-start=\"240\" data-end=\"264\">\n<p class=\"\" data-start=\"242\" data-end=\"264\">Paliers \u2013 Saphir<\/p>\n<\/li>\n<\/ul>\n<\/div><\/div><\/div><\/div><\/div><div class=\"vc_col-sm-6 wpb_column vc_column_container has_bg_color\"><div class=\"vc_column-inner us_custom_c2693ae2\"><div class=\"wpb_wrapper\"><div class=\"wpb_text_column\"><div class=\"wpb_wrapper\"><h3 class=\"\" data-start=\"1128\" data-end=\"1160\">Caract\u00e9ristiques principales :<\/h3>\n<ul data-start=\"1162\" data-end=\"1845\">\n<li class=\"\" data-start=\"1162\" data-end=\"1224\">\n<p class=\"\" data-start=\"1164\" data-end=\"1224\">Certifi\u00e9 NSF pour une utilisation dans la production alimentaire et de boissons<\/p>\n<\/li>\n<li class=\"\" data-start=\"1225\" data-end=\"1252\">\n<p class=\"\" data-start=\"1227\" data-end=\"1252\">Technologie de d\u00e9bit \u00e0 turbine<\/p>\n<\/li>\n<li class=\"\" data-start=\"1253\" data-end=\"1268\">\n<p class=\"\" data-start=\"1255\" data-end=\"1268\">Co\u00fbt r\u00e9duit<\/p>\n<\/li>\n<li class=\"\" data-start=\"1269\" data-end=\"1318\">\n<p class=\"\" data-start=\"1271\" data-end=\"1318\">Bo\u00eetier en PVDF (bo\u00eetier en PP sur demande)<\/p>\n<\/li>\n<li class=\"\" data-start=\"1319\" data-end=\"1370\">\n<p class=\"\" data-start=\"1321\" data-end=\"1370\">Pr\u00e9cision de 1-2% FSD (Full Scale Deflection)<\/p>\n<\/li>\n<li class=\"\" data-start=\"1371\" data-end=\"1412\">\n<p class=\"\" data-start=\"1373\" data-end=\"1412\">Paliers en saphir pour une durabilit\u00e9 accrue<\/p>\n<\/li>\n<li class=\"\" data-start=\"1413\" data-end=\"1435\">\n<p class=\"\" data-start=\"1415\" data-end=\"1435\">Capteur \u00e0 effet Hall<\/p>\n<\/li>\n<li class=\"\" data-start=\"1436\" data-end=\"1468\">\n<p class=\"\" data-start=\"1438\" data-end=\"1468\">6 plages de d\u00e9bit disponibles<\/p>\n<\/li>\n<li class=\"\" data-start=\"1469\" data-end=\"1516\">\n<p class=\"\" data-start=\"1471\" data-end=\"1516\">Sortie de pulses (NPN standard ; option PNP)<\/p>\n<\/li>\n<li class=\"\" data-start=\"1517\" data-end=\"1549\">\n<p class=\"\" data-start=\"1519\" data-end=\"1549\">R\u00e9sistance \u00e0 la pression jusqu&#8217;\u00e0 10 bar<\/p>\n<\/li>\n<li class=\"\" data-start=\"1550\" data-end=\"1581\">\n<p class=\"\" data-start=\"1552\" data-end=\"1581\">Joint standard Viton\u2122<\/p>\n<\/li>\n<li class=\"\" data-start=\"1582\" data-end=\"1659\">\n<p class=\"\" data-start=\"1584\" data-end=\"1659\">Connexions : raccords pour tuyaux de 8 mm et 12 mm, raccord John Guest \u215c&#8221;<\/p>\n<\/li>\n<li class=\"\" data-start=\"1660\" data-end=\"1684\">\n<p class=\"\" data-start=\"1662\" data-end=\"1684\">R\u00e9p\u00e9tabilit\u00e9 de 0,1%<\/p>\n<\/li>\n<li class=\"\" data-start=\"1685\" data-end=\"1721\">\n<p class=\"\" data-start=\"1687\" data-end=\"1721\">Tension d&#8217;alimentation : 4,5 \u00e0 24 VDC<\/p>\n<\/li>\n<li class=\"\" data-start=\"1722\" data-end=\"1760\">\n<p class=\"\" data-start=\"1724\" data-end=\"1760\">Plage de temp\u00e9rature : -25\u00b0C \u00e0 125\u00b0C<\/p>\n<\/li>\n<li class=\"\" data-start=\"1761\" data-end=\"1788\">\n<p class=\"\" data-start=\"1763\" data-end=\"1788\">Indice de protection : IP65<\/p>\n<\/li>\n<li class=\"\" data-start=\"1789\" data-end=\"1823\">\n<p class=\"\" data-start=\"1791\" data-end=\"1823\">Longueur de c\u00e2ble standard : 2 m\u00e8tres<\/p>\n<\/li>\n<li class=\"\" data-start=\"1824\" data-end=\"1845\">\n<p class=\"\" data-start=\"1826\" data-end=\"1845\">Poids : 0,050 kg<\/p>\n<\/li>\n<\/ul>\n<\/div><\/div><\/div><\/div><\/div><\/div><div class=\"w-separator size_huge with_line width_default thick_1 style_solid color_primary align_center with_text with_content\"><div class=\"w-separator-h\"><h3 class=\"w-separator-text\"><span>Application(s)<\/span><\/h3><\/div><\/div><div class=\"g-cols wpb_row via_flex valign_top type_default stacking_default\"><div class=\"vc_col-sm-6 wpb_column vc_column_container\"><div class=\"vc_column-inner\"><div class=\"wpb_wrapper\"><div class=\"wpb_text_column\"><div class=\"wpb_wrapper\"><ul>\n<li>Distribution de boissons<\/li>\n<li>Tests en laboratoire\/recherche<\/li>\n<li>\u00c9quipements de refroidissement<\/li>\n<li>Alarmes de d\u00e9bit actives<\/li>\n<li>Usines de semi-conducteurs<\/li>\n<\/ul>\n<\/div><\/div><\/div><\/div><\/div><div class=\"vc_col-sm-6 wpb_column vc_column_container\"><div class=\"vc_column-inner\"><div class=\"wpb_wrapper\"><div class=\"wpb_text_column\"><div class=\"wpb_wrapper\"><ul>\n<li>Installations d&#8217;essai<\/li>\n<li>Piles \u00e0 combustible<\/li>\n<li>Industrie pharmaceutique<\/li>\n<li>Applications OEM chimiques et p\u00e9trochimiques<\/li>\n<\/ul>\n<\/div><\/div><\/div><\/div><\/div><\/div><div class=\"w-separator size_huge with_line width_default thick_1 style_solid color_primary align_center with_text with_content\"><div class=\"w-separator-h\"><h3 class=\"w-separator-text\"><span>T\u00e9l\u00e9chargement(s)<\/span><\/h3><\/div><\/div><div class=\"wpb_text_column\"><div class=\"wpb_wrapper\"><ul>\n<li><a href=\"https:\/\/intercontrol.be\/wp-content\/uploads\/2025\/04\/TITAN-800-serie-mini-turbine-flowmeter-datasheet-ENG.pdf\">S\u00e9rie TITAN 800 &#8211; d\u00e9bitm\u00e8tre \u00e0 mini-turbine &#8211; fiche technique (ENG)<\/a><\/li>\n<\/ul>\n<\/div><\/div><div class=\"w-separator size_small with_line width_default thick_1 style_solid color_primary align_center\"><div class=\"w-separator-h\"><\/div><\/div><\/div><\/div><\/div><\/div><\/div><\/section>\n","protected":false},"excerpt":{"rendered":"S\u00e9rie Titan 800 D\u00e9bitm\u00e8tre \u00e0 mini-turbine Le d\u00e9bitm\u00e8tre de la s\u00e9rie 800 offre six plages de d\u00e9bit de 0,05 \u00e0 15 L\/min. Gr\u00e2ce \u00e0 ses composants enti\u00e8rement non m\u00e9talliques en contact avec le fluide, ce d\u00e9bitm\u00e8tre est id\u00e9al pour mesurer des produits chimiques agressifs et de l&#8217;eau ultra-pure. Caract\u00e9ristiques Sp\u00e9cifications des D\u00e9bitm\u00e8tres Caract\u00e9ristiques techniques des...","protected":false},"featured_media":41829,"comment_status":"closed","ping_status":"closed","template":"","meta":{"_acf_changed":false,"_monsterinsights_skip_tracking":false,"_monsterinsights_sitenote_active":false,"_monsterinsights_sitenote_note":"","_monsterinsights_sitenote_category":0},"product_brand":[],"product_cat":[1201,1202],"product_tag":[],"class_list":{"0":"post-41832","1":"product","2":"type-product","3":"status-publish","4":"has-post-thumbnail","6":"product_cat-debitmetres","7":"product_cat-debitmetres-pour-liquides","9":"first","10":"instock","11":"shipping-taxable","12":"product-type-simple"},"acf":[],"yoast_head":"<!-- This site is optimized with the Yoast SEO plugin v27.6 - https:\/\/yoast.com\/product\/yoast-seo-wordpress\/ -->\n<title>S\u00e9rie Titan 800 d\u00e9bitm\u00e8tre \u00e0 mini-turbine - Intercontrol Belgi\u00eb<\/title>\n<meta name=\"robots\" content=\"index, follow, max-snippet:-1, max-image-preview:large, max-video-preview:-1\" \/>\n<link rel=\"canonical\" href=\"https:\/\/intercontrol.be\/frs\/debitmetres-pour-liquides\/serie-titan-800-debitmetre-a-mini-turbine\/\" \/>\n<meta property=\"og:locale\" content=\"fr_FR\" \/>\n<meta property=\"og:type\" content=\"article\" \/>\n<meta property=\"og:title\" content=\"S\u00e9rie Titan 800 d\u00e9bitm\u00e8tre \u00e0 mini-turbine - Intercontrol Belgi\u00eb\" \/>\n<meta property=\"og:url\" content=\"https:\/\/intercontrol.be\/frs\/debitmetres-pour-liquides\/serie-titan-800-debitmetre-a-mini-turbine\/\" \/>\n<meta property=\"og:site_name\" content=\"Intercontrol Belgi\u00eb\" \/>\n<meta property=\"article:modified_time\" content=\"2025-04-29T05:41:52+00:00\" \/>\n<meta property=\"og:image\" content=\"https:\/\/intercontrol.be\/wp-content\/uploads\/2025\/04\/TITAN-mini-turbine-flowmeter.jpg\" \/>\n\t<meta property=\"og:image:width\" content=\"500\" \/>\n\t<meta property=\"og:image:height\" content=\"500\" \/>\n\t<meta property=\"og:image:type\" content=\"image\/jpeg\" \/>\n<meta name=\"twitter:card\" content=\"summary_large_image\" \/>\n<meta name=\"twitter:label1\" content=\"Dur\u00e9e de lecture estim\u00e9e\" \/>\n\t<meta name=\"twitter:data1\" content=\"3 minutes\" \/>\n<script type=\"application\/ld+json\" class=\"yoast-schema-graph\">{\"@context\":\"https:\\\/\\\/schema.org\",\"@graph\":[{\"@type\":\"WebPage\",\"@id\":\"https:\\\/\\\/intercontrol.be\\\/frs\\\/debitmetres-pour-liquides\\\/serie-titan-800-debitmetre-a-mini-turbine\\\/\",\"url\":\"https:\\\/\\\/intercontrol.be\\\/frs\\\/debitmetres-pour-liquides\\\/serie-titan-800-debitmetre-a-mini-turbine\\\/\",\"name\":\"S\u00e9rie Titan 800 d\u00e9bitm\u00e8tre \u00e0 mini-turbine - Intercontrol Belgi\u00eb\",\"isPartOf\":{\"@id\":\"https:\\\/\\\/intercontrol.be\\\/#website\"},\"primaryImageOfPage\":{\"@id\":\"https:\\\/\\\/intercontrol.be\\\/frs\\\/debitmetres-pour-liquides\\\/serie-titan-800-debitmetre-a-mini-turbine\\\/#primaryimage\"},\"image\":{\"@id\":\"https:\\\/\\\/intercontrol.be\\\/frs\\\/debitmetres-pour-liquides\\\/serie-titan-800-debitmetre-a-mini-turbine\\\/#primaryimage\"},\"thumbnailUrl\":\"https:\\\/\\\/intercontrol.be\\\/wp-content\\\/uploads\\\/2025\\\/04\\\/TITAN-mini-turbine-flowmeter.jpg\",\"datePublished\":\"2025-04-28T20:39:11+00:00\",\"dateModified\":\"2025-04-29T05:41:52+00:00\",\"breadcrumb\":{\"@id\":\"https:\\\/\\\/intercontrol.be\\\/frs\\\/debitmetres-pour-liquides\\\/serie-titan-800-debitmetre-a-mini-turbine\\\/#breadcrumb\"},\"inLanguage\":\"fr-FR\",\"potentialAction\":[{\"@type\":\"ReadAction\",\"target\":[\"https:\\\/\\\/intercontrol.be\\\/frs\\\/debitmetres-pour-liquides\\\/serie-titan-800-debitmetre-a-mini-turbine\\\/\"]}]},{\"@type\":\"ImageObject\",\"inLanguage\":\"fr-FR\",\"@id\":\"https:\\\/\\\/intercontrol.be\\\/frs\\\/debitmetres-pour-liquides\\\/serie-titan-800-debitmetre-a-mini-turbine\\\/#primaryimage\",\"url\":\"https:\\\/\\\/intercontrol.be\\\/wp-content\\\/uploads\\\/2025\\\/04\\\/TITAN-mini-turbine-flowmeter.jpg\",\"contentUrl\":\"https:\\\/\\\/intercontrol.be\\\/wp-content\\\/uploads\\\/2025\\\/04\\\/TITAN-mini-turbine-flowmeter.jpg\",\"width\":500,\"height\":500,\"caption\":\"TITAN mini turbine flowmeter\"},{\"@type\":\"BreadcrumbList\",\"@id\":\"https:\\\/\\\/intercontrol.be\\\/frs\\\/debitmetres-pour-liquides\\\/serie-titan-800-debitmetre-a-mini-turbine\\\/#breadcrumb\",\"itemListElement\":[{\"@type\":\"ListItem\",\"position\":1,\"name\":\"Home\",\"item\":\"https:\\\/\\\/intercontrol.be\\\/frs\\\/\"},{\"@type\":\"ListItem\",\"position\":2,\"name\":\"Catalogus\",\"item\":\"https:\\\/\\\/intercontrol.be\\\/catalogus\\\/\"},{\"@type\":\"ListItem\",\"position\":3,\"name\":\"S\u00e9rie Titan 800 d\u00e9bitm\u00e8tre \u00e0 mini-turbine\"}]},{\"@type\":\"WebSite\",\"@id\":\"https:\\\/\\\/intercontrol.be\\\/#website\",\"url\":\"https:\\\/\\\/intercontrol.be\\\/\",\"name\":\"Intercontrol Belgi\u00eb\",\"description\":\"Alles onder controle!\",\"potentialAction\":[{\"@type\":\"SearchAction\",\"target\":{\"@type\":\"EntryPoint\",\"urlTemplate\":\"https:\\\/\\\/intercontrol.be\\\/?s={search_term_string}\"},\"query-input\":{\"@type\":\"PropertyValueSpecification\",\"valueRequired\":true,\"valueName\":\"search_term_string\"}}],\"inLanguage\":\"fr-FR\"}]}<\/script>\n<!-- \/ Yoast SEO plugin. -->","yoast_head_json":{"title":"S\u00e9rie Titan 800 d\u00e9bitm\u00e8tre \u00e0 mini-turbine - Intercontrol Belgi\u00eb","robots":{"index":"index","follow":"follow","max-snippet":"max-snippet:-1","max-image-preview":"max-image-preview:large","max-video-preview":"max-video-preview:-1"},"canonical":"https:\/\/intercontrol.be\/frs\/debitmetres-pour-liquides\/serie-titan-800-debitmetre-a-mini-turbine\/","og_locale":"fr_FR","og_type":"article","og_title":"S\u00e9rie Titan 800 d\u00e9bitm\u00e8tre \u00e0 mini-turbine - Intercontrol Belgi\u00eb","og_url":"https:\/\/intercontrol.be\/frs\/debitmetres-pour-liquides\/serie-titan-800-debitmetre-a-mini-turbine\/","og_site_name":"Intercontrol Belgi\u00eb","article_modified_time":"2025-04-29T05:41:52+00:00","og_image":[{"width":500,"height":500,"url":"https:\/\/intercontrol.be\/wp-content\/uploads\/2025\/04\/TITAN-mini-turbine-flowmeter.jpg","type":"image\/jpeg"}],"twitter_card":"summary_large_image","twitter_misc":{"Dur\u00e9e de lecture estim\u00e9e":"3 minutes"},"schema":{"@context":"https:\/\/schema.org","@graph":[{"@type":"WebPage","@id":"https:\/\/intercontrol.be\/frs\/debitmetres-pour-liquides\/serie-titan-800-debitmetre-a-mini-turbine\/","url":"https:\/\/intercontrol.be\/frs\/debitmetres-pour-liquides\/serie-titan-800-debitmetre-a-mini-turbine\/","name":"S\u00e9rie Titan 800 d\u00e9bitm\u00e8tre \u00e0 mini-turbine - Intercontrol Belgi\u00eb","isPartOf":{"@id":"https:\/\/intercontrol.be\/#website"},"primaryImageOfPage":{"@id":"https:\/\/intercontrol.be\/frs\/debitmetres-pour-liquides\/serie-titan-800-debitmetre-a-mini-turbine\/#primaryimage"},"image":{"@id":"https:\/\/intercontrol.be\/frs\/debitmetres-pour-liquides\/serie-titan-800-debitmetre-a-mini-turbine\/#primaryimage"},"thumbnailUrl":"https:\/\/intercontrol.be\/wp-content\/uploads\/2025\/04\/TITAN-mini-turbine-flowmeter.jpg","datePublished":"2025-04-28T20:39:11+00:00","dateModified":"2025-04-29T05:41:52+00:00","breadcrumb":{"@id":"https:\/\/intercontrol.be\/frs\/debitmetres-pour-liquides\/serie-titan-800-debitmetre-a-mini-turbine\/#breadcrumb"},"inLanguage":"fr-FR","potentialAction":[{"@type":"ReadAction","target":["https:\/\/intercontrol.be\/frs\/debitmetres-pour-liquides\/serie-titan-800-debitmetre-a-mini-turbine\/"]}]},{"@type":"ImageObject","inLanguage":"fr-FR","@id":"https:\/\/intercontrol.be\/frs\/debitmetres-pour-liquides\/serie-titan-800-debitmetre-a-mini-turbine\/#primaryimage","url":"https:\/\/intercontrol.be\/wp-content\/uploads\/2025\/04\/TITAN-mini-turbine-flowmeter.jpg","contentUrl":"https:\/\/intercontrol.be\/wp-content\/uploads\/2025\/04\/TITAN-mini-turbine-flowmeter.jpg","width":500,"height":500,"caption":"TITAN mini turbine flowmeter"},{"@type":"BreadcrumbList","@id":"https:\/\/intercontrol.be\/frs\/debitmetres-pour-liquides\/serie-titan-800-debitmetre-a-mini-turbine\/#breadcrumb","itemListElement":[{"@type":"ListItem","position":1,"name":"Home","item":"https:\/\/intercontrol.be\/frs\/"},{"@type":"ListItem","position":2,"name":"Catalogus","item":"https:\/\/intercontrol.be\/catalogus\/"},{"@type":"ListItem","position":3,"name":"S\u00e9rie Titan 800 d\u00e9bitm\u00e8tre \u00e0 mini-turbine"}]},{"@type":"WebSite","@id":"https:\/\/intercontrol.be\/#website","url":"https:\/\/intercontrol.be\/","name":"Intercontrol Belgi\u00eb","description":"Alles onder controle!","potentialAction":[{"@type":"SearchAction","target":{"@type":"EntryPoint","urlTemplate":"https:\/\/intercontrol.be\/?s={search_term_string}"},"query-input":{"@type":"PropertyValueSpecification","valueRequired":true,"valueName":"search_term_string"}}],"inLanguage":"fr-FR"}]}},"_links":{"self":[{"href":"https:\/\/intercontrol.be\/frs\/wp-json\/wp\/v2\/product\/41832","targetHints":{"allow":["GET"]}}],"collection":[{"href":"https:\/\/intercontrol.be\/frs\/wp-json\/wp\/v2\/product"}],"about":[{"href":"https:\/\/intercontrol.be\/frs\/wp-json\/wp\/v2\/types\/product"}],"replies":[{"embeddable":true,"href":"https:\/\/intercontrol.be\/frs\/wp-json\/wp\/v2\/comments?post=41832"}],"wp:featuredmedia":[{"embeddable":true,"href":"https:\/\/intercontrol.be\/frs\/wp-json\/wp\/v2\/media\/41829"}],"wp:attachment":[{"href":"https:\/\/intercontrol.be\/frs\/wp-json\/wp\/v2\/media?parent=41832"}],"wp:term":[{"taxonomy":"product_brand","embeddable":true,"href":"https:\/\/intercontrol.be\/frs\/wp-json\/wp\/v2\/product_brand?post=41832"},{"taxonomy":"product_cat","embeddable":true,"href":"https:\/\/intercontrol.be\/frs\/wp-json\/wp\/v2\/product_cat?post=41832"},{"taxonomy":"product_tag","embeddable":true,"href":"https:\/\/intercontrol.be\/frs\/wp-json\/wp\/v2\/product_tag?post=41832"}],"curies":[{"name":"wp","href":"https:\/\/api.w.org\/{rel}","templated":true}]}}