{"id":41691,"date":"2024-12-06T12:30:53","date_gmt":"2024-12-06T12:30:53","guid":{"rendered":"https:\/\/intercontrol.be\/non%20class\u00e9\/bd-sensors-17-620-gtransmetteur-de-pression-pour-lhydraulique-mobile-feo\/"},"modified":"2024-12-06T12:31:10","modified_gmt":"2024-12-06T12:31:10","slug":"bd-sensors-17-620-gtransmetteur-de-pression-pour-lhydraulique-mobile-feo","status":"publish","type":"product","link":"https:\/\/intercontrol.be\/frs\/manometres\/bd-sensors-17-620-gtransmetteur-de-pression-pour-lhydraulique-mobile-feo\/","title":{"rendered":"<b>BD Sensors 17.620 G<\/b><br>transmetteur de pression pour l&#8217;hydraulique mobile (FEO)"},"content":{"rendered":"<section class=\"l-section wpb_row height_large color_primary parallax_ver with_shape\"><div class=\"l-section-overlay\" style=\"background:rgba(6,56,119,0.81)\"><\/div><div class=\"l-section-shape type_triangle pos_bottom\" style=\"height:5vh;\"><svg xmlns=\"http:\/\/www.w3.org\/2000\/svg\" viewBox=\"0 0 64 8\" preserveAspectRatio=\"none\" width=\"100%\" height=\"100%\">\r\n\t<path fill=\"currentColor\" d=\"M64 8 L0 8 L0 0 L32 7.9 L64 0 Z\"\/>\r\n<\/svg><\/div><div class=\"l-section-h i-cf\"><div class=\"g-cols vc_row via_flex valign_top type_default stacking_default\"><div class=\"vc_col-sm-2 wpb_column vc_column_container\"><div class=\"vc_column-inner\"><div class=\"wpb_wrapper\"><\/div><\/div><\/div><div class=\"vc_col-sm-8 wpb_column vc_column_container\"><div class=\"vc_column-inner\"><div class=\"wpb_wrapper\"><div class=\"wpb_text_column\"><div class=\"wpb_wrapper\"><h1 style=\"text-align: center;\">BD Sensors 17.620 G (FEO)<\/h1>\n<\/div><\/div><div class=\"w-image align_center\"><div class=\"w-image-h\"><img decoding=\"async\" width=\"50\" height=\"10\" data-src=\"https:\/\/intercontrol.be\/wp-content\/uploads\/2021\/04\/intercontrol-dividerwit.png\" class=\"attachment-large size-large lazyload\" alt=\"\" src=\"data:image\/svg+xml;base64,PHN2ZyB3aWR0aD0iMSIgaGVpZ2h0PSIxIiB4bWxucz0iaHR0cDovL3d3dy53My5vcmcvMjAwMC9zdmciPjwvc3ZnPg==\" style=\"--smush-placeholder-width: 50px; --smush-placeholder-aspect-ratio: 50\/10;\" \/><\/div><\/div><div class=\"w-separator size_small\"><\/div><div class=\"wpb_text_column\"><div class=\"wpb_wrapper\"><h3 style=\"text-align: center;\">Transmetteur de pression pour applications hydrauliques mobiles et de m\u00e9canique g\u00e9n\u00e9rale<\/h3>\n<\/div><\/div><\/div><\/div><\/div><div class=\"vc_col-sm-2 wpb_column vc_column_container\"><div class=\"vc_column-inner\"><div class=\"wpb_wrapper\"><\/div><\/div><\/div><\/div><\/div><\/section><section class=\"l-section wpb_row us_custom_a4ebe4e2 height_large\"><div class=\"l-section-h i-cf\"><div class=\"g-cols vc_row via_flex valign_top type_default stacking_default\" style=\"--additional-gap:10px;\"><div class=\"vc_col-sm-12 wpb_column vc_column_container\"><div class=\"vc_column-inner\"><div class=\"wpb_wrapper\"><div class=\"g-cols wpb_row via_flex valign_middle type_default stacking_default\"><div class=\"vc_col-sm-8 wpb_column vc_column_container\"><div class=\"vc_column-inner\"><div class=\"wpb_wrapper\"><div class=\"w-image align_center\"><div class=\"w-image-h\"><img decoding=\"async\" width=\"635\" height=\"635\" data-src=\"https:\/\/intercontrol.be\/wp-content\/uploads\/2024\/12\/BD-Sensors-17.620-G-druktransmitter.jpg\" class=\"attachment-large size-large lazyload\" alt=\"BD Sensors 17.620 G druktransmitter\" data-srcset=\"https:\/\/intercontrol.be\/wp-content\/uploads\/2024\/12\/BD-Sensors-17.620-G-druktransmitter.jpg 635w, https:\/\/intercontrol.be\/wp-content\/uploads\/2024\/12\/BD-Sensors-17.620-G-druktransmitter-300x300.jpg 300w, https:\/\/intercontrol.be\/wp-content\/uploads\/2024\/12\/BD-Sensors-17.620-G-druktransmitter-120x120.jpg 120w, https:\/\/intercontrol.be\/wp-content\/uploads\/2024\/12\/BD-Sensors-17.620-G-druktransmitter-500x500.jpg 500w, https:\/\/intercontrol.be\/wp-content\/uploads\/2024\/12\/BD-Sensors-17.620-G-druktransmitter-600x600.jpg 600w, https:\/\/intercontrol.be\/wp-content\/uploads\/2024\/12\/BD-Sensors-17.620-G-druktransmitter-150x150.jpg 150w\" data-sizes=\"(max-width: 635px) 100vw, 635px\" src=\"data:image\/svg+xml;base64,PHN2ZyB3aWR0aD0iMSIgaGVpZ2h0PSIxIiB4bWxucz0iaHR0cDovL3d3dy53My5vcmcvMjAwMC9zdmciPjwvc3ZnPg==\" style=\"--smush-placeholder-width: 635px; --smush-placeholder-aspect-ratio: 635\/635;\" \/><\/div><\/div><div class=\"w-image align_center\"><div class=\"w-image-h\"><img decoding=\"async\" width=\"344\" height=\"70\" data-src=\"https:\/\/intercontrol.be\/wp-content\/uploads\/2024\/12\/BD-Sensors-certificaten-3.jpg\" class=\"attachment-large size-large lazyload\" alt=\"BD Sensors certificaten 3\" data-srcset=\"https:\/\/intercontrol.be\/wp-content\/uploads\/2024\/12\/BD-Sensors-certificaten-3.jpg 344w, https:\/\/intercontrol.be\/wp-content\/uploads\/2024\/12\/BD-Sensors-certificaten-3-300x61.jpg 300w\" data-sizes=\"(max-width: 344px) 100vw, 344px\" src=\"data:image\/svg+xml;base64,PHN2ZyB3aWR0aD0iMSIgaGVpZ2h0PSIxIiB4bWxucz0iaHR0cDovL3d3dy53My5vcmcvMjAwMC9zdmciPjwvc3ZnPg==\" style=\"--smush-placeholder-width: 344px; --smush-placeholder-aspect-ratio: 344\/70;\" \/><\/div><\/div><\/div><\/div><\/div><div class=\"vc_col-sm-4 wpb_column vc_column_container\"><div class=\"vc_column-inner\"><div class=\"wpb_wrapper\"><div class=\"w-image align_none\"><a title=\"BD|SENSORS gamme &amp; coffrets\" href=\"https:\/\/intercontrol.be\/frs\/bdsensors\/\" aria-label=\"Link\" class=\"w-image-h\"><img decoding=\"async\" width=\"400\" height=\"200\" data-src=\"https:\/\/intercontrol.be\/wp-content\/uploads\/2022\/09\/BD-Sensors-batch.jpg\" class=\"attachment-large size-large lazyload\" alt=\"\" data-srcset=\"https:\/\/intercontrol.be\/wp-content\/uploads\/2022\/09\/BD-Sensors-batch.jpg 400w, https:\/\/intercontrol.be\/wp-content\/uploads\/2022\/09\/BD-Sensors-batch-300x150.jpg 300w\" data-sizes=\"(max-width: 400px) 100vw, 400px\" src=\"data:image\/svg+xml;base64,PHN2ZyB3aWR0aD0iMSIgaGVpZ2h0PSIxIiB4bWxucz0iaHR0cDovL3d3dy53My5vcmcvMjAwMC9zdmciPjwvc3ZnPg==\" style=\"--smush-placeholder-width: 400px; --smush-placeholder-aspect-ratio: 400\/200;\" \/><\/a><\/div><div class=\"wpb_text_column\"><div class=\"wpb_wrapper\"><p>Le BD Sensors 17.620 G est un transmetteur de pression FEO robuste sp\u00e9cialement con\u00e7u pour les environnements industriels difficiles. Les principales caract\u00e9ristiques sont sa conception compacte et sa grande durabilit\u00e9, ce qui le rend tr\u00e8s adapt\u00e9 aux applications hydrauliques mobiles et d&#8217;ing\u00e9nierie m\u00e9canique g\u00e9n\u00e9rale.<\/p>\n<\/div><\/div><\/div><\/div><\/div><\/div><div class=\"w-separator size_huge with_line width_default thick_1 style_solid color_primary align_center with_text with_content\"><div class=\"w-separator-h\"><h3 class=\"w-separator-text\"><span>Pr\u00e9sentation du produit<\/span><\/h3><\/div><\/div><div class=\"wpb_text_column\"><div class=\"wpb_wrapper\"><table style=\"height: 332px;\" width=\"692\">\n<tbody>\n<tr>\n<th><b>Fabricant<\/b><\/th>\n<td>BD | Sensors<\/td>\n<\/tr>\n<tr>\n<th>Plage de mesure<\/th>\n<td>0 \u00e0 16 bars ; 0 \u00e0 1000 bars<\/td>\n<\/tr>\n<tr>\n<th>Pr\u00e9cision<\/th>\n<td>0,5 % FSO<\/td>\n<\/tr>\n<tr>\n<th>Bo\u00eetier<\/th>\n<td>acier inoxydable 1.4301 (304)<\/td>\n<\/tr>\n<tr>\n<th>Capteur<\/th>\n<td>acier inoxydable<\/td>\n<\/tr>\n<\/tbody>\n<\/table>\n<\/div><\/div><div class=\"w-separator size_huge with_line width_default thick_1 style_solid color_primary align_center with_text with_content\"><div class=\"w-separator-h\"><h3 class=\"w-separator-text\"><span>Caract\u00e9ristiques<\/span><\/h3><\/div><\/div><div class=\"wpb_text_column\"><div class=\"wpb_wrapper\"><p>Ce capteur fournit des mesures pr\u00e9cises avec une pr\u00e9cision de 0,5\u00a0% de la sortie \u00e0 pleine \u00e9chelle (FSO) et couvre des plages de pression de 16 \u00e0 1\u00a0000 bars, garantissant ainsi des performances \u00e9lev\u00e9es dans des conditions difficiles.<\/p>\n<p>Le capteur est construit principalement avec des composants en acier inoxydable, avec un port de pression en acier inoxydable 316L, un bo\u00eetier en acier inoxydable 304 et un capteur soud\u00e9 en acier inoxydable 17-4PH. Cette construction offre une excellente r\u00e9sistance aux environnements difficiles et une compatibilit\u00e9 avec divers fluides, notamment les huiles, les gaz et les carburants. Le BD Sensors 17.620 G r\u00e9pond aux normes CE et est conforme aux directives CEM et \u00e9quipements sous pression sp\u00e9cifiques \u00e0 l&#8217;industrie.<\/p>\n<\/div><\/div><div class=\"w-separator size_huge with_line width_default thick_1 style_solid color_primary align_center with_text with_content\"><div class=\"w-separator-h\"><h3 class=\"w-separator-text\"><span>Application(s)<\/span><\/h3><\/div><\/div><div class=\"g-cols wpb_row via_flex valign_top type_default stacking_default\"><div class=\"vc_col-sm-12 wpb_column vc_column_container\"><div class=\"vc_column-inner\"><div class=\"wpb_wrapper\"><div class=\"wpb_text_column\"><div class=\"wpb_wrapper\"><ul>\n<li>hydraulique mobile, presses<\/li>\n<li>g\u00e9nie m\u00e9canique g\u00e9n\u00e9ral<\/li>\n<\/ul>\n<\/div><\/div><\/div><\/div><\/div><\/div><div class=\"w-separator size_huge with_line width_default thick_1 style_solid color_primary align_center with_text with_content\"><div class=\"w-separator-h\"><h3 class=\"w-separator-text\"><span>Attestation(s)<\/span><\/h3><\/div><\/div><div class=\"w-image align_center\"><div class=\"w-image-h\"><img decoding=\"async\" width=\"344\" height=\"70\" data-src=\"https:\/\/intercontrol.be\/wp-content\/uploads\/2024\/12\/BD-Sensors-certificaten-3.jpg\" class=\"attachment-large size-large lazyload\" alt=\"BD Sensors certificaten 3\" data-srcset=\"https:\/\/intercontrol.be\/wp-content\/uploads\/2024\/12\/BD-Sensors-certificaten-3.jpg 344w, https:\/\/intercontrol.be\/wp-content\/uploads\/2024\/12\/BD-Sensors-certificaten-3-300x61.jpg 300w\" data-sizes=\"(max-width: 344px) 100vw, 344px\" src=\"data:image\/svg+xml;base64,PHN2ZyB3aWR0aD0iMSIgaGVpZ2h0PSIxIiB4bWxucz0iaHR0cDovL3d3dy53My5vcmcvMjAwMC9zdmciPjwvc3ZnPg==\" style=\"--smush-placeholder-width: 344px; --smush-placeholder-aspect-ratio: 344\/70;\" \/><\/div><\/div><div class=\"w-separator size_huge with_line width_default thick_1 style_solid color_primary align_center with_text with_content\"><div class=\"w-separator-h\"><h3 class=\"w-separator-text\"><span>T\u00e9l\u00e9chargement(s)<\/span><\/h3><\/div><\/div><div class=\"wpb_text_column us_custom_77169355\"><div class=\"wpb_wrapper\"><ul>\n<li><a href=\"https:\/\/intercontrol.eu\/wp-content\/uploads\/2024\/10\/BD-Sensors-17.620-G-compacte-Heavy-Duty-druktransmitter-OEM-datasheet-ENG.pdf\">BD Sensors 17.620 G &#8211; transmetteur de pression compact Heavy Duty (OEM) &#8211; fiche technique (ENG)<\/a><\/li>\n<\/ul>\n<\/div><\/div><div class=\"w-separator size_huge with_line width_default thick_1 style_solid color_primary align_center with_text with_content\"><div class=\"w-separator-h\"><h3 class=\"w-separator-text\"><span>instruction(s)<\/span><\/h3><\/div><\/div><div class=\"wpb_text_column us_custom_77169355\"><div class=\"wpb_wrapper\"><pre style=\"text-align: center;\">T\u00e9l\u00e9chargez le <a href=\"https:\/\/www.bdsensors.de\/fileadmin\/user_upload\/Download\/Betriebsanleitung_operating_manual\/BA_DMU-ES-OEM_E.pdf\" target=\"_blank\" rel=\"noopener\">mode d'emploi<\/a> ou le <a href=\"https:\/\/www.bdsensors.de\/fileadmin\/user_upload\/Download\/Montageanleitung_mounting_instructions\/MA_DMU-ES-OEM_D-E.pdf\">document d'installation<\/a> le plus r\u00e9cent directement aupr\u00e8s du fabricant.<\/pre>\n<\/div><\/div><div class=\"w-separator size_huge with_line width_default thick_1 style_solid color_primary align_center with_text with_content\"><div class=\"w-separator-h\"><h3 class=\"w-separator-text\"><span>Plus de BD Sensors?<\/span><\/h3><\/div><\/div><div class=\"g-cols wpb_row via_flex valign_top type_default stacking_default\"><div class=\"vc_col-sm-6 wpb_column vc_column_container has_bg_color\"><div class=\"vc_column-inner us_custom_d6a87fb5\"><div class=\"wpb_wrapper\"><div class=\"wpb_text_column\"><div class=\"wpb_wrapper\"><h3 style=\"text-align: center;\"><a href=\"https:\/\/intercontrol.be\/frs\/bdsensors\/#assorti\">D\u00e9couvrez notre gamme de BD Sensors<\/a><\/h3>\n<\/div><\/div><div class=\"w-btn-wrapper align_justify\"><a class=\"w-btn us-btn-style_1 icon_atright\" href=\"https:\/\/intercontrol.be\/frs\/bdsensors\/#assorti\"><span class=\"w-btn-label\">Cliquez pour acc\u00e9der \u00e0 l&#039;assortiment<\/span><i class=\"fas fa-cubes\"><\/i><\/a><\/div><\/div><\/div><\/div><div class=\"vc_col-sm-6 wpb_column vc_column_container has_bg_color\"><div class=\"vc_column-inner us_custom_d6a87fb5\"><div class=\"wpb_wrapper\"><div class=\"wpb_text_column\"><div class=\"wpb_wrapper\"><h3 style=\"text-align: center;\"><a href=\"https:\/\/intercontrol.be\/frs\/bdsensors\/#cases\">Consultez nos cas avec BD Sensors<\/a><\/h3>\n<\/div><\/div><div class=\"w-btn-wrapper align_justify\"><a class=\"w-btn us-btn-style_1 icon_atright\" href=\"https:\/\/intercontrol.be\/frs\/bdsensors\/#cases\"><span class=\"w-btn-label\">Cliquez sur les cas<\/span><i class=\"fas fa-glasses\"><\/i><\/a><\/div><\/div><\/div><\/div><\/div><div class=\"w-separator size_medium with_line width_default thick_1 style_solid color_primary align_center\"><div class=\"w-separator-h\"><\/div><\/div><\/div><\/div><\/div><\/div><\/div><\/section>\n","protected":false},"excerpt":{"rendered":"BD Sensors 17.620 G (FEO) Transmetteur de pression pour applications hydrauliques mobiles et de m\u00e9canique g\u00e9n\u00e9rale Le BD Sensors 17.620 G est un transmetteur de pression FEO robuste sp\u00e9cialement con\u00e7u pour les environnements industriels difficiles. Les principales caract\u00e9ristiques sont sa conception compacte et sa grande durabilit\u00e9, ce qui le rend tr\u00e8s adapt\u00e9 aux applications hydrauliques...","protected":false},"featured_media":41537,"comment_status":"closed","ping_status":"closed","template":"","meta":{"_acf_changed":false,"_monsterinsights_skip_tracking":false,"_monsterinsights_sitenote_active":false,"_monsterinsights_sitenote_note":"","_monsterinsights_sitenote_category":0},"product_brand":[],"product_cat":[1196],"product_tag":[],"class_list":{"0":"post-41691","1":"product","2":"type-product","3":"status-publish","4":"has-post-thumbnail","6":"product_cat-manometres","8":"first","9":"instock","10":"shipping-taxable","11":"product-type-simple"},"acf":[],"yoast_head":"<!-- This site is optimized with the Yoast SEO plugin v27.5 - https:\/\/yoast.com\/product\/yoast-seo-wordpress\/ -->\n<title>BD Sensors 17.620 Gtransmetteur de pression pour l&#039;hydraulique mobile (FEO) - Intercontrol Belgi\u00eb<\/title>\n<meta name=\"description\" content=\"Le BD Sensors 17.620 G est un transmetteur de pression FEO compact et robuste pour les travaux lourds (jusqu&#039;\u00e0 1000 bar) et compatible avec divers fluides.\" \/>\n<meta name=\"robots\" content=\"index, follow, max-snippet:-1, max-image-preview:large, max-video-preview:-1\" \/>\n<link rel=\"canonical\" href=\"https:\/\/intercontrol.be\/frs\/manometres\/bd-sensors-17-620-gtransmetteur-de-pression-pour-lhydraulique-mobile-feo\/\" \/>\n<meta property=\"og:locale\" content=\"fr_FR\" \/>\n<meta property=\"og:type\" content=\"article\" \/>\n<meta property=\"og:title\" content=\"BD Sensors 17.620 Gtransmetteur de pression pour l&#039;hydraulique mobile (FEO) - Intercontrol Belgi\u00eb\" \/>\n<meta property=\"og:description\" content=\"Le BD Sensors 17.620 G est un transmetteur de pression FEO compact et robuste pour les travaux lourds (jusqu&#039;\u00e0 1000 bar) et compatible avec divers fluides.\" \/>\n<meta property=\"og:url\" content=\"https:\/\/intercontrol.be\/frs\/manometres\/bd-sensors-17-620-gtransmetteur-de-pression-pour-lhydraulique-mobile-feo\/\" \/>\n<meta property=\"og:site_name\" content=\"Intercontrol Belgi\u00eb\" \/>\n<meta property=\"article:modified_time\" content=\"2024-12-06T12:31:10+00:00\" \/>\n<meta property=\"og:image\" content=\"https:\/\/intercontrol.be\/wp-content\/uploads\/2024\/12\/BD-Sensors-17.620-G-druktransmitter.jpg\" \/>\n\t<meta property=\"og:image:width\" content=\"635\" \/>\n\t<meta property=\"og:image:height\" content=\"635\" \/>\n\t<meta property=\"og:image:type\" content=\"image\/jpeg\" \/>\n<meta name=\"twitter:card\" content=\"summary_large_image\" \/>\n<meta name=\"twitter:label1\" content=\"Dur\u00e9e de lecture estim\u00e9e\" \/>\n\t<meta name=\"twitter:data1\" content=\"4 minutes\" \/>\n<script type=\"application\/ld+json\" class=\"yoast-schema-graph\">{\"@context\":\"https:\\\/\\\/schema.org\",\"@graph\":[{\"@type\":\"WebPage\",\"@id\":\"https:\\\/\\\/intercontrol.be\\\/frs\\\/manometres\\\/bd-sensors-17-620-gtransmetteur-de-pression-pour-lhydraulique-mobile-feo\\\/\",\"url\":\"https:\\\/\\\/intercontrol.be\\\/frs\\\/manometres\\\/bd-sensors-17-620-gtransmetteur-de-pression-pour-lhydraulique-mobile-feo\\\/\",\"name\":\"BD Sensors 17.620 G transmetteur de pression pour l'hydraulique mobile (FEO) - Intercontrol Belgi\u00eb\",\"isPartOf\":{\"@id\":\"https:\\\/\\\/intercontrol.be\\\/#website\"},\"primaryImageOfPage\":{\"@id\":\"https:\\\/\\\/intercontrol.be\\\/frs\\\/manometres\\\/bd-sensors-17-620-gtransmetteur-de-pression-pour-lhydraulique-mobile-feo\\\/#primaryimage\"},\"image\":{\"@id\":\"https:\\\/\\\/intercontrol.be\\\/frs\\\/manometres\\\/bd-sensors-17-620-gtransmetteur-de-pression-pour-lhydraulique-mobile-feo\\\/#primaryimage\"},\"thumbnailUrl\":\"https:\\\/\\\/intercontrol.be\\\/wp-content\\\/uploads\\\/2024\\\/12\\\/BD-Sensors-17.620-G-druktransmitter.jpg\",\"datePublished\":\"2024-12-06T12:30:53+00:00\",\"dateModified\":\"2024-12-06T12:31:10+00:00\",\"description\":\"Le BD Sensors 17.620 G est un transmetteur de pression FEO compact et robuste pour les travaux lourds (jusqu'\u00e0 1000 bar) et compatible avec divers fluides.\",\"breadcrumb\":{\"@id\":\"https:\\\/\\\/intercontrol.be\\\/frs\\\/manometres\\\/bd-sensors-17-620-gtransmetteur-de-pression-pour-lhydraulique-mobile-feo\\\/#breadcrumb\"},\"inLanguage\":\"fr-FR\",\"potentialAction\":[{\"@type\":\"ReadAction\",\"target\":[\"https:\\\/\\\/intercontrol.be\\\/frs\\\/manometres\\\/bd-sensors-17-620-gtransmetteur-de-pression-pour-lhydraulique-mobile-feo\\\/\"]}]},{\"@type\":\"ImageObject\",\"inLanguage\":\"fr-FR\",\"@id\":\"https:\\\/\\\/intercontrol.be\\\/frs\\\/manometres\\\/bd-sensors-17-620-gtransmetteur-de-pression-pour-lhydraulique-mobile-feo\\\/#primaryimage\",\"url\":\"https:\\\/\\\/intercontrol.be\\\/wp-content\\\/uploads\\\/2024\\\/12\\\/BD-Sensors-17.620-G-druktransmitter.jpg\",\"contentUrl\":\"https:\\\/\\\/intercontrol.be\\\/wp-content\\\/uploads\\\/2024\\\/12\\\/BD-Sensors-17.620-G-druktransmitter.jpg\",\"width\":635,\"height\":635,\"caption\":\"BD Sensors 17.620 G druktransmitter\"},{\"@type\":\"BreadcrumbList\",\"@id\":\"https:\\\/\\\/intercontrol.be\\\/frs\\\/manometres\\\/bd-sensors-17-620-gtransmetteur-de-pression-pour-lhydraulique-mobile-feo\\\/#breadcrumb\",\"itemListElement\":[{\"@type\":\"ListItem\",\"position\":1,\"name\":\"Home\",\"item\":\"https:\\\/\\\/intercontrol.be\\\/frs\\\/\"},{\"@type\":\"ListItem\",\"position\":2,\"name\":\"Catalogus\",\"item\":\"https:\\\/\\\/intercontrol.be\\\/catalogus\\\/\"},{\"@type\":\"ListItem\",\"position\":3,\"name\":\"BD Sensors 17.620 Gtransmetteur de pression pour l&#8217;hydraulique mobile (FEO)\"}]},{\"@type\":\"WebSite\",\"@id\":\"https:\\\/\\\/intercontrol.be\\\/#website\",\"url\":\"https:\\\/\\\/intercontrol.be\\\/\",\"name\":\"Intercontrol Belgi\u00eb\",\"description\":\"Alles onder controle!\",\"potentialAction\":[{\"@type\":\"SearchAction\",\"target\":{\"@type\":\"EntryPoint\",\"urlTemplate\":\"https:\\\/\\\/intercontrol.be\\\/?s={search_term_string}\"},\"query-input\":{\"@type\":\"PropertyValueSpecification\",\"valueRequired\":true,\"valueName\":\"search_term_string\"}}],\"inLanguage\":\"fr-FR\"}]}<\/script>\n<!-- \/ Yoast SEO plugin. -->","yoast_head_json":{"title":"BD Sensors 17.620 Gtransmetteur de pression pour l'hydraulique mobile (FEO) - Intercontrol Belgi\u00eb","description":"Le BD Sensors 17.620 G est un transmetteur de pression FEO compact et robuste pour les travaux lourds (jusqu'\u00e0 1000 bar) et compatible avec divers fluides.","robots":{"index":"index","follow":"follow","max-snippet":"max-snippet:-1","max-image-preview":"max-image-preview:large","max-video-preview":"max-video-preview:-1"},"canonical":"https:\/\/intercontrol.be\/frs\/manometres\/bd-sensors-17-620-gtransmetteur-de-pression-pour-lhydraulique-mobile-feo\/","og_locale":"fr_FR","og_type":"article","og_title":"BD Sensors 17.620 Gtransmetteur de pression pour l'hydraulique mobile (FEO) - Intercontrol Belgi\u00eb","og_description":"Le BD Sensors 17.620 G est un transmetteur de pression FEO compact et robuste pour les travaux lourds (jusqu'\u00e0 1000 bar) et compatible avec divers fluides.","og_url":"https:\/\/intercontrol.be\/frs\/manometres\/bd-sensors-17-620-gtransmetteur-de-pression-pour-lhydraulique-mobile-feo\/","og_site_name":"Intercontrol Belgi\u00eb","article_modified_time":"2024-12-06T12:31:10+00:00","og_image":[{"width":635,"height":635,"url":"https:\/\/intercontrol.be\/wp-content\/uploads\/2024\/12\/BD-Sensors-17.620-G-druktransmitter.jpg","type":"image\/jpeg"}],"twitter_card":"summary_large_image","twitter_misc":{"Dur\u00e9e de lecture estim\u00e9e":"4 minutes"},"schema":{"@context":"https:\/\/schema.org","@graph":[{"@type":"WebPage","@id":"https:\/\/intercontrol.be\/frs\/manometres\/bd-sensors-17-620-gtransmetteur-de-pression-pour-lhydraulique-mobile-feo\/","url":"https:\/\/intercontrol.be\/frs\/manometres\/bd-sensors-17-620-gtransmetteur-de-pression-pour-lhydraulique-mobile-feo\/","name":"BD Sensors 17.620 G transmetteur de pression pour l'hydraulique mobile (FEO) - Intercontrol Belgi\u00eb","isPartOf":{"@id":"https:\/\/intercontrol.be\/#website"},"primaryImageOfPage":{"@id":"https:\/\/intercontrol.be\/frs\/manometres\/bd-sensors-17-620-gtransmetteur-de-pression-pour-lhydraulique-mobile-feo\/#primaryimage"},"image":{"@id":"https:\/\/intercontrol.be\/frs\/manometres\/bd-sensors-17-620-gtransmetteur-de-pression-pour-lhydraulique-mobile-feo\/#primaryimage"},"thumbnailUrl":"https:\/\/intercontrol.be\/wp-content\/uploads\/2024\/12\/BD-Sensors-17.620-G-druktransmitter.jpg","datePublished":"2024-12-06T12:30:53+00:00","dateModified":"2024-12-06T12:31:10+00:00","description":"Le BD Sensors 17.620 G est un transmetteur de pression FEO compact et robuste pour les travaux lourds (jusqu'\u00e0 1000 bar) et compatible avec divers fluides.","breadcrumb":{"@id":"https:\/\/intercontrol.be\/frs\/manometres\/bd-sensors-17-620-gtransmetteur-de-pression-pour-lhydraulique-mobile-feo\/#breadcrumb"},"inLanguage":"fr-FR","potentialAction":[{"@type":"ReadAction","target":["https:\/\/intercontrol.be\/frs\/manometres\/bd-sensors-17-620-gtransmetteur-de-pression-pour-lhydraulique-mobile-feo\/"]}]},{"@type":"ImageObject","inLanguage":"fr-FR","@id":"https:\/\/intercontrol.be\/frs\/manometres\/bd-sensors-17-620-gtransmetteur-de-pression-pour-lhydraulique-mobile-feo\/#primaryimage","url":"https:\/\/intercontrol.be\/wp-content\/uploads\/2024\/12\/BD-Sensors-17.620-G-druktransmitter.jpg","contentUrl":"https:\/\/intercontrol.be\/wp-content\/uploads\/2024\/12\/BD-Sensors-17.620-G-druktransmitter.jpg","width":635,"height":635,"caption":"BD Sensors 17.620 G druktransmitter"},{"@type":"BreadcrumbList","@id":"https:\/\/intercontrol.be\/frs\/manometres\/bd-sensors-17-620-gtransmetteur-de-pression-pour-lhydraulique-mobile-feo\/#breadcrumb","itemListElement":[{"@type":"ListItem","position":1,"name":"Home","item":"https:\/\/intercontrol.be\/frs\/"},{"@type":"ListItem","position":2,"name":"Catalogus","item":"https:\/\/intercontrol.be\/catalogus\/"},{"@type":"ListItem","position":3,"name":"BD Sensors 17.620 Gtransmetteur de pression pour l&#8217;hydraulique mobile (FEO)"}]},{"@type":"WebSite","@id":"https:\/\/intercontrol.be\/#website","url":"https:\/\/intercontrol.be\/","name":"Intercontrol Belgi\u00eb","description":"Alles onder controle!","potentialAction":[{"@type":"SearchAction","target":{"@type":"EntryPoint","urlTemplate":"https:\/\/intercontrol.be\/?s={search_term_string}"},"query-input":{"@type":"PropertyValueSpecification","valueRequired":true,"valueName":"search_term_string"}}],"inLanguage":"fr-FR"}]}},"_links":{"self":[{"href":"https:\/\/intercontrol.be\/frs\/wp-json\/wp\/v2\/product\/41691","targetHints":{"allow":["GET"]}}],"collection":[{"href":"https:\/\/intercontrol.be\/frs\/wp-json\/wp\/v2\/product"}],"about":[{"href":"https:\/\/intercontrol.be\/frs\/wp-json\/wp\/v2\/types\/product"}],"replies":[{"embeddable":true,"href":"https:\/\/intercontrol.be\/frs\/wp-json\/wp\/v2\/comments?post=41691"}],"wp:featuredmedia":[{"embeddable":true,"href":"https:\/\/intercontrol.be\/frs\/wp-json\/wp\/v2\/media\/41537"}],"wp:attachment":[{"href":"https:\/\/intercontrol.be\/frs\/wp-json\/wp\/v2\/media?parent=41691"}],"wp:term":[{"taxonomy":"product_brand","embeddable":true,"href":"https:\/\/intercontrol.be\/frs\/wp-json\/wp\/v2\/product_brand?post=41691"},{"taxonomy":"product_cat","embeddable":true,"href":"https:\/\/intercontrol.be\/frs\/wp-json\/wp\/v2\/product_cat?post=41691"},{"taxonomy":"product_tag","embeddable":true,"href":"https:\/\/intercontrol.be\/frs\/wp-json\/wp\/v2\/product_tag?post=41691"}],"curies":[{"name":"wp","href":"https:\/\/api.w.org\/{rel}","templated":true}]}}