{"id":41685,"date":"2024-12-05T13:54:28","date_gmt":"2024-12-05T13:54:28","guid":{"rendered":"https:\/\/intercontrol.be\/non%20class\u00e9\/bd-sensors-dmp-343transmetteur-de-pression-pour-tres-faibles-surpressions-et-vides\/"},"modified":"2024-12-05T13:54:29","modified_gmt":"2024-12-05T13:54:29","slug":"bd-sensors-dmp-343transmetteur-de-pression-pour-tres-faibles-surpressions-et-vides","status":"publish","type":"product","link":"https:\/\/intercontrol.be\/frs\/manometres\/bd-sensors-dmp-343transmetteur-de-pression-pour-tres-faibles-surpressions-et-vides\/","title":{"rendered":"<b>BD Sensors DMP 343<\/b><br>transmetteur de pression pour tr\u00e8s faibles surpressions et vides"},"content":{"rendered":"<section class=\"l-section wpb_row height_large color_primary parallax_ver with_shape\"><div class=\"l-section-overlay\" style=\"background:rgba(6,56,119,0.81)\"><\/div><div class=\"l-section-shape type_triangle pos_bottom\" style=\"height:5vh;\"><svg xmlns=\"http:\/\/www.w3.org\/2000\/svg\" viewBox=\"0 0 64 8\" preserveAspectRatio=\"none\" width=\"100%\" height=\"100%\">\r\n\t<path fill=\"currentColor\" d=\"M64 8 L0 8 L0 0 L32 7.9 L64 0 Z\"\/>\r\n<\/svg><\/div><div class=\"l-section-h i-cf\"><div class=\"g-cols vc_row via_flex valign_top type_default stacking_default\"><div class=\"vc_col-sm-2 wpb_column vc_column_container\"><div class=\"vc_column-inner\"><div class=\"wpb_wrapper\"><\/div><\/div><\/div><div class=\"vc_col-sm-8 wpb_column vc_column_container\"><div class=\"vc_column-inner\"><div class=\"wpb_wrapper\"><div class=\"wpb_text_column\"><div class=\"wpb_wrapper\"><h1 style=\"text-align: center;\">BD SENSORS DMP 343<\/h1>\n<\/div><\/div><div class=\"w-image align_center\"><div class=\"w-image-h\"><img decoding=\"async\" width=\"50\" height=\"10\" data-src=\"https:\/\/intercontrol.be\/wp-content\/uploads\/2021\/04\/intercontrol-dividerwit.png\" class=\"attachment-large size-large lazyload\" alt=\"\" src=\"data:image\/svg+xml;base64,PHN2ZyB3aWR0aD0iMSIgaGVpZ2h0PSIxIiB4bWxucz0iaHR0cDovL3d3dy53My5vcmcvMjAwMC9zdmciPjwvc3ZnPg==\" style=\"--smush-placeholder-width: 50px; --smush-placeholder-aspect-ratio: 50\/10;\" \/><\/div><\/div><div class=\"w-separator size_small\"><\/div><div class=\"wpb_text_column\"><div class=\"wpb_wrapper\"><h3 style=\"text-align: center;\">Transmetteur de pression sp\u00e9cialement con\u00e7u pour mesurer les applications \u00e0 tr\u00e8s faible surpression et vide.<\/h3>\n<\/div><\/div><\/div><\/div><\/div><div class=\"vc_col-sm-2 wpb_column vc_column_container\"><div class=\"vc_column-inner\"><div class=\"wpb_wrapper\"><\/div><\/div><\/div><\/div><\/div><\/section><section class=\"l-section wpb_row us_custom_a4ebe4e2 height_large\"><div class=\"l-section-h i-cf\"><div class=\"g-cols vc_row via_flex valign_top type_default stacking_default\" style=\"--additional-gap:10px;\"><div class=\"vc_col-sm-12 wpb_column vc_column_container\"><div class=\"vc_column-inner\"><div class=\"wpb_wrapper\"><div class=\"w-separator size_medium\"><\/div><div class=\"g-cols wpb_row via_flex valign_middle type_default stacking_default\"><div class=\"vc_col-sm-8 wpb_column vc_column_container\"><div class=\"vc_column-inner\"><div class=\"wpb_wrapper\"><div class=\"w-image align_center\"><div class=\"w-image-h\"><img decoding=\"async\" width=\"635\" height=\"635\" data-src=\"https:\/\/intercontrol.be\/wp-content\/uploads\/2024\/12\/DMP-343-druktransmitter.webp\" class=\"attachment-large size-large lazyload\" alt=\"\" data-srcset=\"https:\/\/intercontrol.be\/wp-content\/uploads\/2024\/12\/DMP-343-druktransmitter.webp 635w, https:\/\/intercontrol.be\/wp-content\/uploads\/2024\/12\/DMP-343-druktransmitter-300x300.webp 300w, https:\/\/intercontrol.be\/wp-content\/uploads\/2024\/12\/DMP-343-druktransmitter-120x120.webp 120w, https:\/\/intercontrol.be\/wp-content\/uploads\/2024\/12\/DMP-343-druktransmitter-500x500.webp 500w, https:\/\/intercontrol.be\/wp-content\/uploads\/2024\/12\/DMP-343-druktransmitter-600x600.webp 600w, https:\/\/intercontrol.be\/wp-content\/uploads\/2024\/12\/DMP-343-druktransmitter-150x150.webp 150w\" data-sizes=\"(max-width: 635px) 100vw, 635px\" src=\"data:image\/svg+xml;base64,PHN2ZyB3aWR0aD0iMSIgaGVpZ2h0PSIxIiB4bWxucz0iaHR0cDovL3d3dy53My5vcmcvMjAwMC9zdmciPjwvc3ZnPg==\" style=\"--smush-placeholder-width: 635px; --smush-placeholder-aspect-ratio: 635\/635;\" \/><\/div><\/div><div class=\"w-image align_center\"><div class=\"w-image-h\"><img decoding=\"async\" width=\"966\" height=\"201\" data-src=\"https:\/\/intercontrol.be\/wp-content\/uploads\/2024\/12\/certificaten-A-1.jpg\" class=\"attachment-large size-large lazyload\" alt=\"\" data-srcset=\"https:\/\/intercontrol.be\/wp-content\/uploads\/2024\/12\/certificaten-A-1.jpg 966w, https:\/\/intercontrol.be\/wp-content\/uploads\/2024\/12\/certificaten-A-1-300x62.jpg 300w, https:\/\/intercontrol.be\/wp-content\/uploads\/2024\/12\/certificaten-A-1-700x146.jpg 700w, https:\/\/intercontrol.be\/wp-content\/uploads\/2024\/12\/certificaten-A-1-600x125.jpg 600w\" data-sizes=\"(max-width: 966px) 100vw, 966px\" src=\"data:image\/svg+xml;base64,PHN2ZyB3aWR0aD0iMSIgaGVpZ2h0PSIxIiB4bWxucz0iaHR0cDovL3d3dy53My5vcmcvMjAwMC9zdmciPjwvc3ZnPg==\" style=\"--smush-placeholder-width: 966px; --smush-placeholder-aspect-ratio: 966\/201;\" \/><\/div><\/div><\/div><\/div><\/div><div class=\"vc_col-sm-4 wpb_column vc_column_container\"><div class=\"vc_column-inner\"><div class=\"wpb_wrapper\"><div class=\"w-image align_none\"><a title=\"BD|SENSORS gamme &amp; coffrets\" href=\"https:\/\/intercontrol.be\/frs\/bdsensors\/\" aria-label=\"Link\" class=\"w-image-h\"><img decoding=\"async\" width=\"400\" height=\"200\" data-src=\"https:\/\/intercontrol.be\/wp-content\/uploads\/2022\/09\/BD-Sensors-batch.jpg\" class=\"attachment-large size-large lazyload\" alt=\"\" data-srcset=\"https:\/\/intercontrol.be\/wp-content\/uploads\/2022\/09\/BD-Sensors-batch.jpg 400w, https:\/\/intercontrol.be\/wp-content\/uploads\/2022\/09\/BD-Sensors-batch-300x150.jpg 300w\" data-sizes=\"(max-width: 400px) 100vw, 400px\" src=\"data:image\/svg+xml;base64,PHN2ZyB3aWR0aD0iMSIgaGVpZ2h0PSIxIiB4bWxucz0iaHR0cDovL3d3dy53My5vcmcvMjAwMC9zdmciPjwvc3ZnPg==\" style=\"--smush-placeholder-width: 400px; --smush-placeholder-aspect-ratio: 400\/200;\" \/><\/a><\/div><div class=\"wpb_text_column\"><div class=\"wpb_wrapper\"><p>Le transmetteur de pression BD Sensors DMP 343 est sp\u00e9cialement con\u00e7u pour mesurer une tr\u00e8s faible pression relative et pour les applications sous vide. Les fluides autoris\u00e9s sont les gaz secs non agressifs et les huiles non agressives \u00e0 faible viscosit\u00e9.<\/p>\n<\/div><\/div><\/div><\/div><\/div><\/div><div class=\"w-separator size_huge with_line width_default thick_1 style_solid color_primary align_center with_text with_content\"><div class=\"w-separator-h\"><h3 class=\"w-separator-text\"><span>Pr\u00e9sentation du produit<\/span><\/h3><\/div><\/div><div class=\"wpb_text_column\"><div class=\"wpb_wrapper\"><style de table=\"hauteur : 332px;\" largeur=\"692\">\n<corps><\/p>\n<tr>\n<th><b>Fabricant<\/b><\/th>\n<td>BD | CAPTEURS<\/td>\n<\/tr>\n<tr>\n<th>Plage de mesure<\/th>\n<td>0 \u00e0 10mbar\u00a0; 0 \u00e0 1000 mbar<\/td>\n<\/tr>\n<tr>\n<th>Pr\u00e9cision<\/th>\n<td>0,35\u00a0% FSO<\/td>\n<\/tr>\n<tr>\n<th>Logement<\/th>\n<td>Acier inoxydable 1.4404<\/td>\n<\/tr>\n<tr>\n<th>Capteur<\/th>\n<td>Acier inoxydable<\/td>\n<\/tr>\n<tr>\n<th>Quitter<\/th>\n<td>2 fils : 4 \u2026 20 mA (autres sur demande)<\/td>\n<\/tr>\n<\/tbody>\n<\/table>\n<\/div><\/div><div class=\"w-separator size_huge with_line width_default thick_1 style_solid color_primary align_center with_text with_content\"><div class=\"w-separator-h\"><h3 class=\"w-separator-text\"><span>Caract\u00e9ristiques<\/span><\/h3><\/div><\/div><div class=\"g-cols wpb_row via_flex valign_top type_default stacking_default\"><div class=\"vc_col-sm-12 wpb_column vc_column_container\"><div class=\"vc_column-inner\"><div class=\"wpb_wrapper\"><div class=\"wpb_text_column\"><div class=\"wpb_wrapper\"><p>Le BD Sensors DMP 343 est un transmetteur basse pression con\u00e7u pour mesurer la pression relative ou relative avec une haute pr\u00e9cision, en particulier dans les applications n\u00e9cessitant des mesures de basse pression et de vide. Ce capteur utilise la technologie silicium pi\u00e9zor\u00e9sistif, garantissant des mesures stables dans le temps, et dispose d&#8217;un signal de sortie standard de 4-20 mA. Il est id\u00e9al pour surveiller les gaz et les huiles non agressifs, ce qui le rend adapt\u00e9 \u00e0 l&#8217;automatisation, aux OEM et \u00e0 d&#8217;autres applications de pr\u00e9cision.<\/p>\n<p>Principalement fabriqu\u00e9 en acier inoxydable, le capteur garantit une durabilit\u00e9 robuste. Les principales fonctionnalit\u00e9s incluent la compensation de temp\u00e9rature, la s\u00e9curit\u00e9 intrins\u00e8que et la compatibilit\u00e9 avec une gamme de configurations \u00e9lectriques et m\u00e9caniques pour r\u00e9pondre \u00e0 diff\u00e9rents besoins industriels, y compris la certification SIL2 pour la fiabilit\u00e9 et la s\u00e9curit\u00e9 dans des environnements exigeants.<\/p>\n<p>Le DMP 343 pr\u00e9sente un excellent comportement thermique et une excellente stabilit\u00e9 \u00e0 long terme. Gr\u00e2ce \u00e0 une vari\u00e9t\u00e9 de signaux de sortie standard et de connexions m\u00e9caniques et \u00e9lectriques, le DMP 343 convient \u00e0 une large gamme d&#8217;applications.<\/p>\n<p>&nbsp;<\/p>\n<\/div><\/div><\/div><\/div><\/div><\/div><div class=\"w-separator size_medium with_line width_default thick_1 style_solid color_primary align_center with_text with_content\"><div class=\"w-separator-h\"><h3 class=\"w-separator-text\"><span>Demande(s)<\/span><\/h3><\/div><\/div><div class=\"g-cols wpb_row via_flex valign_top type_default stacking_default\"><div class=\"vc_col-sm-12 wpb_column vc_column_container\"><div class=\"vc_column-inner\"><div class=\"wpb_wrapper\"><div class=\"wpb_text_column\"><div class=\"wpb_wrapper\"><ul>\n<li style=\"list-style-type: none;\">\n<ul>\n<li>Construction de machines<\/li>\n<li>CVC<\/li>\n<\/ul>\n<\/li>\n<\/ul>\n<\/div><\/div><\/div><\/div><\/div><\/div><div class=\"w-separator size_medium with_line width_default thick_1 style_solid color_primary align_center with_text with_content\"><div class=\"w-separator-h\"><h3 class=\"w-separator-text\"><span>certificats<\/span><\/h3><\/div><\/div><div class=\"w-image align_center\"><div class=\"w-image-h\"><img decoding=\"async\" width=\"966\" height=\"201\" data-src=\"https:\/\/intercontrol.be\/wp-content\/uploads\/2024\/12\/certificaten-A-1.jpg\" class=\"attachment-large size-large lazyload\" alt=\"\" data-srcset=\"https:\/\/intercontrol.be\/wp-content\/uploads\/2024\/12\/certificaten-A-1.jpg 966w, https:\/\/intercontrol.be\/wp-content\/uploads\/2024\/12\/certificaten-A-1-300x62.jpg 300w, https:\/\/intercontrol.be\/wp-content\/uploads\/2024\/12\/certificaten-A-1-700x146.jpg 700w, https:\/\/intercontrol.be\/wp-content\/uploads\/2024\/12\/certificaten-A-1-600x125.jpg 600w\" data-sizes=\"(max-width: 966px) 100vw, 966px\" src=\"data:image\/svg+xml;base64,PHN2ZyB3aWR0aD0iMSIgaGVpZ2h0PSIxIiB4bWxucz0iaHR0cDovL3d3dy53My5vcmcvMjAwMC9zdmciPjwvc3ZnPg==\" style=\"--smush-placeholder-width: 966px; --smush-placeholder-aspect-ratio: 966\/201;\" \/><\/div><\/div><div class=\"w-separator size_medium with_line width_default thick_1 style_solid color_primary align_center with_text with_content\"><div class=\"w-separator-h\"><h3 class=\"w-separator-text\"><span>T\u00e9l\u00e9chargement(s)<\/span><\/h3><\/div><\/div><div class=\"wpb_text_column us_custom_77169355\"><div class=\"wpb_wrapper\"><ul>\n<li><a href=\"https:\/\/intercontrol.eu\/wp-content\/uploads\/2024\/10\/BD-Sensors-DMP-343-druktransmitter-datasheet-ENG.pdf\">transmetteur de pression &#8211; fiche technique (ANG)<\/a><\/li>\n<\/ul>\n<\/div><\/div><div class=\"w-separator size_medium with_line width_default thick_1 style_solid color_primary align_center with_text with_content\"><div class=\"w-separator-h\"><h3 class=\"w-separator-text\"><span>instructions<\/span><\/h3><\/div><\/div><div class=\"wpb_text_column us_custom_77169355\"><div class=\"wpb_wrapper\"><pre style=\"text-align: center;\">Download de meest recente <a href=\"https:\/\/www.bdsensors.de\/fileadmin\/user_upload\/Download\/Betriebsanleitung_operating_manual\/BA_DMU-ES-OEM_E.pdf\" target=\"_blank\" rel=\"noopener\">gebruiksaanwijzing<\/a> of <a href=\"https:\/\/www.bdsensors.de\/fileadmin\/user_upload\/Download\/Montageanleitung_mounting_instructions\/MA_DMU-ES-OEM_D-E.pdf\">installatie-document<\/a> direct bij fabrikant.<\/pre>\n<\/div><\/div><div class=\"w-separator size_huge with_line width_default thick_1 style_solid color_primary align_center with_text with_content\"><div class=\"w-separator-h\"><h3 class=\"w-separator-text\"><span>Plus de BD Sensors?<\/span><\/h3><\/div><\/div><div class=\"g-cols wpb_row via_flex valign_top type_default stacking_default\"><div class=\"vc_col-sm-6 wpb_column vc_column_container has_bg_color\"><div class=\"vc_column-inner us_custom_d6a87fb5\"><div class=\"wpb_wrapper\"><div class=\"wpb_text_column\"><div class=\"wpb_wrapper\"><h3 style=\"text-align: center;\"><a href=\"https:\/\/intercontrol.be\/frs\/bdsensors\/#assorti\">consultez notre gamme de BD Sensors<\/a><\/h3>\n<\/div><\/div><div class=\"w-btn-wrapper align_justify\"><a class=\"w-btn us-btn-style_1 icon_atright\" href=\"https:\/\/intercontrol.be\/frs\/bdsensors\/#assorti\"><span class=\"w-btn-label\">Cliquez pour acc\u00e9der \u00e0 l&#039;assortiment<\/span><i class=\"fas fa-cubes\"><\/i><\/a><\/div><\/div><\/div><\/div><div class=\"vc_col-sm-6 wpb_column vc_column_container has_bg_color\"><div class=\"vc_column-inner us_custom_d6a87fb5\"><div class=\"wpb_wrapper\"><div class=\"wpb_text_column\"><div class=\"wpb_wrapper\"><h3 style=\"text-align: center;\"><a href=\"https:\/\/intercontrol.be\/frs\/bdsensors\/#cases\">Consultez nos cas avec les BD Sensors<\/a><\/h3>\n<\/div><\/div><div class=\"w-btn-wrapper align_justify\"><a class=\"w-btn us-btn-style_1 icon_atright\" href=\"https:\/\/intercontrol.be\/frs\/bdsensors\/#cases\"><span class=\"w-btn-label\">Cliquez sur les cas<\/span><i class=\"fas fa-glasses\"><\/i><\/a><\/div><\/div><\/div><\/div><\/div><div class=\"w-separator size_small with_line width_default thick_1 style_solid color_primary align_center\"><div class=\"w-separator-h\"><\/div><\/div><\/div><\/div><\/div><\/div><\/div><\/section>\n","protected":false},"excerpt":{"rendered":"BD SENSORS DMP 343 Transmetteur de pression sp\u00e9cialement con\u00e7u pour mesurer les applications \u00e0 tr\u00e8s faible surpression et vide. Le transmetteur de pression BD Sensors DMP 343 est sp\u00e9cialement con\u00e7u pour mesurer une tr\u00e8s faible pression relative et pour les applications sous vide. Les fluides autoris\u00e9s sont les gaz secs non agressifs et les huiles...","protected":false},"featured_media":41676,"comment_status":"closed","ping_status":"closed","template":"","meta":{"_acf_changed":false,"_monsterinsights_skip_tracking":false,"_monsterinsights_sitenote_active":false,"_monsterinsights_sitenote_note":"","_monsterinsights_sitenote_category":0},"product_brand":[],"product_cat":[1196],"product_tag":[],"class_list":{"0":"post-41685","1":"product","2":"type-product","3":"status-publish","4":"has-post-thumbnail","6":"product_cat-manometres","8":"first","9":"instock","10":"shipping-taxable","11":"product-type-simple"},"acf":[],"yoast_head":"<!-- This site is optimized with the Yoast SEO plugin v27.5 - https:\/\/yoast.com\/product\/yoast-seo-wordpress\/ -->\n<title>BD Sensors DMP 343transmetteur de pression pour tr\u00e8s faibles surpressions et vides - Intercontrol Belgi\u00eb<\/title>\n<meta name=\"description\" content=\"Le transmetteur de pression BD Sensors DMP 343 est sp\u00e9cialement con\u00e7u pour mesurer une tr\u00e8s faible pression relative et pour les applications sous vide.\" \/>\n<meta name=\"robots\" content=\"index, follow, max-snippet:-1, max-image-preview:large, max-video-preview:-1\" \/>\n<link rel=\"canonical\" href=\"https:\/\/intercontrol.be\/drukmeters\/bd-sensors-dmp-343-druktransmitter-voor-zeer-lage-overdruk-en-vacuum\/\" \/>\n<meta property=\"og:locale\" content=\"fr_FR\" \/>\n<meta property=\"og:type\" content=\"article\" \/>\n<meta property=\"og:title\" content=\"BD Sensors DMP 343transmetteur de pression pour tr\u00e8s faibles surpressions et vides - Intercontrol Belgi\u00eb\" \/>\n<meta property=\"og:description\" content=\"Le transmetteur de pression BD Sensors DMP 343 est sp\u00e9cialement con\u00e7u pour mesurer une tr\u00e8s faible pression relative et pour les applications sous vide.\" \/>\n<meta property=\"og:url\" content=\"https:\/\/intercontrol.be\/drukmeters\/bd-sensors-dmp-343-druktransmitter-voor-zeer-lage-overdruk-en-vacuum\/\" \/>\n<meta property=\"og:site_name\" content=\"Intercontrol Belgi\u00eb\" \/>\n<meta property=\"article:modified_time\" content=\"2024-12-05T13:54:29+00:00\" \/>\n<meta property=\"og:image\" content=\"https:\/\/intercontrol.be\/wp-content\/uploads\/2024\/12\/DMP-343-druktransmitter.webp\" \/>\n\t<meta property=\"og:image:width\" content=\"635\" \/>\n\t<meta property=\"og:image:height\" content=\"635\" \/>\n\t<meta property=\"og:image:type\" content=\"image\/webp\" \/>\n<meta name=\"twitter:card\" content=\"summary_large_image\" \/>\n<meta name=\"twitter:label1\" content=\"Dur\u00e9e de lecture estim\u00e9e\" \/>\n\t<meta name=\"twitter:data1\" content=\"4 minutes\" \/>\n<script type=\"application\/ld+json\" class=\"yoast-schema-graph\">{\"@context\":\"https:\\\/\\\/schema.org\",\"@graph\":[{\"@type\":\"WebPage\",\"@id\":\"https:\\\/\\\/intercontrol.be\\\/drukmeters\\\/bd-sensors-dmp-343-druktransmitter-voor-zeer-lage-overdruk-en-vacuum\\\/\",\"url\":\"https:\\\/\\\/intercontrol.be\\\/drukmeters\\\/bd-sensors-dmp-343-druktransmitter-voor-zeer-lage-overdruk-en-vacuum\\\/\",\"name\":\"BD Sensors DMP 343 transmetteur de pression pour tr\u00e8s faibles surpressions et vides - Intercontrol Belgi\u00eb\",\"isPartOf\":{\"@id\":\"https:\\\/\\\/intercontrol.be\\\/#website\"},\"primaryImageOfPage\":{\"@id\":\"https:\\\/\\\/intercontrol.be\\\/drukmeters\\\/bd-sensors-dmp-343-druktransmitter-voor-zeer-lage-overdruk-en-vacuum\\\/#primaryimage\"},\"image\":{\"@id\":\"https:\\\/\\\/intercontrol.be\\\/drukmeters\\\/bd-sensors-dmp-343-druktransmitter-voor-zeer-lage-overdruk-en-vacuum\\\/#primaryimage\"},\"thumbnailUrl\":\"https:\\\/\\\/intercontrol.be\\\/wp-content\\\/uploads\\\/2024\\\/12\\\/DMP-343-druktransmitter.webp\",\"datePublished\":\"2024-12-05T13:54:28+00:00\",\"dateModified\":\"2024-12-05T13:54:29+00:00\",\"description\":\"Le transmetteur de pression BD Sensors DMP 343 est sp\u00e9cialement con\u00e7u pour mesurer une tr\u00e8s faible pression relative et pour les applications sous vide.\",\"breadcrumb\":{\"@id\":\"https:\\\/\\\/intercontrol.be\\\/drukmeters\\\/bd-sensors-dmp-343-druktransmitter-voor-zeer-lage-overdruk-en-vacuum\\\/#breadcrumb\"},\"inLanguage\":\"fr-FR\",\"potentialAction\":[{\"@type\":\"ReadAction\",\"target\":[\"https:\\\/\\\/intercontrol.be\\\/drukmeters\\\/bd-sensors-dmp-343-druktransmitter-voor-zeer-lage-overdruk-en-vacuum\\\/\"]}]},{\"@type\":\"ImageObject\",\"inLanguage\":\"fr-FR\",\"@id\":\"https:\\\/\\\/intercontrol.be\\\/drukmeters\\\/bd-sensors-dmp-343-druktransmitter-voor-zeer-lage-overdruk-en-vacuum\\\/#primaryimage\",\"url\":\"https:\\\/\\\/intercontrol.be\\\/wp-content\\\/uploads\\\/2024\\\/12\\\/DMP-343-druktransmitter.webp\",\"contentUrl\":\"https:\\\/\\\/intercontrol.be\\\/wp-content\\\/uploads\\\/2024\\\/12\\\/DMP-343-druktransmitter.webp\",\"width\":635,\"height\":635},{\"@type\":\"BreadcrumbList\",\"@id\":\"https:\\\/\\\/intercontrol.be\\\/drukmeters\\\/bd-sensors-dmp-343-druktransmitter-voor-zeer-lage-overdruk-en-vacuum\\\/#breadcrumb\",\"itemListElement\":[{\"@type\":\"ListItem\",\"position\":1,\"name\":\"Home\",\"item\":\"https:\\\/\\\/intercontrol.be\\\/frs\\\/\"},{\"@type\":\"ListItem\",\"position\":2,\"name\":\"Catalogus\",\"item\":\"https:\\\/\\\/intercontrol.be\\\/catalogus\\\/\"},{\"@type\":\"ListItem\",\"position\":3,\"name\":\"BD Sensors DMP 343transmetteur de pression pour tr\u00e8s faibles surpressions et vides\"}]},{\"@type\":\"WebSite\",\"@id\":\"https:\\\/\\\/intercontrol.be\\\/#website\",\"url\":\"https:\\\/\\\/intercontrol.be\\\/\",\"name\":\"Intercontrol Belgi\u00eb\",\"description\":\"Alles onder controle!\",\"potentialAction\":[{\"@type\":\"SearchAction\",\"target\":{\"@type\":\"EntryPoint\",\"urlTemplate\":\"https:\\\/\\\/intercontrol.be\\\/?s={search_term_string}\"},\"query-input\":{\"@type\":\"PropertyValueSpecification\",\"valueRequired\":true,\"valueName\":\"search_term_string\"}}],\"inLanguage\":\"fr-FR\"}]}<\/script>\n<!-- \/ Yoast SEO plugin. -->","yoast_head_json":{"title":"BD Sensors DMP 343transmetteur de pression pour tr\u00e8s faibles surpressions et vides - Intercontrol Belgi\u00eb","description":"Le transmetteur de pression BD Sensors DMP 343 est sp\u00e9cialement con\u00e7u pour mesurer une tr\u00e8s faible pression relative et pour les applications sous vide.","robots":{"index":"index","follow":"follow","max-snippet":"max-snippet:-1","max-image-preview":"max-image-preview:large","max-video-preview":"max-video-preview:-1"},"canonical":"https:\/\/intercontrol.be\/drukmeters\/bd-sensors-dmp-343-druktransmitter-voor-zeer-lage-overdruk-en-vacuum\/","og_locale":"fr_FR","og_type":"article","og_title":"BD Sensors DMP 343transmetteur de pression pour tr\u00e8s faibles surpressions et vides - Intercontrol Belgi\u00eb","og_description":"Le transmetteur de pression BD Sensors DMP 343 est sp\u00e9cialement con\u00e7u pour mesurer une tr\u00e8s faible pression relative et pour les applications sous vide.","og_url":"https:\/\/intercontrol.be\/drukmeters\/bd-sensors-dmp-343-druktransmitter-voor-zeer-lage-overdruk-en-vacuum\/","og_site_name":"Intercontrol Belgi\u00eb","article_modified_time":"2024-12-05T13:54:29+00:00","og_image":[{"width":635,"height":635,"url":"https:\/\/intercontrol.be\/wp-content\/uploads\/2024\/12\/DMP-343-druktransmitter.webp","type":"image\/webp"}],"twitter_card":"summary_large_image","twitter_misc":{"Dur\u00e9e de lecture estim\u00e9e":"4 minutes"},"schema":{"@context":"https:\/\/schema.org","@graph":[{"@type":"WebPage","@id":"https:\/\/intercontrol.be\/drukmeters\/bd-sensors-dmp-343-druktransmitter-voor-zeer-lage-overdruk-en-vacuum\/","url":"https:\/\/intercontrol.be\/drukmeters\/bd-sensors-dmp-343-druktransmitter-voor-zeer-lage-overdruk-en-vacuum\/","name":"BD Sensors DMP 343 transmetteur de pression pour tr\u00e8s faibles surpressions et vides - Intercontrol Belgi\u00eb","isPartOf":{"@id":"https:\/\/intercontrol.be\/#website"},"primaryImageOfPage":{"@id":"https:\/\/intercontrol.be\/drukmeters\/bd-sensors-dmp-343-druktransmitter-voor-zeer-lage-overdruk-en-vacuum\/#primaryimage"},"image":{"@id":"https:\/\/intercontrol.be\/drukmeters\/bd-sensors-dmp-343-druktransmitter-voor-zeer-lage-overdruk-en-vacuum\/#primaryimage"},"thumbnailUrl":"https:\/\/intercontrol.be\/wp-content\/uploads\/2024\/12\/DMP-343-druktransmitter.webp","datePublished":"2024-12-05T13:54:28+00:00","dateModified":"2024-12-05T13:54:29+00:00","description":"Le transmetteur de pression BD Sensors DMP 343 est sp\u00e9cialement con\u00e7u pour mesurer une tr\u00e8s faible pression relative et pour les applications sous vide.","breadcrumb":{"@id":"https:\/\/intercontrol.be\/drukmeters\/bd-sensors-dmp-343-druktransmitter-voor-zeer-lage-overdruk-en-vacuum\/#breadcrumb"},"inLanguage":"fr-FR","potentialAction":[{"@type":"ReadAction","target":["https:\/\/intercontrol.be\/drukmeters\/bd-sensors-dmp-343-druktransmitter-voor-zeer-lage-overdruk-en-vacuum\/"]}]},{"@type":"ImageObject","inLanguage":"fr-FR","@id":"https:\/\/intercontrol.be\/drukmeters\/bd-sensors-dmp-343-druktransmitter-voor-zeer-lage-overdruk-en-vacuum\/#primaryimage","url":"https:\/\/intercontrol.be\/wp-content\/uploads\/2024\/12\/DMP-343-druktransmitter.webp","contentUrl":"https:\/\/intercontrol.be\/wp-content\/uploads\/2024\/12\/DMP-343-druktransmitter.webp","width":635,"height":635},{"@type":"BreadcrumbList","@id":"https:\/\/intercontrol.be\/drukmeters\/bd-sensors-dmp-343-druktransmitter-voor-zeer-lage-overdruk-en-vacuum\/#breadcrumb","itemListElement":[{"@type":"ListItem","position":1,"name":"Home","item":"https:\/\/intercontrol.be\/frs\/"},{"@type":"ListItem","position":2,"name":"Catalogus","item":"https:\/\/intercontrol.be\/catalogus\/"},{"@type":"ListItem","position":3,"name":"BD Sensors DMP 343transmetteur de pression pour tr\u00e8s faibles surpressions et vides"}]},{"@type":"WebSite","@id":"https:\/\/intercontrol.be\/#website","url":"https:\/\/intercontrol.be\/","name":"Intercontrol Belgi\u00eb","description":"Alles onder controle!","potentialAction":[{"@type":"SearchAction","target":{"@type":"EntryPoint","urlTemplate":"https:\/\/intercontrol.be\/?s={search_term_string}"},"query-input":{"@type":"PropertyValueSpecification","valueRequired":true,"valueName":"search_term_string"}}],"inLanguage":"fr-FR"}]}},"_links":{"self":[{"href":"https:\/\/intercontrol.be\/frs\/wp-json\/wp\/v2\/product\/41685","targetHints":{"allow":["GET"]}}],"collection":[{"href":"https:\/\/intercontrol.be\/frs\/wp-json\/wp\/v2\/product"}],"about":[{"href":"https:\/\/intercontrol.be\/frs\/wp-json\/wp\/v2\/types\/product"}],"replies":[{"embeddable":true,"href":"https:\/\/intercontrol.be\/frs\/wp-json\/wp\/v2\/comments?post=41685"}],"wp:featuredmedia":[{"embeddable":true,"href":"https:\/\/intercontrol.be\/frs\/wp-json\/wp\/v2\/media\/41676"}],"wp:attachment":[{"href":"https:\/\/intercontrol.be\/frs\/wp-json\/wp\/v2\/media?parent=41685"}],"wp:term":[{"taxonomy":"product_brand","embeddable":true,"href":"https:\/\/intercontrol.be\/frs\/wp-json\/wp\/v2\/product_brand?post=41685"},{"taxonomy":"product_cat","embeddable":true,"href":"https:\/\/intercontrol.be\/frs\/wp-json\/wp\/v2\/product_cat?post=41685"},{"taxonomy":"product_tag","embeddable":true,"href":"https:\/\/intercontrol.be\/frs\/wp-json\/wp\/v2\/product_tag?post=41685"}],"curies":[{"name":"wp","href":"https:\/\/api.w.org\/{rel}","templated":true}]}}