{"id":41309,"date":"2024-08-23T08:33:51","date_gmt":"2024-08-23T08:33:51","guid":{"rendered":"https:\/\/intercontrol.be\/uncategorized\/pompe-beinlich-eco-pompe-a-engrenages-externes\/"},"modified":"2024-10-08T13:16:16","modified_gmt":"2024-10-08T13:16:16","slug":"pompe-beinlich-eco-pompe-a-engrenages-externes","status":"publish","type":"product","link":"https:\/\/intercontrol.be\/frs\/pompes-doseuses\/pompe-beinlich-eco-pompe-a-engrenages-externes\/","title":{"rendered":"<b>Beinlich ECO.pump<\/b> <br>Pompe \u00e0 engrenages externes"},"content":{"rendered":"<section class=\"l-section wpb_row height_large color_primary parallax_ver with_shape\"><div class=\"l-section-overlay\" style=\"background:rgba(6,56,119,0.81)\"><\/div><div class=\"l-section-shape type_triangle pos_bottom\" style=\"height:5vh;\"><svg xmlns=\"http:\/\/www.w3.org\/2000\/svg\" viewBox=\"0 0 64 8\" preserveAspectRatio=\"none\" width=\"100%\" height=\"100%\">\r\n\t<path fill=\"currentColor\" d=\"M64 8 L0 8 L0 0 L32 7.9 L64 0 Z\"\/>\r\n<\/svg><\/div><div class=\"l-section-h i-cf\"><div class=\"g-cols vc_row via_flex valign_top type_default stacking_default\"><div class=\"vc_col-sm-2 wpb_column vc_column_container\"><div class=\"vc_column-inner\"><div class=\"wpb_wrapper\"><\/div><\/div><\/div><div class=\"vc_col-sm-8 wpb_column vc_column_container\"><div class=\"vc_column-inner\"><div class=\"wpb_wrapper\"><div class=\"wpb_text_column\"><div class=\"wpb_wrapper\"><h1 style=\"text-align: center;\">Beinlich ECO.pump<\/h1>\n<\/div><\/div><div class=\"w-image align_center\"><div class=\"w-image-h\"><img decoding=\"async\" width=\"50\" height=\"10\" data-src=\"https:\/\/intercontrol.be\/wp-content\/uploads\/2021\/04\/intercontrol-dividerwit.png\" class=\"attachment-large size-large lazyload\" alt=\"\" src=\"data:image\/svg+xml;base64,PHN2ZyB3aWR0aD0iMSIgaGVpZ2h0PSIxIiB4bWxucz0iaHR0cDovL3d3dy53My5vcmcvMjAwMC9zdmciPjwvc3ZnPg==\" style=\"--smush-placeholder-width: 50px; --smush-placeholder-aspect-ratio: 50\/10;\" \/><\/div><\/div><div class=\"w-separator size_small\"><\/div><div class=\"wpb_text_column\"><div class=\"wpb_wrapper\"><h3 style=\"text-align: center;\">Convient au dosage de fluides visqueux jusqu&#8217;\u00e0 200 000 mPas<\/h3>\n<\/div><\/div><\/div><\/div><\/div><div class=\"vc_col-sm-2 wpb_column vc_column_container\"><div class=\"vc_column-inner\"><div class=\"wpb_wrapper\"><\/div><\/div><\/div><\/div><\/div><\/section><section class=\"l-section wpb_row height_large\"><div class=\"l-section-h i-cf\"><div class=\"g-cols vc_row via_flex valign_top type_default stacking_default\" style=\"--additional-gap:10px;\"><div class=\"vc_col-sm-12 wpb_column vc_column_container\"><div class=\"vc_column-inner\"><div class=\"wpb_wrapper\"><div class=\"g-cols wpb_row via_flex valign_middle type_default stacking_default\"><div class=\"vc_col-sm-8 wpb_column vc_column_container\"><div class=\"vc_column-inner\"><div class=\"wpb_wrapper\"><div class=\"w-image align_none\"><div class=\"w-image-h\"><img decoding=\"async\" width=\"1024\" height=\"683\" data-src=\"https:\/\/intercontrol.be\/wp-content\/uploads\/2024\/08\/Beinlich-ECO.pump-1-1024x683.jpg\" class=\"attachment-large size-large lazyload\" alt=\"Beinlich ECO.pump\" data-srcset=\"https:\/\/intercontrol.be\/wp-content\/uploads\/2024\/08\/Beinlich-ECO.pump-1-1024x683.jpg 1024w, https:\/\/intercontrol.be\/wp-content\/uploads\/2024\/08\/Beinlich-ECO.pump-1-300x200.jpg 300w, https:\/\/intercontrol.be\/wp-content\/uploads\/2024\/08\/Beinlich-ECO.pump-1-700x467.jpg 700w, https:\/\/intercontrol.be\/wp-content\/uploads\/2024\/08\/Beinlich-ECO.pump-1-600x400.jpg 600w, https:\/\/intercontrol.be\/wp-content\/uploads\/2024\/08\/Beinlich-ECO.pump-1.jpg 1200w\" data-sizes=\"(max-width: 1024px) 100vw, 1024px\" src=\"data:image\/svg+xml;base64,PHN2ZyB3aWR0aD0iMSIgaGVpZ2h0PSIxIiB4bWxucz0iaHR0cDovL3d3dy53My5vcmcvMjAwMC9zdmciPjwvc3ZnPg==\" style=\"--smush-placeholder-width: 1024px; --smush-placeholder-aspect-ratio: 1024\/683;\" \/><\/div><\/div><\/div><\/div><\/div><div class=\"vc_col-sm-4 wpb_column vc_column_container\"><div class=\"vc_column-inner\"><div class=\"wpb_wrapper\"><div class=\"w-image align_none\"><a title=\"Beinlich\" href=\"https:\/\/intercontrol.be\/frs\/?attachment_id=16090\" aria-label=\"Link\" class=\"w-image-h\"><img decoding=\"async\" width=\"400\" height=\"200\" data-src=\"https:\/\/intercontrol.be\/wp-content\/uploads\/2022\/09\/beinlich-batch.jpg\" class=\"attachment-large size-large lazyload\" alt=\"\" data-srcset=\"https:\/\/intercontrol.be\/wp-content\/uploads\/2022\/09\/beinlich-batch.jpg 400w, https:\/\/intercontrol.be\/wp-content\/uploads\/2022\/09\/beinlich-batch-300x150.jpg 300w\" data-sizes=\"(max-width: 400px) 100vw, 400px\" src=\"data:image\/svg+xml;base64,PHN2ZyB3aWR0aD0iMSIgaGVpZ2h0PSIxIiB4bWxucz0iaHR0cDovL3d3dy53My5vcmcvMjAwMC9zdmciPjwvc3ZnPg==\" style=\"--smush-placeholder-width: 400px; --smush-placeholder-aspect-ratio: 400\/200;\" \/><\/a><\/div><div class=\"wpb_text_column\"><div class=\"wpb_wrapper\"><p>L&#8217;ECO.pump convient au dosage de fluides visqueux jusqu&#8217;\u00e0 200 000 mPas et convient \u00e0 de nombreuses applications courantes.<\/p>\n<\/div><\/div><\/div><\/div><\/div><\/div><div class=\"w-separator size_huge with_line width_default thick_1 style_solid color_primary align_center with_text with_content\"><div class=\"w-separator-h\"><h3 class=\"w-separator-text\"><span>Pr\u00e9sentation du produit<\/span><\/h3><\/div><\/div><div class=\"wpb_text_column\"><div class=\"wpb_wrapper\"><table width=\"100%\">\n<tbody>\n<tr>\n<th style=\"text-align: left;\"><b>Fabricant<\/b><\/th>\n<td>Beinlich<\/td>\n<\/tr>\n<tr>\n<th style=\"text-align: left;\">Cylindr\u00e9e<\/th>\n<td>1 \u00e0 400 tr\/min<\/td>\n<\/tr>\n<tr>\n<th style=\"text-align: left;\">Plage de vitesse<\/th>\n<td>1 tot 400 rpm<\/td>\n<\/tr>\n<tr>\n<th style=\"text-align: left;\">Plage de viscosit\u00e9<\/th>\n<td>1 \u00e0 1 000 000 mPas<\/td>\n<\/tr>\n<tr>\n<th style=\"text-align: left;\">Temp\u00e9rature<\/th>\n<td>-20 \u00e0 150\u00b0 C (des versions sp\u00e9ciales sont disponibles pour diff\u00e9rentes temp\u00e9ratures)<\/td>\n<\/tr>\n<tr>\n<th style=\"text-align: left;\">Pression<\/th>\n<td>jusqu&#8217;\u00e0 150 Bar (en fonction de la vitesse et de la viscosit\u00e9)<\/td>\n<\/tr>\n<\/tbody>\n<\/table>\n<\/div><\/div><div class=\"w-separator size_huge with_line width_default thick_1 style_solid color_primary align_center with_text with_content\"><div class=\"w-separator-h\"><h3 class=\"w-separator-text\"><span>Caract\u00e9ristiques<\/span><\/h3><\/div><\/div><div class=\"g-cols wpb_row via_flex valign_top type_default stacking_default\"><div class=\"vc_col-sm-6 wpb_column vc_column_container\"><div class=\"vc_column-inner\"><div class=\"wpb_wrapper\"><div class=\"wpb_text_column\"><div class=\"wpb_wrapper\"><p>L&#8217;ECO.pump est \u00e9conome en \u00e9nergie et con\u00e7ue pour \u00eatre efficace avec une consommation d&#8217;\u00e9nergie r\u00e9duite. Sa construction l\u00e9g\u00e8re facilite l\u2019installation et l\u2019entretien. La conception compacte est id\u00e9ale pour les applications o\u00f9 l&#8217;espace est limit\u00e9. Il convient aux t\u00e2ches de dosage pr\u00e9cises dans diverses industries. et peut g\u00e9rer diff\u00e9rents types de liquides, notamment des produits chimiques et des huiles.<\/p>\n<\/div><\/div><\/div><\/div><\/div><div class=\"vc_col-sm-6 wpb_column vc_column_container\"><div class=\"vc_column-inner\"><div class=\"wpb_wrapper\"><div class=\"wpb_text_column\"><div class=\"wpb_wrapper\"><p>Le bo\u00eetier en acier inoxydable et la conception compacte permettent d&#8217;utiliser la pompe comme un appareil en ligne et de maintenir son int\u00e9grit\u00e9 sans rouille. Disponible en diff\u00e9rentes tailles de cylindr\u00e9e, l&#8217;ECO.pump est la solution \u00e9conomique pour vos besoins en pompe doseuse.<\/p>\n<\/div><\/div><\/div><\/div><\/div><\/div><div class=\"w-separator size_medium\"><\/div><div class=\"g-cols wpb_row via_flex valign_top type_default stacking_default\"><div class=\"vc_col-sm-12 wpb_column vc_column_container\"><div class=\"vc_column-inner\"><div class=\"wpb_wrapper\"><div class=\"w-image align_center\"><div class=\"w-image-h\"><img decoding=\"async\" width=\"1024\" height=\"683\" data-src=\"https:\/\/intercontrol.be\/wp-content\/uploads\/2024\/08\/Beinlich-ECO.pump-2-1024x683.jpg\" class=\"attachment-large size-large lazyload\" alt=\"Beinlich ECO.pump\" data-srcset=\"https:\/\/intercontrol.be\/wp-content\/uploads\/2024\/08\/Beinlich-ECO.pump-2-1024x683.jpg 1024w, https:\/\/intercontrol.be\/wp-content\/uploads\/2024\/08\/Beinlich-ECO.pump-2-300x200.jpg 300w, https:\/\/intercontrol.be\/wp-content\/uploads\/2024\/08\/Beinlich-ECO.pump-2-700x467.jpg 700w, https:\/\/intercontrol.be\/wp-content\/uploads\/2024\/08\/Beinlich-ECO.pump-2-600x400.jpg 600w, https:\/\/intercontrol.be\/wp-content\/uploads\/2024\/08\/Beinlich-ECO.pump-2.jpg 1200w\" data-sizes=\"(max-width: 1024px) 100vw, 1024px\" src=\"data:image\/svg+xml;base64,PHN2ZyB3aWR0aD0iMSIgaGVpZ2h0PSIxIiB4bWxucz0iaHR0cDovL3d3dy53My5vcmcvMjAwMC9zdmciPjwvc3ZnPg==\" style=\"--smush-placeholder-width: 1024px; --smush-placeholder-aspect-ratio: 1024\/683;\" \/><\/div><\/div><div class=\"w-separator size_medium\"><\/div><div class=\"wpb_text_column\"><div class=\"wpb_wrapper\"><h3>Avantages de la pompe \u00e0 engrenages ext\u00e9rieurs ECO.pump<\/h3>\n<ul>\n<li>Faible dosage de pulsation du milieu<\/li>\n<li>Montage et d\u00e9montage simples et rapides<\/li>\n<li>\u00c9conomique<\/li>\n<li>L\u00e9ger<\/li>\n<\/ul>\n<\/div><\/div><\/div><\/div><\/div><\/div><div class=\"w-separator size_huge with_line width_default thick_1 style_solid color_primary align_center with_text with_content\"><div class=\"w-separator-h\"><h3 class=\"w-separator-text\"><span>Demande(s)<\/span><\/h3><\/div><\/div><div class=\"g-cols wpb_row via_flex valign_top type_default stacking_default\"><div class=\"vc_col-sm-6 wpb_column vc_column_container\"><div class=\"vc_column-inner\"><div class=\"wpb_wrapper\"><div class=\"wpb_text_column\"><div class=\"wpb_wrapper\"><ul>\n<li>Dosage de supports sans charges : isocyanates, polyol, silicones, adh\u00e9sifs, hot melt, peintures et huiles<\/li>\n<\/ul>\n<\/div><\/div><\/div><\/div><\/div><div class=\"vc_col-sm-6 wpb_column vc_column_container\"><div class=\"vc_column-inner\"><div class=\"wpb_wrapper\"><\/div><\/div><\/div><\/div><div class=\"w-separator size_medium\"><\/div><div class=\"w-image align_center\"><div class=\"w-image-h\"><img decoding=\"async\" width=\"1024\" height=\"683\" data-src=\"https:\/\/intercontrol.be\/wp-content\/uploads\/2024\/08\/Beinlich-ECO.pump-3-1024x683.jpg\" class=\"attachment-large size-large lazyload\" alt=\"Beinlich ECO.pump\" data-srcset=\"https:\/\/intercontrol.be\/wp-content\/uploads\/2024\/08\/Beinlich-ECO.pump-3-1024x683.jpg 1024w, https:\/\/intercontrol.be\/wp-content\/uploads\/2024\/08\/Beinlich-ECO.pump-3-300x200.jpg 300w, https:\/\/intercontrol.be\/wp-content\/uploads\/2024\/08\/Beinlich-ECO.pump-3-700x467.jpg 700w, https:\/\/intercontrol.be\/wp-content\/uploads\/2024\/08\/Beinlich-ECO.pump-3-600x400.jpg 600w, https:\/\/intercontrol.be\/wp-content\/uploads\/2024\/08\/Beinlich-ECO.pump-3.jpg 1200w\" data-sizes=\"(max-width: 1024px) 100vw, 1024px\" src=\"data:image\/svg+xml;base64,PHN2ZyB3aWR0aD0iMSIgaGVpZ2h0PSIxIiB4bWxucz0iaHR0cDovL3d3dy53My5vcmcvMjAwMC9zdmciPjwvc3ZnPg==\" style=\"--smush-placeholder-width: 1024px; --smush-placeholder-aspect-ratio: 1024\/683;\" \/><\/div><\/div><div class=\"w-separator size_huge with_line width_default thick_1 style_solid color_primary align_center with_text with_content\"><div class=\"w-separator-h\"><h3 class=\"w-separator-text\"><span>T\u00e9l\u00e9chargement(s)<\/span><\/h3><\/div><\/div><div class=\"g-cols wpb_row via_flex valign_top type_default stacking_default\"><div class=\"vc_col-sm-12 wpb_column vc_column_container has_bg_color\"><div class=\"vc_column-inner us_custom_eac59c77\"><div class=\"wpb_wrapper\"><div class=\"wpb_text_column\"><div class=\"wpb_wrapper\"><ul>\n<li><a href=\"https:\/\/intercontrol.be\/wp-content\/uploads\/2024\/08\/Beinlich-ECO.pump-Externe-tandwielpomp-Datasheet-ENG.pdf\">Beinlich ECO.pump \u2013 Pompe \u00e0 engrenages externes \u2013 Fiche technique (anglais)<\/a><\/li>\n<\/ul>\n<\/div><\/div><\/div><\/div><\/div><\/div><div class=\"vc_col-sm-6 wpb_column vc_column_container\"><div class=\"vc_column-inner\"><div class=\"wpb_wrapper\"><\/div><\/div><\/div><div class=\"vc_col-sm-6 wpb_column vc_column_container\"><div class=\"vc_column-inner\"><div class=\"wpb_wrapper\"><\/div><\/div><\/div><\/div><\/div><\/div><\/div><\/div><\/section>\n","protected":false},"excerpt":{"rendered":"Beinlich ECO.pump Convient au dosage de fluides visqueux jusqu&#8217;\u00e0 200 000 mPas L&#8217;ECO.pump convient au dosage de fluides visqueux jusqu&#8217;\u00e0 200 000 mPas et convient \u00e0 de nombreuses applications courantes. Pr\u00e9sentation du produit Fabricant Beinlich Cylindr\u00e9e 1 \u00e0 400 tr\/min Plage de vitesse 1 tot 400 rpm Plage de viscosit\u00e9 1 \u00e0 1 000 000...","protected":false},"featured_media":41294,"comment_status":"closed","ping_status":"closed","template":"","meta":{"_acf_changed":false,"_monsterinsights_skip_tracking":false,"_monsterinsights_sitenote_active":false,"_monsterinsights_sitenote_note":"","_monsterinsights_sitenote_category":0},"product_brand":[],"product_cat":[1180,1174],"product_tag":[],"class_list":{"0":"post-41309","1":"product","2":"type-product","3":"status-publish","4":"has-post-thumbnail","6":"product_cat-pompes-doseuses","7":"product_cat-pompes-industrielles","9":"first","10":"instock","11":"shipping-taxable","12":"product-type-simple"},"acf":[],"yoast_head":"<!-- This site is optimized with the Yoast SEO plugin v27.6 - https:\/\/yoast.com\/product\/yoast-seo-wordpress\/ -->\n<title>Beinlich ECO.pump Pompe \u00e0 engrenages externes - Intercontrol Belgi\u00eb<\/title>\n<meta name=\"description\" content=\"L&#039;ECO.pump convient au dosage de fluides visqueux jusqu&#039;\u00e0 200 000 mPas et convient \u00e0 de nombreuses applications courantes.\" \/>\n<meta name=\"robots\" content=\"index, follow, max-snippet:-1, max-image-preview:large, max-video-preview:-1\" \/>\n<link rel=\"canonical\" href=\"https:\/\/intercontrol.be\/frs\/pompes-doseuses\/pompe-beinlich-eco-pompe-a-engrenages-externes\/\" \/>\n<meta property=\"og:locale\" content=\"fr_FR\" \/>\n<meta property=\"og:type\" content=\"article\" \/>\n<meta property=\"og:title\" content=\"Beinlich ECO.pump Pompe \u00e0 engrenages externes - Intercontrol Belgi\u00eb\" \/>\n<meta property=\"og:description\" content=\"L&#039;ECO.pump convient au dosage de fluides visqueux jusqu&#039;\u00e0 200 000 mPas et convient \u00e0 de nombreuses applications courantes.\" \/>\n<meta property=\"og:url\" content=\"https:\/\/intercontrol.be\/frs\/pompes-doseuses\/pompe-beinlich-eco-pompe-a-engrenages-externes\/\" \/>\n<meta property=\"og:site_name\" content=\"Intercontrol Belgi\u00eb\" \/>\n<meta property=\"article:modified_time\" content=\"2024-10-08T13:16:16+00:00\" \/>\n<meta property=\"og:image\" content=\"https:\/\/intercontrol.be\/wp-content\/uploads\/2024\/08\/Beinlich-ECO.pump_.jpg\" \/>\n\t<meta property=\"og:image:width\" content=\"500\" \/>\n\t<meta property=\"og:image:height\" content=\"500\" \/>\n\t<meta property=\"og:image:type\" content=\"image\/jpeg\" \/>\n<meta name=\"twitter:card\" content=\"summary_large_image\" \/>\n<meta name=\"twitter:label1\" content=\"Dur\u00e9e de lecture estim\u00e9e\" \/>\n\t<meta name=\"twitter:data1\" content=\"2 minutes\" \/>\n<script type=\"application\/ld+json\" class=\"yoast-schema-graph\">{\"@context\":\"https:\\\/\\\/schema.org\",\"@graph\":[{\"@type\":\"WebPage\",\"@id\":\"https:\\\/\\\/intercontrol.be\\\/frs\\\/pompes-doseuses\\\/pompe-beinlich-eco-pompe-a-engrenages-externes\\\/\",\"url\":\"https:\\\/\\\/intercontrol.be\\\/frs\\\/pompes-doseuses\\\/pompe-beinlich-eco-pompe-a-engrenages-externes\\\/\",\"name\":\"Beinlich ECO.pump Pompe \u00e0 engrenages externes - Intercontrol Belgi\u00eb\",\"isPartOf\":{\"@id\":\"https:\\\/\\\/intercontrol.be\\\/#website\"},\"primaryImageOfPage\":{\"@id\":\"https:\\\/\\\/intercontrol.be\\\/frs\\\/pompes-doseuses\\\/pompe-beinlich-eco-pompe-a-engrenages-externes\\\/#primaryimage\"},\"image\":{\"@id\":\"https:\\\/\\\/intercontrol.be\\\/frs\\\/pompes-doseuses\\\/pompe-beinlich-eco-pompe-a-engrenages-externes\\\/#primaryimage\"},\"thumbnailUrl\":\"https:\\\/\\\/intercontrol.be\\\/wp-content\\\/uploads\\\/2024\\\/08\\\/Beinlich-ECO.pump_.jpg\",\"datePublished\":\"2024-08-23T08:33:51+00:00\",\"dateModified\":\"2024-10-08T13:16:16+00:00\",\"description\":\"L'ECO.pump convient au dosage de fluides visqueux jusqu'\u00e0 200 000 mPas et convient \u00e0 de nombreuses applications courantes.\",\"breadcrumb\":{\"@id\":\"https:\\\/\\\/intercontrol.be\\\/frs\\\/pompes-doseuses\\\/pompe-beinlich-eco-pompe-a-engrenages-externes\\\/#breadcrumb\"},\"inLanguage\":\"fr-FR\",\"potentialAction\":[{\"@type\":\"ReadAction\",\"target\":[\"https:\\\/\\\/intercontrol.be\\\/frs\\\/pompes-doseuses\\\/pompe-beinlich-eco-pompe-a-engrenages-externes\\\/\"]}]},{\"@type\":\"ImageObject\",\"inLanguage\":\"fr-FR\",\"@id\":\"https:\\\/\\\/intercontrol.be\\\/frs\\\/pompes-doseuses\\\/pompe-beinlich-eco-pompe-a-engrenages-externes\\\/#primaryimage\",\"url\":\"https:\\\/\\\/intercontrol.be\\\/wp-content\\\/uploads\\\/2024\\\/08\\\/Beinlich-ECO.pump_.jpg\",\"contentUrl\":\"https:\\\/\\\/intercontrol.be\\\/wp-content\\\/uploads\\\/2024\\\/08\\\/Beinlich-ECO.pump_.jpg\",\"width\":500,\"height\":500,\"caption\":\"Beinlich ECO.pump\"},{\"@type\":\"BreadcrumbList\",\"@id\":\"https:\\\/\\\/intercontrol.be\\\/frs\\\/pompes-doseuses\\\/pompe-beinlich-eco-pompe-a-engrenages-externes\\\/#breadcrumb\",\"itemListElement\":[{\"@type\":\"ListItem\",\"position\":1,\"name\":\"Home\",\"item\":\"https:\\\/\\\/intercontrol.be\\\/frs\\\/\"},{\"@type\":\"ListItem\",\"position\":2,\"name\":\"Catalogus\",\"item\":\"https:\\\/\\\/intercontrol.be\\\/catalogus\\\/\"},{\"@type\":\"ListItem\",\"position\":3,\"name\":\"Beinlich ECO.pump Pompe \u00e0 engrenages externes\"}]},{\"@type\":\"WebSite\",\"@id\":\"https:\\\/\\\/intercontrol.be\\\/#website\",\"url\":\"https:\\\/\\\/intercontrol.be\\\/\",\"name\":\"Intercontrol Belgi\u00eb\",\"description\":\"Alles onder controle!\",\"potentialAction\":[{\"@type\":\"SearchAction\",\"target\":{\"@type\":\"EntryPoint\",\"urlTemplate\":\"https:\\\/\\\/intercontrol.be\\\/?s={search_term_string}\"},\"query-input\":{\"@type\":\"PropertyValueSpecification\",\"valueRequired\":true,\"valueName\":\"search_term_string\"}}],\"inLanguage\":\"fr-FR\"}]}<\/script>\n<!-- \/ Yoast SEO plugin. -->","yoast_head_json":{"title":"Beinlich ECO.pump Pompe \u00e0 engrenages externes - Intercontrol Belgi\u00eb","description":"L'ECO.pump convient au dosage de fluides visqueux jusqu'\u00e0 200 000 mPas et convient \u00e0 de nombreuses applications courantes.","robots":{"index":"index","follow":"follow","max-snippet":"max-snippet:-1","max-image-preview":"max-image-preview:large","max-video-preview":"max-video-preview:-1"},"canonical":"https:\/\/intercontrol.be\/frs\/pompes-doseuses\/pompe-beinlich-eco-pompe-a-engrenages-externes\/","og_locale":"fr_FR","og_type":"article","og_title":"Beinlich ECO.pump Pompe \u00e0 engrenages externes - Intercontrol Belgi\u00eb","og_description":"L'ECO.pump convient au dosage de fluides visqueux jusqu'\u00e0 200 000 mPas et convient \u00e0 de nombreuses applications courantes.","og_url":"https:\/\/intercontrol.be\/frs\/pompes-doseuses\/pompe-beinlich-eco-pompe-a-engrenages-externes\/","og_site_name":"Intercontrol Belgi\u00eb","article_modified_time":"2024-10-08T13:16:16+00:00","og_image":[{"width":500,"height":500,"url":"https:\/\/intercontrol.be\/wp-content\/uploads\/2024\/08\/Beinlich-ECO.pump_.jpg","type":"image\/jpeg"}],"twitter_card":"summary_large_image","twitter_misc":{"Dur\u00e9e de lecture estim\u00e9e":"2 minutes"},"schema":{"@context":"https:\/\/schema.org","@graph":[{"@type":"WebPage","@id":"https:\/\/intercontrol.be\/frs\/pompes-doseuses\/pompe-beinlich-eco-pompe-a-engrenages-externes\/","url":"https:\/\/intercontrol.be\/frs\/pompes-doseuses\/pompe-beinlich-eco-pompe-a-engrenages-externes\/","name":"Beinlich ECO.pump Pompe \u00e0 engrenages externes - Intercontrol Belgi\u00eb","isPartOf":{"@id":"https:\/\/intercontrol.be\/#website"},"primaryImageOfPage":{"@id":"https:\/\/intercontrol.be\/frs\/pompes-doseuses\/pompe-beinlich-eco-pompe-a-engrenages-externes\/#primaryimage"},"image":{"@id":"https:\/\/intercontrol.be\/frs\/pompes-doseuses\/pompe-beinlich-eco-pompe-a-engrenages-externes\/#primaryimage"},"thumbnailUrl":"https:\/\/intercontrol.be\/wp-content\/uploads\/2024\/08\/Beinlich-ECO.pump_.jpg","datePublished":"2024-08-23T08:33:51+00:00","dateModified":"2024-10-08T13:16:16+00:00","description":"L'ECO.pump convient au dosage de fluides visqueux jusqu'\u00e0 200 000 mPas et convient \u00e0 de nombreuses applications courantes.","breadcrumb":{"@id":"https:\/\/intercontrol.be\/frs\/pompes-doseuses\/pompe-beinlich-eco-pompe-a-engrenages-externes\/#breadcrumb"},"inLanguage":"fr-FR","potentialAction":[{"@type":"ReadAction","target":["https:\/\/intercontrol.be\/frs\/pompes-doseuses\/pompe-beinlich-eco-pompe-a-engrenages-externes\/"]}]},{"@type":"ImageObject","inLanguage":"fr-FR","@id":"https:\/\/intercontrol.be\/frs\/pompes-doseuses\/pompe-beinlich-eco-pompe-a-engrenages-externes\/#primaryimage","url":"https:\/\/intercontrol.be\/wp-content\/uploads\/2024\/08\/Beinlich-ECO.pump_.jpg","contentUrl":"https:\/\/intercontrol.be\/wp-content\/uploads\/2024\/08\/Beinlich-ECO.pump_.jpg","width":500,"height":500,"caption":"Beinlich ECO.pump"},{"@type":"BreadcrumbList","@id":"https:\/\/intercontrol.be\/frs\/pompes-doseuses\/pompe-beinlich-eco-pompe-a-engrenages-externes\/#breadcrumb","itemListElement":[{"@type":"ListItem","position":1,"name":"Home","item":"https:\/\/intercontrol.be\/frs\/"},{"@type":"ListItem","position":2,"name":"Catalogus","item":"https:\/\/intercontrol.be\/catalogus\/"},{"@type":"ListItem","position":3,"name":"Beinlich ECO.pump Pompe \u00e0 engrenages externes"}]},{"@type":"WebSite","@id":"https:\/\/intercontrol.be\/#website","url":"https:\/\/intercontrol.be\/","name":"Intercontrol Belgi\u00eb","description":"Alles onder controle!","potentialAction":[{"@type":"SearchAction","target":{"@type":"EntryPoint","urlTemplate":"https:\/\/intercontrol.be\/?s={search_term_string}"},"query-input":{"@type":"PropertyValueSpecification","valueRequired":true,"valueName":"search_term_string"}}],"inLanguage":"fr-FR"}]}},"_links":{"self":[{"href":"https:\/\/intercontrol.be\/frs\/wp-json\/wp\/v2\/product\/41309","targetHints":{"allow":["GET"]}}],"collection":[{"href":"https:\/\/intercontrol.be\/frs\/wp-json\/wp\/v2\/product"}],"about":[{"href":"https:\/\/intercontrol.be\/frs\/wp-json\/wp\/v2\/types\/product"}],"replies":[{"embeddable":true,"href":"https:\/\/intercontrol.be\/frs\/wp-json\/wp\/v2\/comments?post=41309"}],"wp:featuredmedia":[{"embeddable":true,"href":"https:\/\/intercontrol.be\/frs\/wp-json\/wp\/v2\/media\/41294"}],"wp:attachment":[{"href":"https:\/\/intercontrol.be\/frs\/wp-json\/wp\/v2\/media?parent=41309"}],"wp:term":[{"taxonomy":"product_brand","embeddable":true,"href":"https:\/\/intercontrol.be\/frs\/wp-json\/wp\/v2\/product_brand?post=41309"},{"taxonomy":"product_cat","embeddable":true,"href":"https:\/\/intercontrol.be\/frs\/wp-json\/wp\/v2\/product_cat?post=41309"},{"taxonomy":"product_tag","embeddable":true,"href":"https:\/\/intercontrol.be\/frs\/wp-json\/wp\/v2\/product_tag?post=41309"}],"curies":[{"name":"wp","href":"https:\/\/api.w.org\/{rel}","templated":true}]}}