{"id":41308,"date":"2024-08-22T16:36:14","date_gmt":"2024-08-22T16:36:14","guid":{"rendered":"https:\/\/intercontrol.be\/uncategorized\/beinlich-dartec-pompe-a-engrenages-externes\/"},"modified":"2024-12-06T09:24:25","modified_gmt":"2024-12-06T09:24:25","slug":"beinlich-dartec-pompe-a-engrenages-externes","status":"publish","type":"product","link":"https:\/\/intercontrol.be\/frs\/pompes-doseuses\/beinlich-dartec-pompe-a-engrenages-externes\/","title":{"rendered":"<b>Beinlich DARTec<\/b> <br>pompe \u00e0 engrenages externes"},"content":{"rendered":"<section class=\"l-section wpb_row height_large color_primary parallax_ver with_shape\"><div class=\"l-section-overlay\" style=\"background:rgba(6,56,119,0.81)\"><\/div><div class=\"l-section-shape type_triangle pos_bottom\" style=\"height:5vh;\"><svg xmlns=\"http:\/\/www.w3.org\/2000\/svg\" viewBox=\"0 0 64 8\" preserveAspectRatio=\"none\" width=\"100%\" height=\"100%\">\r\n\t<path fill=\"currentColor\" d=\"M64 8 L0 8 L0 0 L32 7.9 L64 0 Z\"\/>\r\n<\/svg><\/div><div class=\"l-section-h i-cf\"><div class=\"g-cols vc_row via_flex valign_top type_default stacking_default\"><div class=\"vc_col-sm-2 wpb_column vc_column_container\"><div class=\"vc_column-inner\"><div class=\"wpb_wrapper\"><\/div><\/div><\/div><div class=\"vc_col-sm-8 wpb_column vc_column_container\"><div class=\"vc_column-inner\"><div class=\"wpb_wrapper\"><div class=\"wpb_text_column\"><div class=\"wpb_wrapper\"><h1 style=\"text-align: center;\">Beinlich DARTec\u00ae<\/h1>\n<\/div><\/div><div class=\"w-image align_center\"><div class=\"w-image-h\"><img decoding=\"async\" width=\"50\" height=\"10\" data-src=\"https:\/\/intercontrol.be\/wp-content\/uploads\/2021\/04\/intercontrol-dividerwit.png\" class=\"attachment-large size-large lazyload\" alt=\"\" src=\"data:image\/svg+xml;base64,PHN2ZyB3aWR0aD0iMSIgaGVpZ2h0PSIxIiB4bWxucz0iaHR0cDovL3d3dy53My5vcmcvMjAwMC9zdmciPjwvc3ZnPg==\" style=\"--smush-placeholder-width: 50px; --smush-placeholder-aspect-ratio: 50\/10;\" \/><\/div><\/div><div class=\"w-separator size_small\"><\/div><div class=\"wpb_text_column\"><div class=\"wpb_wrapper\"><h3 style=\"text-align: center;\">Sp\u00e9cialement con\u00e7u pour le dosage pr\u00e9cis de liquides thermiquement r\u00e9actifs.<\/h3>\n<\/div><\/div><\/div><\/div><\/div><div class=\"vc_col-sm-2 wpb_column vc_column_container\"><div class=\"vc_column-inner\"><div class=\"wpb_wrapper\"><\/div><\/div><\/div><\/div><\/div><\/section><section class=\"l-section wpb_row height_large\"><div class=\"l-section-h i-cf\"><div class=\"g-cols vc_row via_flex valign_top type_default stacking_default\" style=\"--additional-gap:10px;\"><div class=\"vc_col-sm-12 wpb_column vc_column_container\"><div class=\"vc_column-inner\"><div class=\"wpb_wrapper\"><div class=\"g-cols wpb_row via_flex valign_middle type_default stacking_default\"><div class=\"vc_col-sm-8 wpb_column vc_column_container\"><div class=\"vc_column-inner\"><div class=\"wpb_wrapper\"><div class=\"w-image align_none\"><div class=\"w-image-h\"><img decoding=\"async\" width=\"1024\" height=\"683\" data-src=\"https:\/\/intercontrol.be\/wp-content\/uploads\/2024\/08\/Beinlich-DARTec-externe-tandwielpomp-2-1024x683.jpg\" class=\"attachment-large size-large lazyload\" alt=\"Beinlich DARTec externe tandwielpomp\" data-srcset=\"https:\/\/intercontrol.be\/wp-content\/uploads\/2024\/08\/Beinlich-DARTec-externe-tandwielpomp-2-1024x683.jpg 1024w, https:\/\/intercontrol.be\/wp-content\/uploads\/2024\/08\/Beinlich-DARTec-externe-tandwielpomp-2-300x200.jpg 300w, https:\/\/intercontrol.be\/wp-content\/uploads\/2024\/08\/Beinlich-DARTec-externe-tandwielpomp-2-700x467.jpg 700w, https:\/\/intercontrol.be\/wp-content\/uploads\/2024\/08\/Beinlich-DARTec-externe-tandwielpomp-2-600x400.jpg 600w, https:\/\/intercontrol.be\/wp-content\/uploads\/2024\/08\/Beinlich-DARTec-externe-tandwielpomp-2.jpg 1200w\" data-sizes=\"(max-width: 1024px) 100vw, 1024px\" src=\"data:image\/svg+xml;base64,PHN2ZyB3aWR0aD0iMSIgaGVpZ2h0PSIxIiB4bWxucz0iaHR0cDovL3d3dy53My5vcmcvMjAwMC9zdmciPjwvc3ZnPg==\" style=\"--smush-placeholder-width: 1024px; --smush-placeholder-aspect-ratio: 1024\/683;\" \/><\/div><\/div><\/div><\/div><\/div><div class=\"vc_col-sm-4 wpb_column vc_column_container\"><div class=\"vc_column-inner\"><div class=\"wpb_wrapper\"><div class=\"w-image align_none\"><a title=\"Beinlich\" href=\"https:\/\/intercontrol.be\/frs\/beinlich\/\" aria-label=\"Link\" class=\"w-image-h\"><img decoding=\"async\" width=\"400\" height=\"200\" data-src=\"https:\/\/intercontrol.be\/wp-content\/uploads\/2022\/09\/beinlich-batch.jpg\" class=\"attachment-large size-large lazyload\" alt=\"\" data-srcset=\"https:\/\/intercontrol.be\/wp-content\/uploads\/2022\/09\/beinlich-batch.jpg 400w, https:\/\/intercontrol.be\/wp-content\/uploads\/2022\/09\/beinlich-batch-300x150.jpg 300w\" data-sizes=\"(max-width: 400px) 100vw, 400px\" src=\"data:image\/svg+xml;base64,PHN2ZyB3aWR0aD0iMSIgaGVpZ2h0PSIxIiB4bWxucz0iaHR0cDovL3d3dy53My5vcmcvMjAwMC9zdmciPjwvc3ZnPg==\" style=\"--smush-placeholder-width: 400px; --smush-placeholder-aspect-ratio: 400\/200;\" \/><\/a><\/div><div class=\"wpb_text_column\"><div class=\"wpb_wrapper\"><p>Sp\u00e9cialement con\u00e7u pour le dosage pr\u00e9cis de liquides thermiquement r\u00e9actifs.<\/p>\n<\/div><\/div><\/div><\/div><\/div><\/div><div class=\"w-separator size_huge with_line width_default thick_1 style_solid color_primary align_center with_text with_content\"><div class=\"w-separator-h\"><h3 class=\"w-separator-text\"><span>Pr\u00e9sentation du produit<\/span><\/h3><\/div><\/div><div class=\"wpb_text_column\"><div class=\"wpb_wrapper\"><table width=\"100%\">\n<tbody>\n<tr>\n<th style=\"text-align: left;\"><b>Fabricant<\/b><\/th>\n<td>Beinlich<\/td>\n<\/tr>\n<tr>\n<th style=\"text-align: left;\">Cylindr\u00e9e<\/th>\n<td>0,1 \u00e0 6,0 cc\/tr<\/td>\n<\/tr>\n<tr>\n<th style=\"text-align: left;\">Plage de vitesse<\/th>\n<td>1 \u00e0 400 tr\/min<\/td>\n<\/tr>\n<tr>\n<th style=\"text-align: left;\">Plage de viscosit\u00e9<\/th>\n<td>1 \u00e0 1.000.000 mPas<\/td>\n<\/tr>\n<tr>\n<th style=\"text-align: left;\">Temp\u00e9rature<\/th>\n<td>-20 \u00e0 150\u00b0 C (des versions sp\u00e9ciales sont disponibles pour diff\u00e9rentes temp\u00e9ratures)<\/td>\n<\/tr>\n<tr>\n<th style=\"text-align: left;\">Pression<\/th>\n<td>jusqu&#8217;\u00e0 150 Bar (en fonction de la vitesse et de la viscosit\u00e9)<\/td>\n<\/tr>\n<\/tbody>\n<\/table>\n<\/div><\/div><div class=\"w-separator size_huge with_line width_default thick_1 style_solid color_primary align_center with_text with_content\"><div class=\"w-separator-h\"><h3 class=\"w-separator-text\"><span>Caract\u00e9ristiques<\/span><\/h3><\/div><\/div><div class=\"g-cols wpb_row via_flex valign_top type_default stacking_default\"><div class=\"vc_col-sm-4 wpb_column vc_column_container\"><div class=\"vc_column-inner\"><div class=\"wpb_wrapper\"><div class=\"wpb_text_column\"><div class=\"wpb_wrapper\"><p>Le syst\u00e8me de roulement \u00e0 aiguilles prot\u00e9g\u00e9 et scell\u00e9 \u00e9limine tout contact du mat\u00e9riau avec les roulements, emp\u00eachant ainsi le glissement et la chaleur de friction dans ces zones normalement associ\u00e9es aux pompes \u00e0 engrenages externes. Cette innovation se traduit par une r\u00e9duction notable de la quantit\u00e9 de solvant n\u00e9cessaire pour rincer la pompe et des temps d&#8217;arr\u00eat entre les t\u00e2ches. Cela conduit \u00e9galement \u00e0 une efficacit\u00e9 globale am\u00e9lior\u00e9e, g\u00e9n\u00e9ralement &gt;95\u00a0%.<\/p>\n<\/div><\/div><div class=\"wpb_text_column\"><div class=\"wpb_wrapper\"><p>Le DARTec\u00ae est \u00e9galement disponible dans une construction l\u00e9g\u00e8re (700 grammes) et est optimal pour une utilisation sur les \u00e9quipements de dosage robotis\u00e9s \u00e0 3 et 4 axes.<\/p>\n<\/div><\/div><\/div><\/div><\/div><div class=\"vc_col-sm-8 wpb_column vc_column_container\"><div class=\"vc_column-inner\"><div class=\"wpb_wrapper\"><div class=\"w-image align_center\"><div class=\"w-image-h\"><img decoding=\"async\" width=\"1024\" height=\"683\" data-src=\"https:\/\/intercontrol.be\/wp-content\/uploads\/2024\/08\/Beinlich-DARTec-externe-tandwielpomp-3-1024x683.jpg\" class=\"attachment-large size-large lazyload\" alt=\"Beinlich DARTec externe tandwielpomp 3\" data-srcset=\"https:\/\/intercontrol.be\/wp-content\/uploads\/2024\/08\/Beinlich-DARTec-externe-tandwielpomp-3-1024x683.jpg 1024w, https:\/\/intercontrol.be\/wp-content\/uploads\/2024\/08\/Beinlich-DARTec-externe-tandwielpomp-3-300x200.jpg 300w, https:\/\/intercontrol.be\/wp-content\/uploads\/2024\/08\/Beinlich-DARTec-externe-tandwielpomp-3-700x467.jpg 700w, https:\/\/intercontrol.be\/wp-content\/uploads\/2024\/08\/Beinlich-DARTec-externe-tandwielpomp-3-600x400.jpg 600w, https:\/\/intercontrol.be\/wp-content\/uploads\/2024\/08\/Beinlich-DARTec-externe-tandwielpomp-3.jpg 1200w\" data-sizes=\"(max-width: 1024px) 100vw, 1024px\" src=\"data:image\/svg+xml;base64,PHN2ZyB3aWR0aD0iMSIgaGVpZ2h0PSIxIiB4bWxucz0iaHR0cDovL3d3dy53My5vcmcvMjAwMC9zdmciPjwvc3ZnPg==\" style=\"--smush-placeholder-width: 1024px; --smush-placeholder-aspect-ratio: 1024\/683;\" \/><\/div><\/div><\/div><\/div><\/div><\/div><div class=\"w-separator size_medium\"><\/div><div class=\"g-cols wpb_row via_flex valign_top type_default stacking_default\"><div class=\"vc_col-sm-12 wpb_column vc_column_container\"><div class=\"vc_column-inner\"><div class=\"wpb_wrapper\"><div class=\"w-separator size_medium\"><\/div><div class=\"wpb_text_column\"><div class=\"wpb_wrapper\"><h3>Avantages de la pompe \u00e0 engrenages externes DARTec\u00ae<\/h3>\n<ul>\n<li>Faible pulsation et dosage pr\u00e9cis du produit \u00e0 transporter<\/li>\n<li>&#8220;Dosage start-stop&#8221; de haute pr\u00e9cision<\/li>\n<li>Construction l\u00e9g\u00e8re \u00e9galement disponible<\/li>\n<li>Pression d&#8217;entr\u00e9e \u00e9lev\u00e9e<\/li>\n<li>Efficacit\u00e9 la plus \u00e9lev\u00e9e de toutes les pompes \u00e0 engrenages Beinlich<\/li>\n<\/ul>\n<\/div><\/div><\/div><\/div><\/div><\/div><div class=\"w-separator size_huge with_line width_default thick_1 style_solid color_primary align_center with_text with_content\"><div class=\"w-separator-h\"><h3 class=\"w-separator-text\"><span>Demande(s)<\/span><\/h3><\/div><\/div><div class=\"g-cols wpb_row via_flex valign_top type_default stacking_default\"><div class=\"vc_col-sm-6 wpb_column vc_column_container\"><div class=\"vc_column-inner\"><div class=\"wpb_wrapper\"><div class=\"wpb_text_column\"><div class=\"wpb_wrapper\"><ul>\n<li>Fluides de durcissement UV<\/li>\n<li>acryliques<\/li>\n<li>peroxydes organiques<\/li>\n<li>additifs<\/li>\n<li>fluides thermiquement r\u00e9actifs<\/li>\n<\/ul>\n<\/div><\/div><\/div><\/div><\/div><div class=\"vc_col-sm-6 wpb_column vc_column_container\"><div class=\"vc_column-inner\"><div class=\"wpb_wrapper\"><\/div><\/div><\/div><\/div><div class=\"w-separator size_huge with_line width_default thick_1 style_solid color_primary align_center with_text with_content\"><div class=\"w-separator-h\"><h3 class=\"w-separator-text\"><span>T\u00e9l\u00e9chargement(s)<\/span><\/h3><\/div><\/div><div class=\"g-cols wpb_row via_flex valign_top type_default stacking_default\"><div class=\"vc_col-sm-12 wpb_column vc_column_container has_bg_color\"><div class=\"vc_column-inner us_custom_eac59c77\"><div class=\"wpb_wrapper\"><div class=\"wpb_text_column\"><div class=\"wpb_wrapper\"><ul>\n<li><a href=\"https:\/\/intercontrol.be\/wp-content\/uploads\/2024\/08\/Beinlich-DARTec-Externe-tandwielpomp-Datasheet-ENG.pdf\">Beinlich DARTec &#8211; Externe tandwielpomp &#8211; Datasheet (ENG)<\/a><\/li>\n<\/ul>\n<\/div><\/div><\/div><\/div><\/div><\/div><div class=\"vc_col-sm-6 wpb_column vc_column_container\"><div class=\"vc_column-inner\"><div class=\"wpb_wrapper\"><\/div><\/div><\/div><div class=\"vc_col-sm-6 wpb_column vc_column_container\"><div class=\"vc_column-inner\"><div class=\"wpb_wrapper\"><\/div><\/div><\/div><\/div><\/div><\/div><\/div><\/div><\/section>\n","protected":false},"excerpt":{"rendered":"Beinlich DARTec\u00ae Sp\u00e9cialement con\u00e7u pour le dosage pr\u00e9cis de liquides thermiquement r\u00e9actifs. Sp\u00e9cialement con\u00e7u pour le dosage pr\u00e9cis de liquides thermiquement r\u00e9actifs. Pr\u00e9sentation du produit Fabricant Beinlich Cylindr\u00e9e 0,1 \u00e0 6,0 cc\/tr Plage de vitesse 1 \u00e0 400 tr\/min Plage de viscosit\u00e9 1 \u00e0 1.000.000 mPas Temp\u00e9rature -20 \u00e0 150\u00b0 C (des versions sp\u00e9ciales sont...","protected":false},"featured_media":41277,"comment_status":"closed","ping_status":"closed","template":"","meta":{"_acf_changed":false,"_monsterinsights_skip_tracking":false,"_monsterinsights_sitenote_active":false,"_monsterinsights_sitenote_note":"","_monsterinsights_sitenote_category":0},"product_brand":[],"product_cat":[1180,1174],"product_tag":[],"class_list":{"0":"post-41308","1":"product","2":"type-product","3":"status-publish","4":"has-post-thumbnail","6":"product_cat-pompes-doseuses","7":"product_cat-pompes-industrielles","9":"first","10":"instock","11":"shipping-taxable","12":"product-type-simple"},"acf":[],"yoast_head":"<!-- This site is optimized with the Yoast SEO plugin v27.6 - https:\/\/yoast.com\/product\/yoast-seo-wordpress\/ -->\n<title>Beinlich DARTec pompe \u00e0 engrenages externes - Intercontrol Belgi\u00eb<\/title>\n<meta name=\"description\" content=\"Le Beinlich DARTec est sp\u00e9cialement con\u00e7u pour le dosage pr\u00e9cis de liquides thermiquement r\u00e9actifs. Consultez les sp\u00e9cifications\u00a0!\" \/>\n<meta name=\"robots\" content=\"index, follow, max-snippet:-1, max-image-preview:large, max-video-preview:-1\" \/>\n<link rel=\"canonical\" href=\"https:\/\/intercontrol.be\/doseerpompen\/beinlich-dartec-externe-tandwielpomp\/\" \/>\n<meta property=\"og:locale\" content=\"fr_FR\" \/>\n<meta property=\"og:type\" content=\"article\" \/>\n<meta property=\"og:title\" content=\"Beinlich DARTec pompe \u00e0 engrenages externes - Intercontrol Belgi\u00eb\" \/>\n<meta property=\"og:description\" content=\"Le Beinlich DARTec est sp\u00e9cialement con\u00e7u pour le dosage pr\u00e9cis de liquides thermiquement r\u00e9actifs. Consultez les sp\u00e9cifications\u00a0!\" \/>\n<meta property=\"og:url\" content=\"https:\/\/intercontrol.be\/doseerpompen\/beinlich-dartec-externe-tandwielpomp\/\" \/>\n<meta property=\"og:site_name\" content=\"Intercontrol Belgi\u00eb\" \/>\n<meta property=\"article:modified_time\" content=\"2024-12-06T09:24:25+00:00\" \/>\n<meta property=\"og:image\" content=\"https:\/\/intercontrol.be\/wp-content\/uploads\/2024\/08\/Beinlich-DARTec-externe-tandwielpomp.jpg\" \/>\n\t<meta property=\"og:image:width\" content=\"500\" \/>\n\t<meta property=\"og:image:height\" content=\"500\" \/>\n\t<meta property=\"og:image:type\" content=\"image\/jpeg\" \/>\n<meta name=\"twitter:card\" content=\"summary_large_image\" \/>\n<meta name=\"twitter:label1\" content=\"Dur\u00e9e de lecture estim\u00e9e\" \/>\n\t<meta name=\"twitter:data1\" content=\"3 minutes\" \/>\n<script type=\"application\/ld+json\" class=\"yoast-schema-graph\">{\"@context\":\"https:\\\/\\\/schema.org\",\"@graph\":[{\"@type\":\"WebPage\",\"@id\":\"https:\\\/\\\/intercontrol.be\\\/doseerpompen\\\/beinlich-dartec-externe-tandwielpomp\\\/\",\"url\":\"https:\\\/\\\/intercontrol.be\\\/doseerpompen\\\/beinlich-dartec-externe-tandwielpomp\\\/\",\"name\":\"Beinlich DARTec pompe \u00e0 engrenages externes - Intercontrol Belgi\u00eb\",\"isPartOf\":{\"@id\":\"https:\\\/\\\/intercontrol.be\\\/#website\"},\"primaryImageOfPage\":{\"@id\":\"https:\\\/\\\/intercontrol.be\\\/doseerpompen\\\/beinlich-dartec-externe-tandwielpomp\\\/#primaryimage\"},\"image\":{\"@id\":\"https:\\\/\\\/intercontrol.be\\\/doseerpompen\\\/beinlich-dartec-externe-tandwielpomp\\\/#primaryimage\"},\"thumbnailUrl\":\"https:\\\/\\\/intercontrol.be\\\/wp-content\\\/uploads\\\/2024\\\/08\\\/Beinlich-DARTec-externe-tandwielpomp.jpg\",\"datePublished\":\"2024-08-22T16:36:14+00:00\",\"dateModified\":\"2024-12-06T09:24:25+00:00\",\"description\":\"Le Beinlich DARTec est sp\u00e9cialement con\u00e7u pour le dosage pr\u00e9cis de liquides thermiquement r\u00e9actifs. Consultez les sp\u00e9cifications\u00a0!\",\"breadcrumb\":{\"@id\":\"https:\\\/\\\/intercontrol.be\\\/doseerpompen\\\/beinlich-dartec-externe-tandwielpomp\\\/#breadcrumb\"},\"inLanguage\":\"fr-FR\",\"potentialAction\":[{\"@type\":\"ReadAction\",\"target\":[\"https:\\\/\\\/intercontrol.be\\\/doseerpompen\\\/beinlich-dartec-externe-tandwielpomp\\\/\"]}]},{\"@type\":\"ImageObject\",\"inLanguage\":\"fr-FR\",\"@id\":\"https:\\\/\\\/intercontrol.be\\\/doseerpompen\\\/beinlich-dartec-externe-tandwielpomp\\\/#primaryimage\",\"url\":\"https:\\\/\\\/intercontrol.be\\\/wp-content\\\/uploads\\\/2024\\\/08\\\/Beinlich-DARTec-externe-tandwielpomp.jpg\",\"contentUrl\":\"https:\\\/\\\/intercontrol.be\\\/wp-content\\\/uploads\\\/2024\\\/08\\\/Beinlich-DARTec-externe-tandwielpomp.jpg\",\"width\":500,\"height\":500,\"caption\":\"Beinlich DARTec externe tandwielpomp\"},{\"@type\":\"BreadcrumbList\",\"@id\":\"https:\\\/\\\/intercontrol.be\\\/doseerpompen\\\/beinlich-dartec-externe-tandwielpomp\\\/#breadcrumb\",\"itemListElement\":[{\"@type\":\"ListItem\",\"position\":1,\"name\":\"Home\",\"item\":\"https:\\\/\\\/intercontrol.be\\\/frs\\\/\"},{\"@type\":\"ListItem\",\"position\":2,\"name\":\"Catalogus\",\"item\":\"https:\\\/\\\/intercontrol.be\\\/catalogus\\\/\"},{\"@type\":\"ListItem\",\"position\":3,\"name\":\"Beinlich DARTec pompe \u00e0 engrenages externes\"}]},{\"@type\":\"WebSite\",\"@id\":\"https:\\\/\\\/intercontrol.be\\\/#website\",\"url\":\"https:\\\/\\\/intercontrol.be\\\/\",\"name\":\"Intercontrol Belgi\u00eb\",\"description\":\"Alles onder controle!\",\"potentialAction\":[{\"@type\":\"SearchAction\",\"target\":{\"@type\":\"EntryPoint\",\"urlTemplate\":\"https:\\\/\\\/intercontrol.be\\\/?s={search_term_string}\"},\"query-input\":{\"@type\":\"PropertyValueSpecification\",\"valueRequired\":true,\"valueName\":\"search_term_string\"}}],\"inLanguage\":\"fr-FR\"}]}<\/script>\n<!-- \/ Yoast SEO plugin. -->","yoast_head_json":{"title":"Beinlich DARTec pompe \u00e0 engrenages externes - Intercontrol Belgi\u00eb","description":"Le Beinlich DARTec est sp\u00e9cialement con\u00e7u pour le dosage pr\u00e9cis de liquides thermiquement r\u00e9actifs. Consultez les sp\u00e9cifications\u00a0!","robots":{"index":"index","follow":"follow","max-snippet":"max-snippet:-1","max-image-preview":"max-image-preview:large","max-video-preview":"max-video-preview:-1"},"canonical":"https:\/\/intercontrol.be\/doseerpompen\/beinlich-dartec-externe-tandwielpomp\/","og_locale":"fr_FR","og_type":"article","og_title":"Beinlich DARTec pompe \u00e0 engrenages externes - Intercontrol Belgi\u00eb","og_description":"Le Beinlich DARTec est sp\u00e9cialement con\u00e7u pour le dosage pr\u00e9cis de liquides thermiquement r\u00e9actifs. Consultez les sp\u00e9cifications\u00a0!","og_url":"https:\/\/intercontrol.be\/doseerpompen\/beinlich-dartec-externe-tandwielpomp\/","og_site_name":"Intercontrol Belgi\u00eb","article_modified_time":"2024-12-06T09:24:25+00:00","og_image":[{"width":500,"height":500,"url":"https:\/\/intercontrol.be\/wp-content\/uploads\/2024\/08\/Beinlich-DARTec-externe-tandwielpomp.jpg","type":"image\/jpeg"}],"twitter_card":"summary_large_image","twitter_misc":{"Dur\u00e9e de lecture estim\u00e9e":"3 minutes"},"schema":{"@context":"https:\/\/schema.org","@graph":[{"@type":"WebPage","@id":"https:\/\/intercontrol.be\/doseerpompen\/beinlich-dartec-externe-tandwielpomp\/","url":"https:\/\/intercontrol.be\/doseerpompen\/beinlich-dartec-externe-tandwielpomp\/","name":"Beinlich DARTec pompe \u00e0 engrenages externes - Intercontrol Belgi\u00eb","isPartOf":{"@id":"https:\/\/intercontrol.be\/#website"},"primaryImageOfPage":{"@id":"https:\/\/intercontrol.be\/doseerpompen\/beinlich-dartec-externe-tandwielpomp\/#primaryimage"},"image":{"@id":"https:\/\/intercontrol.be\/doseerpompen\/beinlich-dartec-externe-tandwielpomp\/#primaryimage"},"thumbnailUrl":"https:\/\/intercontrol.be\/wp-content\/uploads\/2024\/08\/Beinlich-DARTec-externe-tandwielpomp.jpg","datePublished":"2024-08-22T16:36:14+00:00","dateModified":"2024-12-06T09:24:25+00:00","description":"Le Beinlich DARTec est sp\u00e9cialement con\u00e7u pour le dosage pr\u00e9cis de liquides thermiquement r\u00e9actifs. Consultez les sp\u00e9cifications\u00a0!","breadcrumb":{"@id":"https:\/\/intercontrol.be\/doseerpompen\/beinlich-dartec-externe-tandwielpomp\/#breadcrumb"},"inLanguage":"fr-FR","potentialAction":[{"@type":"ReadAction","target":["https:\/\/intercontrol.be\/doseerpompen\/beinlich-dartec-externe-tandwielpomp\/"]}]},{"@type":"ImageObject","inLanguage":"fr-FR","@id":"https:\/\/intercontrol.be\/doseerpompen\/beinlich-dartec-externe-tandwielpomp\/#primaryimage","url":"https:\/\/intercontrol.be\/wp-content\/uploads\/2024\/08\/Beinlich-DARTec-externe-tandwielpomp.jpg","contentUrl":"https:\/\/intercontrol.be\/wp-content\/uploads\/2024\/08\/Beinlich-DARTec-externe-tandwielpomp.jpg","width":500,"height":500,"caption":"Beinlich DARTec externe tandwielpomp"},{"@type":"BreadcrumbList","@id":"https:\/\/intercontrol.be\/doseerpompen\/beinlich-dartec-externe-tandwielpomp\/#breadcrumb","itemListElement":[{"@type":"ListItem","position":1,"name":"Home","item":"https:\/\/intercontrol.be\/frs\/"},{"@type":"ListItem","position":2,"name":"Catalogus","item":"https:\/\/intercontrol.be\/catalogus\/"},{"@type":"ListItem","position":3,"name":"Beinlich DARTec pompe \u00e0 engrenages externes"}]},{"@type":"WebSite","@id":"https:\/\/intercontrol.be\/#website","url":"https:\/\/intercontrol.be\/","name":"Intercontrol Belgi\u00eb","description":"Alles onder controle!","potentialAction":[{"@type":"SearchAction","target":{"@type":"EntryPoint","urlTemplate":"https:\/\/intercontrol.be\/?s={search_term_string}"},"query-input":{"@type":"PropertyValueSpecification","valueRequired":true,"valueName":"search_term_string"}}],"inLanguage":"fr-FR"}]}},"_links":{"self":[{"href":"https:\/\/intercontrol.be\/frs\/wp-json\/wp\/v2\/product\/41308","targetHints":{"allow":["GET"]}}],"collection":[{"href":"https:\/\/intercontrol.be\/frs\/wp-json\/wp\/v2\/product"}],"about":[{"href":"https:\/\/intercontrol.be\/frs\/wp-json\/wp\/v2\/types\/product"}],"replies":[{"embeddable":true,"href":"https:\/\/intercontrol.be\/frs\/wp-json\/wp\/v2\/comments?post=41308"}],"wp:featuredmedia":[{"embeddable":true,"href":"https:\/\/intercontrol.be\/frs\/wp-json\/wp\/v2\/media\/41277"}],"wp:attachment":[{"href":"https:\/\/intercontrol.be\/frs\/wp-json\/wp\/v2\/media?parent=41308"}],"wp:term":[{"taxonomy":"product_brand","embeddable":true,"href":"https:\/\/intercontrol.be\/frs\/wp-json\/wp\/v2\/product_brand?post=41308"},{"taxonomy":"product_cat","embeddable":true,"href":"https:\/\/intercontrol.be\/frs\/wp-json\/wp\/v2\/product_cat?post=41308"},{"taxonomy":"product_tag","embeddable":true,"href":"https:\/\/intercontrol.be\/frs\/wp-json\/wp\/v2\/product_tag?post=41308"}],"curies":[{"name":"wp","href":"https:\/\/api.w.org\/{rel}","templated":true}]}}