{"id":41269,"date":"2024-08-22T06:48:39","date_gmt":"2024-08-22T06:48:39","guid":{"rendered":"https:\/\/intercontrol.be\/uncategorized\/beinlich-canna-pump-pompe-a-engrenages-externes\/"},"modified":"2024-12-05T17:13:49","modified_gmt":"2024-12-05T17:13:49","slug":"beinlich-canna-pump-pompe-a-engrenages-externes","status":"publish","type":"product","link":"https:\/\/intercontrol.be\/frs\/pompes-a-engrenages\/beinlich-canna-pump-pompe-a-engrenages-externes\/","title":{"rendered":"<b>Beinlich CANNA.pump<\/b> <br>pompe \u00e0 engrenages externes"},"content":{"rendered":"<section class=\"l-section wpb_row height_large color_primary parallax_ver with_shape\"><div class=\"l-section-overlay\" style=\"background:rgba(6,56,119,0.81)\"><\/div><div class=\"l-section-shape type_triangle pos_bottom\" style=\"height:5vh;\"><svg xmlns=\"http:\/\/www.w3.org\/2000\/svg\" viewBox=\"0 0 64 8\" preserveAspectRatio=\"none\" width=\"100%\" height=\"100%\">\r\n\t<path fill=\"currentColor\" d=\"M64 8 L0 8 L0 0 L32 7.9 L64 0 Z\"\/>\r\n<\/svg><\/div><div class=\"l-section-h i-cf\"><div class=\"g-cols vc_row via_flex valign_top type_default stacking_default\"><div class=\"vc_col-sm-2 wpb_column vc_column_container\"><div class=\"vc_column-inner\"><div class=\"wpb_wrapper\"><\/div><\/div><\/div><div class=\"vc_col-sm-8 wpb_column vc_column_container\"><div class=\"vc_column-inner\"><div class=\"wpb_wrapper\"><div class=\"wpb_text_column\"><div class=\"wpb_wrapper\"><h1 style=\"text-align: center;\">Beinlich CANNA.pump<\/h1>\n<\/div><\/div><div class=\"w-image align_center\"><div class=\"w-image-h\"><img decoding=\"async\" width=\"50\" height=\"10\" data-src=\"https:\/\/intercontrol.be\/wp-content\/uploads\/2021\/04\/intercontrol-dividerwit.png\" class=\"attachment-large size-large lazyload\" alt=\"\" src=\"data:image\/svg+xml;base64,PHN2ZyB3aWR0aD0iMSIgaGVpZ2h0PSIxIiB4bWxucz0iaHR0cDovL3d3dy53My5vcmcvMjAwMC9zdmciPjwvc3ZnPg==\" style=\"--smush-placeholder-width: 50px; --smush-placeholder-aspect-ratio: 50\/10;\" \/><\/div><\/div><div class=\"w-separator size_small\"><\/div><div class=\"wpb_text_column\"><div class=\"wpb_wrapper\"><h3 style=\"text-align: center;\">La CANNA.pump a \u00e9t\u00e9 d\u00e9velopp\u00e9e pour diff\u00e9rents processus d&#8217;extraction.<\/h3>\n<\/div><\/div><\/div><\/div><\/div><div class=\"vc_col-sm-2 wpb_column vc_column_container\"><div class=\"vc_column-inner\"><div class=\"wpb_wrapper\"><\/div><\/div><\/div><\/div><\/div><\/section><section class=\"l-section wpb_row height_large\"><div class=\"l-section-h i-cf\"><div class=\"g-cols vc_row via_flex valign_top type_default stacking_default\" style=\"--additional-gap:10px;\"><div class=\"vc_col-sm-12 wpb_column vc_column_container\"><div class=\"vc_column-inner\"><div class=\"wpb_wrapper\"><div class=\"g-cols wpb_row via_flex valign_middle type_default stacking_default\"><div class=\"vc_col-sm-8 wpb_column vc_column_container\"><div class=\"vc_column-inner\"><div class=\"wpb_wrapper\"><div class=\"w-image align_center\"><div class=\"w-image-h\"><img decoding=\"async\" width=\"500\" height=\"500\" data-src=\"https:\/\/intercontrol.be\/wp-content\/uploads\/2024\/08\/Beinlich-CANNA.pump-externe-tandwielpomp-2.jpg\" class=\"attachment-large size-large lazyload\" alt=\"Beinlich CANNA.pump externe tandwielpomp\" data-srcset=\"https:\/\/intercontrol.be\/wp-content\/uploads\/2024\/08\/Beinlich-CANNA.pump-externe-tandwielpomp-2.jpg 500w, https:\/\/intercontrol.be\/wp-content\/uploads\/2024\/08\/Beinlich-CANNA.pump-externe-tandwielpomp-2-300x300.jpg 300w, https:\/\/intercontrol.be\/wp-content\/uploads\/2024\/08\/Beinlich-CANNA.pump-externe-tandwielpomp-2-120x120.jpg 120w, https:\/\/intercontrol.be\/wp-content\/uploads\/2024\/08\/Beinlich-CANNA.pump-externe-tandwielpomp-2-150x150.jpg 150w\" data-sizes=\"(max-width: 500px) 100vw, 500px\" src=\"data:image\/svg+xml;base64,PHN2ZyB3aWR0aD0iMSIgaGVpZ2h0PSIxIiB4bWxucz0iaHR0cDovL3d3dy53My5vcmcvMjAwMC9zdmciPjwvc3ZnPg==\" style=\"--smush-placeholder-width: 500px; --smush-placeholder-aspect-ratio: 500\/500;\" \/><\/div><\/div><\/div><\/div><\/div><div class=\"vc_col-sm-4 wpb_column vc_column_container\"><div class=\"vc_column-inner\"><div class=\"wpb_wrapper\"><div class=\"w-image align_none\"><a title=\"Beinlich\" href=\"https:\/\/intercontrol.be\/frs\/beinlich\/\" aria-label=\"Link\" class=\"w-image-h\"><img decoding=\"async\" width=\"400\" height=\"200\" data-src=\"https:\/\/intercontrol.be\/wp-content\/uploads\/2022\/09\/beinlich-batch.jpg\" class=\"attachment-large size-large lazyload\" alt=\"\" data-srcset=\"https:\/\/intercontrol.be\/wp-content\/uploads\/2022\/09\/beinlich-batch.jpg 400w, https:\/\/intercontrol.be\/wp-content\/uploads\/2022\/09\/beinlich-batch-300x150.jpg 300w\" data-sizes=\"(max-width: 400px) 100vw, 400px\" src=\"data:image\/svg+xml;base64,PHN2ZyB3aWR0aD0iMSIgaGVpZ2h0PSIxIiB4bWxucz0iaHR0cDovL3d3dy53My5vcmcvMjAwMC9zdmciPjwvc3ZnPg==\" style=\"--smush-placeholder-width: 400px; --smush-placeholder-aspect-ratio: 400\/200;\" \/><\/a><\/div><div class=\"wpb_text_column\"><div class=\"wpb_wrapper\"><p>Cette pompe a \u00e9t\u00e9 sp\u00e9cialement d\u00e9velopp\u00e9e pour les processus d&#8217;extraction de cannabis de haute qualit\u00e9, o\u00f9 une manipulation pr\u00e9cise des solvants tels que l&#8217;\u00e9thanol, le CO2 et les hydrocarbures est essentielle.<\/p>\n<\/div><\/div><\/div><\/div><\/div><\/div><div class=\"w-separator size_huge with_line width_default thick_1 style_solid color_primary align_center with_text with_content\"><div class=\"w-separator-h\"><h3 class=\"w-separator-text\"><span>Pr\u00e9sentation du produit<\/span><\/h3><\/div><\/div><div class=\"wpb_text_column\"><div class=\"wpb_wrapper\"><table width=\"100%\">\n<tbody>\n<tr>\n<th style=\"text-align: left;\"><b>Fabricant<\/b><\/th>\n<td>Beinlich<\/td>\n<\/tr>\n<tr>\n<th style=\"text-align: left;\">Cylindr\u00e9e<\/th>\n<td>1,43 &#8211; 72,00 cm3\/tr<\/td>\n<\/tr>\n<tr>\n<th style=\"text-align: left;\">Plage de viscosit\u00e9<\/th>\n<td>jusqu&#8217;\u00e0 750 000 mPa-s<\/td>\n<\/tr>\n<tr>\n<th style=\"text-align: left;\">Temp\u00e9rature<\/th>\n<td>-20\u00b0C \u00e0 215\u00b0C<\/td>\n<\/tr>\n<tr>\n<th style=\"text-align: left;\">Pression de service<\/th>\n<td><span id=\"ouHighlight__61_66TO65_71\" class=\"\">60 bars<\/span><\/td>\n<\/tr>\n<tr>\n<th style=\"text-align: left;\">Vide d&#8217;entr\u00e9e<\/th>\n<td>-0,6* \u00e0 25 bar<\/td>\n<\/tr>\n<\/tbody>\n<\/table>\n<\/div><\/div><div class=\"w-separator size_huge with_line width_default thick_1 style_solid color_primary align_center with_text with_content\"><div class=\"w-separator-h\"><h3 class=\"w-separator-text\"><span>Caract\u00e9ristiques<\/span><\/h3><\/div><\/div><div class=\"g-cols wpb_row via_flex valign_top type_default stacking_default\"><div class=\"vc_col-sm-12 wpb_column vc_column_container\"><div class=\"vc_column-inner\"><div class=\"wpb_wrapper\"><div class=\"wpb_text_column\"><div class=\"wpb_wrapper\"><p>Le domaine d&#8217;application de CANNA.pump comprend l&#8217;extraction de cannabis de haute qualit\u00e9 et d&#8217;autres applications o\u00f9 des ingr\u00e9dients pr\u00e9cieux doivent \u00eatre extraits de divers mat\u00e9riaux. La manipulation pr\u00e9cise de solvants tels que l&#8217;\u00e9thanol, le CO2 ou les hydrocarbures fait de la CANNA.pump un outil important dans ces processus. Dans l&#8217;industrie du cannabis, la CANNA.pump facilite particuli\u00e8rement l&#8217;extraction de substances actives importantes telles que le cannabidiol (CBD) et le t\u00e9trahydrocannabinol (THC), qui rev\u00eatent une grande importance en m\u00e9decine et dans la production alimentaire.<\/p>\n<p>Gr\u00e2ce au fonctionnement pratiquement sans pulsation de la CANNA.pump, le solvant est guid\u00e9 de mani\u00e8re tr\u00e8s uniforme et contr\u00f4l\u00e9e \u00e0 travers le cannabis. Ce mouvement r\u00e9gulier et doux du solvant est crucial pour la qualit\u00e9 et la puret\u00e9 des substances extraites. En plus de l&#8217;extraction, la CANNA.pump est \u00e9galement utilis\u00e9e dans d&#8217;autres domaines o\u00f9 des processus sous vide sont utilis\u00e9s pour \u00e9vaporer les solvants \u00e0 des temp\u00e9ratures plus basses. Ceci est particuli\u00e8rement important pour maintenir la qualit\u00e9 des tissus sensibles \u00e0 la chaleur. La pompe soutient de tels processus gr\u00e2ce \u00e0 sa fonction auto-amor\u00e7ante, qui permet d&#8217;\u00e9liminer les r\u00e9sidus visqueux et collants des chambres \u00e0 vide.<\/p>\n<p>La CANNA.pump se caract\u00e9rise par sa grande adaptabilit\u00e9. Diff\u00e9rentes variantes de joints peuvent \u00eatre adapt\u00e9es \u00e0 l&#8217;application respective. La disponibilit\u00e9 de moteurs antid\u00e9flagrants contribue \u00e9galement \u00e0 la s\u00e9curit\u00e9 dans divers environnements d&#8217;application. La pompe fonctionne presque sans pulsations, ce qui garantit une extraction uniforme et contr\u00f4l\u00e9e de substances pr\u00e9cieuses telles que le CBD et le THC. De plus, la pompe est auto-amor\u00e7ante, ce qui aide \u00e0 \u00e9liminer les r\u00e9sidus visqueux dans les environnements sous vide, et est personnalisable avec diverses options d&#8217;\u00e9tanch\u00e9it\u00e9 et des moteurs antid\u00e9flagrants.<\/p>\n<h3>Convient \u00e9galement \u00e0 d&#8217;autres fins<\/h3>\n<p>La CANNA.pump peut \u00eatre utilis\u00e9e plus largement. Bien que sp\u00e9cialement con\u00e7ue pour l&#8217;industrie de l&#8217;extraction du cannabis, la pompe peut \u00e9galement \u00eatre utilis\u00e9e dans d&#8217;autres applications o\u00f9 un dosage pr\u00e9cis de solvants, d&#8217;huiles ou d&#8217;autres liquides est requis. La pompe convient \u00e0 une utilisation dans diverses industries, notamment les industries pharmaceutique, cosm\u00e9tique et alimentaire, gr\u00e2ce \u00e0 sa construction robuste, sa pr\u00e9cision et sa capacit\u00e9 \u00e0 travailler en toute s\u00e9curit\u00e9 avec des liquides inflammables ou corrosifs.<\/p>\n<\/div><\/div><\/div><\/div><\/div><\/div><div class=\"w-separator size_medium\"><\/div><div class=\"g-cols wpb_row via_flex valign_top type_default stacking_default\"><div class=\"vc_col-sm-12 wpb_column vc_column_container\"><div class=\"vc_column-inner\"><div class=\"wpb_wrapper\"><div class=\"w-image align_center\"><div class=\"w-image-h\"><img decoding=\"async\" width=\"1024\" height=\"683\" data-src=\"https:\/\/intercontrol.be\/wp-content\/uploads\/2024\/08\/Beinlich-CANNA.pump-externe-tandwielpomp-1024x683.jpg\" class=\"attachment-large size-large lazyload\" alt=\"Beinlich CANNA.pump externe tandwielpomp\" data-srcset=\"https:\/\/intercontrol.be\/wp-content\/uploads\/2024\/08\/Beinlich-CANNA.pump-externe-tandwielpomp-1024x683.jpg 1024w, https:\/\/intercontrol.be\/wp-content\/uploads\/2024\/08\/Beinlich-CANNA.pump-externe-tandwielpomp-300x200.jpg 300w, https:\/\/intercontrol.be\/wp-content\/uploads\/2024\/08\/Beinlich-CANNA.pump-externe-tandwielpomp-700x467.jpg 700w, https:\/\/intercontrol.be\/wp-content\/uploads\/2024\/08\/Beinlich-CANNA.pump-externe-tandwielpomp-600x400.jpg 600w, https:\/\/intercontrol.be\/wp-content\/uploads\/2024\/08\/Beinlich-CANNA.pump-externe-tandwielpomp.jpg 1200w\" data-sizes=\"(max-width: 1024px) 100vw, 1024px\" src=\"data:image\/svg+xml;base64,PHN2ZyB3aWR0aD0iMSIgaGVpZ2h0PSIxIiB4bWxucz0iaHR0cDovL3d3dy53My5vcmcvMjAwMC9zdmciPjwvc3ZnPg==\" style=\"--smush-placeholder-width: 1024px; --smush-placeholder-aspect-ratio: 1024\/683;\" \/><\/div><\/div><div class=\"w-separator size_medium\"><\/div><\/div><\/div><\/div><\/div><div class=\"wpb_text_column\"><div class=\"wpb_wrapper\"><h3>Avantages du CANN.pump :<\/h3>\n<ul>\n<li>Faible dosage puls\u00e9 du milieu<\/li>\n<li>Montage et d\u00e9montage faciles<\/li>\n<li>Garniture m\u00e9canique pour applications sous vide<\/li>\n<li>Version en acier inoxydable pour applications alimentaires et pharmaceutiques<\/li>\n<li>Chauffable<\/li>\n<\/ul>\n<h3>Encore plus d&#8217;avantages\u00a0:<\/h3>\n<ul>\n<li><strong>Con\u00e7u pour l&#8217;extraction du cannabis :<\/strong> sp\u00e9cialement pour la manipulation s\u00fbre et efficace de solvants tels que l&#8217;\u00e9thanol et le CO2.<\/li>\n<li><strong>Fonctionnement sans pulsation\u00a0:<\/strong> fournit un d\u00e9bit de liquide uniforme, essentiel pour des processus d&#8217;extraction pr\u00e9cis.<br \/>\nAuto-amor\u00e7ant : Peut \u00e9liminer les r\u00e9sidus visqueux dans les environnements sous vide.<\/li>\n<li><strong>Options antid\u00e9flagrantes :<\/strong> Utilisation s\u00fbre dans des environnements explosifs gr\u00e2ce aux moteurs certifi\u00e9s ATEX.<\/li>\n<li><strong>Polyvalent et adaptable :<\/strong> convient \u00e0 plusieurs industries et \u00e0 diff\u00e9rents fluides avec des options de personnalisation.<\/li>\n<\/ul>\n<\/div><\/div><div class=\"w-separator size_medium\"><\/div><div class=\"wpb_text_column\"><div class=\"wpb_wrapper\"><h3>Suppl\u00e9ments<\/h3>\n<ul>\n<li><strong>Options de joints :<\/strong> Divers joints disponibles, notamment des joints m\u00e9caniques et des accouplements magn\u00e9tiques.<\/li>\n<li><strong>Options de moteur\u00a0:<\/strong> Disponible avec des moteurs certifi\u00e9s ATEX pour les environnements antid\u00e9flagrants.<\/li>\n<li><strong>Options de mat\u00e9riaux\u00a0:<\/strong> Diff\u00e9rents mat\u00e9riaux pour le corps de la pompe et les composants internes afin de garantir la compatibilit\u00e9 avec diff\u00e9rents fluides.<\/li>\n<\/ul>\n<\/div><\/div><div class=\"g-cols wpb_row via_flex valign_top type_default stacking_default\"><div class=\"vc_col-sm-12 wpb_column vc_column_container\"><div class=\"vc_column-inner\"><div class=\"wpb_wrapper\"><\/div><\/div><\/div><\/div><div class=\"w-separator size_huge with_line width_default thick_1 style_solid color_primary align_center with_text with_content\"><div class=\"w-separator-h\"><h3 class=\"w-separator-text\"><span>Demande(s)<\/span><\/h3><\/div><\/div><div class=\"wpb_text_column\"><div class=\"wpb_wrapper\"><ul>\n<li>Extraction de cannabis<\/li>\n<li>Cannabidiol (CBD) et t\u00e9trahydrocannabinol (THC)<\/li>\n<li>Extraction d&#8217;\u00e9thanol, de CO2 et d&#8217;hydrocarbures<\/li>\n<li>Proc\u00e9d\u00e9 sous vide pour l&#8217;\u00e9vaporation des solvants<\/li>\n<\/ul>\n<\/div><\/div><div class=\"w-separator size_huge with_line width_default thick_1 style_solid color_primary align_center with_text with_content\"><div class=\"w-separator-h\"><h3 class=\"w-separator-text\"><span>T\u00e9l\u00e9chargement(s)<\/span><\/h3><\/div><\/div><div class=\"wpb_text_column us_custom_77169355\"><div class=\"wpb_wrapper\"><\/div><\/div><div class=\"w-separator size_huge with_line width_default thick_1 style_solid color_primary align_center\"><div class=\"w-separator-h\"><\/div><\/div><\/div><\/div><\/div><\/div><\/div><\/section>\n","protected":false},"excerpt":{"rendered":"Beinlich CANNA.pump La CANNA.pump a \u00e9t\u00e9 d\u00e9velopp\u00e9e pour diff\u00e9rents processus d&#8217;extraction. Cette pompe a \u00e9t\u00e9 sp\u00e9cialement d\u00e9velopp\u00e9e pour les processus d&#8217;extraction de cannabis de haute qualit\u00e9, o\u00f9 une manipulation pr\u00e9cise des solvants tels que l&#8217;\u00e9thanol, le CO2 et les hydrocarbures est essentielle. Pr\u00e9sentation du produit Fabricant Beinlich Cylindr\u00e9e 1,43 &#8211; 72,00 cm3\/tr Plage de viscosit\u00e9...","protected":false},"featured_media":41229,"comment_status":"closed","ping_status":"closed","template":"","meta":{"_acf_changed":false,"_monsterinsights_skip_tracking":false,"_monsterinsights_sitenote_active":false,"_monsterinsights_sitenote_note":"","_monsterinsights_sitenote_category":0},"product_brand":[],"product_cat":[1178,1180,1174],"product_tag":[],"class_list":{"0":"post-41269","1":"product","2":"type-product","3":"status-publish","4":"has-post-thumbnail","6":"product_cat-pompes-a-engrenages","7":"product_cat-pompes-doseuses","8":"product_cat-pompes-industrielles","10":"first","11":"instock","12":"shipping-taxable","13":"product-type-simple"},"acf":[],"yoast_head":"<!-- This site is optimized with the Yoast SEO plugin v27.6 - https:\/\/yoast.com\/product\/yoast-seo-wordpress\/ -->\n<title>Beinlich CANNA.pump pompe \u00e0 engrenages externes - Intercontrol Belgi\u00eb<\/title>\n<meta name=\"description\" content=\"Beinlich CANNA.pump pompe \u00e0 engrenages externes D\u00e9velopp\u00e9 sp\u00e9cifiquement pour les processus d&#039;extraction de cannabis de haute qualit\u00e9, avec des solvants essentiels tels que l&#039;\u00e9thanol, le CO2 et les hydrocarbures.\" \/>\n<meta name=\"robots\" content=\"index, follow, max-snippet:-1, max-image-preview:large, max-video-preview:-1\" \/>\n<link rel=\"canonical\" href=\"https:\/\/intercontrol.be\/frs\/pompes-doseuses\/beinlich-canna-pump-pompe-a-engrenages-externes\/\" \/>\n<meta property=\"og:locale\" content=\"fr_FR\" \/>\n<meta property=\"og:type\" content=\"article\" \/>\n<meta property=\"og:title\" content=\"Beinlich CANNA.pump pompe \u00e0 engrenages externes - Intercontrol Belgi\u00eb\" \/>\n<meta property=\"og:description\" content=\"Beinlich CANNA.pump pompe \u00e0 engrenages externes D\u00e9velopp\u00e9 sp\u00e9cifiquement pour les processus d&#039;extraction de cannabis de haute qualit\u00e9, avec des solvants essentiels tels que l&#039;\u00e9thanol, le CO2 et les hydrocarbures.\" \/>\n<meta property=\"og:url\" content=\"https:\/\/intercontrol.be\/frs\/pompes-doseuses\/beinlich-canna-pump-pompe-a-engrenages-externes\/\" \/>\n<meta property=\"og:site_name\" content=\"Intercontrol Belgi\u00eb\" \/>\n<meta property=\"article:modified_time\" content=\"2024-12-05T17:13:49+00:00\" \/>\n<meta property=\"og:image\" content=\"https:\/\/intercontrol.be\/wp-content\/uploads\/2024\/08\/Beinlich-CANNA.pump-externe-tandwielpomp-1.jpg\" \/>\n\t<meta property=\"og:image:width\" content=\"500\" \/>\n\t<meta property=\"og:image:height\" content=\"500\" \/>\n\t<meta property=\"og:image:type\" content=\"image\/jpeg\" \/>\n<meta name=\"twitter:card\" content=\"summary_large_image\" \/>\n<meta name=\"twitter:label1\" content=\"Dur\u00e9e de lecture estim\u00e9e\" \/>\n\t<meta name=\"twitter:data1\" content=\"5 minutes\" \/>\n<script type=\"application\/ld+json\" class=\"yoast-schema-graph\">{\"@context\":\"https:\\\/\\\/schema.org\",\"@graph\":[{\"@type\":\"WebPage\",\"@id\":\"https:\\\/\\\/intercontrol.be\\\/frs\\\/pompes-doseuses\\\/beinlich-canna-pump-pompe-a-engrenages-externes\\\/\",\"url\":\"https:\\\/\\\/intercontrol.be\\\/frs\\\/pompes-doseuses\\\/beinlich-canna-pump-pompe-a-engrenages-externes\\\/\",\"name\":\"Beinlich CANNA.pump pompe \u00e0 engrenages externes - Intercontrol Belgi\u00eb\",\"isPartOf\":{\"@id\":\"https:\\\/\\\/intercontrol.be\\\/#website\"},\"primaryImageOfPage\":{\"@id\":\"https:\\\/\\\/intercontrol.be\\\/frs\\\/pompes-doseuses\\\/beinlich-canna-pump-pompe-a-engrenages-externes\\\/#primaryimage\"},\"image\":{\"@id\":\"https:\\\/\\\/intercontrol.be\\\/frs\\\/pompes-doseuses\\\/beinlich-canna-pump-pompe-a-engrenages-externes\\\/#primaryimage\"},\"thumbnailUrl\":\"https:\\\/\\\/intercontrol.be\\\/wp-content\\\/uploads\\\/2024\\\/08\\\/Beinlich-CANNA.pump-externe-tandwielpomp-1.jpg\",\"datePublished\":\"2024-08-22T06:48:39+00:00\",\"dateModified\":\"2024-12-05T17:13:49+00:00\",\"description\":\"Beinlich CANNA.pump pompe \u00e0 engrenages externes D\u00e9velopp\u00e9 sp\u00e9cifiquement pour les processus d'extraction de cannabis de haute qualit\u00e9, avec des solvants essentiels tels que l'\u00e9thanol, le CO2 et les hydrocarbures.\",\"breadcrumb\":{\"@id\":\"https:\\\/\\\/intercontrol.be\\\/frs\\\/pompes-doseuses\\\/beinlich-canna-pump-pompe-a-engrenages-externes\\\/#breadcrumb\"},\"inLanguage\":\"fr-FR\",\"potentialAction\":[{\"@type\":\"ReadAction\",\"target\":[\"https:\\\/\\\/intercontrol.be\\\/frs\\\/pompes-doseuses\\\/beinlich-canna-pump-pompe-a-engrenages-externes\\\/\"]}]},{\"@type\":\"ImageObject\",\"inLanguage\":\"fr-FR\",\"@id\":\"https:\\\/\\\/intercontrol.be\\\/frs\\\/pompes-doseuses\\\/beinlich-canna-pump-pompe-a-engrenages-externes\\\/#primaryimage\",\"url\":\"https:\\\/\\\/intercontrol.be\\\/wp-content\\\/uploads\\\/2024\\\/08\\\/Beinlich-CANNA.pump-externe-tandwielpomp-1.jpg\",\"contentUrl\":\"https:\\\/\\\/intercontrol.be\\\/wp-content\\\/uploads\\\/2024\\\/08\\\/Beinlich-CANNA.pump-externe-tandwielpomp-1.jpg\",\"width\":500,\"height\":500,\"caption\":\"Beinlich CANNA.pump externe tandwielpomp 1\"},{\"@type\":\"BreadcrumbList\",\"@id\":\"https:\\\/\\\/intercontrol.be\\\/frs\\\/pompes-doseuses\\\/beinlich-canna-pump-pompe-a-engrenages-externes\\\/#breadcrumb\",\"itemListElement\":[{\"@type\":\"ListItem\",\"position\":1,\"name\":\"Home\",\"item\":\"https:\\\/\\\/intercontrol.be\\\/frs\\\/\"},{\"@type\":\"ListItem\",\"position\":2,\"name\":\"Catalogus\",\"item\":\"https:\\\/\\\/intercontrol.be\\\/catalogus\\\/\"},{\"@type\":\"ListItem\",\"position\":3,\"name\":\"Beinlich CANNA.pump pompe \u00e0 engrenages externes\"}]},{\"@type\":\"WebSite\",\"@id\":\"https:\\\/\\\/intercontrol.be\\\/#website\",\"url\":\"https:\\\/\\\/intercontrol.be\\\/\",\"name\":\"Intercontrol Belgi\u00eb\",\"description\":\"Alles onder controle!\",\"potentialAction\":[{\"@type\":\"SearchAction\",\"target\":{\"@type\":\"EntryPoint\",\"urlTemplate\":\"https:\\\/\\\/intercontrol.be\\\/?s={search_term_string}\"},\"query-input\":{\"@type\":\"PropertyValueSpecification\",\"valueRequired\":true,\"valueName\":\"search_term_string\"}}],\"inLanguage\":\"fr-FR\"}]}<\/script>\n<!-- \/ Yoast SEO plugin. -->","yoast_head_json":{"title":"Beinlich CANNA.pump pompe \u00e0 engrenages externes - Intercontrol Belgi\u00eb","description":"Beinlich CANNA.pump pompe \u00e0 engrenages externes D\u00e9velopp\u00e9 sp\u00e9cifiquement pour les processus d'extraction de cannabis de haute qualit\u00e9, avec des solvants essentiels tels que l'\u00e9thanol, le CO2 et les hydrocarbures.","robots":{"index":"index","follow":"follow","max-snippet":"max-snippet:-1","max-image-preview":"max-image-preview:large","max-video-preview":"max-video-preview:-1"},"canonical":"https:\/\/intercontrol.be\/frs\/pompes-doseuses\/beinlich-canna-pump-pompe-a-engrenages-externes\/","og_locale":"fr_FR","og_type":"article","og_title":"Beinlich CANNA.pump pompe \u00e0 engrenages externes - Intercontrol Belgi\u00eb","og_description":"Beinlich CANNA.pump pompe \u00e0 engrenages externes D\u00e9velopp\u00e9 sp\u00e9cifiquement pour les processus d'extraction de cannabis de haute qualit\u00e9, avec des solvants essentiels tels que l'\u00e9thanol, le CO2 et les hydrocarbures.","og_url":"https:\/\/intercontrol.be\/frs\/pompes-doseuses\/beinlich-canna-pump-pompe-a-engrenages-externes\/","og_site_name":"Intercontrol Belgi\u00eb","article_modified_time":"2024-12-05T17:13:49+00:00","og_image":[{"width":500,"height":500,"url":"https:\/\/intercontrol.be\/wp-content\/uploads\/2024\/08\/Beinlich-CANNA.pump-externe-tandwielpomp-1.jpg","type":"image\/jpeg"}],"twitter_card":"summary_large_image","twitter_misc":{"Dur\u00e9e de lecture estim\u00e9e":"5 minutes"},"schema":{"@context":"https:\/\/schema.org","@graph":[{"@type":"WebPage","@id":"https:\/\/intercontrol.be\/frs\/pompes-doseuses\/beinlich-canna-pump-pompe-a-engrenages-externes\/","url":"https:\/\/intercontrol.be\/frs\/pompes-doseuses\/beinlich-canna-pump-pompe-a-engrenages-externes\/","name":"Beinlich CANNA.pump pompe \u00e0 engrenages externes - Intercontrol Belgi\u00eb","isPartOf":{"@id":"https:\/\/intercontrol.be\/#website"},"primaryImageOfPage":{"@id":"https:\/\/intercontrol.be\/frs\/pompes-doseuses\/beinlich-canna-pump-pompe-a-engrenages-externes\/#primaryimage"},"image":{"@id":"https:\/\/intercontrol.be\/frs\/pompes-doseuses\/beinlich-canna-pump-pompe-a-engrenages-externes\/#primaryimage"},"thumbnailUrl":"https:\/\/intercontrol.be\/wp-content\/uploads\/2024\/08\/Beinlich-CANNA.pump-externe-tandwielpomp-1.jpg","datePublished":"2024-08-22T06:48:39+00:00","dateModified":"2024-12-05T17:13:49+00:00","description":"Beinlich CANNA.pump pompe \u00e0 engrenages externes D\u00e9velopp\u00e9 sp\u00e9cifiquement pour les processus d'extraction de cannabis de haute qualit\u00e9, avec des solvants essentiels tels que l'\u00e9thanol, le CO2 et les hydrocarbures.","breadcrumb":{"@id":"https:\/\/intercontrol.be\/frs\/pompes-doseuses\/beinlich-canna-pump-pompe-a-engrenages-externes\/#breadcrumb"},"inLanguage":"fr-FR","potentialAction":[{"@type":"ReadAction","target":["https:\/\/intercontrol.be\/frs\/pompes-doseuses\/beinlich-canna-pump-pompe-a-engrenages-externes\/"]}]},{"@type":"ImageObject","inLanguage":"fr-FR","@id":"https:\/\/intercontrol.be\/frs\/pompes-doseuses\/beinlich-canna-pump-pompe-a-engrenages-externes\/#primaryimage","url":"https:\/\/intercontrol.be\/wp-content\/uploads\/2024\/08\/Beinlich-CANNA.pump-externe-tandwielpomp-1.jpg","contentUrl":"https:\/\/intercontrol.be\/wp-content\/uploads\/2024\/08\/Beinlich-CANNA.pump-externe-tandwielpomp-1.jpg","width":500,"height":500,"caption":"Beinlich CANNA.pump externe tandwielpomp 1"},{"@type":"BreadcrumbList","@id":"https:\/\/intercontrol.be\/frs\/pompes-doseuses\/beinlich-canna-pump-pompe-a-engrenages-externes\/#breadcrumb","itemListElement":[{"@type":"ListItem","position":1,"name":"Home","item":"https:\/\/intercontrol.be\/frs\/"},{"@type":"ListItem","position":2,"name":"Catalogus","item":"https:\/\/intercontrol.be\/catalogus\/"},{"@type":"ListItem","position":3,"name":"Beinlich CANNA.pump pompe \u00e0 engrenages externes"}]},{"@type":"WebSite","@id":"https:\/\/intercontrol.be\/#website","url":"https:\/\/intercontrol.be\/","name":"Intercontrol Belgi\u00eb","description":"Alles onder controle!","potentialAction":[{"@type":"SearchAction","target":{"@type":"EntryPoint","urlTemplate":"https:\/\/intercontrol.be\/?s={search_term_string}"},"query-input":{"@type":"PropertyValueSpecification","valueRequired":true,"valueName":"search_term_string"}}],"inLanguage":"fr-FR"}]}},"_links":{"self":[{"href":"https:\/\/intercontrol.be\/frs\/wp-json\/wp\/v2\/product\/41269","targetHints":{"allow":["GET"]}}],"collection":[{"href":"https:\/\/intercontrol.be\/frs\/wp-json\/wp\/v2\/product"}],"about":[{"href":"https:\/\/intercontrol.be\/frs\/wp-json\/wp\/v2\/types\/product"}],"replies":[{"embeddable":true,"href":"https:\/\/intercontrol.be\/frs\/wp-json\/wp\/v2\/comments?post=41269"}],"wp:featuredmedia":[{"embeddable":true,"href":"https:\/\/intercontrol.be\/frs\/wp-json\/wp\/v2\/media\/41229"}],"wp:attachment":[{"href":"https:\/\/intercontrol.be\/frs\/wp-json\/wp\/v2\/media?parent=41269"}],"wp:term":[{"taxonomy":"product_brand","embeddable":true,"href":"https:\/\/intercontrol.be\/frs\/wp-json\/wp\/v2\/product_brand?post=41269"},{"taxonomy":"product_cat","embeddable":true,"href":"https:\/\/intercontrol.be\/frs\/wp-json\/wp\/v2\/product_cat?post=41269"},{"taxonomy":"product_tag","embeddable":true,"href":"https:\/\/intercontrol.be\/frs\/wp-json\/wp\/v2\/product_tag?post=41269"}],"curies":[{"name":"wp","href":"https:\/\/api.w.org\/{rel}","templated":true}]}}