{"id":41263,"date":"2024-08-20T14:01:05","date_gmt":"2024-08-20T14:01:05","guid":{"rendered":"https:\/\/intercontrol.be\/uncategorized\/serie-kral-w-pompe-a-vis-pour-liquides-de-refroidissement\/"},"modified":"2024-08-23T09:56:40","modified_gmt":"2024-08-23T09:56:40","slug":"serie-kral-w-pompe-a-vis-pour-liquides-de-refroidissement","status":"publish","type":"product","link":"https:\/\/intercontrol.be\/frs\/pompes-a-vis\/serie-kral-w-pompe-a-vis-pour-liquides-de-refroidissement\/","title":{"rendered":"<b>KRAL S\u00e9rie W<\/b> <br>Pompe \u00e0 vis pour liquides de refroidissement"},"content":{"rendered":"<section class=\"l-section wpb_row height_large color_primary parallax_ver with_shape\"><div class=\"l-section-overlay\" style=\"background:rgba(6,56,119,0.81)\"><\/div><div class=\"l-section-shape type_triangle pos_bottom\" style=\"height:5vh;\"><svg xmlns=\"http:\/\/www.w3.org\/2000\/svg\" viewBox=\"0 0 64 8\" preserveAspectRatio=\"none\" width=\"100%\" height=\"100%\">\r\n\t<path fill=\"currentColor\" d=\"M64 8 L0 8 L0 0 L32 7.9 L64 0 Z\"\/>\r\n<\/svg><\/div><div class=\"l-section-h i-cf\"><div class=\"g-cols vc_row via_flex valign_top type_default stacking_default\"><div class=\"vc_col-sm-2 wpb_column vc_column_container\"><div class=\"vc_column-inner\"><div class=\"wpb_wrapper\"><\/div><\/div><\/div><div class=\"vc_col-sm-8 wpb_column vc_column_container\"><div class=\"vc_column-inner\"><div class=\"wpb_wrapper\"><div class=\"wpb_text_column\"><div class=\"wpb_wrapper\"><h1 style=\"text-align: center;\">S\u00e9rie KRAL W<\/h1>\n<\/div><\/div><div class=\"w-image align_center\"><div class=\"w-image-h\"><img decoding=\"async\" width=\"50\" height=\"10\" data-src=\"https:\/\/intercontrol.be\/wp-content\/uploads\/2021\/04\/intercontrol-dividerwit.png\" class=\"attachment-large size-large lazyload\" alt=\"\" src=\"data:image\/svg+xml;base64,PHN2ZyB3aWR0aD0iMSIgaGVpZ2h0PSIxIiB4bWxucz0iaHR0cDovL3d3dy53My5vcmcvMjAwMC9zdmciPjwvc3ZnPg==\" style=\"--smush-placeholder-width: 50px; --smush-placeholder-aspect-ratio: 50\/10;\" \/><\/div><\/div><div class=\"w-separator size_small\"><\/div><div class=\"wpb_text_column\"><div class=\"wpb_wrapper\"><h3 style=\"text-align: center;\">Pompe \u00e0 vis pour liquides de refroidissement et autres fluides sales ou \u00e0 faible viscosit\u00e9<\/h3>\n<\/div><\/div><\/div><\/div><\/div><div class=\"vc_col-sm-2 wpb_column vc_column_container\"><div class=\"vc_column-inner\"><div class=\"wpb_wrapper\"><\/div><\/div><\/div><\/div><\/div><\/section><section class=\"l-section wpb_row height_large\"><div class=\"l-section-h i-cf\"><div class=\"g-cols vc_row via_flex valign_top type_default stacking_default\" style=\"--additional-gap:10px;\"><div class=\"vc_col-sm-12 wpb_column vc_column_container\"><div class=\"vc_column-inner\"><div class=\"wpb_wrapper\"><div class=\"g-cols wpb_row via_flex valign_middle type_default stacking_default\"><div class=\"vc_col-sm-8 wpb_column vc_column_container\"><div class=\"vc_column-inner\"><div class=\"wpb_wrapper\"><div class=\"w-image align_none\"><div class=\"w-image-h\"><img decoding=\"async\" width=\"750\" height=\"750\" data-src=\"https:\/\/intercontrol.be\/wp-content\/uploads\/2024\/07\/KRAL-W-serie-schroefpomp-voor-koelvloeistoffen.jpg\" class=\"attachment-large size-large lazyload\" alt=\"KRAL W-serie - schroefpomp voor koelvloeistoffen\" data-srcset=\"https:\/\/intercontrol.be\/wp-content\/uploads\/2024\/07\/KRAL-W-serie-schroefpomp-voor-koelvloeistoffen.jpg 750w, https:\/\/intercontrol.be\/wp-content\/uploads\/2024\/07\/KRAL-W-serie-schroefpomp-voor-koelvloeistoffen-300x300.jpg 300w, https:\/\/intercontrol.be\/wp-content\/uploads\/2024\/07\/KRAL-W-serie-schroefpomp-voor-koelvloeistoffen-120x120.jpg 120w, https:\/\/intercontrol.be\/wp-content\/uploads\/2024\/07\/KRAL-W-serie-schroefpomp-voor-koelvloeistoffen-500x500.jpg 500w, https:\/\/intercontrol.be\/wp-content\/uploads\/2024\/07\/KRAL-W-serie-schroefpomp-voor-koelvloeistoffen-600x600.jpg 600w, https:\/\/intercontrol.be\/wp-content\/uploads\/2024\/07\/KRAL-W-serie-schroefpomp-voor-koelvloeistoffen-150x150.jpg 150w\" data-sizes=\"(max-width: 750px) 100vw, 750px\" src=\"data:image\/svg+xml;base64,PHN2ZyB3aWR0aD0iMSIgaGVpZ2h0PSIxIiB4bWxucz0iaHR0cDovL3d3dy53My5vcmcvMjAwMC9zdmciPjwvc3ZnPg==\" style=\"--smush-placeholder-width: 750px; --smush-placeholder-aspect-ratio: 750\/750;\" \/><\/div><\/div><\/div><\/div><\/div><div class=\"vc_col-sm-4 wpb_column vc_column_container\"><div class=\"vc_column-inner\"><div class=\"wpb_wrapper\"><div class=\"w-image align_none\"><a title=\"KRAL \u2013 fabricant de d\u00e9bitm\u00e8tres et de pompes \u00e0 vis d&#039;excellente qualit\u00e9.\" href=\"https:\/\/intercontrol.be\/kral\/\" aria-label=\"Link\" class=\"w-image-h\"><img decoding=\"async\" width=\"800\" height=\"600\" data-src=\"https:\/\/intercontrol.be\/wp-content\/uploads\/2023\/01\/logo-KRAL-4X3.png\" class=\"attachment-large size-large lazyload\" alt=\"\" data-srcset=\"https:\/\/intercontrol.be\/wp-content\/uploads\/2023\/01\/logo-KRAL-4X3.png 800w, https:\/\/intercontrol.be\/wp-content\/uploads\/2023\/01\/logo-KRAL-4X3-300x225.png 300w, https:\/\/intercontrol.be\/wp-content\/uploads\/2023\/01\/logo-KRAL-4X3-667x500.png 667w, https:\/\/intercontrol.be\/wp-content\/uploads\/2023\/01\/logo-KRAL-4X3-600x450.png 600w\" data-sizes=\"(max-width: 800px) 100vw, 800px\" src=\"data:image\/svg+xml;base64,PHN2ZyB3aWR0aD0iMSIgaGVpZ2h0PSIxIiB4bWxucz0iaHR0cDovL3d3dy53My5vcmcvMjAwMC9zdmciPjwvc3ZnPg==\" style=\"--smush-placeholder-width: 800px; --smush-placeholder-aspect-ratio: 800\/600;\" \/><\/a><\/div><div class=\"wpb_text_column\"><div class=\"wpb_wrapper\"><p>La s\u00e9rie W de KRAL est principalement utilis\u00e9e pour les fluides sales \u00e0 faible viscosit\u00e9. Cette pompe \u00e0 vis est dot\u00e9e d&#8217;un rev\u00eatement polym\u00e8re robuste et offre des d\u00e9bits constants \u00e0 des pressions diff\u00e9rentielles jusqu&#8217;\u00e0 120 bars.<\/p>\n<\/div><\/div><\/div><\/div><\/div><\/div><div class=\"w-separator size_huge with_line width_default thick_1 style_solid color_primary align_center with_text with_content\"><div class=\"w-separator-h\"><h3 class=\"w-separator-text\"><span>Pr\u00e9sentation du produit<\/span><\/h3><\/div><\/div><div class=\"wpb_text_column\"><div class=\"wpb_wrapper\"><table style=\"height: 332px;\" width=\"692\">\n<tbody>\n<tr>\n<th style=\"text-align: left;\"><b>Fabricant<\/b><\/th>\n<td>\u00a0Kral<\/td>\n<\/tr>\n<tr>\n<th style=\"text-align: left;\">D\u00e9bit<\/th>\n<td>1de 15 \u00e0 280 l\/min.<\/td>\n<\/tr>\n<tr>\n<th style=\"text-align: left;\">Viscosit\u00e9<\/th>\n<td>&gt; 1 mm\u00b2\/s<\/td>\n<\/tr>\n<tr>\n<th style=\"text-align: left;\">Max. diff\u00e9rence de pression<\/th>\n<td>120 bars<\/td>\n<\/tr>\n<tr>\n<th style=\"text-align: left;\">Max. pression d&#8217;entr\u00e9e<\/th>\n<td>16 bars<\/td>\n<\/tr>\n<tr>\n<th style=\"text-align: left;\">Max. temp\u00e9rature<\/th>\n<td>Jusqu&#8217;\u00e0 180 \u00b0C<\/td>\n<\/tr>\n<tr>\n<th style=\"text-align: left;\">Installation<\/th>\n<td>Humide ou sec<\/td>\n<\/tr>\n<tr>\n<th style=\"text-align: left;\">Bo\u00eetier<\/th>\n<td>EN-GJS-400.<\/td>\n<\/tr>\n<tr>\n<th style=\"text-align: left;\">Bo\u00eetier de broche<\/th>\n<td>EN-GJS-400, rev\u00eatement polym\u00e8re ou<br \/>\nd&#8217;autres options mat\u00e9rielles.<\/td>\n<\/tr>\n<tr>\n<th style=\"text-align: left;\">Vis<\/th>\n<td>Acier, nitrur\u00e9.<\/td>\n<\/tr>\n<tr>\n<th style=\"text-align: left;\">Filtration<\/th>\n<td>Min. 70 \u00b5m.<\/td>\n<\/tr>\n<\/tbody>\n<\/table>\n<\/div><\/div><div class=\"w-separator size_huge with_line width_default thick_1 style_solid color_primary align_center with_text with_content\"><div class=\"w-separator-h\"><h3 class=\"w-separator-text\"><span>Pompe sp\u00e9ciale pour des exigences particuli\u00e8res<\/span><\/h3><\/div><\/div><div class=\"g-cols wpb_row via_flex valign_top type_default stacking_default\"><div class=\"vc_col-sm-12 wpb_column vc_column_container\"><div class=\"vc_column-inner\"><div class=\"wpb_wrapper\"><div class=\"wpb_text_column\"><div class=\"wpb_wrapper\"><p>Ces pompes sont con\u00e7ues en mettant l\u2019accent sur la robustesse et l\u2019efficacit\u00e9. La s\u00e9rie W pr\u00e9sente de faibles pulsations, des capacit\u00e9s \u00e0 haute pression et une facilit\u00e9 d&#8217;entretien. Ils conviennent au pompage de carburant, d\u2019huile lubrifiante, de liquides de refroidissement et d\u2019autres fluides industriels difficiles.<\/p>\n<p>Les r\u00e9frig\u00e9rants sont des liquides difficiles \u00e0 pomper. Ils contiennent des salet\u00e9s abrasives, g\u00e9n\u00e9ralement des r\u00e9sidus m\u00e9talliques, et doivent \u00eatre pomp\u00e9s \u00e0 haute pression. De plus, ils ont une tr\u00e8s faible viscosit\u00e9 d\u2019environ 1 mm\u00b2\/s seulement.<\/p>\n<p>Dans la pompe \u00e0 vis KRAL de la s\u00e9rie W, le mat\u00e9riau de la vis et le rev\u00eatement du corps sont con\u00e7us de mani\u00e8re \u00e0 ce que les fluides \u00e0 faible viscosit\u00e9 puissent \u00eatre pomp\u00e9s avec une efficacit\u00e9 \u00e9lev\u00e9e.<\/p>\n<p>Le bo\u00eetier du canon est recouvert d&#8217;un polym\u00e8re r\u00e9sistant capable d&#8217;absorber les particules. Le cylindre d&#8217;\u00e9quilibrage de la pompe \u00e0 vis est dot\u00e9 d&#8217;inserts d&#8217;orifice pour r\u00e9duire les fuites et maintenir une efficacit\u00e9 \u00e9lev\u00e9e.<\/p>\n<\/div><\/div><\/div><\/div><\/div><\/div><div class=\"w-separator size_medium\"><\/div><div class=\"g-cols wpb_row via_flex valign_top type_default stacking_default\"><div class=\"vc_col-sm-12 wpb_column vc_column_container\"><div class=\"vc_column-inner\"><div class=\"wpb_wrapper\"><div class=\"wpb_text_column\"><div class=\"wpb_wrapper\"><h3>Exigences particuli\u00e8res<\/h3>\n<p>Compar\u00e9es \u00e0 d\u2019autres principes de pompage, les pompes \u00e0 vis poss\u00e8dent d\u2019excellentes propri\u00e9t\u00e9s. Ils pompent en continu, avec de faibles pulsations, silencieusement et atteignent un d\u00e9bit \u00e9lev\u00e9 m\u00eame avec un petit volume d&#8217;installation. Les liquides de refroidissement sont des liquides difficiles. Ils ont une tr\u00e8s faible viscosit\u00e9 d&#8217;environ 1 mm\u00b2\/s seulement, doivent \u00eatre transport\u00e9s sous haute pression et contiennent des salet\u00e9s abrasives, g\u00e9n\u00e9ralement des r\u00e9sidus m\u00e9talliques. Gr\u00e2ce \u00e0 la conception innovante, en particulier aux mat\u00e9riaux du bo\u00eetier, les avantages de la pompe \u00e0 vis KRAL peuvent \u00eatre exploit\u00e9s pour les liquides de refroidissement.<\/p>\n<h3>Sale? Aucun probl\u00e8me!<\/h3>\n<p>Les r\u00e9sidus m\u00e9talliques pr\u00e9sents dans les liquides de refroidissement sont abrasifs et provoquent des dommages dus \u00e0 l&#8217;usure. Sans pr\u00e9cautions, le bo\u00eetier du cylindre, les axes et le roulement \u00e0 billes seraient endommag\u00e9s. KRAL recouvre le bo\u00eetier du cylindre avec un polym\u00e8re r\u00e9sistant. Le plastique peut absorber des particules dans une mesure limit\u00e9e. Selon le liquide, d&#8217;autres mat\u00e9riaux peuvent \u00e9galement \u00eatre utilis\u00e9s. De plus, la pompe est \u00e9quip\u00e9e d&#8217;un roulement ext\u00e9rieur lubrifi\u00e9 \u00e0 vie qui n&#8217;entre pas en contact avec le fluide.<\/p>\n<h3>Haute pression \u00e0 faible viscosit\u00e9<\/h3>\n<p>Les liquides de refroidissement sont pomp\u00e9s \u00e0 des pressions \u00e9lev\u00e9es pouvant atteindre 120 bars. C&#8217;est le seul moyen de garantir un refroidissement et un nettoyage suffisants des forages, par exemple. Le cylindre de compensation de la pompe est dot\u00e9 de rainures d&#8217;\u00e9tranglement pour r\u00e9duire le taux de fuite. Cela maintient une efficacit\u00e9 \u00e9lev\u00e9e. Le mat\u00e9riau de la broche et les rev\u00eatements du bo\u00eetier sont adapt\u00e9s aux propri\u00e9t\u00e9s de glissement afin que des fluides \u00e0 faible viscosit\u00e9 puissent \u00eatre pomp\u00e9s.<\/p>\n<\/div><\/div><\/div><\/div><\/div><\/div><div class=\"w-separator size_huge with_line width_default thick_1 style_solid color_primary align_center with_text with_content\"><div class=\"w-separator-h\"><h3 class=\"w-separator-text\"><span>Demande(s)<\/span><\/h3><\/div><\/div><div class=\"g-cols wpb_row via_flex valign_top type_default stacking_default\"><div class=\"vc_col-sm-12 wpb_column vc_column_container\"><div class=\"vc_column-inner\"><div class=\"wpb_wrapper\"><div class=\"wpb_text_column\"><div class=\"wpb_wrapper\"><ul>\n<li><strong>Pompage de liquides de refroidissement\u00a0:<\/strong> en particulier dans les situations o\u00f9 les fluides contiennent des particules abrasives telles que des r\u00e9sidus m\u00e9talliques.<\/li>\n<li><strong>Applications haute pression :<\/strong> Pour les liquides qui doivent \u00eatre pomp\u00e9s \u00e0 haute pression, comme dans les syst\u00e8mes de refroidissement et de lubrification.<\/li>\n<li><strong>Utilisation industrielle\u00a0:<\/strong> par exemple dans les processus de production o\u00f9 un flux continu et sans pulsation de liquides \u00e0 faible viscosit\u00e9 est n\u00e9cessaire.<\/li>\n<li><strong>Machines et \u00e9quipements\u00a0:<\/strong> Pour le refroidissement et la lubrification des machines et des outils pendant les op\u00e9rations<\/li>\n<\/ul>\n<\/div><\/div><\/div><\/div><\/div><\/div><div class=\"w-separator size_huge with_line width_default thick_1 style_solid color_primary align_center with_text with_content\"><div class=\"w-separator-h\"><h3 class=\"w-separator-text\"><span>T\u00e9l\u00e9chargement(s)<\/span><\/h3><\/div><\/div><div class=\"wpb_text_column us_custom_77169355\"><div class=\"wpb_wrapper\"><ul>\n<li><a href=\"https:\/\/intercontrol.be\/wp-content\/uploads\/2024\/07\/KRAL-schroefpompen-W-serie-datasheet-ENG.pdf\">Pompes \u00e0 vis KRAL \u2013 S\u00e9rie W \u2013 fiche technique (ENG)<\/a><\/li>\n<\/ul>\n<\/div><\/div><div class=\"w-separator size_huge with_line width_default thick_1 style_solid color_primary align_center\"><div class=\"w-separator-h\"><\/div><\/div><\/div><\/div><\/div><\/div><\/div><\/section>\n","protected":false},"excerpt":{"rendered":"S\u00e9rie KRAL W Pompe \u00e0 vis pour liquides de refroidissement et autres fluides sales ou \u00e0 faible viscosit\u00e9 La s\u00e9rie W de KRAL est principalement utilis\u00e9e pour les fluides sales \u00e0 faible viscosit\u00e9. Cette pompe \u00e0 vis est dot\u00e9e d&#8217;un rev\u00eatement polym\u00e8re robuste et offre des d\u00e9bits constants \u00e0 des pressions diff\u00e9rentielles jusqu&#8217;\u00e0 120 bars....","protected":false},"featured_media":41187,"comment_status":"closed","ping_status":"closed","template":"","meta":{"_acf_changed":false,"_monsterinsights_skip_tracking":false,"_monsterinsights_sitenote_active":false,"_monsterinsights_sitenote_note":"","_monsterinsights_sitenote_category":0},"product_brand":[],"product_cat":[1177,1174],"product_tag":[],"class_list":{"0":"post-41263","1":"product","2":"type-product","3":"status-publish","4":"has-post-thumbnail","6":"product_cat-pompes-a-vis","7":"product_cat-pompes-industrielles","9":"first","10":"instock","11":"shipping-taxable","12":"product-type-simple"},"acf":[],"yoast_head":"<!-- This site is optimized with the Yoast SEO plugin v27.5 - https:\/\/yoast.com\/product\/yoast-seo-wordpress\/ -->\n<title>KRAL S\u00e9rie W Pompe \u00e0 vis pour liquides de refroidissement - Intercontrol Belgi\u00eb<\/title>\n<meta name=\"description\" content=\"La pompe \u00e0 vis KRAL s\u00e9rie W est principalement utilis\u00e9e pour les liquides de refroidissement, les fluides sales et les fluides \u00e0 faible viscosit\u00e9.\" \/>\n<meta name=\"robots\" content=\"index, follow, max-snippet:-1, max-image-preview:large, max-video-preview:-1\" \/>\n<link rel=\"canonical\" href=\"https:\/\/intercontrol.be\/schroefpompen\/kral-w-serie-schroefpomp-voor-koelvloeistoffen\/\" \/>\n<meta property=\"og:locale\" content=\"fr_FR\" \/>\n<meta property=\"og:type\" content=\"article\" \/>\n<meta property=\"og:title\" content=\"KRAL S\u00e9rie W Pompe \u00e0 vis pour liquides de refroidissement - Intercontrol Belgi\u00eb\" \/>\n<meta property=\"og:description\" content=\"La pompe \u00e0 vis KRAL s\u00e9rie W est principalement utilis\u00e9e pour les liquides de refroidissement, les fluides sales et les fluides \u00e0 faible viscosit\u00e9.\" \/>\n<meta property=\"og:url\" content=\"https:\/\/intercontrol.be\/schroefpompen\/kral-w-serie-schroefpomp-voor-koelvloeistoffen\/\" \/>\n<meta property=\"og:site_name\" content=\"Intercontrol Belgi\u00eb\" \/>\n<meta property=\"article:modified_time\" content=\"2024-08-23T09:56:40+00:00\" \/>\n<meta property=\"og:image\" content=\"https:\/\/intercontrol.be\/wp-content\/uploads\/2024\/07\/KRAL-W-serie-schroefpomp-voor-koelvloeistoffen.jpg\" \/>\n\t<meta property=\"og:image:width\" content=\"750\" \/>\n\t<meta property=\"og:image:height\" content=\"750\" \/>\n\t<meta property=\"og:image:type\" content=\"image\/jpeg\" \/>\n<meta name=\"twitter:card\" content=\"summary_large_image\" \/>\n<meta name=\"twitter:label1\" content=\"Dur\u00e9e de lecture estim\u00e9e\" \/>\n\t<meta name=\"twitter:data1\" content=\"4 minutes\" \/>\n<script type=\"application\/ld+json\" class=\"yoast-schema-graph\">{\"@context\":\"https:\\\/\\\/schema.org\",\"@graph\":[{\"@type\":\"WebPage\",\"@id\":\"https:\\\/\\\/intercontrol.be\\\/schroefpompen\\\/kral-w-serie-schroefpomp-voor-koelvloeistoffen\\\/\",\"url\":\"https:\\\/\\\/intercontrol.be\\\/schroefpompen\\\/kral-w-serie-schroefpomp-voor-koelvloeistoffen\\\/\",\"name\":\"KRAL S\u00e9rie W Pompe \u00e0 vis pour liquides de refroidissement - Intercontrol Belgi\u00eb\",\"isPartOf\":{\"@id\":\"https:\\\/\\\/intercontrol.be\\\/#website\"},\"primaryImageOfPage\":{\"@id\":\"https:\\\/\\\/intercontrol.be\\\/schroefpompen\\\/kral-w-serie-schroefpomp-voor-koelvloeistoffen\\\/#primaryimage\"},\"image\":{\"@id\":\"https:\\\/\\\/intercontrol.be\\\/schroefpompen\\\/kral-w-serie-schroefpomp-voor-koelvloeistoffen\\\/#primaryimage\"},\"thumbnailUrl\":\"https:\\\/\\\/intercontrol.be\\\/wp-content\\\/uploads\\\/2024\\\/07\\\/KRAL-W-serie-schroefpomp-voor-koelvloeistoffen.jpg\",\"datePublished\":\"2024-08-20T14:01:05+00:00\",\"dateModified\":\"2024-08-23T09:56:40+00:00\",\"description\":\"La pompe \u00e0 vis KRAL s\u00e9rie W est principalement utilis\u00e9e pour les liquides de refroidissement, les fluides sales et les fluides \u00e0 faible viscosit\u00e9.\",\"breadcrumb\":{\"@id\":\"https:\\\/\\\/intercontrol.be\\\/schroefpompen\\\/kral-w-serie-schroefpomp-voor-koelvloeistoffen\\\/#breadcrumb\"},\"inLanguage\":\"fr-FR\",\"potentialAction\":[{\"@type\":\"ReadAction\",\"target\":[\"https:\\\/\\\/intercontrol.be\\\/schroefpompen\\\/kral-w-serie-schroefpomp-voor-koelvloeistoffen\\\/\"]}]},{\"@type\":\"ImageObject\",\"inLanguage\":\"fr-FR\",\"@id\":\"https:\\\/\\\/intercontrol.be\\\/schroefpompen\\\/kral-w-serie-schroefpomp-voor-koelvloeistoffen\\\/#primaryimage\",\"url\":\"https:\\\/\\\/intercontrol.be\\\/wp-content\\\/uploads\\\/2024\\\/07\\\/KRAL-W-serie-schroefpomp-voor-koelvloeistoffen.jpg\",\"contentUrl\":\"https:\\\/\\\/intercontrol.be\\\/wp-content\\\/uploads\\\/2024\\\/07\\\/KRAL-W-serie-schroefpomp-voor-koelvloeistoffen.jpg\",\"width\":750,\"height\":750,\"caption\":\"KRAL W-serie - schroefpomp voor koelvloeistoffen\"},{\"@type\":\"BreadcrumbList\",\"@id\":\"https:\\\/\\\/intercontrol.be\\\/schroefpompen\\\/kral-w-serie-schroefpomp-voor-koelvloeistoffen\\\/#breadcrumb\",\"itemListElement\":[{\"@type\":\"ListItem\",\"position\":1,\"name\":\"Home\",\"item\":\"https:\\\/\\\/intercontrol.be\\\/frs\\\/\"},{\"@type\":\"ListItem\",\"position\":2,\"name\":\"Catalogus\",\"item\":\"https:\\\/\\\/intercontrol.be\\\/catalogus\\\/\"},{\"@type\":\"ListItem\",\"position\":3,\"name\":\"KRAL S\u00e9rie W Pompe \u00e0 vis pour liquides de refroidissement\"}]},{\"@type\":\"WebSite\",\"@id\":\"https:\\\/\\\/intercontrol.be\\\/#website\",\"url\":\"https:\\\/\\\/intercontrol.be\\\/\",\"name\":\"Intercontrol Belgi\u00eb\",\"description\":\"Alles onder controle!\",\"potentialAction\":[{\"@type\":\"SearchAction\",\"target\":{\"@type\":\"EntryPoint\",\"urlTemplate\":\"https:\\\/\\\/intercontrol.be\\\/?s={search_term_string}\"},\"query-input\":{\"@type\":\"PropertyValueSpecification\",\"valueRequired\":true,\"valueName\":\"search_term_string\"}}],\"inLanguage\":\"fr-FR\"}]}<\/script>\n<!-- \/ Yoast SEO plugin. -->","yoast_head_json":{"title":"KRAL S\u00e9rie W Pompe \u00e0 vis pour liquides de refroidissement - Intercontrol Belgi\u00eb","description":"La pompe \u00e0 vis KRAL s\u00e9rie W est principalement utilis\u00e9e pour les liquides de refroidissement, les fluides sales et les fluides \u00e0 faible viscosit\u00e9.","robots":{"index":"index","follow":"follow","max-snippet":"max-snippet:-1","max-image-preview":"max-image-preview:large","max-video-preview":"max-video-preview:-1"},"canonical":"https:\/\/intercontrol.be\/schroefpompen\/kral-w-serie-schroefpomp-voor-koelvloeistoffen\/","og_locale":"fr_FR","og_type":"article","og_title":"KRAL S\u00e9rie W Pompe \u00e0 vis pour liquides de refroidissement - Intercontrol Belgi\u00eb","og_description":"La pompe \u00e0 vis KRAL s\u00e9rie W est principalement utilis\u00e9e pour les liquides de refroidissement, les fluides sales et les fluides \u00e0 faible viscosit\u00e9.","og_url":"https:\/\/intercontrol.be\/schroefpompen\/kral-w-serie-schroefpomp-voor-koelvloeistoffen\/","og_site_name":"Intercontrol Belgi\u00eb","article_modified_time":"2024-08-23T09:56:40+00:00","og_image":[{"width":750,"height":750,"url":"https:\/\/intercontrol.be\/wp-content\/uploads\/2024\/07\/KRAL-W-serie-schroefpomp-voor-koelvloeistoffen.jpg","type":"image\/jpeg"}],"twitter_card":"summary_large_image","twitter_misc":{"Dur\u00e9e de lecture estim\u00e9e":"4 minutes"},"schema":{"@context":"https:\/\/schema.org","@graph":[{"@type":"WebPage","@id":"https:\/\/intercontrol.be\/schroefpompen\/kral-w-serie-schroefpomp-voor-koelvloeistoffen\/","url":"https:\/\/intercontrol.be\/schroefpompen\/kral-w-serie-schroefpomp-voor-koelvloeistoffen\/","name":"KRAL S\u00e9rie W Pompe \u00e0 vis pour liquides de refroidissement - Intercontrol Belgi\u00eb","isPartOf":{"@id":"https:\/\/intercontrol.be\/#website"},"primaryImageOfPage":{"@id":"https:\/\/intercontrol.be\/schroefpompen\/kral-w-serie-schroefpomp-voor-koelvloeistoffen\/#primaryimage"},"image":{"@id":"https:\/\/intercontrol.be\/schroefpompen\/kral-w-serie-schroefpomp-voor-koelvloeistoffen\/#primaryimage"},"thumbnailUrl":"https:\/\/intercontrol.be\/wp-content\/uploads\/2024\/07\/KRAL-W-serie-schroefpomp-voor-koelvloeistoffen.jpg","datePublished":"2024-08-20T14:01:05+00:00","dateModified":"2024-08-23T09:56:40+00:00","description":"La pompe \u00e0 vis KRAL s\u00e9rie W est principalement utilis\u00e9e pour les liquides de refroidissement, les fluides sales et les fluides \u00e0 faible viscosit\u00e9.","breadcrumb":{"@id":"https:\/\/intercontrol.be\/schroefpompen\/kral-w-serie-schroefpomp-voor-koelvloeistoffen\/#breadcrumb"},"inLanguage":"fr-FR","potentialAction":[{"@type":"ReadAction","target":["https:\/\/intercontrol.be\/schroefpompen\/kral-w-serie-schroefpomp-voor-koelvloeistoffen\/"]}]},{"@type":"ImageObject","inLanguage":"fr-FR","@id":"https:\/\/intercontrol.be\/schroefpompen\/kral-w-serie-schroefpomp-voor-koelvloeistoffen\/#primaryimage","url":"https:\/\/intercontrol.be\/wp-content\/uploads\/2024\/07\/KRAL-W-serie-schroefpomp-voor-koelvloeistoffen.jpg","contentUrl":"https:\/\/intercontrol.be\/wp-content\/uploads\/2024\/07\/KRAL-W-serie-schroefpomp-voor-koelvloeistoffen.jpg","width":750,"height":750,"caption":"KRAL W-serie - schroefpomp voor koelvloeistoffen"},{"@type":"BreadcrumbList","@id":"https:\/\/intercontrol.be\/schroefpompen\/kral-w-serie-schroefpomp-voor-koelvloeistoffen\/#breadcrumb","itemListElement":[{"@type":"ListItem","position":1,"name":"Home","item":"https:\/\/intercontrol.be\/frs\/"},{"@type":"ListItem","position":2,"name":"Catalogus","item":"https:\/\/intercontrol.be\/catalogus\/"},{"@type":"ListItem","position":3,"name":"KRAL S\u00e9rie W Pompe \u00e0 vis pour liquides de refroidissement"}]},{"@type":"WebSite","@id":"https:\/\/intercontrol.be\/#website","url":"https:\/\/intercontrol.be\/","name":"Intercontrol Belgi\u00eb","description":"Alles onder controle!","potentialAction":[{"@type":"SearchAction","target":{"@type":"EntryPoint","urlTemplate":"https:\/\/intercontrol.be\/?s={search_term_string}"},"query-input":{"@type":"PropertyValueSpecification","valueRequired":true,"valueName":"search_term_string"}}],"inLanguage":"fr-FR"}]}},"_links":{"self":[{"href":"https:\/\/intercontrol.be\/frs\/wp-json\/wp\/v2\/product\/41263","targetHints":{"allow":["GET"]}}],"collection":[{"href":"https:\/\/intercontrol.be\/frs\/wp-json\/wp\/v2\/product"}],"about":[{"href":"https:\/\/intercontrol.be\/frs\/wp-json\/wp\/v2\/types\/product"}],"replies":[{"embeddable":true,"href":"https:\/\/intercontrol.be\/frs\/wp-json\/wp\/v2\/comments?post=41263"}],"wp:featuredmedia":[{"embeddable":true,"href":"https:\/\/intercontrol.be\/frs\/wp-json\/wp\/v2\/media\/41187"}],"wp:attachment":[{"href":"https:\/\/intercontrol.be\/frs\/wp-json\/wp\/v2\/media?parent=41263"}],"wp:term":[{"taxonomy":"product_brand","embeddable":true,"href":"https:\/\/intercontrol.be\/frs\/wp-json\/wp\/v2\/product_brand?post=41263"},{"taxonomy":"product_cat","embeddable":true,"href":"https:\/\/intercontrol.be\/frs\/wp-json\/wp\/v2\/product_cat?post=41263"},{"taxonomy":"product_tag","embeddable":true,"href":"https:\/\/intercontrol.be\/frs\/wp-json\/wp\/v2\/product_tag?post=41263"}],"curies":[{"name":"wp","href":"https:\/\/api.w.org\/{rel}","templated":true}]}}