{"id":41180,"date":"2024-07-16T12:50:52","date_gmt":"2024-07-16T12:50:52","guid":{"rendered":"https:\/\/intercontrol.be\/?post_type=product&#038;p=41180"},"modified":"2024-08-23T09:54:09","modified_gmt":"2024-08-23T09:54:09","slug":"serie-kral-f-pompe-a-vis-pour-biocarburants-et-carburants-synthetiques","status":"publish","type":"product","link":"https:\/\/intercontrol.be\/frs\/pompes-a-vis\/serie-kral-f-pompe-a-vis-pour-biocarburants-et-carburants-synthetiques\/","title":{"rendered":"<b>KRAL S\u00e9rie F<\/b> <br>Pompe \u00e0 vis pour biocarburants et carburants synth\u00e9tiques"},"content":{"rendered":"<section class=\"l-section wpb_row height_large color_primary parallax_ver with_shape\"><div class=\"l-section-overlay\" style=\"background:rgba(6,56,119,0.81)\"><\/div><div class=\"l-section-shape type_triangle pos_bottom\" style=\"height:5vh;\"><svg xmlns=\"http:\/\/www.w3.org\/2000\/svg\" viewBox=\"0 0 64 8\" preserveAspectRatio=\"none\" width=\"100%\" height=\"100%\">\r\n\t<path fill=\"currentColor\" d=\"M64 8 L0 8 L0 0 L32 7.9 L64 0 Z\"\/>\r\n<\/svg><\/div><div class=\"l-section-h i-cf\"><div class=\"g-cols vc_row via_flex valign_top type_default stacking_default\"><div class=\"vc_col-sm-2 wpb_column vc_column_container\"><div class=\"vc_column-inner\"><div class=\"wpb_wrapper\"><\/div><\/div><\/div><div class=\"vc_col-sm-8 wpb_column vc_column_container\"><div class=\"vc_column-inner\"><div class=\"wpb_wrapper\"><div class=\"wpb_text_column\"><div class=\"wpb_wrapper\"><h1 style=\"text-align: center;\">S\u00e9rie KRAL F<\/h1>\n<\/div><\/div><div class=\"w-image align_center\"><div class=\"w-image-h\"><img decoding=\"async\" width=\"50\" height=\"10\" data-src=\"https:\/\/intercontrol.be\/wp-content\/uploads\/2021\/04\/intercontrol-dividerwit.png\" class=\"attachment-large size-large lazyload\" alt=\"\" src=\"data:image\/svg+xml;base64,PHN2ZyB3aWR0aD0iMSIgaGVpZ2h0PSIxIiB4bWxucz0iaHR0cDovL3d3dy53My5vcmcvMjAwMC9zdmciPjwvc3ZnPg==\" style=\"--smush-placeholder-width: 50px; --smush-placeholder-aspect-ratio: 50\/10;\" \/><\/div><\/div><div class=\"w-separator size_small\"><\/div><div class=\"wpb_text_column\"><div class=\"wpb_wrapper\"><h2 style=\"text-align: center;\">Pompe \u00e0 vis pour biodiesel et carburants synth\u00e9tiques<\/h2>\n<\/div><\/div><\/div><\/div><\/div><div class=\"vc_col-sm-2 wpb_column vc_column_container\"><div class=\"vc_column-inner\"><div class=\"wpb_wrapper\"><\/div><\/div><\/div><\/div><\/div><\/section><section class=\"l-section wpb_row height_large\"><div class=\"l-section-h i-cf\"><div class=\"g-cols vc_row via_flex valign_top type_default stacking_default\" style=\"--additional-gap:10px;\"><div class=\"vc_col-sm-12 wpb_column vc_column_container\"><div class=\"vc_column-inner\"><div class=\"wpb_wrapper\"><div class=\"g-cols wpb_row via_flex valign_middle type_default stacking_default\"><div class=\"vc_col-sm-8 wpb_column vc_column_container\"><div class=\"vc_column-inner\"><div class=\"wpb_wrapper\"><div class=\"w-image align_none\"><div class=\"w-image-h\"><img decoding=\"async\" width=\"800\" height=\"533\" data-src=\"https:\/\/intercontrol.be\/wp-content\/uploads\/2024\/06\/KRAL-F-serie-schroefpomp-voor-biobrandstof-en-synthetische-brandstof.png\" class=\"attachment-large size-large lazyload\" alt=\"KRAL F-serie schroefpomp voor biobrandstof en synthetische brandstof\" data-srcset=\"https:\/\/intercontrol.be\/wp-content\/uploads\/2024\/06\/KRAL-F-serie-schroefpomp-voor-biobrandstof-en-synthetische-brandstof.png 800w, https:\/\/intercontrol.be\/wp-content\/uploads\/2024\/06\/KRAL-F-serie-schroefpomp-voor-biobrandstof-en-synthetische-brandstof-300x200.png 300w, https:\/\/intercontrol.be\/wp-content\/uploads\/2024\/06\/KRAL-F-serie-schroefpomp-voor-biobrandstof-en-synthetische-brandstof-700x466.png 700w, https:\/\/intercontrol.be\/wp-content\/uploads\/2024\/06\/KRAL-F-serie-schroefpomp-voor-biobrandstof-en-synthetische-brandstof-600x400.png 600w\" data-sizes=\"(max-width: 800px) 100vw, 800px\" src=\"data:image\/svg+xml;base64,PHN2ZyB3aWR0aD0iMSIgaGVpZ2h0PSIxIiB4bWxucz0iaHR0cDovL3d3dy53My5vcmcvMjAwMC9zdmciPjwvc3ZnPg==\" style=\"--smush-placeholder-width: 800px; --smush-placeholder-aspect-ratio: 800\/533;\" \/><\/div><\/div><\/div><\/div><\/div><div class=\"vc_col-sm-4 wpb_column vc_column_container\"><div class=\"vc_column-inner\"><div class=\"wpb_wrapper\"><div class=\"w-image align_none\"><a title=\"KRAL \u2013 fabricant de d\u00e9bitm\u00e8tres et de pompes \u00e0 vis d&#039;excellente qualit\u00e9.\" href=\"https:\/\/intercontrol.be\/kral\/\" aria-label=\"Link\" class=\"w-image-h\"><img decoding=\"async\" width=\"800\" height=\"600\" data-src=\"https:\/\/intercontrol.be\/wp-content\/uploads\/2023\/01\/logo-KRAL-4X3.png\" class=\"attachment-large size-large lazyload\" alt=\"\" data-srcset=\"https:\/\/intercontrol.be\/wp-content\/uploads\/2023\/01\/logo-KRAL-4X3.png 800w, https:\/\/intercontrol.be\/wp-content\/uploads\/2023\/01\/logo-KRAL-4X3-300x225.png 300w, https:\/\/intercontrol.be\/wp-content\/uploads\/2023\/01\/logo-KRAL-4X3-667x500.png 667w, https:\/\/intercontrol.be\/wp-content\/uploads\/2023\/01\/logo-KRAL-4X3-600x450.png 600w\" data-sizes=\"(max-width: 800px) 100vw, 800px\" src=\"data:image\/svg+xml;base64,PHN2ZyB3aWR0aD0iMSIgaGVpZ2h0PSIxIiB4bWxucz0iaHR0cDovL3d3dy53My5vcmcvMjAwMC9zdmciPjwvc3ZnPg==\" style=\"--smush-placeholder-width: 800px; --smush-placeholder-aspect-ratio: 800\/600;\" \/><\/a><\/div><div class=\"wpb_text_column\"><div class=\"wpb_wrapper\"><p>Cette pompe \u00e0 vis KRAL (s\u00e9rie F) est con\u00e7ue pour traiter les carburants futurs tels que le biodiesel et les carburants synth\u00e9tiques, pr\u00e9parant ainsi la pompe pour la transition \u00e9nerg\u00e9tique et les solutions de carburants durables.<\/p>\n<\/div><\/div><\/div><\/div><\/div><\/div><div class=\"w-separator size_huge with_line width_default thick_1 style_solid color_primary align_center with_text with_content\"><div class=\"w-separator-h\"><h3 class=\"w-separator-text\"><span>Pr\u00e9sentation du produit<\/span><\/h3><\/div><\/div><div class=\"wpb_text_column\"><div class=\"wpb_wrapper\"><table style=\"height: 332px;\" width=\"692\">\n<tbody>\n<tr>\n<th style=\"text-align: left;\"><b>Fabrikant<\/b><\/th>\n<td>\u00a0Kral<\/td>\n<\/tr>\n<tr>\n<th style=\"text-align: left;\"><b>Afgiftesnelheid<\/b><\/th>\n<td>15 to 280 l\/min.<\/td>\n<\/tr>\n<tr>\n<th style=\"text-align: left;\">Viscositeit<\/th>\n<td>0,2 tot 500 mm\u00b2\/s<\/td>\n<\/tr>\n<tr>\n<th style=\"text-align: left;\">Rotatiesnelheid<\/th>\n<td>tot 4000 min-1.<\/td>\n<\/tr>\n<tr>\n<th style=\"text-align: left;\">Max. drukverschil<\/th>\n<td>120 bar<\/td>\n<\/tr>\n<tr>\n<th style=\"text-align: left;\">Max. temperatuur<\/th>\n<td>+80 \u00b0C<\/td>\n<\/tr>\n<tr>\n<th style=\"text-align: left;\">ATEX<\/th>\n<td>Zone 1 &amp; 2<\/td>\n<\/tr>\n<tr>\n<th style=\"text-align: left;\">Geschikt voor<\/th>\n<td>biobrandstoffen, methanol, ammoniak, ethanol, LFO, HVO, FAME.<\/td>\n<\/tr>\n<\/tbody>\n<\/table>\n<\/div><\/div><div class=\"w-separator size_huge with_line width_default thick_1 style_solid color_primary align_center with_text with_content\"><div class=\"w-separator-h\"><h3 class=\"w-separator-text\"><span>Sp\u00e9cialement pour les carburants synth\u00e9tiques et les biocarburants<\/span><\/h3><\/div><\/div><div class=\"g-cols wpb_row via_flex valign_top type_default stacking_default\"><div class=\"vc_col-sm-12 wpb_column vc_column_container\"><div class=\"vc_column-inner\"><div class=\"wpb_wrapper\"><div class=\"wpb_text_column\"><div class=\"wpb_wrapper\"><p>Dans le monde en constante \u00e9volution des technologies \u00e9nerg\u00e9tiques, les carburants futurs jouent un r\u00f4le cl\u00e9. Non seulement ils promettent une alternative plus durable aux carburants fossiles conventionnels, mais ils stimulent \u00e9galement l&#8217;innovation et l&#8217;efficacit\u00e9 dans diverses applications industrielles. La pompe Future Fuels de KRAL offre une haute efficacit\u00e9 pour divers carburants futurs et une large gamme d&#8217;applications gr\u00e2ce \u00e0 l&#8217;utilisation d&#8217;acier inoxydable r\u00e9sistant \u00e0 la corrosion.<\/p>\n<\/div><\/div><\/div><\/div><\/div><\/div><div class=\"w-separator size_medium\"><\/div><div class=\"g-cols wpb_row via_flex valign_top type_default stacking_default\"><div class=\"vc_col-sm-6 wpb_column vc_column_container\"><div class=\"vc_column-inner\"><div class=\"wpb_wrapper\"><div class=\"wpb_text_column\"><div class=\"wpb_wrapper\"><h3>Haute efficacit\u00e9 &amp; faible consommation d&#8217;\u00e9nergie<\/h3>\n<p>La pompe \u00e0 vis de la s\u00e9rie F offre une tr\u00e8s haute efficacit\u00e9 volum\u00e9trique, ce qui se traduit par une consommation d&#8217;\u00e9nergie r\u00e9duite et donc des co\u00fbts op\u00e9rationnels plus bas. Ceci est particuli\u00e8rement important dans les applications industrielles o\u00f9 l&#8217;efficacit\u00e9 \u00e9nerg\u00e9tique est une priorit\u00e9.<\/p>\n<h3>Conception durable<\/h3>\n<p>La pompe est con\u00e7ue pour \u00eatre durable et fiable, m\u00eame dans des conditions difficiles, ce qui signifie moins de maintenance et une dur\u00e9e de vie plus longue, r\u00e9duisant ainsi les co\u00fbts \u00e0 long terme.<\/p>\n<h3>Applications multiples<\/h3>\n<p>Gr\u00e2ce \u00e0 la polyvalence des pompes \u00e0 vis de la s\u00e9rie F, elles peuvent \u00eatre utilis\u00e9es dans divers secteurs industriels tels que l&#8217;industrie p\u00e9troli\u00e8re et gazi\u00e8re, l&#8217;industrie chimique et le secteur maritime.<\/p>\n<\/div><\/div><\/div><\/div><\/div><div class=\"vc_col-sm-6 wpb_column vc_column_container\"><div class=\"vc_column-inner\"><div class=\"wpb_wrapper\"><div class=\"wpb_text_column\"><div class=\"wpb_wrapper\"><h3>R\u00e9duction des \u00e9missions<\/h3>\n<p>La pompe est con\u00e7ue pour r\u00e9duire les \u00e9missions, contribuant ainsi \u00e0 des op\u00e9rations respectueuses de l&#8217;environnement. Ceci est crucial pour les entreprises qui visent la durabilit\u00e9 et la conformit\u00e9 \u00e0 des normes environnementales plus strictes.<\/p>\n<h3>Haute pr\u00e9cision<\/h3>\n<p>Les pompes \u00e0 vis de la s\u00e9rie F offrent une haute pr\u00e9cision dans le pompage des liquides, essentiel pour les processus n\u00e9cessitant des dosages pr\u00e9cis.<\/p>\n<h3>Facilit\u00e9 de maintenance<\/h3>\n<p>La pompe est facile \u00e0 installer et \u00e0 entretenir, augmentant ainsi l&#8217;efficacit\u00e9 op\u00e9rationnelle et minimisant les temps d&#8217;arr\u00eat.<\/p>\n<\/div><\/div><\/div><\/div><\/div><\/div><div class=\"w-separator size_huge with_line width_default thick_1 style_solid color_primary align_center with_text with_content\"><div class=\"w-separator-h\"><h3 class=\"w-separator-text\"><span>avantages<\/span><\/h3><\/div><\/div><div class=\"g-cols wpb_row via_flex valign_top type_default stacking_default\"><div class=\"vc_col-sm-12 wpb_column vc_column_container\"><div class=\"vc_column-inner\"><div class=\"wpb_wrapper\"><div class=\"wpb_text_column\"><div class=\"wpb_wrapper\"><ul>\n<li>Toutes les pi\u00e8ces en contact avec le milieu sont en acier inoxydable.<\/li>\n<li>\u00c9tanch\u00e9it\u00e9 herm\u00e9tique avec accouplement magn\u00e9tique.<\/li>\n<li>Approuv\u00e9 pour une utilisation en zones ATEX 1 &amp; 2.<\/li>\n<li>Diff\u00e9rences de pression jusqu&#8217;\u00e0 80 bar (LFO, biocarburants) \/ max. 60 bar pour le m\u00e9thanol et jusqu&#8217;\u00e0 40 bar pour l&#8217;ammoniac.<\/li>\n<li>Excellent degr\u00e9 d&#8217;efficacit\u00e9.<\/li>\n<li>Basses pulsations et transport \u00e0 faible cisaillement.<\/li>\n<li>Propri\u00e9t\u00e9s de transport presque lin\u00e9aires.<\/li>\n<li>Tr\u00e8s faible \u00e9mission sonore.<\/li>\n<\/ul>\n<\/div><\/div><div class=\"w-image align_center\"><div class=\"w-image-h\"><img decoding=\"async\" width=\"1024\" height=\"560\" data-src=\"https:\/\/intercontrol.be\/wp-content\/uploads\/2024\/06\/dwardoorsnede-van-de-KRAL-schroefpomp-F-serie-voor-biobrandstof-en-synthetische-brandstof--1024x560.png\" class=\"attachment-large size-large lazyload\" alt=\"dwardoorsnede van de KRAL schroefpomp F-serie voor biobrandstof en synthetische brandstof\" data-srcset=\"https:\/\/intercontrol.be\/wp-content\/uploads\/2024\/06\/dwardoorsnede-van-de-KRAL-schroefpomp-F-serie-voor-biobrandstof-en-synthetische-brandstof--1024x560.png 1024w, https:\/\/intercontrol.be\/wp-content\/uploads\/2024\/06\/dwardoorsnede-van-de-KRAL-schroefpomp-F-serie-voor-biobrandstof-en-synthetische-brandstof--300x164.png 300w, https:\/\/intercontrol.be\/wp-content\/uploads\/2024\/06\/dwardoorsnede-van-de-KRAL-schroefpomp-F-serie-voor-biobrandstof-en-synthetische-brandstof--700x383.png 700w, https:\/\/intercontrol.be\/wp-content\/uploads\/2024\/06\/dwardoorsnede-van-de-KRAL-schroefpomp-F-serie-voor-biobrandstof-en-synthetische-brandstof--600x328.png 600w, https:\/\/intercontrol.be\/wp-content\/uploads\/2024\/06\/dwardoorsnede-van-de-KRAL-schroefpomp-F-serie-voor-biobrandstof-en-synthetische-brandstof-.png 1463w\" data-sizes=\"(max-width: 1024px) 100vw, 1024px\" src=\"data:image\/svg+xml;base64,PHN2ZyB3aWR0aD0iMSIgaGVpZ2h0PSIxIiB4bWxucz0iaHR0cDovL3d3dy53My5vcmcvMjAwMC9zdmciPjwvc3ZnPg==\" style=\"--smush-placeholder-width: 1024px; --smush-placeholder-aspect-ratio: 1024\/560;\" \/><\/div><\/div><\/div><\/div><\/div><\/div><div class=\"w-separator size_huge with_line width_default thick_1 style_solid color_primary align_center with_text with_content\"><div class=\"w-separator-h\"><h3 class=\"w-separator-text\"><span>T\u00e9l\u00e9chargement(s)<\/span><\/h3><\/div><\/div><div class=\"wpb_text_column us_custom_77169355\"><div class=\"wpb_wrapper\"><ul>\n<li><a href=\"https:\/\/intercontrol.be\/wp-content\/uploads\/2024\/06\/KRAL-schroefpompen-F-serie-datasheet-ENG.pdf\">Pompes \u00e0 vis KRAL \u2013 S\u00e9rie F \u2013 fiche technique (ENG)<\/a><\/li>\n<\/ul>\n<\/div><\/div><div class=\"w-separator size_huge with_line width_default thick_1 style_solid color_primary align_center\"><div class=\"w-separator-h\"><\/div><\/div><\/div><\/div><\/div><\/div><\/div><\/section>\n","protected":false},"excerpt":{"rendered":"S\u00e9rie KRAL F Pompe \u00e0 vis pour biodiesel et carburants synth\u00e9tiques Cette pompe \u00e0 vis KRAL (s\u00e9rie F) est con\u00e7ue pour traiter les carburants futurs tels que le biodiesel et les carburants synth\u00e9tiques, pr\u00e9parant ainsi la pompe pour la transition \u00e9nerg\u00e9tique et les solutions de carburants durables. Pr\u00e9sentation du produit Fabrikant \u00a0Kral Afgiftesnelheid 15 to...","protected":false},"featured_media":41167,"comment_status":"closed","ping_status":"closed","template":"","meta":{"_acf_changed":false,"_monsterinsights_skip_tracking":false,"_monsterinsights_sitenote_active":false,"_monsterinsights_sitenote_note":"","_monsterinsights_sitenote_category":0},"product_brand":[],"product_cat":[1177,1174],"product_tag":[],"class_list":{"0":"post-41180","1":"product","2":"type-product","3":"status-publish","4":"has-post-thumbnail","6":"product_cat-pompes-a-vis","7":"product_cat-pompes-industrielles","9":"first","10":"instock","11":"shipping-taxable","12":"product-type-simple"},"acf":[],"yoast_head":"<!-- This site is optimized with the Yoast SEO plugin v27.4 - https:\/\/yoast.com\/product\/yoast-seo-wordpress\/ -->\n<title>Vous pouvez pomper du carburant synth\u00e9tique avec la s\u00e9rie KRAL F<\/title>\n<meta name=\"description\" content=\"Sp\u00e9cialement pour le carburant synth\u00e9tique\u00a0; cette pompe \u00e0 vis est pr\u00eate pour la transition \u00e9nerg\u00e9tique et les solutions de carburants durables.\" \/>\n<meta name=\"robots\" content=\"index, follow, max-snippet:-1, max-image-preview:large, max-video-preview:-1\" \/>\n<link rel=\"canonical\" href=\"https:\/\/intercontrol.be\/schroefpompen\/kral-f-serie-schroefpomp-voor-biobrandstof-en-synthetische-brandstof\/\" \/>\n<meta property=\"og:locale\" content=\"fr_FR\" \/>\n<meta property=\"og:type\" content=\"article\" \/>\n<meta property=\"og:title\" content=\"Vous pouvez pomper du carburant synth\u00e9tique avec la s\u00e9rie KRAL F\" \/>\n<meta property=\"og:description\" content=\"Sp\u00e9cialement pour le carburant synth\u00e9tique\u00a0; cette pompe \u00e0 vis est pr\u00eate pour la transition \u00e9nerg\u00e9tique et les solutions de carburants durables.\" \/>\n<meta property=\"og:url\" content=\"https:\/\/intercontrol.be\/schroefpompen\/kral-f-serie-schroefpomp-voor-biobrandstof-en-synthetische-brandstof\/\" \/>\n<meta property=\"og:site_name\" content=\"Intercontrol Belgi\u00eb\" \/>\n<meta property=\"article:modified_time\" content=\"2024-08-23T09:54:09+00:00\" \/>\n<meta property=\"og:image\" content=\"https:\/\/intercontrol.be\/wp-content\/uploads\/2024\/06\/KRAL-F-serie-schroefpomp-voor-biobrandstof-en-synthetische-brandstof-2.png\" \/>\n\t<meta property=\"og:image:width\" content=\"600\" \/>\n\t<meta property=\"og:image:height\" content=\"600\" \/>\n\t<meta property=\"og:image:type\" content=\"image\/png\" \/>\n<meta name=\"twitter:card\" content=\"summary_large_image\" \/>\n<meta name=\"twitter:label1\" content=\"Dur\u00e9e de lecture estim\u00e9e\" \/>\n\t<meta name=\"twitter:data1\" content=\"3 minutes\" \/>\n<script type=\"application\/ld+json\" class=\"yoast-schema-graph\">{\"@context\":\"https:\\\/\\\/schema.org\",\"@graph\":[{\"@type\":\"WebPage\",\"@id\":\"https:\\\/\\\/intercontrol.be\\\/schroefpompen\\\/kral-f-serie-schroefpomp-voor-biobrandstof-en-synthetische-brandstof\\\/\",\"url\":\"https:\\\/\\\/intercontrol.be\\\/schroefpompen\\\/kral-f-serie-schroefpomp-voor-biobrandstof-en-synthetische-brandstof\\\/\",\"name\":\"Vous pouvez pomper du carburant synth\u00e9tique avec la s\u00e9rie KRAL F\",\"isPartOf\":{\"@id\":\"https:\\\/\\\/intercontrol.be\\\/#website\"},\"primaryImageOfPage\":{\"@id\":\"https:\\\/\\\/intercontrol.be\\\/schroefpompen\\\/kral-f-serie-schroefpomp-voor-biobrandstof-en-synthetische-brandstof\\\/#primaryimage\"},\"image\":{\"@id\":\"https:\\\/\\\/intercontrol.be\\\/schroefpompen\\\/kral-f-serie-schroefpomp-voor-biobrandstof-en-synthetische-brandstof\\\/#primaryimage\"},\"thumbnailUrl\":\"https:\\\/\\\/intercontrol.be\\\/wp-content\\\/uploads\\\/2024\\\/06\\\/KRAL-F-serie-schroefpomp-voor-biobrandstof-en-synthetische-brandstof-2.png\",\"datePublished\":\"2024-07-16T12:50:52+00:00\",\"dateModified\":\"2024-08-23T09:54:09+00:00\",\"description\":\"Sp\u00e9cialement pour le carburant synth\u00e9tique\u00a0; cette pompe \u00e0 vis est pr\u00eate pour la transition \u00e9nerg\u00e9tique et les solutions de carburants durables.\",\"breadcrumb\":{\"@id\":\"https:\\\/\\\/intercontrol.be\\\/schroefpompen\\\/kral-f-serie-schroefpomp-voor-biobrandstof-en-synthetische-brandstof\\\/#breadcrumb\"},\"inLanguage\":\"fr-FR\",\"potentialAction\":[{\"@type\":\"ReadAction\",\"target\":[\"https:\\\/\\\/intercontrol.be\\\/schroefpompen\\\/kral-f-serie-schroefpomp-voor-biobrandstof-en-synthetische-brandstof\\\/\"]}]},{\"@type\":\"ImageObject\",\"inLanguage\":\"fr-FR\",\"@id\":\"https:\\\/\\\/intercontrol.be\\\/schroefpompen\\\/kral-f-serie-schroefpomp-voor-biobrandstof-en-synthetische-brandstof\\\/#primaryimage\",\"url\":\"https:\\\/\\\/intercontrol.be\\\/wp-content\\\/uploads\\\/2024\\\/06\\\/KRAL-F-serie-schroefpomp-voor-biobrandstof-en-synthetische-brandstof-2.png\",\"contentUrl\":\"https:\\\/\\\/intercontrol.be\\\/wp-content\\\/uploads\\\/2024\\\/06\\\/KRAL-F-serie-schroefpomp-voor-biobrandstof-en-synthetische-brandstof-2.png\",\"width\":600,\"height\":600,\"caption\":\"\"},{\"@type\":\"BreadcrumbList\",\"@id\":\"https:\\\/\\\/intercontrol.be\\\/schroefpompen\\\/kral-f-serie-schroefpomp-voor-biobrandstof-en-synthetische-brandstof\\\/#breadcrumb\",\"itemListElement\":[{\"@type\":\"ListItem\",\"position\":1,\"name\":\"Home\",\"item\":\"https:\\\/\\\/intercontrol.be\\\/frs\\\/\"},{\"@type\":\"ListItem\",\"position\":2,\"name\":\"Catalogus\",\"item\":\"https:\\\/\\\/intercontrol.be\\\/catalogus\\\/\"},{\"@type\":\"ListItem\",\"position\":3,\"name\":\"KRAL S\u00e9rie F Pompe \u00e0 vis pour biocarburants et carburants synth\u00e9tiques\"}]},{\"@type\":\"WebSite\",\"@id\":\"https:\\\/\\\/intercontrol.be\\\/#website\",\"url\":\"https:\\\/\\\/intercontrol.be\\\/\",\"name\":\"Intercontrol Belgi\u00eb\",\"description\":\"Alles onder controle!\",\"potentialAction\":[{\"@type\":\"SearchAction\",\"target\":{\"@type\":\"EntryPoint\",\"urlTemplate\":\"https:\\\/\\\/intercontrol.be\\\/?s={search_term_string}\"},\"query-input\":{\"@type\":\"PropertyValueSpecification\",\"valueRequired\":true,\"valueName\":\"search_term_string\"}}],\"inLanguage\":\"fr-FR\"}]}<\/script>\n<!-- \/ Yoast SEO plugin. -->","yoast_head_json":{"title":"Vous pouvez pomper du carburant synth\u00e9tique avec la s\u00e9rie KRAL F","description":"Sp\u00e9cialement pour le carburant synth\u00e9tique\u00a0; cette pompe \u00e0 vis est pr\u00eate pour la transition \u00e9nerg\u00e9tique et les solutions de carburants durables.","robots":{"index":"index","follow":"follow","max-snippet":"max-snippet:-1","max-image-preview":"max-image-preview:large","max-video-preview":"max-video-preview:-1"},"canonical":"https:\/\/intercontrol.be\/schroefpompen\/kral-f-serie-schroefpomp-voor-biobrandstof-en-synthetische-brandstof\/","og_locale":"fr_FR","og_type":"article","og_title":"Vous pouvez pomper du carburant synth\u00e9tique avec la s\u00e9rie KRAL F","og_description":"Sp\u00e9cialement pour le carburant synth\u00e9tique\u00a0; cette pompe \u00e0 vis est pr\u00eate pour la transition \u00e9nerg\u00e9tique et les solutions de carburants durables.","og_url":"https:\/\/intercontrol.be\/schroefpompen\/kral-f-serie-schroefpomp-voor-biobrandstof-en-synthetische-brandstof\/","og_site_name":"Intercontrol Belgi\u00eb","article_modified_time":"2024-08-23T09:54:09+00:00","og_image":[{"width":600,"height":600,"url":"https:\/\/intercontrol.be\/wp-content\/uploads\/2024\/06\/KRAL-F-serie-schroefpomp-voor-biobrandstof-en-synthetische-brandstof-2.png","type":"image\/png"}],"twitter_card":"summary_large_image","twitter_misc":{"Dur\u00e9e de lecture estim\u00e9e":"3 minutes"},"schema":{"@context":"https:\/\/schema.org","@graph":[{"@type":"WebPage","@id":"https:\/\/intercontrol.be\/schroefpompen\/kral-f-serie-schroefpomp-voor-biobrandstof-en-synthetische-brandstof\/","url":"https:\/\/intercontrol.be\/schroefpompen\/kral-f-serie-schroefpomp-voor-biobrandstof-en-synthetische-brandstof\/","name":"Vous pouvez pomper du carburant synth\u00e9tique avec la s\u00e9rie KRAL F","isPartOf":{"@id":"https:\/\/intercontrol.be\/#website"},"primaryImageOfPage":{"@id":"https:\/\/intercontrol.be\/schroefpompen\/kral-f-serie-schroefpomp-voor-biobrandstof-en-synthetische-brandstof\/#primaryimage"},"image":{"@id":"https:\/\/intercontrol.be\/schroefpompen\/kral-f-serie-schroefpomp-voor-biobrandstof-en-synthetische-brandstof\/#primaryimage"},"thumbnailUrl":"https:\/\/intercontrol.be\/wp-content\/uploads\/2024\/06\/KRAL-F-serie-schroefpomp-voor-biobrandstof-en-synthetische-brandstof-2.png","datePublished":"2024-07-16T12:50:52+00:00","dateModified":"2024-08-23T09:54:09+00:00","description":"Sp\u00e9cialement pour le carburant synth\u00e9tique\u00a0; cette pompe \u00e0 vis est pr\u00eate pour la transition \u00e9nerg\u00e9tique et les solutions de carburants durables.","breadcrumb":{"@id":"https:\/\/intercontrol.be\/schroefpompen\/kral-f-serie-schroefpomp-voor-biobrandstof-en-synthetische-brandstof\/#breadcrumb"},"inLanguage":"fr-FR","potentialAction":[{"@type":"ReadAction","target":["https:\/\/intercontrol.be\/schroefpompen\/kral-f-serie-schroefpomp-voor-biobrandstof-en-synthetische-brandstof\/"]}]},{"@type":"ImageObject","inLanguage":"fr-FR","@id":"https:\/\/intercontrol.be\/schroefpompen\/kral-f-serie-schroefpomp-voor-biobrandstof-en-synthetische-brandstof\/#primaryimage","url":"https:\/\/intercontrol.be\/wp-content\/uploads\/2024\/06\/KRAL-F-serie-schroefpomp-voor-biobrandstof-en-synthetische-brandstof-2.png","contentUrl":"https:\/\/intercontrol.be\/wp-content\/uploads\/2024\/06\/KRAL-F-serie-schroefpomp-voor-biobrandstof-en-synthetische-brandstof-2.png","width":600,"height":600,"caption":""},{"@type":"BreadcrumbList","@id":"https:\/\/intercontrol.be\/schroefpompen\/kral-f-serie-schroefpomp-voor-biobrandstof-en-synthetische-brandstof\/#breadcrumb","itemListElement":[{"@type":"ListItem","position":1,"name":"Home","item":"https:\/\/intercontrol.be\/frs\/"},{"@type":"ListItem","position":2,"name":"Catalogus","item":"https:\/\/intercontrol.be\/catalogus\/"},{"@type":"ListItem","position":3,"name":"KRAL S\u00e9rie F Pompe \u00e0 vis pour biocarburants et carburants synth\u00e9tiques"}]},{"@type":"WebSite","@id":"https:\/\/intercontrol.be\/#website","url":"https:\/\/intercontrol.be\/","name":"Intercontrol Belgi\u00eb","description":"Alles onder controle!","potentialAction":[{"@type":"SearchAction","target":{"@type":"EntryPoint","urlTemplate":"https:\/\/intercontrol.be\/?s={search_term_string}"},"query-input":{"@type":"PropertyValueSpecification","valueRequired":true,"valueName":"search_term_string"}}],"inLanguage":"fr-FR"}]}},"_links":{"self":[{"href":"https:\/\/intercontrol.be\/frs\/wp-json\/wp\/v2\/product\/41180","targetHints":{"allow":["GET"]}}],"collection":[{"href":"https:\/\/intercontrol.be\/frs\/wp-json\/wp\/v2\/product"}],"about":[{"href":"https:\/\/intercontrol.be\/frs\/wp-json\/wp\/v2\/types\/product"}],"replies":[{"embeddable":true,"href":"https:\/\/intercontrol.be\/frs\/wp-json\/wp\/v2\/comments?post=41180"}],"wp:featuredmedia":[{"embeddable":true,"href":"https:\/\/intercontrol.be\/frs\/wp-json\/wp\/v2\/media\/41167"}],"wp:attachment":[{"href":"https:\/\/intercontrol.be\/frs\/wp-json\/wp\/v2\/media?parent=41180"}],"wp:term":[{"taxonomy":"product_brand","embeddable":true,"href":"https:\/\/intercontrol.be\/frs\/wp-json\/wp\/v2\/product_brand?post=41180"},{"taxonomy":"product_cat","embeddable":true,"href":"https:\/\/intercontrol.be\/frs\/wp-json\/wp\/v2\/product_cat?post=41180"},{"taxonomy":"product_tag","embeddable":true,"href":"https:\/\/intercontrol.be\/frs\/wp-json\/wp\/v2\/product_tag?post=41180"}],"curies":[{"name":"wp","href":"https:\/\/api.w.org\/{rel}","templated":true}]}}