{"id":7464,"date":"2015-08-10T09:19:47","date_gmt":"2015-08-10T09:19:47","guid":{"rendered":"http:\/\/inter.snv-ontwikkeling.nl\/frs\/navigation\/fullstandsmessung-auf-schiffen\/"},"modified":"2023-07-06T09:59:31","modified_gmt":"2023-07-06T09:59:31","slug":"mesure-de-niveau-du-cargaison","status":"publish","type":"page","link":"https:\/\/intercontrol.be\/frs\/instruments-de-marine\/mesure-de-niveau-du-cargaison\/","title":{"rendered":"Mesure de niveau du cargaison"},"content":{"rendered":"<section class=\"l-section wpb_row height_auto\"><div class=\"l-section-h i-cf\"><div class=\"g-cols vc_row via_flex valign_top type_default stacking_default\"><div class=\"vc_col-sm-12 wpb_column vc_column_container\"><div class=\"vc_column-inner\"><div class=\"wpb_wrapper\"><\/div><\/div><\/div><\/div><\/div><\/section><section class=\"l-section wpb_row openingsfoto height_large color_primary with_img with_shape\"><div class=\"l-section-img lazyload\" data-img-width=\"2560\" data-img-height=\"1440\" style=\"background-image:inherit;\" data-bg-image=\"url(https:\/\/intercontrol.be\/wp-content\/uploads\/2021\/04\/intercontrol_diepgang_1-scaled.jpg)\"><\/div><div class=\"l-section-overlay\" style=\"background:rgba(6,56,119,0.57)\"><\/div><div class=\"l-section-shape type_triangle pos_bottom\" style=\"height:5vh;\"><svg xmlns=\"http:\/\/www.w3.org\/2000\/svg\" viewBox=\"0 0 64 8\" preserveAspectRatio=\"none\" width=\"100%\" height=\"100%\">\r\n\t<path fill=\"currentColor\" d=\"M64 8 L0 8 L0 0 L32 7.9 L64 0 Z\"\/>\r\n<\/svg><\/div><div class=\"l-section-h i-cf\"><div class=\"g-cols vc_row via_flex valign_middle type_default stacking_default\"><div class=\"vc_col-sm-12 wpb_column vc_column_container\"><div class=\"vc_column-inner\"><div class=\"wpb_wrapper\"><h1 class=\"w-text us_custom_59c9a240\"><span class=\"w-text-h\"><span class=\"w-text-value\">Mesurer le tirant d\u2019eau<\/span><\/span><\/h1><div class=\"g-cols wpb_row via_flex valign_top type_default stacking_default\"><div class=\"vc_col-sm-2 wpb_column vc_column_container\"><div class=\"vc_column-inner\"><div class=\"wpb_wrapper\"><\/div><\/div><\/div><div class=\"vc_col-sm-8 wpb_column vc_column_container\"><div class=\"vc_column-inner\"><div class=\"wpb_wrapper\"><div class=\"w-image align_center\"><div class=\"w-image-h\"><img decoding=\"async\" width=\"50\" height=\"10\" data-src=\"https:\/\/intercontrol.be\/wp-content\/uploads\/2021\/04\/intercontrol-dividerwit.png\" class=\"attachment-large size-large lazyload\" alt=\"\" src=\"data:image\/svg+xml;base64,PHN2ZyB3aWR0aD0iMSIgaGVpZ2h0PSIxIiB4bWxucz0iaHR0cDovL3d3dy53My5vcmcvMjAwMC9zdmciPjwvc3ZnPg==\" style=\"--smush-placeholder-width: 50px; --smush-placeholder-aspect-ratio: 50\/10;\" \/><\/div><\/div><div class=\"wpb_text_column\"><div class=\"wpb_wrapper\"><h4 style=\"text-align: center;\">Le tirant d&#8217;eau &#8211; ou tirant d&#8217;eau &#8211;\u00a0d&#8217;un navire est un fait essentiel\u00a0; tant pour la stabilit\u00e9 du navire que pour d\u00e9terminer le volume de la cargaison. Les capteurs de tirage doivent donc \u00eatre fiables et pr\u00e9cis, mais bien s\u00fbr aussi avoir une longue dur\u00e9e de vie.<\/h4>\n<\/div><\/div><\/div><\/div><\/div><div class=\"vc_col-sm-2 wpb_column vc_column_container\"><div class=\"vc_column-inner\"><div class=\"wpb_wrapper\"><\/div><\/div><\/div><\/div><\/div><\/div><\/div><\/div><\/div><\/section><section class=\"l-section wpb_row height_large\"><div class=\"l-section-h i-cf\"><div class=\"g-cols vc_row via_flex valign_top type_default stacking_default\"><div class=\"vc_col-sm-12 wpb_column vc_column_container\"><div class=\"vc_column-inner\"><div class=\"wpb_wrapper\"><div class=\"w-separator size_medium\"><\/div><div class=\"wpb_text_column\"><div class=\"wpb_wrapper\"><h2>Mesurer le tirant d&#8217;eau<\/h2>\n<p>Pour garantir une navigation en toute s\u00e9curit\u00e9, le tirant d&#8217;eau d&#8217;un navire est essentiel. Tant pour la stabilit\u00e9 du navire que pour d\u00e9terminer la bonne quantit\u00e9 de cargaison. De plus, c&#8217;est un facteur important pour d\u00e9terminer l&#8217;espace restant entre le fond du navire et le fond.<\/p>\n<p>Le tirant d&#8217;eau d&#8217;un navire indique \u00e0 quelle profondeur le navire se trouve dans l&#8217;eau. C&#8217;est la distance de la ligne de flottaison perpendiculaire au point le plus bas du navire ; l&#8217;avion ou la quille. Cependant, le tirant d&#8217;eau peut \u00e9galement \u00eatre utilis\u00e9 pour d\u00e9terminer le poids de la cargaison \u00e0 bord. Si un navire est charg\u00e9 plus lourdement, il sera bien s\u00fbr plus profond. La profondeur augmente alors.<\/p>\n<\/div><\/div><div class=\"w-separator size_small\"><\/div><div class=\"wpb_text_column\"><div class=\"wpb_wrapper\"><h2>La mesure du tirant d&#8217;eau est d&#8217;une importance particuli\u00e8re pour la navigation int\u00e9rieure<\/h2>\n<p>Le tirant d&#8217;eau est d&#8217;une grande importance, en particulier pour la navigation int\u00e9rieure. La profondeur du cours d&#8217;eau peut parfois varier. Et en raison de la profondeur navigable limit\u00e9e, le risque est plus grand qu&#8217;un navire s&#8217;\u00e9choue. En principe, ces profondeurs sont maintenant indiqu\u00e9es sur la carte de navigation, mais la situation actuelle sur place peut diff\u00e9rer en raison de toutes sortes de circonstances. En effet, les niveaux des eaux int\u00e9rieures sont d\u00e9termin\u00e9s par l&#8217;approvisionnement en eau d&#8217;autres rivi\u00e8res et ruisseaux et par les pr\u00e9cipitations ou la s\u00e9cheresse.<\/p>\n<p>En raison des \u00e9t\u00e9s plus chauds et plus secs, les niveaux d&#8217;eau dans les rivi\u00e8res sont de plus en plus bas pendant cette p\u00e9riode. Cela a donc un effet n\u00e9gatif sur la profondeur navigable et entrave directement la navigation int\u00e9rieure. Les bateaux de navigation int\u00e9rieure r\u00e9agissent en chargeant moins afin de limiter leur tirant d&#8217;eau, mais des dommages \u00e9conomiques consid\u00e9rables se produisent n\u00e9anmoins.<\/p>\n<p>Il existe donc un int\u00e9r\u00eat croissant pour un nouveau type de bateau de navigation int\u00e9rieure \u00e0 faible tirant d&#8217;eau. Un int\u00e9r\u00eat qui aurait \u00e9t\u00e9 aliment\u00e9 par les niveaux d&#8217;eau extr\u00eamement bas de la rivi\u00e8re ces derni\u00e8res ann\u00e9es.<\/p>\n<\/div><\/div><\/div><\/div><\/div><\/div><\/div><\/section><section class=\"l-section wpb_row height_large color_primary with_img\"><div class=\"l-section-img lazyload\" data-img-width=\"2560\" data-img-height=\"1440\" style=\"background-image:inherit;background-repeat: no-repeat;\" data-bg-image=\"url(https:\/\/intercontrol.be\/wp-content\/uploads\/2021\/04\/intercontrol_diepgang_2-scaled.jpg)\"><\/div><div class=\"l-section-h i-cf\"><div class=\"g-cols vc_row via_flex valign_top type_default stacking_default\"><div class=\"vc_col-sm-12 wpb_column vc_column_container\"><div class=\"vc_column-inner\"><div class=\"wpb_wrapper\"><div class=\"w-separator size_huge\"><\/div><div class=\"w-separator size_huge\"><\/div><div class=\"w-separator size_huge\"><\/div><div class=\"w-separator size_huge\"><\/div><div class=\"w-separator size_huge\"><\/div><div class=\"w-separator size_huge\"><\/div><div class=\"w-separator size_huge\"><\/div><\/div><\/div><\/div><\/div><\/div><\/section><section class=\"l-section wpb_row height_large\"><div class=\"l-section-h i-cf\"><div class=\"g-cols vc_row via_flex valign_top type_default stacking_default\"><div class=\"vc_col-sm-12 wpb_column vc_column_container\"><div class=\"vc_column-inner\"><div class=\"wpb_wrapper\"><div class=\"wpb_text_column\"><div class=\"wpb_wrapper\"><h2>Mesure du tirant d&#8217;eau avec des syst\u00e8mes de mesure hydrostatiques<\/h2>\n<p>Nous fournissons des syst\u00e8mes de mesure de niveau hydrostatiques dans diff\u00e9rentes variantes. Ces capteurs de pression sont relativement faciles \u00e0 monter directement dans la coque ; \u00e0 l&#8217;avant et \u00e0 l&#8217;arri\u00e8re et dans les zones essentielles \u00e0 b\u00e2bord et \u00e0 tribord.<\/p>\n<p>Une alternative est la m\u00e9thode dite indirecte du tube \u00e0 bulles ; les capteurs sont plac\u00e9s au centre et le tirage est mesur\u00e9 \u00e0 l&#8217;aide d&#8217;air souffl\u00e9. Nos capteurs de tirage sont extr\u00eamement fiables et pr\u00e9cis, et ont une longue dur\u00e9e de vie. Tous nos syst\u00e8mes sont de haute qualit\u00e9 et bien s\u00fbr disponibles avec l&#8217;approbation du navire.<\/p>\n<\/div><\/div><div class=\"w-separator size_small\"><\/div><div class=\"w-image align_none\"><div class=\"w-image-h\"><img decoding=\"async\" width=\"1024\" height=\"1024\" data-src=\"https:\/\/intercontrol.be\/wp-content\/uploads\/2021\/04\/intercontrol_diepgang_3-scaled.jpg\" class=\"attachment-large size-large lazyload\" alt=\"\" data-srcset=\"https:\/\/intercontrol.be\/wp-content\/uploads\/2021\/04\/intercontrol_diepgang_3-scaled.jpg 2560w, https:\/\/intercontrol.be\/wp-content\/uploads\/2021\/04\/intercontrol_diepgang_3-scaled-300x300.jpg 300w, https:\/\/intercontrol.be\/wp-content\/uploads\/2021\/04\/intercontrol_diepgang_3-scaled-150x150.jpg 150w, https:\/\/intercontrol.be\/wp-content\/uploads\/2021\/04\/intercontrol_diepgang_3-scaled-600x600.jpg 600w\" data-sizes=\"(max-width: 1024px) 100vw, 1024px\" src=\"data:image\/svg+xml;base64,PHN2ZyB3aWR0aD0iMSIgaGVpZ2h0PSIxIiB4bWxucz0iaHR0cDovL3d3dy53My5vcmcvMjAwMC9zdmciPjwvc3ZnPg==\" style=\"--smush-placeholder-width: 1024px; --smush-placeholder-aspect-ratio: 1024\/1024;\" \/><\/div><\/div><\/div><\/div><\/div><\/div><\/div><\/section>\n","protected":false},"excerpt":{"rendered":"Mesurer le tirant d\u2019eauLe tirant d&#8217;eau &#8211; ou tirant d&#8217;eau &#8211;\u00a0d&#8217;un navire est un fait essentiel\u00a0; tant pour la stabilit\u00e9 du navire que pour d\u00e9terminer le volume de la cargaison. Les capteurs de tirage doivent donc \u00eatre fiables et pr\u00e9cis, mais bien s\u00fbr aussi avoir une longue dur\u00e9e de vie. Mesurer le tirant d&#8217;eau Pour...","protected":false},"author":12,"featured_media":12893,"parent":7430,"menu_order":0,"comment_status":"closed","ping_status":"closed","template":"","meta":{"_acf_changed":false,"_monsterinsights_skip_tracking":false,"_monsterinsights_sitenote_active":false,"_monsterinsights_sitenote_note":"","_monsterinsights_sitenote_category":0,"footnotes":""},"class_list":["post-7464","page","type-page","status-publish","has-post-thumbnail","hentry"],"acf":[],"yoast_head":"<!-- This site is optimized with the Yoast SEO plugin v27.4 - https:\/\/yoast.com\/product\/yoast-seo-wordpress\/ -->\n<title>Mesure de niveau du cargaison<\/title>\n<meta name=\"description\" content=\"F\u00fcr den Transport gro\u00dfer Warenmengen auf Frachtschiffen ist die Auslastung aller verf\u00fcgbaren Ladekapazit\u00e4ten von entscheidender Bedeutung; F\u00fcllstandsmessung\" \/>\n<meta name=\"robots\" content=\"index, follow, max-snippet:-1, max-image-preview:large, max-video-preview:-1\" \/>\n<link rel=\"canonical\" href=\"https:\/\/intercontrol.be\/frs\/instruments-de-marine\/mesure-de-niveau-du-cargaison\/\" \/>\n<meta property=\"og:locale\" content=\"fr_FR\" \/>\n<meta property=\"og:type\" content=\"article\" \/>\n<meta property=\"og:title\" content=\"Mesure de niveau du cargaison\" \/>\n<meta property=\"og:description\" content=\"F\u00fcr den Transport gro\u00dfer Warenmengen auf Frachtschiffen ist die Auslastung aller verf\u00fcgbaren Ladekapazit\u00e4ten von entscheidender Bedeutung; F\u00fcllstandsmessung\" \/>\n<meta property=\"og:url\" content=\"https:\/\/intercontrol.be\/frs\/instruments-de-marine\/mesure-de-niveau-du-cargaison\/\" \/>\n<meta property=\"og:site_name\" content=\"Intercontrol Belgi\u00eb\" \/>\n<meta property=\"article:modified_time\" content=\"2023-07-06T09:59:31+00:00\" \/>\n<meta property=\"og:image\" content=\"https:\/\/intercontrol.be\/wp-content\/uploads\/2021\/04\/intercontrol_diepgang_1-scaled.jpg\" \/>\n\t<meta property=\"og:image:width\" content=\"2560\" \/>\n\t<meta property=\"og:image:height\" content=\"1440\" \/>\n\t<meta property=\"og:image:type\" content=\"image\/jpeg\" \/>\n<meta name=\"twitter:card\" content=\"summary_large_image\" \/>\n<meta name=\"twitter:label1\" content=\"Dur\u00e9e de lecture estim\u00e9e\" \/>\n\t<meta name=\"twitter:data1\" content=\"3 minutes\" \/>\n<script type=\"application\/ld+json\" class=\"yoast-schema-graph\">{\"@context\":\"https:\\\/\\\/schema.org\",\"@graph\":[{\"@type\":\"WebPage\",\"@id\":\"https:\\\/\\\/intercontrol.be\\\/frs\\\/instruments-de-marine\\\/mesure-de-niveau-du-cargaison\\\/\",\"url\":\"https:\\\/\\\/intercontrol.be\\\/frs\\\/instruments-de-marine\\\/mesure-de-niveau-du-cargaison\\\/\",\"name\":\"Mesure de niveau du cargaison\",\"isPartOf\":{\"@id\":\"https:\\\/\\\/intercontrol.be\\\/#website\"},\"primaryImageOfPage\":{\"@id\":\"https:\\\/\\\/intercontrol.be\\\/frs\\\/instruments-de-marine\\\/mesure-de-niveau-du-cargaison\\\/#primaryimage\"},\"image\":{\"@id\":\"https:\\\/\\\/intercontrol.be\\\/frs\\\/instruments-de-marine\\\/mesure-de-niveau-du-cargaison\\\/#primaryimage\"},\"thumbnailUrl\":\"https:\\\/\\\/intercontrol.be\\\/wp-content\\\/uploads\\\/2021\\\/04\\\/intercontrol_diepgang_1-scaled.jpg\",\"datePublished\":\"2015-08-10T09:19:47+00:00\",\"dateModified\":\"2023-07-06T09:59:31+00:00\",\"description\":\"F\u00fcr den Transport gro\u00dfer Warenmengen auf Frachtschiffen ist die Auslastung aller verf\u00fcgbaren Ladekapazit\u00e4ten von entscheidender Bedeutung; F\u00fcllstandsmessung\",\"breadcrumb\":{\"@id\":\"https:\\\/\\\/intercontrol.be\\\/frs\\\/instruments-de-marine\\\/mesure-de-niveau-du-cargaison\\\/#breadcrumb\"},\"inLanguage\":\"fr-FR\",\"potentialAction\":[{\"@type\":\"ReadAction\",\"target\":[\"https:\\\/\\\/intercontrol.be\\\/frs\\\/instruments-de-marine\\\/mesure-de-niveau-du-cargaison\\\/\"]}]},{\"@type\":\"ImageObject\",\"inLanguage\":\"fr-FR\",\"@id\":\"https:\\\/\\\/intercontrol.be\\\/frs\\\/instruments-de-marine\\\/mesure-de-niveau-du-cargaison\\\/#primaryimage\",\"url\":\"https:\\\/\\\/intercontrol.be\\\/wp-content\\\/uploads\\\/2021\\\/04\\\/intercontrol_diepgang_1-scaled.jpg\",\"contentUrl\":\"https:\\\/\\\/intercontrol.be\\\/wp-content\\\/uploads\\\/2021\\\/04\\\/intercontrol_diepgang_1-scaled.jpg\",\"width\":2560,\"height\":1440},{\"@type\":\"BreadcrumbList\",\"@id\":\"https:\\\/\\\/intercontrol.be\\\/frs\\\/instruments-de-marine\\\/mesure-de-niveau-du-cargaison\\\/#breadcrumb\",\"itemListElement\":[{\"@type\":\"ListItem\",\"position\":1,\"name\":\"Home\",\"item\":\"https:\\\/\\\/intercontrol.be\\\/frs\\\/\"},{\"@type\":\"ListItem\",\"position\":2,\"name\":\"Exp\u00e9dition\",\"item\":\"https:\\\/\\\/intercontrol.be\\\/frs\\\/instruments-de-marine\\\/\"},{\"@type\":\"ListItem\",\"position\":3,\"name\":\"Mesure de niveau du cargaison\"}]},{\"@type\":\"WebSite\",\"@id\":\"https:\\\/\\\/intercontrol.be\\\/#website\",\"url\":\"https:\\\/\\\/intercontrol.be\\\/\",\"name\":\"Intercontrol Belgi\u00eb\",\"description\":\"Alles onder controle!\",\"potentialAction\":[{\"@type\":\"SearchAction\",\"target\":{\"@type\":\"EntryPoint\",\"urlTemplate\":\"https:\\\/\\\/intercontrol.be\\\/?s={search_term_string}\"},\"query-input\":{\"@type\":\"PropertyValueSpecification\",\"valueRequired\":true,\"valueName\":\"search_term_string\"}}],\"inLanguage\":\"fr-FR\"}]}<\/script>\n<!-- \/ Yoast SEO plugin. -->","yoast_head_json":{"title":"Mesure de niveau du cargaison","description":"F\u00fcr den Transport gro\u00dfer Warenmengen auf Frachtschiffen ist die Auslastung aller verf\u00fcgbaren Ladekapazit\u00e4ten von entscheidender Bedeutung; F\u00fcllstandsmessung","robots":{"index":"index","follow":"follow","max-snippet":"max-snippet:-1","max-image-preview":"max-image-preview:large","max-video-preview":"max-video-preview:-1"},"canonical":"https:\/\/intercontrol.be\/frs\/instruments-de-marine\/mesure-de-niveau-du-cargaison\/","og_locale":"fr_FR","og_type":"article","og_title":"Mesure de niveau du cargaison","og_description":"F\u00fcr den Transport gro\u00dfer Warenmengen auf Frachtschiffen ist die Auslastung aller verf\u00fcgbaren Ladekapazit\u00e4ten von entscheidender Bedeutung; F\u00fcllstandsmessung","og_url":"https:\/\/intercontrol.be\/frs\/instruments-de-marine\/mesure-de-niveau-du-cargaison\/","og_site_name":"Intercontrol Belgi\u00eb","article_modified_time":"2023-07-06T09:59:31+00:00","og_image":[{"width":2560,"height":1440,"url":"https:\/\/intercontrol.be\/wp-content\/uploads\/2021\/04\/intercontrol_diepgang_1-scaled.jpg","type":"image\/jpeg"}],"twitter_card":"summary_large_image","twitter_misc":{"Dur\u00e9e de lecture estim\u00e9e":"3 minutes"},"schema":{"@context":"https:\/\/schema.org","@graph":[{"@type":"WebPage","@id":"https:\/\/intercontrol.be\/frs\/instruments-de-marine\/mesure-de-niveau-du-cargaison\/","url":"https:\/\/intercontrol.be\/frs\/instruments-de-marine\/mesure-de-niveau-du-cargaison\/","name":"Mesure de niveau du cargaison","isPartOf":{"@id":"https:\/\/intercontrol.be\/#website"},"primaryImageOfPage":{"@id":"https:\/\/intercontrol.be\/frs\/instruments-de-marine\/mesure-de-niveau-du-cargaison\/#primaryimage"},"image":{"@id":"https:\/\/intercontrol.be\/frs\/instruments-de-marine\/mesure-de-niveau-du-cargaison\/#primaryimage"},"thumbnailUrl":"https:\/\/intercontrol.be\/wp-content\/uploads\/2021\/04\/intercontrol_diepgang_1-scaled.jpg","datePublished":"2015-08-10T09:19:47+00:00","dateModified":"2023-07-06T09:59:31+00:00","description":"F\u00fcr den Transport gro\u00dfer Warenmengen auf Frachtschiffen ist die Auslastung aller verf\u00fcgbaren Ladekapazit\u00e4ten von entscheidender Bedeutung; F\u00fcllstandsmessung","breadcrumb":{"@id":"https:\/\/intercontrol.be\/frs\/instruments-de-marine\/mesure-de-niveau-du-cargaison\/#breadcrumb"},"inLanguage":"fr-FR","potentialAction":[{"@type":"ReadAction","target":["https:\/\/intercontrol.be\/frs\/instruments-de-marine\/mesure-de-niveau-du-cargaison\/"]}]},{"@type":"ImageObject","inLanguage":"fr-FR","@id":"https:\/\/intercontrol.be\/frs\/instruments-de-marine\/mesure-de-niveau-du-cargaison\/#primaryimage","url":"https:\/\/intercontrol.be\/wp-content\/uploads\/2021\/04\/intercontrol_diepgang_1-scaled.jpg","contentUrl":"https:\/\/intercontrol.be\/wp-content\/uploads\/2021\/04\/intercontrol_diepgang_1-scaled.jpg","width":2560,"height":1440},{"@type":"BreadcrumbList","@id":"https:\/\/intercontrol.be\/frs\/instruments-de-marine\/mesure-de-niveau-du-cargaison\/#breadcrumb","itemListElement":[{"@type":"ListItem","position":1,"name":"Home","item":"https:\/\/intercontrol.be\/frs\/"},{"@type":"ListItem","position":2,"name":"Exp\u00e9dition","item":"https:\/\/intercontrol.be\/frs\/instruments-de-marine\/"},{"@type":"ListItem","position":3,"name":"Mesure de niveau du cargaison"}]},{"@type":"WebSite","@id":"https:\/\/intercontrol.be\/#website","url":"https:\/\/intercontrol.be\/","name":"Intercontrol Belgi\u00eb","description":"Alles onder controle!","potentialAction":[{"@type":"SearchAction","target":{"@type":"EntryPoint","urlTemplate":"https:\/\/intercontrol.be\/?s={search_term_string}"},"query-input":{"@type":"PropertyValueSpecification","valueRequired":true,"valueName":"search_term_string"}}],"inLanguage":"fr-FR"}]}},"_links":{"self":[{"href":"https:\/\/intercontrol.be\/frs\/wp-json\/wp\/v2\/pages\/7464","targetHints":{"allow":["GET"]}}],"collection":[{"href":"https:\/\/intercontrol.be\/frs\/wp-json\/wp\/v2\/pages"}],"about":[{"href":"https:\/\/intercontrol.be\/frs\/wp-json\/wp\/v2\/types\/page"}],"author":[{"embeddable":true,"href":"https:\/\/intercontrol.be\/frs\/wp-json\/wp\/v2\/users\/12"}],"replies":[{"embeddable":true,"href":"https:\/\/intercontrol.be\/frs\/wp-json\/wp\/v2\/comments?post=7464"}],"version-history":[{"count":7,"href":"https:\/\/intercontrol.be\/frs\/wp-json\/wp\/v2\/pages\/7464\/revisions"}],"predecessor-version":[{"id":38130,"href":"https:\/\/intercontrol.be\/frs\/wp-json\/wp\/v2\/pages\/7464\/revisions\/38130"}],"up":[{"embeddable":true,"href":"https:\/\/intercontrol.be\/frs\/wp-json\/wp\/v2\/pages\/7430"}],"wp:featuredmedia":[{"embeddable":true,"href":"https:\/\/intercontrol.be\/frs\/wp-json\/wp\/v2\/media\/12893"}],"wp:attachment":[{"href":"https:\/\/intercontrol.be\/frs\/wp-json\/wp\/v2\/media?parent=7464"}],"curies":[{"name":"wp","href":"https:\/\/api.w.org\/{rel}","templated":true}]}}