{"id":7463,"date":"2015-08-10T09:16:59","date_gmt":"2015-08-10T09:16:59","guid":{"rendered":"http:\/\/inter.snv-ontwikkeling.nl\/frs\/navigation\/brennstoff-verbrauchsmessung\/"},"modified":"2023-07-07T08:00:10","modified_gmt":"2023-07-07T08:00:10","slug":"mesure-de-la-consommation-de-carburant","status":"publish","type":"page","link":"https:\/\/intercontrol.be\/frs\/instruments-de-marine\/mesure-de-la-consommation-de-carburant\/","title":{"rendered":"Mesure de la consommation de carburant"},"content":{"rendered":"<section class=\"l-section wpb_row height_auto\"><div class=\"l-section-h i-cf\"><div class=\"g-cols vc_row via_flex valign_top type_default stacking_default\"><div class=\"vc_col-sm-12 wpb_column vc_column_container\"><div class=\"vc_column-inner\"><div class=\"wpb_wrapper\"><\/div><\/div><\/div><\/div><\/div><\/section><section class=\"l-section wpb_row openingsfoto height_large color_primary with_img parallax_fixed with_shape\"><div class=\"l-section-img lazyload\" data-img-width=\"2560\" data-img-height=\"1440\" style=\"background-image:inherit;\" data-bg-image=\"url(https:\/\/intercontrol.be\/wp-content\/uploads\/2021\/04\/brandtofverbruik-meten-brandstof-besparen-1-scaled.jpg)\"><\/div><div class=\"l-section-overlay\" style=\"background:rgba(6,56,119,0.57)\"><\/div><div class=\"l-section-shape type_triangle pos_bottom\" style=\"height:5vh;\"><svg xmlns=\"http:\/\/www.w3.org\/2000\/svg\" viewBox=\"0 0 64 8\" preserveAspectRatio=\"none\" width=\"100%\" height=\"100%\">\r\n\t<path fill=\"currentColor\" d=\"M64 8 L0 8 L0 0 L32 7.9 L64 0 Z\"\/>\r\n<\/svg><\/div><div class=\"l-section-h i-cf\"><div class=\"g-cols vc_row via_flex valign_middle type_default stacking_default\"><div class=\"vc_col-sm-12 wpb_column vc_column_container\"><div class=\"vc_column-inner\"><div class=\"wpb_wrapper\"><h1 class=\"w-text us_custom_59c9a240\"><span class=\"w-text-h\"><span class=\"w-text-value\">mesurer la consommation de carburant<\/span><\/span><\/h1><div class=\"g-cols wpb_row via_flex valign_top type_default stacking_default\"><div class=\"vc_col-sm-2 wpb_column vc_column_container\"><div class=\"vc_column-inner\"><div class=\"wpb_wrapper\"><\/div><\/div><\/div><div class=\"vc_col-sm-8 wpb_column vc_column_container\"><div class=\"vc_column-inner\"><div class=\"wpb_wrapper\"><div class=\"w-image align_center\"><div class=\"w-image-h\"><img decoding=\"async\" width=\"50\" height=\"10\" data-src=\"https:\/\/intercontrol.be\/wp-content\/uploads\/2021\/04\/intercontrol-dividerwit.png\" class=\"attachment-large size-large lazyload\" alt=\"\" src=\"data:image\/svg+xml;base64,PHN2ZyB3aWR0aD0iMSIgaGVpZ2h0PSIxIiB4bWxucz0iaHR0cDovL3d3dy53My5vcmcvMjAwMC9zdmciPjwvc3ZnPg==\" style=\"--smush-placeholder-width: 50px; --smush-placeholder-aspect-ratio: 50\/10;\" \/><\/div><\/div><div class=\"wpb_text_column\"><div class=\"wpb_wrapper\"><h4 style=\"text-align: center;\">Les co\u00fbts de carburant repr\u00e9sentent une grande partie des co\u00fbts d&#8217;exploitation d&#8217;un navire.<\/h4>\n<\/div><\/div><\/div><\/div><\/div><div class=\"vc_col-sm-2 wpb_column vc_column_container\"><div class=\"vc_column-inner\"><div class=\"wpb_wrapper\"><\/div><\/div><\/div><\/div><\/div><\/div><\/div><\/div><\/div><\/section><section class=\"l-section wpb_row height_large\"><div class=\"l-section-h i-cf\"><div class=\"g-cols vc_row via_flex valign_top type_default stacking_default\"><div class=\"vc_col-sm-12 wpb_column vc_column_container\"><div class=\"vc_column-inner\"><div class=\"wpb_wrapper\"><div class=\"wpb_text_column\"><div class=\"wpb_wrapper\"><h2>Mesurer et contr\u00f4ler la consommation de carburant<\/h2>\n<p>Pr\u00e9cis\u00e9ment parce que la consommation de carburant est un \u00e9l\u00e9ment de co\u00fbt si important, il est important de mesurer et de contr\u00f4ler avec pr\u00e9cision la consommation de carburant. S&#8217;il y a un aper\u00e7u de la consommation de carburant dans diff\u00e9rentes conditions telles que la charge, les influences m\u00e9t\u00e9orologiques, le courant, l&#8217;efficacit\u00e9 peut \u00eatre consid\u00e9rablement am\u00e9lior\u00e9e.<\/p>\n<p>Notre syst\u00e8me de mesure du carburant offre la possibilit\u00e9 de g\u00e9n\u00e9rer des donn\u00e9es sur une plus longue p\u00e9riode de temps, qui, en combinaison avec d&#8217;autres facteurs, peuvent former une bonne image.<\/p>\n<h2>Aper\u00e7u en temps r\u00e9el<\/h2>\n<p>L&#8217;affichage de la consommation de carburant actuelle sur le pont permet de g\u00e9rer consciemment la vitesse et la puissance moteur disponible. Il existe des situations dans lesquelles trop de carburant est consomm\u00e9 parce que le navire se d\u00e9place \u00e0 une vitesse plus \u00e9lev\u00e9e que n\u00e9cessaire pour la planification. Cela offre des possibilit\u00e9s imm\u00e9diates d&#8217;\u00e9conomiser du carburant et donc des co\u00fbts. Calculez, par exemple, ce qui vous ferait \u00e9conomiser 5 % de carburant par an.<\/p>\n<h2>Naviguer plus lentement et plus efficacement ?<\/h2>\n<p>Certaines compagnies maritimes veulent \u00e9conomiser du carburant avec ce qu&#8217;on appelle la vapeur lente. R\u00e9duire simplement la vitesse r\u00e9duira la consommation de carburant. Pour savoir si cette strat\u00e9gie a l&#8217;effet escompt\u00e9, il est essentiel de mesurer la consommation de carburant.<\/p>\n<p>Un autre facteur important dans le monde des transports est le temps. Ce n&#8217;est pas seulement une exigence que les marchandises arrivent, mais qu&#8217;elles arrivent \u00e0 temps. Naviguer efficacement dans les d\u00e9lais est donc un premier b\u00e9n\u00e9fice. Notre syst\u00e8me de mesure du carburant est l&#8217;outil parfait pour rechercher la meilleure combinaison entre la vitesse et l&#8217;heure d&#8217;arriv\u00e9e souhait\u00e9e \u00e0 la consommation la plus faible possible.<\/p>\n<p>Avec notre solution, la consommation de carburant peut \u00eatre mesur\u00e9e et surveill\u00e9e en temps r\u00e9el depuis le pont. On voit imm\u00e9diatement quel est l&#8217;effet d&#8217;une certaine vitesse ou d&#8217;une certaine fa\u00e7on de naviguer sur la consommation de carburant.<\/p>\n<\/div><\/div><\/div><\/div><\/div><\/div><\/div><\/section><section class=\"l-section wpb_row height_small\"><div class=\"l-section-h i-cf\"><div class=\"g-cols vc_row via_flex valign_top type_default stacking_default\"><div class=\"vc_col-sm-12 wpb_column vc_column_container\"><div class=\"vc_column-inner\"><div class=\"wpb_wrapper\"><div class=\"g-cols wpb_row via_flex valign_middle type_default stacking_default\"><div class=\"vc_col-sm-6 wpb_column vc_column_container\"><div class=\"vc_column-inner\"><div class=\"wpb_wrapper\"><div class=\"wpb_text_column us_custom_c2ae956b\"><div class=\"wpb_wrapper\"><h2>Construire dans<\/h2>\n<p>L&#8217;installation de notre syst\u00e8me de mesure de carburant est une intervention relativement mineure, mais elle rapporte un \u00e9norme profit. Des d\u00e9bitm\u00e8tres sp\u00e9ciaux sont int\u00e9gr\u00e9s dans les conduites de carburant du moteur. Par d\u00e9faut, ce sont deux d\u00e9bitm\u00e8tres\u00a0; un pour l&#8217;approvisionnement et un pour le retour.<\/p>\n<p>Lorsque plusieurs moteurs doivent \u00eatre mesur\u00e9s, jusqu&#8217;\u00e0 32 compteurs peuvent facilement \u00eatre connect\u00e9s en guirlande via une connexion dite Modbus.<br \/>\nTous les d\u00e9bitm\u00e8tres sont connect\u00e9s \u00e0 l&#8217;\u00e9quipement de visualisation (sur le pont) avec un seul c\u00e2ble.<\/p>\n<\/div><\/div><\/div><\/div><\/div><div class=\"vc_col-sm-6 wpb_column vc_column_container\"><div class=\"vc_column-inner\"><div class=\"wpb_wrapper\"><div class=\"w-image us_custom_8f2ba1f4 us_animate_this align_none\"><a href=\"https:\/\/intercontrol.be\/wp-content\/uploads\/2023\/07\/mesurer-la-consommation-de-carburant-1.jpeg\" ref=\"magnificPopup\" aria-label=\"Link\" class=\"w-image-h\"><img decoding=\"async\" width=\"1024\" height=\"808\" data-src=\"https:\/\/intercontrol.be\/wp-content\/uploads\/2023\/07\/mesurer-la-consommation-de-carburant-1-1024x808.jpeg\" class=\"attachment-large size-large lazyload\" alt=\"mesurer la consommation de carburant\" data-srcset=\"https:\/\/intercontrol.be\/wp-content\/uploads\/2023\/07\/mesurer-la-consommation-de-carburant-1-1024x808.jpeg 1024w, https:\/\/intercontrol.be\/wp-content\/uploads\/2023\/07\/mesurer-la-consommation-de-carburant-1-300x237.jpeg 300w, https:\/\/intercontrol.be\/wp-content\/uploads\/2023\/07\/mesurer-la-consommation-de-carburant-1-634x500.jpeg 634w, https:\/\/intercontrol.be\/wp-content\/uploads\/2023\/07\/mesurer-la-consommation-de-carburant-1-600x473.jpeg 600w\" data-sizes=\"(max-width: 1024px) 100vw, 1024px\" src=\"data:image\/svg+xml;base64,PHN2ZyB3aWR0aD0iMSIgaGVpZ2h0PSIxIiB4bWxucz0iaHR0cDovL3d3dy53My5vcmcvMjAwMC9zdmciPjwvc3ZnPg==\" style=\"--smush-placeholder-width: 1024px; --smush-placeholder-aspect-ratio: 1024\/808;\" \/><\/a><\/div><\/div><\/div><\/div><\/div><div class=\"w-separator size_small\"><\/div><div class=\"w-image align_center\"><div class=\"w-image-h\"><img decoding=\"async\" width=\"2560\" height=\"1440\" data-src=\"https:\/\/intercontrol.be\/wp-content\/uploads\/2023\/07\/mesurer-la-consommation-de-carburant-2-Intercontrol.jpeg\" class=\"attachment-full size-full lazyload\" alt=\"mesurer la consommation de carburant\" data-srcset=\"https:\/\/intercontrol.be\/wp-content\/uploads\/2023\/07\/mesurer-la-consommation-de-carburant-2-Intercontrol.jpeg 2560w, https:\/\/intercontrol.be\/wp-content\/uploads\/2023\/07\/mesurer-la-consommation-de-carburant-2-Intercontrol-300x169.jpeg 300w, https:\/\/intercontrol.be\/wp-content\/uploads\/2023\/07\/mesurer-la-consommation-de-carburant-2-Intercontrol-1024x576.jpeg 1024w, https:\/\/intercontrol.be\/wp-content\/uploads\/2023\/07\/mesurer-la-consommation-de-carburant-2-Intercontrol-700x394.jpeg 700w, https:\/\/intercontrol.be\/wp-content\/uploads\/2023\/07\/mesurer-la-consommation-de-carburant-2-Intercontrol-600x338.jpeg 600w\" data-sizes=\"(max-width: 2560px) 100vw, 2560px\" src=\"data:image\/svg+xml;base64,PHN2ZyB3aWR0aD0iMSIgaGVpZ2h0PSIxIiB4bWxucz0iaHR0cDovL3d3dy53My5vcmcvMjAwMC9zdmciPjwvc3ZnPg==\" style=\"--smush-placeholder-width: 2560px; --smush-placeholder-aspect-ratio: 2560\/1440;\" \/><\/div><\/div><div class=\"w-separator size_small\"><\/div><div class=\"w-separator size_small\"><\/div><div class=\"w-image align_none\"><div class=\"w-image-h\"><img decoding=\"async\" width=\"1920\" height=\"1920\" data-src=\"https:\/\/intercontrol.be\/wp-content\/uploads\/2021\/04\/intercontrol_fuelconsumption_3.jpg\" class=\"attachment-full size-full lazyload\" alt=\"\" data-srcset=\"https:\/\/intercontrol.be\/wp-content\/uploads\/2021\/04\/intercontrol_fuelconsumption_3.jpg 1920w, https:\/\/intercontrol.be\/wp-content\/uploads\/2021\/04\/intercontrol_fuelconsumption_3-300x300.jpg 300w, https:\/\/intercontrol.be\/wp-content\/uploads\/2021\/04\/intercontrol_fuelconsumption_3-150x150.jpg 150w, https:\/\/intercontrol.be\/wp-content\/uploads\/2021\/04\/intercontrol_fuelconsumption_3-600x600.jpg 600w\" data-sizes=\"(max-width: 1920px) 100vw, 1920px\" src=\"data:image\/svg+xml;base64,PHN2ZyB3aWR0aD0iMSIgaGVpZ2h0PSIxIiB4bWxucz0iaHR0cDovL3d3dy53My5vcmcvMjAwMC9zdmciPjwvc3ZnPg==\" style=\"--smush-placeholder-width: 1920px; --smush-placeholder-aspect-ratio: 1920\/1920;\" \/><\/div><\/div><\/div><\/div><\/div><\/div><\/div><\/section><section class=\"l-section wpb_row height_large color_primary\"><div class=\"l-section-h i-cf\"><div class=\"g-cols vc_row via_flex valign_top type_default stacking_default\"><div class=\"vc_col-sm-12 wpb_column vc_column_container\"><div class=\"vc_column-inner\"><div class=\"wpb_wrapper\"><div class=\"wpb_text_column\"><div class=\"wpb_wrapper\"><h2>Transport maritime, environnement et \u00e9missions<\/h2>\n<p>Dans le monde, le transport maritime est la plus grande entit\u00e9 de transport ; 90% de tous les flux de marchandises sont effectu\u00e9s via le transport maritime. Les navires sont construits de plus en plus durablement, un syst\u00e8me de dosage du carburant est un \u00e9l\u00e9ment essentiel. Pour les navires plus anciens existants, il est payant de mesurer le carburant car ces navires sont souvent moins efficaces que les nouveaux navires. La mesure du carburant fournit une excellente base pour le calcul des \u00e9missions nocives.<\/p>\n<p>Le mazout contient des pourcentages de substances nocives pour l&#8217;environnement, \u00e0 la suite desquelles des particules, de la suie, de l&#8217;azote, du soufre et du CO2 se retrouvent dans l&#8217;environnement. Notre solution fournit des informations permettant de r\u00e9duire, m\u00eame avec les vieux navires, l&#8217;\u00e9mission de ces substances nocives.<\/p>\n<\/div><\/div><\/div><\/div><\/div><\/div><\/div><\/section><section class=\"l-section wpb_row height_large\"><div class=\"l-section-h i-cf\"><div class=\"g-cols vc_row via_flex valign_top type_default stacking_default\"><div class=\"vc_col-sm-12 wpb_column vc_column_container\"><div class=\"vc_column-inner\"><div class=\"wpb_wrapper\"><div class=\"wpb_text_column\"><div class=\"wpb_wrapper\"><h2>Notre solution portative<\/h2>\n<p>Notre mesure portable de la consommation de carburant est un outil pr\u00e9cieux pour la mise en service et le contr\u00f4le des moteurs marins. Id\u00e9al pour ajuster et accorder; pensez \u00e0 l&#8217;inspection apr\u00e8s r\u00e9vision, \u00e0 l&#8217;analyse comparative pour les additifs, \u00e0 des fins de mise en service et aux essais en mer avec de nouveaux navires.<\/p>\n<\/div><\/div><div class=\"w-separator size_small\"><\/div><div class=\"w-video align_none ratio_16x9\"><div class=\"w-video-h\"><iframe title=\"Youtube video player\" data-src=\"\/\/www.youtube.com\/embed\/2k9FtfaIXZU?origin=https:\/\/intercontrol.be&controls=1\" allowfullscreen=\"1\" src=\"data:image\/svg+xml;base64,PHN2ZyB3aWR0aD0iMSIgaGVpZ2h0PSIxIiB4bWxucz0iaHR0cDovL3d3dy53My5vcmcvMjAwMC9zdmciPjwvc3ZnPg==\" class=\"lazyload\" data-load-mode=\"1\"><\/iframe><\/div><div class=\"w-video-icon\" style=\"font-size:1.5rem;background:rgba(0,0,0,0.5);color:#fff\"><\/div><\/div><div class=\"w-separator size_small\"><\/div><div class=\"wpb_text_column\"><div class=\"wpb_wrapper\"><h2>Mat\u00e9riel fiable<\/h2>\n<p>Intercontrol propose une gamme de <span lang=\"FR\">d\u00e9bitm\u00e8tres<\/span> de consommation et de calculateurs de d\u00e9bit innovants ; une gamme compl\u00e8te d&#8217;instruments fiables. Ils sont faciles \u00e0 installer et peuvent r\u00e9sister aux conditions \u00e0 bord dans une salle des machines.<\/p>\n<p>Si vous souhaitez des conseils sp\u00e9cifiques \u00e0 votre situation, contactez-nous. Nous sommes heureux de vous conseiller le bon syst\u00e8me pour votre application.<\/p>\n<\/div><\/div><\/div><\/div><\/div><\/div><\/div><\/section>\n","protected":false},"excerpt":{"rendered":"mesurer la consommation de carburantLes co\u00fbts de carburant repr\u00e9sentent une grande partie des co\u00fbts d&#8217;exploitation d&#8217;un navire. Mesurer et contr\u00f4ler la consommation de carburant Pr\u00e9cis\u00e9ment parce que la consommation de carburant est un \u00e9l\u00e9ment de co\u00fbt si important, il est important de mesurer et de contr\u00f4ler avec pr\u00e9cision la consommation de carburant. S&#8217;il y a...","protected":false},"author":12,"featured_media":12596,"parent":7430,"menu_order":0,"comment_status":"closed","ping_status":"closed","template":"","meta":{"_acf_changed":false,"_monsterinsights_skip_tracking":false,"_monsterinsights_sitenote_active":false,"_monsterinsights_sitenote_note":"","_monsterinsights_sitenote_category":0,"footnotes":""},"class_list":["post-7463","page","type-page","status-publish","has-post-thumbnail","hentry"],"acf":[],"yoast_head":"<!-- This site is optimized with the Yoast SEO plugin v27.4 - https:\/\/yoast.com\/product\/yoast-seo-wordpress\/ -->\n<title>Mesure de la consommation de carburant - Intercontrol Belgi\u00eb<\/title>\n<meta name=\"description\" content=\"Mesurer la consommation de carburant sur votre bateau devient facile. Nos instruments de mesure de carburant fiables et nos ordinateurs de d\u00e9bit innovants vous donnent un aper\u00e7u rapide.\" \/>\n<meta name=\"robots\" content=\"index, follow, max-snippet:-1, max-image-preview:large, max-video-preview:-1\" \/>\n<link rel=\"canonical\" href=\"https:\/\/intercontrol.be\/frs\/instruments-de-marine\/mesure-de-la-consommation-de-carburant\/\" \/>\n<meta property=\"og:locale\" content=\"fr_FR\" \/>\n<meta property=\"og:type\" content=\"article\" \/>\n<meta property=\"og:title\" content=\"Mesure de la consommation de carburant - Intercontrol Belgi\u00eb\" \/>\n<meta property=\"og:description\" content=\"Mesurer la consommation de carburant sur votre bateau devient facile. Nos instruments de mesure de carburant fiables et nos ordinateurs de d\u00e9bit innovants vous donnent un aper\u00e7u rapide.\" \/>\n<meta property=\"og:url\" content=\"https:\/\/intercontrol.be\/frs\/instruments-de-marine\/mesure-de-la-consommation-de-carburant\/\" \/>\n<meta property=\"og:site_name\" content=\"Intercontrol Belgi\u00eb\" \/>\n<meta property=\"article:modified_time\" content=\"2023-07-07T08:00:10+00:00\" \/>\n<meta property=\"og:image\" content=\"https:\/\/intercontrol.be\/wp-content\/uploads\/2021\/04\/brandtofverbruik-meten-brandstof-besparen-1-scaled.jpg\" \/>\n\t<meta property=\"og:image:width\" content=\"2560\" \/>\n\t<meta property=\"og:image:height\" content=\"1440\" \/>\n\t<meta property=\"og:image:type\" content=\"image\/jpeg\" \/>\n<meta name=\"twitter:card\" content=\"summary_large_image\" \/>\n<meta name=\"twitter:label1\" content=\"Dur\u00e9e de lecture estim\u00e9e\" \/>\n\t<meta name=\"twitter:data1\" content=\"4 minutes\" \/>\n<script type=\"application\/ld+json\" class=\"yoast-schema-graph\">{\"@context\":\"https:\\\/\\\/schema.org\",\"@graph\":[{\"@type\":\"WebPage\",\"@id\":\"https:\\\/\\\/intercontrol.be\\\/frs\\\/instruments-de-marine\\\/mesure-de-la-consommation-de-carburant\\\/\",\"url\":\"https:\\\/\\\/intercontrol.be\\\/frs\\\/instruments-de-marine\\\/mesure-de-la-consommation-de-carburant\\\/\",\"name\":\"Mesure de la consommation de carburant - Intercontrol Belgi\u00eb\",\"isPartOf\":{\"@id\":\"https:\\\/\\\/intercontrol.be\\\/#website\"},\"primaryImageOfPage\":{\"@id\":\"https:\\\/\\\/intercontrol.be\\\/frs\\\/instruments-de-marine\\\/mesure-de-la-consommation-de-carburant\\\/#primaryimage\"},\"image\":{\"@id\":\"https:\\\/\\\/intercontrol.be\\\/frs\\\/instruments-de-marine\\\/mesure-de-la-consommation-de-carburant\\\/#primaryimage\"},\"thumbnailUrl\":\"https:\\\/\\\/intercontrol.be\\\/wp-content\\\/uploads\\\/2021\\\/04\\\/brandtofverbruik-meten-brandstof-besparen-1-scaled.jpg\",\"datePublished\":\"2015-08-10T09:16:59+00:00\",\"dateModified\":\"2023-07-07T08:00:10+00:00\",\"description\":\"Mesurer la consommation de carburant sur votre bateau devient facile. Nos instruments de mesure de carburant fiables et nos ordinateurs de d\u00e9bit innovants vous donnent un aper\u00e7u rapide.\",\"breadcrumb\":{\"@id\":\"https:\\\/\\\/intercontrol.be\\\/frs\\\/instruments-de-marine\\\/mesure-de-la-consommation-de-carburant\\\/#breadcrumb\"},\"inLanguage\":\"fr-FR\",\"potentialAction\":[{\"@type\":\"ReadAction\",\"target\":[\"https:\\\/\\\/intercontrol.be\\\/frs\\\/instruments-de-marine\\\/mesure-de-la-consommation-de-carburant\\\/\"]}]},{\"@type\":\"ImageObject\",\"inLanguage\":\"fr-FR\",\"@id\":\"https:\\\/\\\/intercontrol.be\\\/frs\\\/instruments-de-marine\\\/mesure-de-la-consommation-de-carburant\\\/#primaryimage\",\"url\":\"https:\\\/\\\/intercontrol.be\\\/wp-content\\\/uploads\\\/2021\\\/04\\\/brandtofverbruik-meten-brandstof-besparen-1-scaled.jpg\",\"contentUrl\":\"https:\\\/\\\/intercontrol.be\\\/wp-content\\\/uploads\\\/2021\\\/04\\\/brandtofverbruik-meten-brandstof-besparen-1-scaled.jpg\",\"width\":2560,\"height\":1440},{\"@type\":\"BreadcrumbList\",\"@id\":\"https:\\\/\\\/intercontrol.be\\\/frs\\\/instruments-de-marine\\\/mesure-de-la-consommation-de-carburant\\\/#breadcrumb\",\"itemListElement\":[{\"@type\":\"ListItem\",\"position\":1,\"name\":\"Home\",\"item\":\"https:\\\/\\\/intercontrol.be\\\/frs\\\/\"},{\"@type\":\"ListItem\",\"position\":2,\"name\":\"Exp\u00e9dition\",\"item\":\"https:\\\/\\\/intercontrol.be\\\/frs\\\/instruments-de-marine\\\/\"},{\"@type\":\"ListItem\",\"position\":3,\"name\":\"Mesure de la consommation de carburant\"}]},{\"@type\":\"WebSite\",\"@id\":\"https:\\\/\\\/intercontrol.be\\\/#website\",\"url\":\"https:\\\/\\\/intercontrol.be\\\/\",\"name\":\"Intercontrol Belgi\u00eb\",\"description\":\"Alles onder controle!\",\"potentialAction\":[{\"@type\":\"SearchAction\",\"target\":{\"@type\":\"EntryPoint\",\"urlTemplate\":\"https:\\\/\\\/intercontrol.be\\\/?s={search_term_string}\"},\"query-input\":{\"@type\":\"PropertyValueSpecification\",\"valueRequired\":true,\"valueName\":\"search_term_string\"}}],\"inLanguage\":\"fr-FR\"}]}<\/script>\n<!-- \/ Yoast SEO plugin. -->","yoast_head_json":{"title":"Mesure de la consommation de carburant - Intercontrol Belgi\u00eb","description":"Mesurer la consommation de carburant sur votre bateau devient facile. Nos instruments de mesure de carburant fiables et nos ordinateurs de d\u00e9bit innovants vous donnent un aper\u00e7u rapide.","robots":{"index":"index","follow":"follow","max-snippet":"max-snippet:-1","max-image-preview":"max-image-preview:large","max-video-preview":"max-video-preview:-1"},"canonical":"https:\/\/intercontrol.be\/frs\/instruments-de-marine\/mesure-de-la-consommation-de-carburant\/","og_locale":"fr_FR","og_type":"article","og_title":"Mesure de la consommation de carburant - Intercontrol Belgi\u00eb","og_description":"Mesurer la consommation de carburant sur votre bateau devient facile. Nos instruments de mesure de carburant fiables et nos ordinateurs de d\u00e9bit innovants vous donnent un aper\u00e7u rapide.","og_url":"https:\/\/intercontrol.be\/frs\/instruments-de-marine\/mesure-de-la-consommation-de-carburant\/","og_site_name":"Intercontrol Belgi\u00eb","article_modified_time":"2023-07-07T08:00:10+00:00","og_image":[{"width":2560,"height":1440,"url":"https:\/\/intercontrol.be\/wp-content\/uploads\/2021\/04\/brandtofverbruik-meten-brandstof-besparen-1-scaled.jpg","type":"image\/jpeg"}],"twitter_card":"summary_large_image","twitter_misc":{"Dur\u00e9e de lecture estim\u00e9e":"4 minutes"},"schema":{"@context":"https:\/\/schema.org","@graph":[{"@type":"WebPage","@id":"https:\/\/intercontrol.be\/frs\/instruments-de-marine\/mesure-de-la-consommation-de-carburant\/","url":"https:\/\/intercontrol.be\/frs\/instruments-de-marine\/mesure-de-la-consommation-de-carburant\/","name":"Mesure de la consommation de carburant - Intercontrol Belgi\u00eb","isPartOf":{"@id":"https:\/\/intercontrol.be\/#website"},"primaryImageOfPage":{"@id":"https:\/\/intercontrol.be\/frs\/instruments-de-marine\/mesure-de-la-consommation-de-carburant\/#primaryimage"},"image":{"@id":"https:\/\/intercontrol.be\/frs\/instruments-de-marine\/mesure-de-la-consommation-de-carburant\/#primaryimage"},"thumbnailUrl":"https:\/\/intercontrol.be\/wp-content\/uploads\/2021\/04\/brandtofverbruik-meten-brandstof-besparen-1-scaled.jpg","datePublished":"2015-08-10T09:16:59+00:00","dateModified":"2023-07-07T08:00:10+00:00","description":"Mesurer la consommation de carburant sur votre bateau devient facile. Nos instruments de mesure de carburant fiables et nos ordinateurs de d\u00e9bit innovants vous donnent un aper\u00e7u rapide.","breadcrumb":{"@id":"https:\/\/intercontrol.be\/frs\/instruments-de-marine\/mesure-de-la-consommation-de-carburant\/#breadcrumb"},"inLanguage":"fr-FR","potentialAction":[{"@type":"ReadAction","target":["https:\/\/intercontrol.be\/frs\/instruments-de-marine\/mesure-de-la-consommation-de-carburant\/"]}]},{"@type":"ImageObject","inLanguage":"fr-FR","@id":"https:\/\/intercontrol.be\/frs\/instruments-de-marine\/mesure-de-la-consommation-de-carburant\/#primaryimage","url":"https:\/\/intercontrol.be\/wp-content\/uploads\/2021\/04\/brandtofverbruik-meten-brandstof-besparen-1-scaled.jpg","contentUrl":"https:\/\/intercontrol.be\/wp-content\/uploads\/2021\/04\/brandtofverbruik-meten-brandstof-besparen-1-scaled.jpg","width":2560,"height":1440},{"@type":"BreadcrumbList","@id":"https:\/\/intercontrol.be\/frs\/instruments-de-marine\/mesure-de-la-consommation-de-carburant\/#breadcrumb","itemListElement":[{"@type":"ListItem","position":1,"name":"Home","item":"https:\/\/intercontrol.be\/frs\/"},{"@type":"ListItem","position":2,"name":"Exp\u00e9dition","item":"https:\/\/intercontrol.be\/frs\/instruments-de-marine\/"},{"@type":"ListItem","position":3,"name":"Mesure de la consommation de carburant"}]},{"@type":"WebSite","@id":"https:\/\/intercontrol.be\/#website","url":"https:\/\/intercontrol.be\/","name":"Intercontrol Belgi\u00eb","description":"Alles onder controle!","potentialAction":[{"@type":"SearchAction","target":{"@type":"EntryPoint","urlTemplate":"https:\/\/intercontrol.be\/?s={search_term_string}"},"query-input":{"@type":"PropertyValueSpecification","valueRequired":true,"valueName":"search_term_string"}}],"inLanguage":"fr-FR"}]}},"_links":{"self":[{"href":"https:\/\/intercontrol.be\/frs\/wp-json\/wp\/v2\/pages\/7463","targetHints":{"allow":["GET"]}}],"collection":[{"href":"https:\/\/intercontrol.be\/frs\/wp-json\/wp\/v2\/pages"}],"about":[{"href":"https:\/\/intercontrol.be\/frs\/wp-json\/wp\/v2\/types\/page"}],"author":[{"embeddable":true,"href":"https:\/\/intercontrol.be\/frs\/wp-json\/wp\/v2\/users\/12"}],"replies":[{"embeddable":true,"href":"https:\/\/intercontrol.be\/frs\/wp-json\/wp\/v2\/comments?post=7463"}],"version-history":[{"count":12,"href":"https:\/\/intercontrol.be\/frs\/wp-json\/wp\/v2\/pages\/7463\/revisions"}],"predecessor-version":[{"id":38151,"href":"https:\/\/intercontrol.be\/frs\/wp-json\/wp\/v2\/pages\/7463\/revisions\/38151"}],"up":[{"embeddable":true,"href":"https:\/\/intercontrol.be\/frs\/wp-json\/wp\/v2\/pages\/7430"}],"wp:featuredmedia":[{"embeddable":true,"href":"https:\/\/intercontrol.be\/frs\/wp-json\/wp\/v2\/media\/12596"}],"wp:attachment":[{"href":"https:\/\/intercontrol.be\/frs\/wp-json\/wp\/v2\/media?parent=7463"}],"curies":[{"name":"wp","href":"https:\/\/api.w.org\/{rel}","templated":true}]}}