{"id":7462,"date":"2015-08-10T09:18:33","date_gmt":"2015-08-10T09:18:33","guid":{"rendered":"http:\/\/inter.snv-ontwikkeling.nl\/frs\/navigation\/einlagerungs-auslagerungsmessung\/"},"modified":"2023-07-07T08:40:25","modified_gmt":"2023-07-07T08:40:25","slug":"avitaillement-en-carburant","status":"publish","type":"page","link":"https:\/\/intercontrol.be\/frs\/instruments-de-marine\/avitaillement-en-carburant\/","title":{"rendered":"Avitaillement en carburant"},"content":{"rendered":"<section class=\"l-section wpb_row height_auto\"><div class=\"l-section-h i-cf\"><div class=\"g-cols vc_row via_flex valign_top type_default stacking_default\"><div class=\"vc_col-sm-12 wpb_column vc_column_container\"><div class=\"vc_column-inner\"><div class=\"wpb_wrapper\"><\/div><\/div><\/div><\/div><\/div><\/section><section class=\"l-section wpb_row openingsfoto height_large color_primary with_img with_shape\"><div class=\"l-section-img lazyload\" data-img-width=\"2560\" data-img-height=\"1440\" style=\"background-image:inherit;\" data-bg-image=\"url(https:\/\/intercontrol.be\/wp-content\/uploads\/2021\/04\/intercontrol-brandstof-bunkeren-scaled.jpg)\"><\/div><div class=\"l-section-overlay\" style=\"background:rgba(6,56,119,0.57)\"><\/div><div class=\"l-section-shape type_triangle pos_bottom\" style=\"height:5vh;\"><svg xmlns=\"http:\/\/www.w3.org\/2000\/svg\" viewBox=\"0 0 64 8\" preserveAspectRatio=\"none\" width=\"100%\" height=\"100%\">\r\n\t<path fill=\"currentColor\" d=\"M64 8 L0 8 L0 0 L32 7.9 L64 0 Z\"\/>\r\n<\/svg><\/div><div class=\"l-section-h i-cf\"><div class=\"g-cols vc_row via_flex valign_middle type_default stacking_default\"><div class=\"vc_col-sm-12 wpb_column vc_column_container\"><div class=\"vc_column-inner\"><div class=\"wpb_wrapper\"><h1 class=\"w-text us_custom_59c9a240\"><span class=\"w-text-h\"><span class=\"w-text-value\">combustible de soute<\/span><\/span><\/h1><div class=\"g-cols wpb_row via_flex valign_top type_default stacking_default\"><div class=\"vc_col-sm-2 wpb_column vc_column_container\"><div class=\"vc_column-inner\"><div class=\"wpb_wrapper\"><\/div><\/div><\/div><div class=\"vc_col-sm-8 wpb_column vc_column_container\"><div class=\"vc_column-inner\"><div class=\"wpb_wrapper\"><div class=\"w-image align_center\"><div class=\"w-image-h\"><img decoding=\"async\" width=\"50\" height=\"10\" data-src=\"https:\/\/intercontrol.be\/wp-content\/uploads\/2021\/04\/intercontrol-dividerwit.png\" class=\"attachment-large size-large lazyload\" alt=\"\" src=\"data:image\/svg+xml;base64,PHN2ZyB3aWR0aD0iMSIgaGVpZ2h0PSIxIiB4bWxucz0iaHR0cDovL3d3dy53My5vcmcvMjAwMC9zdmciPjwvc3ZnPg==\" style=\"--smush-placeholder-width: 50px; --smush-placeholder-aspect-ratio: 50\/10;\" \/><\/div><\/div><div class=\"wpb_text_column\"><div class=\"wpb_wrapper\"><h4 style=\"text-align: center;\">Les co\u00fbts de carburant repr\u00e9sentent une grande partie des co\u00fbts d&#8217;exploitation, surtout compte tenu des prix actuels du march\u00e9. C&#8217;est pourquoi il est important de savoir exactement ce qui a \u00e9t\u00e9 sout\u00e9.<\/h4>\n<\/div><\/div><\/div><\/div><\/div><div class=\"vc_col-sm-2 wpb_column vc_column_container\"><div class=\"vc_column-inner\"><div class=\"wpb_wrapper\"><\/div><\/div><\/div><\/div><\/div><\/div><\/div><\/div><\/div><\/section><section class=\"l-section wpb_row height_large\"><div class=\"l-section-h i-cf\"><div class=\"g-cols vc_row via_flex valign_top type_default stacking_default\"><div class=\"vc_col-sm-12 wpb_column vc_column_container\"><div class=\"vc_column-inner\"><div class=\"wpb_wrapper\"><div class=\"wpb_text_column\"><div class=\"wpb_wrapper\"><h2>Risque<\/h2>\n<p>Bien que la lettre de livraison des fournisseurs de carburant soit souvent d\u00e9cisive, une mesure pr\u00e9cise vous-m\u00eame garantit que la livraison est correcte ou que l&#8217;\u00e9quipage peut se plaindre s&#8217;il semble y avoir un probl\u00e8me avec la quantit\u00e9 ou la qualit\u00e9 de l&#8217;huile.<\/p>\n<p>L&#8217;avitaillement en carburant implique de grandes quantit\u00e9s de carburant qui sont pomp\u00e9es dans les r\u00e9servoirs du navire. Ainsi, un petit \u00e9cart dans la mesure r\u00e9elle, qui se fait souvent avec un <span lang=\"FR\">d\u00e9bitm\u00e8tre<\/span> volum\u00e9trique m\u00e9canique, entra\u00eene une perte importante sur le total et cela fait une grande diff\u00e9rence \u00e0 la caisse !<\/p>\n<p>Bien s\u00fbr, en tant que r\u00e9ceptionnaire, vous recevrez toujours \u00e0 l&#8217;avance un formulaire de demande de soute, indiquant la qualit\u00e9, la quantit\u00e9 et les sp\u00e9cifications du carburant \u00e0 fournir. Mais d\u00e8s que vous, en tant que navire r\u00e9ceptionnaire, avez sign\u00e9 ce soi-disant formulaire de soutage, il s&#8217;agit simplement de savoir si la quantit\u00e9 enregistr\u00e9e sera effectivement livr\u00e9e comme convenu.<\/p>\n<p>La v\u00e9rification est d\u00e9finitivement payante !<\/p>\n<h2>Contr\u00f4le souhait\u00e9<\/h2>\n<p>En tant que r\u00e9ceptionnaire, vous souhaitez \u00e9galement avoir un aper\u00e7u des livraisons de soute qui ont lieu &#8211; surtout si cela se fait en dehors des fronti\u00e8res du pays.<\/p>\n<p>Donc, si apr\u00e8s le ravitaillement, vous vous \u00eates d\u00e9j\u00e0 demand\u00e9 combien de carburant vous aviez maintenant, ou si vous n&#8217;\u00e9tiez pas s\u00fbr de ce que vous avez pay\u00e9, alors cela peut \u00eatre r\u00e9solu : avec notre <span lang=\"FR\">d\u00e9bitm\u00e8tre<\/span> de contr\u00f4le de soute !<\/p>\n<p>Les <span lang=\"FR\">d\u00e9bitm\u00e8tres<\/span> Coriolis de contr\u00f4le de soute peuvent \u00eatre connect\u00e9s au syst\u00e8me du navire, ce qui signifie qu&#8217;il est m\u00eame possible de surveiller la situation au bureau et qu&#8217;il y a un aper\u00e7u direct de la quantit\u00e9 de carburant de soute et donc des co\u00fbts.<\/p>\n<p>&nbsp;<\/p>\n<h2>Int\u00e9gr\u00e9<\/h2>\n<p>Les <span lang=\"FR\">d\u00e9bitm\u00e8tres<\/span> Coriolis de contr\u00f4le de soute peuvent \u00eatre int\u00e9gr\u00e9s relativement facilement dans la tuyauterie existante. Une longueur droite d&#8217;entr\u00e9e et de sortie dans la canalisation n&#8217;est pas n\u00e9cessaire et la construction unique en \u00ab tube droit \u00bb signifie qu&#8217;il y a peu de hauteur d&#8217;installation. Une structure de support comme nous le savons des <span lang=\"FR\">d\u00e9bitm\u00e8tres<\/span> Coriolis avec un tube en U incurv\u00e9 n&#8217;est pas non plus n\u00e9cessaire.<\/p>\n<p>Connectez l&#8217;alimentation \u00e9lectrique et connectez-la au syst\u00e8me de performance du navire ou \u00e0 l&#8217;affichage local, de sorte que toutes les informations n\u00e9cessaires sur l&#8217;avitaillement soient disponibles.<\/p>\n<\/div><\/div><\/div><\/div><\/div><\/div><\/div><\/section><section class=\"l-section wpb_row height_medium full_height valign_top color_primary with_img\"><div class=\"l-section-img lazyload\" data-img-width=\"2560\" data-img-height=\"1440\" style=\"background-image:inherit;\" data-bg-image=\"url(https:\/\/intercontrol.be\/wp-content\/uploads\/2021\/04\/intercontrol_bunkeren_2-scaled.jpg)\"><\/div><div class=\"l-section-h i-cf\"><div class=\"g-cols vc_row via_flex valign_top type_default stacking_default\"><div class=\"vc_col-sm-12 wpb_column vc_column_container\"><div class=\"vc_column-inner\"><div class=\"wpb_wrapper\"><\/div><\/div><\/div><\/div><\/div><\/section><section class=\"l-section wpb_row height_large\"><div class=\"l-section-h i-cf\"><div class=\"g-cols vc_row via_flex valign_top type_default stacking_default\"><div class=\"vc_col-sm-4 wpb_column vc_column_container\"><div class=\"vc_column-inner\"><div class=\"wpb_wrapper\"><div class=\"wpb_text_column\"><div class=\"wpb_wrapper\"><h2>V\u00e9rifiez par vous-m\u00eame<\/h2>\n<p>Le <span lang=\"FR\">d\u00e9bitm\u00e8tre<\/span> de contr\u00f4le des soutes fournit un v\u00e9ritable aper\u00e7u ; pendant le soutage, le d\u00e9bitm\u00e8tre pr\u00e9cis enregistre la quantit\u00e9 de carburant fournie et la qualit\u00e9 sans aucun probl\u00e8me. S&#8217;il y a de l&#8217;air ou de l&#8217;azote dans l&#8217;huile, le d\u00e9bitm\u00e8tre Coriolis enregistrera un poids sp\u00e9cifique diff\u00e9rent. Cette valeur mesur\u00e9e est \u00e9galement disponible num\u00e9riquement pour le syst\u00e8me.<\/p>\n<p>Le d\u00e9bitm\u00e8tre de masse Coriolis donne une valeur de mesure en kilogrammes ou en tonnes, donc pas de conversion de volume et de temp\u00e9rature et est disponible avec un certificat d&#8217;\u00e9talonnage MID.<\/p>\n<p>Les d\u00e9bitm\u00e8tres de contr\u00f4le de soute ont un passage libre &#8211; donc sans pi\u00e8ces mobiles &#8211; ne sont pas sujets \u00e0 l&#8217;usure et sans entretien<\/p>\n<\/div><\/div><div class=\"w-separator size_small\"><\/div><div class=\"wpb_text_column\"><div class=\"wpb_wrapper\"><\/div><\/div><\/div><\/div><\/div><div class=\"vc_col-sm-8 wpb_column vc_column_container\"><div class=\"vc_column-inner\"><div class=\"wpb_wrapper\"><div class=\"w-image align_none\"><div class=\"w-image-h\"><img decoding=\"async\" width=\"1024\" height=\"1024\" data-src=\"https:\/\/intercontrol.be\/wp-content\/uploads\/2021\/04\/intercontrol_bunkeren_3-scaled.jpg\" class=\"attachment-large size-large lazyload\" alt=\"\" data-srcset=\"https:\/\/intercontrol.be\/wp-content\/uploads\/2021\/04\/intercontrol_bunkeren_3-scaled.jpg 2560w, https:\/\/intercontrol.be\/wp-content\/uploads\/2021\/04\/intercontrol_bunkeren_3-scaled-300x300.jpg 300w, https:\/\/intercontrol.be\/wp-content\/uploads\/2021\/04\/intercontrol_bunkeren_3-scaled-150x150.jpg 150w, https:\/\/intercontrol.be\/wp-content\/uploads\/2021\/04\/intercontrol_bunkeren_3-scaled-600x600.jpg 600w\" data-sizes=\"(max-width: 1024px) 100vw, 1024px\" src=\"data:image\/svg+xml;base64,PHN2ZyB3aWR0aD0iMSIgaGVpZ2h0PSIxIiB4bWxucz0iaHR0cDovL3d3dy53My5vcmcvMjAwMC9zdmciPjwvc3ZnPg==\" style=\"--smush-placeholder-width: 1024px; --smush-placeholder-aspect-ratio: 1024\/1024;\" \/><\/div><\/div><\/div><\/div><\/div><\/div><\/div><\/section>\n","protected":false},"excerpt":{"rendered":"combustible de souteLes co\u00fbts de carburant repr\u00e9sentent une grande partie des co\u00fbts d&#8217;exploitation, surtout compte tenu des prix actuels du march\u00e9. C&#8217;est pourquoi il est important de savoir exactement ce qui a \u00e9t\u00e9 sout\u00e9. Risque Bien que la lettre de livraison des fournisseurs de carburant soit souvent d\u00e9cisive, une mesure pr\u00e9cise vous-m\u00eame garantit que la...","protected":false},"author":12,"featured_media":12683,"parent":7430,"menu_order":0,"comment_status":"closed","ping_status":"closed","template":"","meta":{"_acf_changed":false,"_monsterinsights_skip_tracking":false,"_monsterinsights_sitenote_active":false,"_monsterinsights_sitenote_note":"","_monsterinsights_sitenote_category":0,"footnotes":""},"class_list":["post-7462","page","type-page","status-publish","has-post-thumbnail","hentry"],"acf":[],"yoast_head":"<!-- This site is optimized with the Yoast SEO plugin v27.4 - https:\/\/yoast.com\/product\/yoast-seo-wordpress\/ -->\n<title>avitaillement en carburant<\/title>\n<meta name=\"description\" content=\"Si votre vaisseau est aliment\u00e9 en carburant, il arrive que l\u2019avitaillement en carburant n\u2019est pas toujours efficace. Il s\u2019agit vite des centaines de litres de diesel!\" \/>\n<meta name=\"robots\" content=\"index, follow, max-snippet:-1, max-image-preview:large, max-video-preview:-1\" \/>\n<link rel=\"canonical\" href=\"https:\/\/intercontrol.be\/frs\/instruments-de-marine\/avitaillement-en-carburant\/\" \/>\n<meta property=\"og:locale\" content=\"fr_FR\" \/>\n<meta property=\"og:type\" content=\"article\" \/>\n<meta property=\"og:title\" content=\"avitaillement en carburant\" \/>\n<meta property=\"og:description\" content=\"Si votre vaisseau est aliment\u00e9 en carburant, il arrive que l\u2019avitaillement en carburant n\u2019est pas toujours efficace. Il s\u2019agit vite des centaines de litres de diesel!\" \/>\n<meta property=\"og:url\" content=\"https:\/\/intercontrol.be\/frs\/instruments-de-marine\/avitaillement-en-carburant\/\" \/>\n<meta property=\"og:site_name\" content=\"Intercontrol Belgi\u00eb\" \/>\n<meta property=\"article:modified_time\" content=\"2023-07-07T08:40:25+00:00\" \/>\n<meta property=\"og:image\" content=\"https:\/\/intercontrol.be\/wp-content\/uploads\/2021\/04\/intercontrol-brandstof-bunkeren-scaled.jpg\" \/>\n\t<meta property=\"og:image:width\" content=\"2560\" \/>\n\t<meta property=\"og:image:height\" content=\"1440\" \/>\n\t<meta property=\"og:image:type\" content=\"image\/jpeg\" \/>\n<meta name=\"twitter:card\" content=\"summary_large_image\" \/>\n<meta name=\"twitter:label1\" content=\"Dur\u00e9e de lecture estim\u00e9e\" \/>\n\t<meta name=\"twitter:data1\" content=\"3 minutes\" \/>\n<script type=\"application\/ld+json\" class=\"yoast-schema-graph\">{\"@context\":\"https:\\\/\\\/schema.org\",\"@graph\":[{\"@type\":\"WebPage\",\"@id\":\"https:\\\/\\\/intercontrol.be\\\/frs\\\/instruments-de-marine\\\/avitaillement-en-carburant\\\/\",\"url\":\"https:\\\/\\\/intercontrol.be\\\/frs\\\/instruments-de-marine\\\/avitaillement-en-carburant\\\/\",\"name\":\"avitaillement en carburant\",\"isPartOf\":{\"@id\":\"https:\\\/\\\/intercontrol.be\\\/#website\"},\"primaryImageOfPage\":{\"@id\":\"https:\\\/\\\/intercontrol.be\\\/frs\\\/instruments-de-marine\\\/avitaillement-en-carburant\\\/#primaryimage\"},\"image\":{\"@id\":\"https:\\\/\\\/intercontrol.be\\\/frs\\\/instruments-de-marine\\\/avitaillement-en-carburant\\\/#primaryimage\"},\"thumbnailUrl\":\"https:\\\/\\\/intercontrol.be\\\/wp-content\\\/uploads\\\/2021\\\/04\\\/intercontrol-brandstof-bunkeren-scaled.jpg\",\"datePublished\":\"2015-08-10T09:18:33+00:00\",\"dateModified\":\"2023-07-07T08:40:25+00:00\",\"description\":\"Si votre vaisseau est aliment\u00e9 en carburant, il arrive que l\u2019avitaillement en carburant n\u2019est pas toujours efficace. Il s\u2019agit vite des centaines de litres de diesel!\",\"breadcrumb\":{\"@id\":\"https:\\\/\\\/intercontrol.be\\\/frs\\\/instruments-de-marine\\\/avitaillement-en-carburant\\\/#breadcrumb\"},\"inLanguage\":\"fr-FR\",\"potentialAction\":[{\"@type\":\"ReadAction\",\"target\":[\"https:\\\/\\\/intercontrol.be\\\/frs\\\/instruments-de-marine\\\/avitaillement-en-carburant\\\/\"]}]},{\"@type\":\"ImageObject\",\"inLanguage\":\"fr-FR\",\"@id\":\"https:\\\/\\\/intercontrol.be\\\/frs\\\/instruments-de-marine\\\/avitaillement-en-carburant\\\/#primaryimage\",\"url\":\"https:\\\/\\\/intercontrol.be\\\/wp-content\\\/uploads\\\/2021\\\/04\\\/intercontrol-brandstof-bunkeren-scaled.jpg\",\"contentUrl\":\"https:\\\/\\\/intercontrol.be\\\/wp-content\\\/uploads\\\/2021\\\/04\\\/intercontrol-brandstof-bunkeren-scaled.jpg\",\"width\":2560,\"height\":1440},{\"@type\":\"BreadcrumbList\",\"@id\":\"https:\\\/\\\/intercontrol.be\\\/frs\\\/instruments-de-marine\\\/avitaillement-en-carburant\\\/#breadcrumb\",\"itemListElement\":[{\"@type\":\"ListItem\",\"position\":1,\"name\":\"Home\",\"item\":\"https:\\\/\\\/intercontrol.be\\\/frs\\\/\"},{\"@type\":\"ListItem\",\"position\":2,\"name\":\"Exp\u00e9dition\",\"item\":\"https:\\\/\\\/intercontrol.be\\\/frs\\\/instruments-de-marine\\\/\"},{\"@type\":\"ListItem\",\"position\":3,\"name\":\"Avitaillement en carburant\"}]},{\"@type\":\"WebSite\",\"@id\":\"https:\\\/\\\/intercontrol.be\\\/#website\",\"url\":\"https:\\\/\\\/intercontrol.be\\\/\",\"name\":\"Intercontrol Belgi\u00eb\",\"description\":\"Alles onder controle!\",\"potentialAction\":[{\"@type\":\"SearchAction\",\"target\":{\"@type\":\"EntryPoint\",\"urlTemplate\":\"https:\\\/\\\/intercontrol.be\\\/?s={search_term_string}\"},\"query-input\":{\"@type\":\"PropertyValueSpecification\",\"valueRequired\":true,\"valueName\":\"search_term_string\"}}],\"inLanguage\":\"fr-FR\"}]}<\/script>\n<!-- \/ Yoast SEO plugin. -->","yoast_head_json":{"title":"avitaillement en carburant","description":"Si votre vaisseau est aliment\u00e9 en carburant, il arrive que l\u2019avitaillement en carburant n\u2019est pas toujours efficace. Il s\u2019agit vite des centaines de litres de diesel!","robots":{"index":"index","follow":"follow","max-snippet":"max-snippet:-1","max-image-preview":"max-image-preview:large","max-video-preview":"max-video-preview:-1"},"canonical":"https:\/\/intercontrol.be\/frs\/instruments-de-marine\/avitaillement-en-carburant\/","og_locale":"fr_FR","og_type":"article","og_title":"avitaillement en carburant","og_description":"Si votre vaisseau est aliment\u00e9 en carburant, il arrive que l\u2019avitaillement en carburant n\u2019est pas toujours efficace. Il s\u2019agit vite des centaines de litres de diesel!","og_url":"https:\/\/intercontrol.be\/frs\/instruments-de-marine\/avitaillement-en-carburant\/","og_site_name":"Intercontrol Belgi\u00eb","article_modified_time":"2023-07-07T08:40:25+00:00","og_image":[{"width":2560,"height":1440,"url":"https:\/\/intercontrol.be\/wp-content\/uploads\/2021\/04\/intercontrol-brandstof-bunkeren-scaled.jpg","type":"image\/jpeg"}],"twitter_card":"summary_large_image","twitter_misc":{"Dur\u00e9e de lecture estim\u00e9e":"3 minutes"},"schema":{"@context":"https:\/\/schema.org","@graph":[{"@type":"WebPage","@id":"https:\/\/intercontrol.be\/frs\/instruments-de-marine\/avitaillement-en-carburant\/","url":"https:\/\/intercontrol.be\/frs\/instruments-de-marine\/avitaillement-en-carburant\/","name":"avitaillement en carburant","isPartOf":{"@id":"https:\/\/intercontrol.be\/#website"},"primaryImageOfPage":{"@id":"https:\/\/intercontrol.be\/frs\/instruments-de-marine\/avitaillement-en-carburant\/#primaryimage"},"image":{"@id":"https:\/\/intercontrol.be\/frs\/instruments-de-marine\/avitaillement-en-carburant\/#primaryimage"},"thumbnailUrl":"https:\/\/intercontrol.be\/wp-content\/uploads\/2021\/04\/intercontrol-brandstof-bunkeren-scaled.jpg","datePublished":"2015-08-10T09:18:33+00:00","dateModified":"2023-07-07T08:40:25+00:00","description":"Si votre vaisseau est aliment\u00e9 en carburant, il arrive que l\u2019avitaillement en carburant n\u2019est pas toujours efficace. Il s\u2019agit vite des centaines de litres de diesel!","breadcrumb":{"@id":"https:\/\/intercontrol.be\/frs\/instruments-de-marine\/avitaillement-en-carburant\/#breadcrumb"},"inLanguage":"fr-FR","potentialAction":[{"@type":"ReadAction","target":["https:\/\/intercontrol.be\/frs\/instruments-de-marine\/avitaillement-en-carburant\/"]}]},{"@type":"ImageObject","inLanguage":"fr-FR","@id":"https:\/\/intercontrol.be\/frs\/instruments-de-marine\/avitaillement-en-carburant\/#primaryimage","url":"https:\/\/intercontrol.be\/wp-content\/uploads\/2021\/04\/intercontrol-brandstof-bunkeren-scaled.jpg","contentUrl":"https:\/\/intercontrol.be\/wp-content\/uploads\/2021\/04\/intercontrol-brandstof-bunkeren-scaled.jpg","width":2560,"height":1440},{"@type":"BreadcrumbList","@id":"https:\/\/intercontrol.be\/frs\/instruments-de-marine\/avitaillement-en-carburant\/#breadcrumb","itemListElement":[{"@type":"ListItem","position":1,"name":"Home","item":"https:\/\/intercontrol.be\/frs\/"},{"@type":"ListItem","position":2,"name":"Exp\u00e9dition","item":"https:\/\/intercontrol.be\/frs\/instruments-de-marine\/"},{"@type":"ListItem","position":3,"name":"Avitaillement en carburant"}]},{"@type":"WebSite","@id":"https:\/\/intercontrol.be\/#website","url":"https:\/\/intercontrol.be\/","name":"Intercontrol Belgi\u00eb","description":"Alles onder controle!","potentialAction":[{"@type":"SearchAction","target":{"@type":"EntryPoint","urlTemplate":"https:\/\/intercontrol.be\/?s={search_term_string}"},"query-input":{"@type":"PropertyValueSpecification","valueRequired":true,"valueName":"search_term_string"}}],"inLanguage":"fr-FR"}]}},"_links":{"self":[{"href":"https:\/\/intercontrol.be\/frs\/wp-json\/wp\/v2\/pages\/7462","targetHints":{"allow":["GET"]}}],"collection":[{"href":"https:\/\/intercontrol.be\/frs\/wp-json\/wp\/v2\/pages"}],"about":[{"href":"https:\/\/intercontrol.be\/frs\/wp-json\/wp\/v2\/types\/page"}],"author":[{"embeddable":true,"href":"https:\/\/intercontrol.be\/frs\/wp-json\/wp\/v2\/users\/12"}],"replies":[{"embeddable":true,"href":"https:\/\/intercontrol.be\/frs\/wp-json\/wp\/v2\/comments?post=7462"}],"version-history":[{"count":8,"href":"https:\/\/intercontrol.be\/frs\/wp-json\/wp\/v2\/pages\/7462\/revisions"}],"predecessor-version":[{"id":38154,"href":"https:\/\/intercontrol.be\/frs\/wp-json\/wp\/v2\/pages\/7462\/revisions\/38154"}],"up":[{"embeddable":true,"href":"https:\/\/intercontrol.be\/frs\/wp-json\/wp\/v2\/pages\/7430"}],"wp:featuredmedia":[{"embeddable":true,"href":"https:\/\/intercontrol.be\/frs\/wp-json\/wp\/v2\/media\/12683"}],"wp:attachment":[{"href":"https:\/\/intercontrol.be\/frs\/wp-json\/wp\/v2\/media?parent=7462"}],"curies":[{"name":"wp","href":"https:\/\/api.w.org\/{rel}","templated":true}]}}