{"id":7450,"date":"2015-08-10T09:11:20","date_gmt":"2015-08-10T09:11:20","guid":{"rendered":"http:\/\/inter.snv-ontwikkeling.nl\/frs\/industrie-en-procestechniek\/messdatenerfassung-und-auswertegeraete\/"},"modified":"2023-07-06T08:00:27","modified_gmt":"2023-07-06T08:00:27","slug":"informations-du-processus","status":"publish","type":"page","link":"https:\/\/intercontrol.be\/frs\/industrie-processus-technologique\/informations-du-processus\/","title":{"rendered":"Identification et enregistrement"},"content":{"rendered":"<section class=\"l-section wpb_row openingsfoto height_large color_primary with_img with_video with_youtube with_shape\"><div class=\"l-section-img lazyload\" data-img-width=\"2678\" data-img-height=\"1000\" style=\"background-image:inherit;\" data-bg-image=\"url(https:\/\/intercontrol.be\/wp-content\/uploads\/2023\/02\/Signalering-en-registratie.png)\"><\/div><style>@media(max-width:600px){#us_bg_video_s7ad{display:none!important}}<\/style><div class=\"l-section-video\" id=\"us_bg_video_s7ad\"><iframe title=\"Youtube video player\" data-src=\"\/\/www.youtube.com\/embed\/SDwrPys8oBI?autoplay=1&loop=1&playlist=SDwrPys8oBI&controls=0&mute=1&iv_load_policy=3&disablekb=1&wmode=transparent\" allowfullscreen=\"1\" src=\"data:image\/svg+xml;base64,PHN2ZyB3aWR0aD0iMSIgaGVpZ2h0PSIxIiB4bWxucz0iaHR0cDovL3d3dy53My5vcmcvMjAwMC9zdmciPjwvc3ZnPg==\" class=\"lazyload\" data-load-mode=\"1\"><\/iframe><\/div><div class=\"l-section-overlay\" style=\"background:rgba(6,56,119,0.57)\"><\/div><div class=\"l-section-shape type_triangle pos_bottom\" style=\"height:5vh;\"><svg xmlns=\"http:\/\/www.w3.org\/2000\/svg\" viewBox=\"0 0 64 8\" preserveAspectRatio=\"none\" width=\"100%\" height=\"100%\">\r\n\t<path fill=\"currentColor\" d=\"M64 8 L0 8 L0 0 L32 7.9 L64 0 Z\"\/>\r\n<\/svg><\/div><div class=\"l-section-h i-cf\"><div class=\"g-cols vc_row via_flex valign_middle type_default stacking_default\"><div class=\"vc_col-sm-12 wpb_column vc_column_container\"><div class=\"vc_column-inner\"><div class=\"wpb_wrapper\"><div class=\"w-separator size_large\"><\/div><h1 class=\"w-post-elm post_title align_center entry-title color_link_inherit\">Identification et enregistrement<\/h1><div class=\"g-cols wpb_row via_flex valign_top type_default stacking_default\"><div class=\"vc_col-sm-2 wpb_column vc_column_container\"><div class=\"vc_column-inner\"><div class=\"wpb_wrapper\"><\/div><\/div><\/div><div class=\"vc_col-sm-8 wpb_column vc_column_container\"><div class=\"vc_column-inner\"><div class=\"wpb_wrapper\"><div class=\"w-image align_center\"><div class=\"w-image-h\"><img decoding=\"async\" width=\"50\" height=\"10\" data-src=\"https:\/\/intercontrol.be\/wp-content\/uploads\/2021\/04\/intercontrol-dividerwit.png\" class=\"attachment-large size-large lazyload\" alt=\"\" src=\"data:image\/svg+xml;base64,PHN2ZyB3aWR0aD0iMSIgaGVpZ2h0PSIxIiB4bWxucz0iaHR0cDovL3d3dy53My5vcmcvMjAwMC9zdmciPjwvc3ZnPg==\" style=\"--smush-placeholder-width: 50px; --smush-placeholder-aspect-ratio: 50\/10;\" \/><\/div><\/div><\/div><\/div><\/div><div class=\"vc_col-sm-2 wpb_column vc_column_container\"><div class=\"vc_column-inner\"><div class=\"wpb_wrapper\"><\/div><\/div><\/div><\/div><\/div><\/div><\/div><\/div><\/div><\/section><section class=\"l-section wpb_row height_large\"><div class=\"l-section-h i-cf\"><div class=\"g-cols vc_row via_flex valign_top type_default stacking_default\"><div class=\"vc_col-sm-12 wpb_column vc_column_container\"><div class=\"vc_column-inner\"><div class=\"wpb_wrapper\"><div class=\"wpb_text_column\"><div class=\"wpb_wrapper\"><h2>L&#8217;importance d&#8217;informations claires sur les processus<\/h2>\n<p>Les informations de processus doivent toujours \u00eatre claires, ce qui est tr\u00e8s important dans les installations industrielles. Mais il est encore plus important que les \u00e9carts soient imm\u00e9diatement signal\u00e9s ou alarm\u00e9s, afin que des mesures puissent \u00eatre prises rapidement. Cependant, en raison des nombreux appareils et des diff\u00e9rents signaux sur le lieu de travail, la vue d&#8217;ensemble est souvent perdue. Nous offrons pr\u00e9cis\u00e9ment la solution pour cela : des indicateurs de tableau adapt\u00e9s aux signaux les plus divers.<\/p>\n<\/div><\/div><div class=\"w-separator size_medium\"><\/div><div class=\"g-cols wpb_row us_custom_6843bfc2 via_flex valign_top type_default stacking_default\"><div class=\"vc_col-sm-12 wpb_column vc_column_container\"><div class=\"vc_column-inner\"><div class=\"wpb_wrapper\"><div class=\"wpb_text_column\"><div class=\"wpb_wrapper\"><h2>Quelques caract\u00e9ristiques de nos \u00e9quipements<\/h2>\n<p>Nos affichages num\u00e9riques offrent la possibilit\u00e9 d&#8217;am\u00e9liorer consid\u00e9rablement votre entreprise et d&#8217;augmenter votre rendement plusieurs fois.<\/p>\n<p>Nos \u00e9quipements conviennent \u00e0 tous les signaux industriels courants et peuvent \u00eatre compl\u00e9t\u00e9s en option par des relais ou des cartes de communication. \u00c9galement disponible en diff\u00e9rentes versions ; du mini-comptoir \u00e0 l&#8217;\u00e9cran tactile XXL. L&#8217;acc\u00e8s en ligne est standard dans la plupart des cas.<\/p>\n<\/div><\/div><div class=\"w-btn-wrapper align_none\"><a class=\"w-btn us-btn-style_1\" href=\"https:\/\/intercontrol.be\/signaalverwerking\/\"><span class=\"w-btn-label\">Cliquez sur nos processeurs de signal<\/span><\/a><\/div><\/div><\/div><\/div><\/div><\/div><\/div><\/div><\/div><\/div><\/section>\n","protected":false},"excerpt":{"rendered":"Identification et enregistrementL&#8217;importance d&#8217;informations claires sur les processus Les informations de processus doivent toujours \u00eatre claires, ce qui est tr\u00e8s important dans les installations industrielles. Mais il est encore plus important que les \u00e9carts soient imm\u00e9diatement signal\u00e9s ou alarm\u00e9s, afin que des mesures puissent \u00eatre prises rapidement. Cependant, en raison des nombreux appareils et des...","protected":false},"author":12,"featured_media":38102,"parent":7428,"menu_order":0,"comment_status":"closed","ping_status":"closed","template":"","meta":{"_acf_changed":false,"_monsterinsights_skip_tracking":false,"_monsterinsights_sitenote_active":false,"_monsterinsights_sitenote_note":"","_monsterinsights_sitenote_category":0,"footnotes":""},"class_list":["post-7450","page","type-page","status-publish","has-post-thumbnail","hentry"],"acf":[],"yoast_head":"<!-- This site is optimized with the Yoast SEO plugin v27.4 - https:\/\/yoast.com\/product\/yoast-seo-wordpress\/ -->\n<title>informations du processus<\/title>\n<meta name=\"description\" content=\"Les informations du processus d&#039;une installation industrielle doit \u00eatre clair. Mais plus important que vous \u00eates imm\u00e9diatement averti en cas de d\u00e9viations\" \/>\n<meta name=\"robots\" content=\"index, follow, max-snippet:-1, max-image-preview:large, max-video-preview:-1\" \/>\n<link rel=\"canonical\" href=\"https:\/\/intercontrol.be\/frs\/industrie-processus-technologique\/informations-du-processus\/\" \/>\n<meta property=\"og:locale\" content=\"fr_FR\" \/>\n<meta property=\"og:type\" content=\"article\" \/>\n<meta property=\"og:title\" content=\"informations du processus\" \/>\n<meta property=\"og:description\" content=\"Les informations du processus d&#039;une installation industrielle doit \u00eatre clair. Mais plus important que vous \u00eates imm\u00e9diatement averti en cas de d\u00e9viations\" \/>\n<meta property=\"og:url\" content=\"https:\/\/intercontrol.be\/frs\/industrie-processus-technologique\/informations-du-processus\/\" \/>\n<meta property=\"og:site_name\" content=\"Intercontrol Belgi\u00eb\" \/>\n<meta property=\"article:modified_time\" content=\"2023-07-06T08:00:27+00:00\" \/>\n<meta property=\"og:image\" content=\"https:\/\/intercontrol.be\/wp-content\/uploads\/2013\/07\/procesinformatie-signalering-registratie-scaled.jpg\" \/>\n\t<meta property=\"og:image:width\" content=\"2560\" \/>\n\t<meta property=\"og:image:height\" content=\"1714\" \/>\n\t<meta property=\"og:image:type\" content=\"image\/jpeg\" \/>\n<meta name=\"twitter:card\" content=\"summary_large_image\" \/>\n<meta name=\"twitter:label1\" content=\"Dur\u00e9e de lecture estim\u00e9e\" \/>\n\t<meta name=\"twitter:data1\" content=\"1 minute\" \/>\n<script type=\"application\/ld+json\" class=\"yoast-schema-graph\">{\"@context\":\"https:\\\/\\\/schema.org\",\"@graph\":[{\"@type\":\"WebPage\",\"@id\":\"https:\\\/\\\/intercontrol.be\\\/frs\\\/industrie-processus-technologique\\\/informations-du-processus\\\/\",\"url\":\"https:\\\/\\\/intercontrol.be\\\/frs\\\/industrie-processus-technologique\\\/informations-du-processus\\\/\",\"name\":\"informations du processus\",\"isPartOf\":{\"@id\":\"https:\\\/\\\/intercontrol.be\\\/#website\"},\"primaryImageOfPage\":{\"@id\":\"https:\\\/\\\/intercontrol.be\\\/frs\\\/industrie-processus-technologique\\\/informations-du-processus\\\/#primaryimage\"},\"image\":{\"@id\":\"https:\\\/\\\/intercontrol.be\\\/frs\\\/industrie-processus-technologique\\\/informations-du-processus\\\/#primaryimage\"},\"thumbnailUrl\":\"https:\\\/\\\/intercontrol.be\\\/wp-content\\\/uploads\\\/2013\\\/07\\\/procesinformatie-signalering-registratie-scaled.jpg\",\"datePublished\":\"2015-08-10T09:11:20+00:00\",\"dateModified\":\"2023-07-06T08:00:27+00:00\",\"description\":\"Les informations du processus d'une installation industrielle doit \u00eatre clair. Mais plus important que vous \u00eates imm\u00e9diatement averti en cas de d\u00e9viations\",\"breadcrumb\":{\"@id\":\"https:\\\/\\\/intercontrol.be\\\/frs\\\/industrie-processus-technologique\\\/informations-du-processus\\\/#breadcrumb\"},\"inLanguage\":\"fr-FR\",\"potentialAction\":[{\"@type\":\"ReadAction\",\"target\":[\"https:\\\/\\\/intercontrol.be\\\/frs\\\/industrie-processus-technologique\\\/informations-du-processus\\\/\"]}]},{\"@type\":\"ImageObject\",\"inLanguage\":\"fr-FR\",\"@id\":\"https:\\\/\\\/intercontrol.be\\\/frs\\\/industrie-processus-technologique\\\/informations-du-processus\\\/#primaryimage\",\"url\":\"https:\\\/\\\/intercontrol.be\\\/wp-content\\\/uploads\\\/2013\\\/07\\\/procesinformatie-signalering-registratie-scaled.jpg\",\"contentUrl\":\"https:\\\/\\\/intercontrol.be\\\/wp-content\\\/uploads\\\/2013\\\/07\\\/procesinformatie-signalering-registratie-scaled.jpg\",\"width\":2560,\"height\":1714},{\"@type\":\"BreadcrumbList\",\"@id\":\"https:\\\/\\\/intercontrol.be\\\/frs\\\/industrie-processus-technologique\\\/informations-du-processus\\\/#breadcrumb\",\"itemListElement\":[{\"@type\":\"ListItem\",\"position\":1,\"name\":\"Home\",\"item\":\"https:\\\/\\\/intercontrol.be\\\/frs\\\/\"},{\"@type\":\"ListItem\",\"position\":2,\"name\":\"Industrie\",\"item\":\"https:\\\/\\\/intercontrol.be\\\/frs\\\/industrie-processus-technologique\\\/\"},{\"@type\":\"ListItem\",\"position\":3,\"name\":\"Identification et enregistrement\"}]},{\"@type\":\"WebSite\",\"@id\":\"https:\\\/\\\/intercontrol.be\\\/#website\",\"url\":\"https:\\\/\\\/intercontrol.be\\\/\",\"name\":\"Intercontrol Belgi\u00eb\",\"description\":\"Alles onder controle!\",\"potentialAction\":[{\"@type\":\"SearchAction\",\"target\":{\"@type\":\"EntryPoint\",\"urlTemplate\":\"https:\\\/\\\/intercontrol.be\\\/?s={search_term_string}\"},\"query-input\":{\"@type\":\"PropertyValueSpecification\",\"valueRequired\":true,\"valueName\":\"search_term_string\"}}],\"inLanguage\":\"fr-FR\"}]}<\/script>\n<!-- \/ Yoast SEO plugin. -->","yoast_head_json":{"title":"informations du processus","description":"Les informations du processus d'une installation industrielle doit \u00eatre clair. Mais plus important que vous \u00eates imm\u00e9diatement averti en cas de d\u00e9viations","robots":{"index":"index","follow":"follow","max-snippet":"max-snippet:-1","max-image-preview":"max-image-preview:large","max-video-preview":"max-video-preview:-1"},"canonical":"https:\/\/intercontrol.be\/frs\/industrie-processus-technologique\/informations-du-processus\/","og_locale":"fr_FR","og_type":"article","og_title":"informations du processus","og_description":"Les informations du processus d'une installation industrielle doit \u00eatre clair. Mais plus important que vous \u00eates imm\u00e9diatement averti en cas de d\u00e9viations","og_url":"https:\/\/intercontrol.be\/frs\/industrie-processus-technologique\/informations-du-processus\/","og_site_name":"Intercontrol Belgi\u00eb","article_modified_time":"2023-07-06T08:00:27+00:00","og_image":[{"width":2560,"height":1714,"url":"https:\/\/intercontrol.be\/wp-content\/uploads\/2013\/07\/procesinformatie-signalering-registratie-scaled.jpg","type":"image\/jpeg"}],"twitter_card":"summary_large_image","twitter_misc":{"Dur\u00e9e de lecture estim\u00e9e":"1 minute"},"schema":{"@context":"https:\/\/schema.org","@graph":[{"@type":"WebPage","@id":"https:\/\/intercontrol.be\/frs\/industrie-processus-technologique\/informations-du-processus\/","url":"https:\/\/intercontrol.be\/frs\/industrie-processus-technologique\/informations-du-processus\/","name":"informations du processus","isPartOf":{"@id":"https:\/\/intercontrol.be\/#website"},"primaryImageOfPage":{"@id":"https:\/\/intercontrol.be\/frs\/industrie-processus-technologique\/informations-du-processus\/#primaryimage"},"image":{"@id":"https:\/\/intercontrol.be\/frs\/industrie-processus-technologique\/informations-du-processus\/#primaryimage"},"thumbnailUrl":"https:\/\/intercontrol.be\/wp-content\/uploads\/2013\/07\/procesinformatie-signalering-registratie-scaled.jpg","datePublished":"2015-08-10T09:11:20+00:00","dateModified":"2023-07-06T08:00:27+00:00","description":"Les informations du processus d'une installation industrielle doit \u00eatre clair. Mais plus important que vous \u00eates imm\u00e9diatement averti en cas de d\u00e9viations","breadcrumb":{"@id":"https:\/\/intercontrol.be\/frs\/industrie-processus-technologique\/informations-du-processus\/#breadcrumb"},"inLanguage":"fr-FR","potentialAction":[{"@type":"ReadAction","target":["https:\/\/intercontrol.be\/frs\/industrie-processus-technologique\/informations-du-processus\/"]}]},{"@type":"ImageObject","inLanguage":"fr-FR","@id":"https:\/\/intercontrol.be\/frs\/industrie-processus-technologique\/informations-du-processus\/#primaryimage","url":"https:\/\/intercontrol.be\/wp-content\/uploads\/2013\/07\/procesinformatie-signalering-registratie-scaled.jpg","contentUrl":"https:\/\/intercontrol.be\/wp-content\/uploads\/2013\/07\/procesinformatie-signalering-registratie-scaled.jpg","width":2560,"height":1714},{"@type":"BreadcrumbList","@id":"https:\/\/intercontrol.be\/frs\/industrie-processus-technologique\/informations-du-processus\/#breadcrumb","itemListElement":[{"@type":"ListItem","position":1,"name":"Home","item":"https:\/\/intercontrol.be\/frs\/"},{"@type":"ListItem","position":2,"name":"Industrie","item":"https:\/\/intercontrol.be\/frs\/industrie-processus-technologique\/"},{"@type":"ListItem","position":3,"name":"Identification et enregistrement"}]},{"@type":"WebSite","@id":"https:\/\/intercontrol.be\/#website","url":"https:\/\/intercontrol.be\/","name":"Intercontrol Belgi\u00eb","description":"Alles onder controle!","potentialAction":[{"@type":"SearchAction","target":{"@type":"EntryPoint","urlTemplate":"https:\/\/intercontrol.be\/?s={search_term_string}"},"query-input":{"@type":"PropertyValueSpecification","valueRequired":true,"valueName":"search_term_string"}}],"inLanguage":"fr-FR"}]}},"_links":{"self":[{"href":"https:\/\/intercontrol.be\/frs\/wp-json\/wp\/v2\/pages\/7450","targetHints":{"allow":["GET"]}}],"collection":[{"href":"https:\/\/intercontrol.be\/frs\/wp-json\/wp\/v2\/pages"}],"about":[{"href":"https:\/\/intercontrol.be\/frs\/wp-json\/wp\/v2\/types\/page"}],"author":[{"embeddable":true,"href":"https:\/\/intercontrol.be\/frs\/wp-json\/wp\/v2\/users\/12"}],"replies":[{"embeddable":true,"href":"https:\/\/intercontrol.be\/frs\/wp-json\/wp\/v2\/comments?post=7450"}],"version-history":[{"count":6,"href":"https:\/\/intercontrol.be\/frs\/wp-json\/wp\/v2\/pages\/7450\/revisions"}],"predecessor-version":[{"id":38099,"href":"https:\/\/intercontrol.be\/frs\/wp-json\/wp\/v2\/pages\/7450\/revisions\/38099"}],"up":[{"embeddable":true,"href":"https:\/\/intercontrol.be\/frs\/wp-json\/wp\/v2\/pages\/7428"}],"wp:featuredmedia":[{"embeddable":true,"href":"https:\/\/intercontrol.be\/frs\/wp-json\/wp\/v2\/media\/38102"}],"wp:attachment":[{"href":"https:\/\/intercontrol.be\/frs\/wp-json\/wp\/v2\/media?parent=7450"}],"curies":[{"name":"wp","href":"https:\/\/api.w.org\/{rel}","templated":true}]}}