{"id":7449,"date":"2015-08-10T09:09:44","date_gmt":"2015-08-10T09:09:44","guid":{"rendered":"http:\/\/inter.snv-ontwikkeling.nl\/frs\/industrie-en-procestechniek\/fuellstandsmessung\/"},"modified":"2023-07-07T07:40:30","modified_gmt":"2023-07-07T07:40:30","slug":"mesure-de-niveau","status":"publish","type":"page","link":"https:\/\/intercontrol.be\/frs\/industrie-processus-technologique\/mesure-de-niveau\/","title":{"rendered":"Mesure de niveau"},"content":{"rendered":"<section class=\"l-section wpb_row openingsfoto height_large color_primary with_img with_video with_youtube with_shape\"><div class=\"l-section-img lazyload\" data-img-width=\"1777\" data-img-height=\"1000\" style=\"background-image:inherit;\" data-bg-image=\"url(https:\/\/intercontrol.be\/wp-content\/uploads\/2023\/02\/Niveaumeting-Hero.png)\"><\/div><style>@media(max-width:600px){#us_bg_video_c3a9{display:none!important}}<\/style><div class=\"l-section-video\" id=\"us_bg_video_c3a9\"><iframe title=\"Youtube video player\" data-src=\"\/\/www.youtube.com\/embed\/l_gKOVqm2Ck?autoplay=1&loop=1&playlist=l_gKOVqm2Ck&controls=0&mute=1&iv_load_policy=3&disablekb=1&wmode=transparent\" allowfullscreen=\"1\" src=\"data:image\/svg+xml;base64,PHN2ZyB3aWR0aD0iMSIgaGVpZ2h0PSIxIiB4bWxucz0iaHR0cDovL3d3dy53My5vcmcvMjAwMC9zdmciPjwvc3ZnPg==\" class=\"lazyload\" data-load-mode=\"1\"><\/iframe><\/div><div class=\"l-section-overlay\" style=\"background:rgba(6,56,119,0.57)\"><\/div><div class=\"l-section-shape type_triangle pos_bottom\" style=\"height:5vh;\"><svg xmlns=\"http:\/\/www.w3.org\/2000\/svg\" viewBox=\"0 0 64 8\" preserveAspectRatio=\"none\" width=\"100%\" height=\"100%\">\r\n\t<path fill=\"currentColor\" d=\"M64 8 L0 8 L0 0 L32 7.9 L64 0 Z\"\/>\r\n<\/svg><\/div><div class=\"l-section-h i-cf\"><div class=\"g-cols vc_row via_flex valign_middle type_default stacking_default\"><div class=\"vc_col-sm-12 wpb_column vc_column_container\"><div class=\"vc_column-inner\"><div class=\"wpb_wrapper\"><div class=\"w-separator size_large\"><\/div><h1 class=\"w-post-elm post_title align_center entry-title color_link_inherit\">Mesure de niveau<\/h1><div class=\"g-cols wpb_row via_flex valign_top type_default stacking_default\"><div class=\"vc_col-sm-2 wpb_column vc_column_container\"><div class=\"vc_column-inner\"><div class=\"wpb_wrapper\"><\/div><\/div><\/div><div class=\"vc_col-sm-8 wpb_column vc_column_container\"><div class=\"vc_column-inner\"><div class=\"wpb_wrapper\"><div class=\"w-image align_center\"><div class=\"w-image-h\"><img decoding=\"async\" width=\"50\" height=\"10\" data-src=\"https:\/\/intercontrol.be\/wp-content\/uploads\/2021\/04\/intercontrol-dividerwit.png\" class=\"attachment-large size-large lazyload\" alt=\"\" src=\"data:image\/svg+xml;base64,PHN2ZyB3aWR0aD0iMSIgaGVpZ2h0PSIxIiB4bWxucz0iaHR0cDovL3d3dy53My5vcmcvMjAwMC9zdmciPjwvc3ZnPg==\" style=\"--smush-placeholder-width: 50px; --smush-placeholder-aspect-ratio: 50\/10;\" \/><\/div><\/div><div class=\"wpb_text_column\"><div class=\"wpb_wrapper\"><\/div><\/div><\/div><\/div><\/div><div class=\"vc_col-sm-2 wpb_column vc_column_container\"><div class=\"vc_column-inner\"><div class=\"wpb_wrapper\"><\/div><\/div><\/div><\/div><\/div><\/div><\/div><\/div><\/div><\/section><section class=\"l-section wpb_row height_large\"><div class=\"l-section-h i-cf\"><div class=\"g-cols vc_row via_flex valign_top type_default stacking_default\"><div class=\"vc_col-sm-12 wpb_column vc_column_container\"><div class=\"vc_column-inner\"><div class=\"wpb_wrapper\"><div class=\"g-cols wpb_row via_flex valign_top type_default stacking_default\"><div class=\"vc_col-sm-12 wpb_column vc_column_container\"><div class=\"vc_column-inner\"><div class=\"wpb_wrapper\"><div class=\"wpb_text_column\"><div class=\"wpb_wrapper\"><p>Une mesure de niveau ad\u00e9quate ne signifie pas; choisissez simplement le meilleur indicateur de niveau et vous avez termin\u00e9.\u00a0<span lang=\"FR\">L\u2019instrument pour la mesure de niveau <\/span>affecte \u00e9galement son fonctionnement. Car quelle que soit la qualit\u00e9 de la technologie de l&#8217;indicateur de niveau, il peut \u00eatre compl\u00e8tement d\u00e9truit par un montage incorrect ou une mauvaise utilisation de l&#8217;appareil.<\/p>\n<h2>Mesure de niveau de a \u00e0 z<\/h2>\n<p>Qu&#8217;il s&#8217;agisse de solides ou de liquides, ou que la mesure doive \u00eatre effectu\u00e9e dans un espace libre ou un silo \u00e9troit, nos instruments innovants et notre personnel qualifi\u00e9 font toujours le travail. Nous avons maintenant plus de 20 ans d&#8217;exp\u00e9rience dans la mesure de niveau dans toutes les principales industries ; nous sommes heureux de vous aider avec l&#8217;ensemble du processus. Ainsi, non seulement lors de la s\u00e9lection du bon <span lang=\"FR\">instrument<\/span><span lang=\"FR\"> pour la mesure de niveau<\/span>, mais \u00e9galement lors du montage de l&#8217;instrument et de sa connexion \u00e0 tous les syst\u00e8mes.<\/p>\n<\/div><\/div><\/div><\/div><\/div><\/div><div class=\"w-separator size_medium\"><\/div><div class=\"wpb_text_column\"><div class=\"wpb_wrapper\"><h2>Nous avons de l&#8217;exp\u00e9rience avec la mesure de niveau dans:<\/h2>\n<\/div><\/div><div class=\"g-cols wpb_row via_flex valign_top type_default stacking_default\"><div class=\"vc_col-sm-4 wpb_column vc_column_container\"><div class=\"vc_column-inner\"><div class=\"wpb_wrapper\"><div class=\"wpb_text_column\"><div class=\"wpb_wrapper\"><ul>\n<li>Industrie chimique<\/li>\n<li>Industrie pharmaceutique<\/li>\n<li>Extraction de gaz<\/li>\n<li>Hydraulique<\/li>\n<li>Plastiques<\/li>\n<\/ul>\n<\/div><\/div><\/div><\/div><\/div><div class=\"vc_col-sm-4 wpb_column vc_column_container\"><div class=\"vc_column-inner\"><div class=\"wpb_wrapper\"><div class=\"wpb_text_column\"><div class=\"wpb_wrapper\"><ul>\n<li>Construction de machines et automobile<\/li>\n<li>Raffinage du p\u00e9trole et p\u00e9trochimie<\/li>\n<li>Fabrication de papier<\/li>\n<li>Transport &amp; logistique<\/li>\n<\/ul>\n<\/div><\/div><\/div><\/div><\/div><div class=\"vc_col-sm-4 wpb_column vc_column_container\"><div class=\"vc_column-inner\"><div class=\"wpb_wrapper\"><div class=\"wpb_text_column\"><div class=\"wpb_wrapper\"><ul>\n<li>Industrie des peintures et vernis<\/li>\n<li>Industrie alimentaire<\/li>\n<li>Purification de l&#8217;eau<\/li>\n<li>Installations de cog\u00e9n\u00e9ration<\/li>\n<\/ul>\n<\/div><\/div><\/div><\/div><\/div><\/div><div class=\"w-separator size_medium\"><\/div><div class=\"g-cols wpb_row us_custom_6843bfc2 via_flex valign_top type_default stacking_default\"><div class=\"vc_col-sm-12 wpb_column vc_column_container\"><div class=\"vc_column-inner\"><div class=\"wpb_wrapper\"><div class=\"wpb_text_column\"><div class=\"wpb_wrapper\"><h2>Notre offre en mesure de niveau<\/h2>\n<p>Nous venons \u00e0 vous et donnons des conseils gratuits sur l&#8217;emplacement. Nous aidons \u00e0 l&#8217;installation et \u00e0 la mise en service de nos \u00e9quipements. De plus, vous \u00eates assur\u00e9 de notre service personnalis\u00e9. En plus de nos <span lang=\"FR\">instruments pour la mesure<\/span> de niveau individuels, nous proposons \u00e9galement des forfaits dits totaux. Il s&#8217;agit d&#8217;un ou plusieurs compteurs en combinaison avec le traitement du signal ou d&#8217;autres instruments.<\/p>\n<\/div><\/div><div class=\"w-separator size_small\"><\/div><div class=\"wpb_text_column\"><div class=\"wpb_wrapper\"><h3 style=\"text-align: center;\">Quel type <span lang=\"FR\">d\u2019instrument pour la mesure<\/span> de niveau recherchez-vous ?<\/h3>\n<\/div><\/div><\/div><\/div><\/div><\/div><div class=\"g-cols wpb_row us_custom_6843bfc2 via_flex valign_top type_default stacking_default\"><div class=\"vc_col-sm-6 wpb_column vc_column_container\"><div class=\"vc_column-inner\"><div class=\"wpb_wrapper\"><div class=\"w-btn-wrapper align_justify\"><a class=\"w-btn us-btn-style_1\" href=\"https:\/\/intercontrol.eu\/niveaumeters-voor-vaste-stoffen\/\"><span class=\"w-btn-label\">Indicateur de niveau solide<\/span><\/a><\/div><\/div><\/div><\/div><div class=\"vc_col-sm-6 wpb_column vc_column_container\"><div class=\"vc_column-inner\"><div class=\"wpb_wrapper\"><div class=\"w-btn-wrapper align_justify\"><a class=\"w-btn us-btn-style_1\" href=\"https:\/\/intercontrol.eu\/niveaumeters-voor-vloeistoffen\/\"><span class=\"w-btn-label\">indicateur de niveau pour liquide<\/span><\/a><\/div><\/div><\/div><\/div><\/div><\/div><\/div><\/div><\/div><\/div><\/section>\n","protected":false},"excerpt":{"rendered":"Mesure de niveauUne mesure de niveau ad\u00e9quate ne signifie pas; choisissez simplement le meilleur indicateur de niveau et vous avez termin\u00e9.\u00a0L\u2019instrument pour la mesure de niveau affecte \u00e9galement son fonctionnement. Car quelle que soit la qualit\u00e9 de la technologie de l&#8217;indicateur de niveau, il peut \u00eatre compl\u00e8tement d\u00e9truit par un montage incorrect ou une mauvaise...","protected":false},"author":12,"featured_media":7123,"parent":7428,"menu_order":0,"comment_status":"closed","ping_status":"closed","template":"","meta":{"_acf_changed":false,"_monsterinsights_skip_tracking":false,"_monsterinsights_sitenote_active":false,"_monsterinsights_sitenote_note":"","_monsterinsights_sitenote_category":0,"footnotes":""},"class_list":["post-7449","page","type-page","status-publish","has-post-thumbnail","hentry"],"acf":[],"yoast_head":"<!-- This site is optimized with the Yoast SEO plugin v27.4 - https:\/\/yoast.com\/product\/yoast-seo-wordpress\/ -->\n<title>Mesure de niveau<\/title>\n<meta name=\"description\" content=\"Comprendre votre production ou votre stock? Nous nous sp\u00e9cialisons dans la mesure de niveau! Nous vous aidons avec la s\u00e9lection, l&#039;installation et l\u2019accouplement \u00e0 vos syst\u00e8mes.\" \/>\n<meta name=\"robots\" content=\"index, follow, max-snippet:-1, max-image-preview:large, max-video-preview:-1\" \/>\n<link rel=\"canonical\" href=\"https:\/\/intercontrol.be\/frs\/industrie-processus-technologique\/mesure-de-niveau\/\" \/>\n<meta property=\"og:locale\" content=\"fr_FR\" \/>\n<meta property=\"og:type\" content=\"article\" \/>\n<meta property=\"og:title\" content=\"Mesure de niveau\" \/>\n<meta property=\"og:description\" content=\"Comprendre votre production ou votre stock? Nous nous sp\u00e9cialisons dans la mesure de niveau! Nous vous aidons avec la s\u00e9lection, l&#039;installation et l\u2019accouplement \u00e0 vos syst\u00e8mes.\" \/>\n<meta property=\"og:url\" content=\"https:\/\/intercontrol.be\/frs\/industrie-processus-technologique\/mesure-de-niveau\/\" \/>\n<meta property=\"og:site_name\" content=\"Intercontrol Belgi\u00eb\" \/>\n<meta property=\"article:modified_time\" content=\"2023-07-07T07:40:30+00:00\" \/>\n<meta property=\"og:image\" content=\"https:\/\/intercontrol.be\/wp-content\/uploads\/2015\/09\/Laser-niveaumeter-LTI-opstelling-5.jpg\" \/>\n\t<meta property=\"og:image:width\" content=\"2000\" \/>\n\t<meta property=\"og:image:height\" content=\"1334\" \/>\n\t<meta property=\"og:image:type\" content=\"image\/jpeg\" \/>\n<meta name=\"twitter:card\" content=\"summary_large_image\" \/>\n<meta name=\"twitter:label1\" content=\"Dur\u00e9e de lecture estim\u00e9e\" \/>\n\t<meta name=\"twitter:data1\" content=\"2 minutes\" \/>\n<script type=\"application\/ld+json\" class=\"yoast-schema-graph\">{\"@context\":\"https:\\\/\\\/schema.org\",\"@graph\":[{\"@type\":\"WebPage\",\"@id\":\"https:\\\/\\\/intercontrol.be\\\/frs\\\/industrie-processus-technologique\\\/mesure-de-niveau\\\/\",\"url\":\"https:\\\/\\\/intercontrol.be\\\/frs\\\/industrie-processus-technologique\\\/mesure-de-niveau\\\/\",\"name\":\"Mesure de niveau\",\"isPartOf\":{\"@id\":\"https:\\\/\\\/intercontrol.be\\\/#website\"},\"primaryImageOfPage\":{\"@id\":\"https:\\\/\\\/intercontrol.be\\\/frs\\\/industrie-processus-technologique\\\/mesure-de-niveau\\\/#primaryimage\"},\"image\":{\"@id\":\"https:\\\/\\\/intercontrol.be\\\/frs\\\/industrie-processus-technologique\\\/mesure-de-niveau\\\/#primaryimage\"},\"thumbnailUrl\":\"https:\\\/\\\/intercontrol.be\\\/wp-content\\\/uploads\\\/2015\\\/09\\\/Laser-niveaumeter-LTI-opstelling-5.jpg\",\"datePublished\":\"2015-08-10T09:09:44+00:00\",\"dateModified\":\"2023-07-07T07:40:30+00:00\",\"description\":\"Comprendre votre production ou votre stock? Nous nous sp\u00e9cialisons dans la mesure de niveau! Nous vous aidons avec la s\u00e9lection, l'installation et l\u2019accouplement \u00e0 vos syst\u00e8mes.\",\"breadcrumb\":{\"@id\":\"https:\\\/\\\/intercontrol.be\\\/frs\\\/industrie-processus-technologique\\\/mesure-de-niveau\\\/#breadcrumb\"},\"inLanguage\":\"fr-FR\",\"potentialAction\":[{\"@type\":\"ReadAction\",\"target\":[\"https:\\\/\\\/intercontrol.be\\\/frs\\\/industrie-processus-technologique\\\/mesure-de-niveau\\\/\"]}]},{\"@type\":\"ImageObject\",\"inLanguage\":\"fr-FR\",\"@id\":\"https:\\\/\\\/intercontrol.be\\\/frs\\\/industrie-processus-technologique\\\/mesure-de-niveau\\\/#primaryimage\",\"url\":\"https:\\\/\\\/intercontrol.be\\\/wp-content\\\/uploads\\\/2015\\\/09\\\/Laser-niveaumeter-LTI-opstelling-5.jpg\",\"contentUrl\":\"https:\\\/\\\/intercontrol.be\\\/wp-content\\\/uploads\\\/2015\\\/09\\\/Laser-niveaumeter-LTI-opstelling-5.jpg\",\"width\":2000,\"height\":1334,\"caption\":\"Laser niveaumeter LTI opstelling\"},{\"@type\":\"BreadcrumbList\",\"@id\":\"https:\\\/\\\/intercontrol.be\\\/frs\\\/industrie-processus-technologique\\\/mesure-de-niveau\\\/#breadcrumb\",\"itemListElement\":[{\"@type\":\"ListItem\",\"position\":1,\"name\":\"Home\",\"item\":\"https:\\\/\\\/intercontrol.be\\\/frs\\\/\"},{\"@type\":\"ListItem\",\"position\":2,\"name\":\"Industrie\",\"item\":\"https:\\\/\\\/intercontrol.be\\\/frs\\\/industrie-processus-technologique\\\/\"},{\"@type\":\"ListItem\",\"position\":3,\"name\":\"Mesure de niveau\"}]},{\"@type\":\"WebSite\",\"@id\":\"https:\\\/\\\/intercontrol.be\\\/#website\",\"url\":\"https:\\\/\\\/intercontrol.be\\\/\",\"name\":\"Intercontrol Belgi\u00eb\",\"description\":\"Alles onder controle!\",\"potentialAction\":[{\"@type\":\"SearchAction\",\"target\":{\"@type\":\"EntryPoint\",\"urlTemplate\":\"https:\\\/\\\/intercontrol.be\\\/?s={search_term_string}\"},\"query-input\":{\"@type\":\"PropertyValueSpecification\",\"valueRequired\":true,\"valueName\":\"search_term_string\"}}],\"inLanguage\":\"fr-FR\"}]}<\/script>\n<!-- \/ Yoast SEO plugin. -->","yoast_head_json":{"title":"Mesure de niveau","description":"Comprendre votre production ou votre stock? Nous nous sp\u00e9cialisons dans la mesure de niveau! Nous vous aidons avec la s\u00e9lection, l'installation et l\u2019accouplement \u00e0 vos syst\u00e8mes.","robots":{"index":"index","follow":"follow","max-snippet":"max-snippet:-1","max-image-preview":"max-image-preview:large","max-video-preview":"max-video-preview:-1"},"canonical":"https:\/\/intercontrol.be\/frs\/industrie-processus-technologique\/mesure-de-niveau\/","og_locale":"fr_FR","og_type":"article","og_title":"Mesure de niveau","og_description":"Comprendre votre production ou votre stock? Nous nous sp\u00e9cialisons dans la mesure de niveau! Nous vous aidons avec la s\u00e9lection, l'installation et l\u2019accouplement \u00e0 vos syst\u00e8mes.","og_url":"https:\/\/intercontrol.be\/frs\/industrie-processus-technologique\/mesure-de-niveau\/","og_site_name":"Intercontrol Belgi\u00eb","article_modified_time":"2023-07-07T07:40:30+00:00","og_image":[{"width":2000,"height":1334,"url":"https:\/\/intercontrol.be\/wp-content\/uploads\/2015\/09\/Laser-niveaumeter-LTI-opstelling-5.jpg","type":"image\/jpeg"}],"twitter_card":"summary_large_image","twitter_misc":{"Dur\u00e9e de lecture estim\u00e9e":"2 minutes"},"schema":{"@context":"https:\/\/schema.org","@graph":[{"@type":"WebPage","@id":"https:\/\/intercontrol.be\/frs\/industrie-processus-technologique\/mesure-de-niveau\/","url":"https:\/\/intercontrol.be\/frs\/industrie-processus-technologique\/mesure-de-niveau\/","name":"Mesure de niveau","isPartOf":{"@id":"https:\/\/intercontrol.be\/#website"},"primaryImageOfPage":{"@id":"https:\/\/intercontrol.be\/frs\/industrie-processus-technologique\/mesure-de-niveau\/#primaryimage"},"image":{"@id":"https:\/\/intercontrol.be\/frs\/industrie-processus-technologique\/mesure-de-niveau\/#primaryimage"},"thumbnailUrl":"https:\/\/intercontrol.be\/wp-content\/uploads\/2015\/09\/Laser-niveaumeter-LTI-opstelling-5.jpg","datePublished":"2015-08-10T09:09:44+00:00","dateModified":"2023-07-07T07:40:30+00:00","description":"Comprendre votre production ou votre stock? Nous nous sp\u00e9cialisons dans la mesure de niveau! Nous vous aidons avec la s\u00e9lection, l'installation et l\u2019accouplement \u00e0 vos syst\u00e8mes.","breadcrumb":{"@id":"https:\/\/intercontrol.be\/frs\/industrie-processus-technologique\/mesure-de-niveau\/#breadcrumb"},"inLanguage":"fr-FR","potentialAction":[{"@type":"ReadAction","target":["https:\/\/intercontrol.be\/frs\/industrie-processus-technologique\/mesure-de-niveau\/"]}]},{"@type":"ImageObject","inLanguage":"fr-FR","@id":"https:\/\/intercontrol.be\/frs\/industrie-processus-technologique\/mesure-de-niveau\/#primaryimage","url":"https:\/\/intercontrol.be\/wp-content\/uploads\/2015\/09\/Laser-niveaumeter-LTI-opstelling-5.jpg","contentUrl":"https:\/\/intercontrol.be\/wp-content\/uploads\/2015\/09\/Laser-niveaumeter-LTI-opstelling-5.jpg","width":2000,"height":1334,"caption":"Laser niveaumeter LTI opstelling"},{"@type":"BreadcrumbList","@id":"https:\/\/intercontrol.be\/frs\/industrie-processus-technologique\/mesure-de-niveau\/#breadcrumb","itemListElement":[{"@type":"ListItem","position":1,"name":"Home","item":"https:\/\/intercontrol.be\/frs\/"},{"@type":"ListItem","position":2,"name":"Industrie","item":"https:\/\/intercontrol.be\/frs\/industrie-processus-technologique\/"},{"@type":"ListItem","position":3,"name":"Mesure de niveau"}]},{"@type":"WebSite","@id":"https:\/\/intercontrol.be\/#website","url":"https:\/\/intercontrol.be\/","name":"Intercontrol Belgi\u00eb","description":"Alles onder controle!","potentialAction":[{"@type":"SearchAction","target":{"@type":"EntryPoint","urlTemplate":"https:\/\/intercontrol.be\/?s={search_term_string}"},"query-input":{"@type":"PropertyValueSpecification","valueRequired":true,"valueName":"search_term_string"}}],"inLanguage":"fr-FR"}]}},"_links":{"self":[{"href":"https:\/\/intercontrol.be\/frs\/wp-json\/wp\/v2\/pages\/7449","targetHints":{"allow":["GET"]}}],"collection":[{"href":"https:\/\/intercontrol.be\/frs\/wp-json\/wp\/v2\/pages"}],"about":[{"href":"https:\/\/intercontrol.be\/frs\/wp-json\/wp\/v2\/types\/page"}],"author":[{"embeddable":true,"href":"https:\/\/intercontrol.be\/frs\/wp-json\/wp\/v2\/users\/12"}],"replies":[{"embeddable":true,"href":"https:\/\/intercontrol.be\/frs\/wp-json\/wp\/v2\/comments?post=7449"}],"version-history":[{"count":15,"href":"https:\/\/intercontrol.be\/frs\/wp-json\/wp\/v2\/pages\/7449\/revisions"}],"predecessor-version":[{"id":38139,"href":"https:\/\/intercontrol.be\/frs\/wp-json\/wp\/v2\/pages\/7449\/revisions\/38139"}],"up":[{"embeddable":true,"href":"https:\/\/intercontrol.be\/frs\/wp-json\/wp\/v2\/pages\/7428"}],"wp:featuredmedia":[{"embeddable":true,"href":"https:\/\/intercontrol.be\/frs\/wp-json\/wp\/v2\/media\/7123"}],"wp:attachment":[{"href":"https:\/\/intercontrol.be\/frs\/wp-json\/wp\/v2\/media?parent=7449"}],"curies":[{"name":"wp","href":"https:\/\/api.w.org\/{rel}","templated":true}]}}