{"id":7445,"date":"2015-08-10T09:04:38","date_gmt":"2015-08-10T09:04:38","guid":{"rendered":"http:\/\/inter.snv-ontwikkeling.nl\/frs\/kontakt\/"},"modified":"2024-01-04T15:46:04","modified_gmt":"2024-01-04T15:46:04","slug":"contact","status":"publish","type":"page","link":"https:\/\/intercontrol.be\/frs\/contact\/","title":{"rendered":"Contact"},"content":{"rendered":"<section class=\"l-section wpb_row height_large\"><div class=\"l-section-h i-cf\"><div class=\"g-cols vc_row via_flex valign_top type_default stacking_default\"><div class=\"vc_col-sm-12 wpb_column vc_column_container\"><div class=\"vc_column-inner\"><div class=\"wpb_wrapper\"><div class=\"wpb_text_column\"><div class=\"wpb_wrapper\"><h2>Intercontrol Meet- en Regeltechniek NV\/SA<\/h2>\n<table border=\"0\" width=\"100%\">\n<tbody>\n<tr>\n<td valign=\"top\" width=\"33%\"><span style=\"font-size: medium;\">Leugenberg 72a<\/span><br \/>\n2180 Ekeren<br \/>\nBelgium<br \/>\nTel. +32 3 2838160<\/td>\n<td valign=\"top\" width=\"33%\"><a>sales@intercontrol.be<\/a><br \/>\nwww.intercontrol.be<br \/>\nTVA BE 0475083927<\/td>\n<td valign=\"top\" width=\"33%\"><\/td>\n<\/tr>\n<\/tbody>\n<\/table>\n<p>&nbsp;<\/p>\n<h3><\/h3>\n<table border=\"0\" width=\"100%\">\n<tbody>\n<tr>\n<td valign=\"top\" width=\"33%\"><\/td>\n<td valign=\"top\" width=\"33%\"><\/td>\n<td valign=\"top\" width=\"33%\"><\/td>\n<\/tr>\n<\/tbody>\n<\/table>\n<\/div><\/div><\/div><\/div><\/div><\/div><\/div><\/section>\n","protected":false},"excerpt":{"rendered":"Intercontrol Meet- en Regeltechniek NV\/SA Leugenberg 72a 2180 Ekeren Belgium Tel. +32 3 2838160 sales@intercontrol.be www.intercontrol.be TVA BE 0475083927 &nbsp;","protected":false},"author":12,"featured_media":0,"parent":0,"menu_order":0,"comment_status":"closed","ping_status":"closed","template":"","meta":{"_acf_changed":false,"_monsterinsights_skip_tracking":false,"_monsterinsights_sitenote_active":false,"_monsterinsights_sitenote_note":"","_monsterinsights_sitenote_category":0,"footnotes":""},"class_list":["post-7445","page","type-page","status-publish","hentry"],"acf":[],"yoast_head":"<!-- This site is optimized with the Yoast SEO plugin v27.3 - https:\/\/yoast.com\/product\/yoast-seo-wordpress\/ -->\n<title>Contact - Intercontrol Belgi\u00eb<\/title>\n<meta name=\"robots\" content=\"index, follow, max-snippet:-1, max-image-preview:large, max-video-preview:-1\" \/>\n<link rel=\"canonical\" href=\"https:\/\/intercontrol.be\/frs\/contact\/\" \/>\n<meta property=\"og:locale\" content=\"fr_FR\" \/>\n<meta property=\"og:type\" content=\"article\" \/>\n<meta property=\"og:title\" content=\"Contact - Intercontrol Belgi\u00eb\" \/>\n<meta property=\"og:url\" content=\"https:\/\/intercontrol.be\/frs\/contact\/\" \/>\n<meta property=\"og:site_name\" content=\"Intercontrol Belgi\u00eb\" \/>\n<meta property=\"article:modified_time\" content=\"2024-01-04T15:46:04+00:00\" \/>\n<meta name=\"twitter:card\" content=\"summary_large_image\" \/>\n<meta name=\"twitter:label1\" content=\"Dur\u00e9e de lecture estim\u00e9e\" \/>\n\t<meta name=\"twitter:data1\" content=\"1 minute\" \/>\n<script type=\"application\/ld+json\" class=\"yoast-schema-graph\">{\"@context\":\"https:\\\/\\\/schema.org\",\"@graph\":[{\"@type\":\"WebPage\",\"@id\":\"https:\\\/\\\/intercontrol.be\\\/frs\\\/contact\\\/\",\"url\":\"https:\\\/\\\/intercontrol.be\\\/frs\\\/contact\\\/\",\"name\":\"Contact - Intercontrol Belgi\u00eb\",\"isPartOf\":{\"@id\":\"https:\\\/\\\/intercontrol.be\\\/#website\"},\"datePublished\":\"2015-08-10T09:04:38+00:00\",\"dateModified\":\"2024-01-04T15:46:04+00:00\",\"breadcrumb\":{\"@id\":\"https:\\\/\\\/intercontrol.be\\\/frs\\\/contact\\\/#breadcrumb\"},\"inLanguage\":\"fr-FR\",\"potentialAction\":[{\"@type\":\"ReadAction\",\"target\":[\"https:\\\/\\\/intercontrol.be\\\/frs\\\/contact\\\/\"]}]},{\"@type\":\"BreadcrumbList\",\"@id\":\"https:\\\/\\\/intercontrol.be\\\/frs\\\/contact\\\/#breadcrumb\",\"itemListElement\":[{\"@type\":\"ListItem\",\"position\":1,\"name\":\"Home\",\"item\":\"https:\\\/\\\/intercontrol.be\\\/frs\\\/\"},{\"@type\":\"ListItem\",\"position\":2,\"name\":\"Contact\"}]},{\"@type\":\"WebSite\",\"@id\":\"https:\\\/\\\/intercontrol.be\\\/#website\",\"url\":\"https:\\\/\\\/intercontrol.be\\\/\",\"name\":\"Intercontrol Belgi\u00eb\",\"description\":\"Alles onder controle!\",\"potentialAction\":[{\"@type\":\"SearchAction\",\"target\":{\"@type\":\"EntryPoint\",\"urlTemplate\":\"https:\\\/\\\/intercontrol.be\\\/?s={search_term_string}\"},\"query-input\":{\"@type\":\"PropertyValueSpecification\",\"valueRequired\":true,\"valueName\":\"search_term_string\"}}],\"inLanguage\":\"fr-FR\"}]}<\/script>\n<!-- \/ Yoast SEO plugin. -->","yoast_head_json":{"title":"Contact - Intercontrol Belgi\u00eb","robots":{"index":"index","follow":"follow","max-snippet":"max-snippet:-1","max-image-preview":"max-image-preview:large","max-video-preview":"max-video-preview:-1"},"canonical":"https:\/\/intercontrol.be\/frs\/contact\/","og_locale":"fr_FR","og_type":"article","og_title":"Contact - Intercontrol Belgi\u00eb","og_url":"https:\/\/intercontrol.be\/frs\/contact\/","og_site_name":"Intercontrol Belgi\u00eb","article_modified_time":"2024-01-04T15:46:04+00:00","twitter_card":"summary_large_image","twitter_misc":{"Dur\u00e9e de lecture estim\u00e9e":"1 minute"},"schema":{"@context":"https:\/\/schema.org","@graph":[{"@type":"WebPage","@id":"https:\/\/intercontrol.be\/frs\/contact\/","url":"https:\/\/intercontrol.be\/frs\/contact\/","name":"Contact - Intercontrol Belgi\u00eb","isPartOf":{"@id":"https:\/\/intercontrol.be\/#website"},"datePublished":"2015-08-10T09:04:38+00:00","dateModified":"2024-01-04T15:46:04+00:00","breadcrumb":{"@id":"https:\/\/intercontrol.be\/frs\/contact\/#breadcrumb"},"inLanguage":"fr-FR","potentialAction":[{"@type":"ReadAction","target":["https:\/\/intercontrol.be\/frs\/contact\/"]}]},{"@type":"BreadcrumbList","@id":"https:\/\/intercontrol.be\/frs\/contact\/#breadcrumb","itemListElement":[{"@type":"ListItem","position":1,"name":"Home","item":"https:\/\/intercontrol.be\/frs\/"},{"@type":"ListItem","position":2,"name":"Contact"}]},{"@type":"WebSite","@id":"https:\/\/intercontrol.be\/#website","url":"https:\/\/intercontrol.be\/","name":"Intercontrol Belgi\u00eb","description":"Alles onder controle!","potentialAction":[{"@type":"SearchAction","target":{"@type":"EntryPoint","urlTemplate":"https:\/\/intercontrol.be\/?s={search_term_string}"},"query-input":{"@type":"PropertyValueSpecification","valueRequired":true,"valueName":"search_term_string"}}],"inLanguage":"fr-FR"}]}},"_links":{"self":[{"href":"https:\/\/intercontrol.be\/frs\/wp-json\/wp\/v2\/pages\/7445","targetHints":{"allow":["GET"]}}],"collection":[{"href":"https:\/\/intercontrol.be\/frs\/wp-json\/wp\/v2\/pages"}],"about":[{"href":"https:\/\/intercontrol.be\/frs\/wp-json\/wp\/v2\/types\/page"}],"author":[{"embeddable":true,"href":"https:\/\/intercontrol.be\/frs\/wp-json\/wp\/v2\/users\/12"}],"replies":[{"embeddable":true,"href":"https:\/\/intercontrol.be\/frs\/wp-json\/wp\/v2\/comments?post=7445"}],"version-history":[{"count":30,"href":"https:\/\/intercontrol.be\/frs\/wp-json\/wp\/v2\/pages\/7445\/revisions"}],"predecessor-version":[{"id":41034,"href":"https:\/\/intercontrol.be\/frs\/wp-json\/wp\/v2\/pages\/7445\/revisions\/41034"}],"wp:attachment":[{"href":"https:\/\/intercontrol.be\/frs\/wp-json\/wp\/v2\/media?parent=7445"}],"curies":[{"name":"wp","href":"https:\/\/api.w.org\/{rel}","templated":true}]}}