{"id":41760,"date":"2025-04-02T11:30:09","date_gmt":"2025-04-02T11:30:09","guid":{"rendered":"https:\/\/intercontrol.be\/?page_id=41760"},"modified":"2025-04-02T11:31:01","modified_gmt":"2025-04-02T11:31:01","slug":"dh-metering-europe","status":"publish","type":"page","link":"https:\/\/intercontrol.be\/frs\/dh-metering-europe\/","title":{"rendered":"DH Metering Europe"},"content":{"rendered":"<section class=\"l-section wpb_row height_small\"><div class=\"l-section-overlay\" style=\"background:var(--color-header-transparent-bg)\"><\/div><div class=\"l-section-h i-cf\"><div class=\"g-cols vc_row via_flex valign_top type_default stacking_default\"><div class=\"vc_col-sm-12 wpb_column vc_column_container\"><div class=\"vc_column-inner\"><div class=\"wpb_wrapper\"><div class=\"g-cols wpb_row via_flex valign_top type_default stacking_default\"><div class=\"vc_col-sm-2 wpb_column vc_column_container\"><div class=\"vc_column-inner\"><div class=\"wpb_wrapper\"><\/div><\/div><\/div><div class=\"vc_col-sm-8 wpb_column vc_column_container\"><div class=\"vc_column-inner\"><div class=\"wpb_wrapper\"><div class=\"w-image us_custom_7e20fa79 us_animate_this align_center\"><div class=\"w-image-h\"><img decoding=\"async\" width=\"400\" height=\"200\" data-src=\"https:\/\/intercontrol.be\/wp-content\/uploads\/2025\/04\/DH-metering-Badge.png\" class=\"attachment-full size-full lazyload\" alt=\"DH metering assortiment\" data-srcset=\"https:\/\/intercontrol.be\/wp-content\/uploads\/2025\/04\/DH-metering-Badge.png 400w, https:\/\/intercontrol.be\/wp-content\/uploads\/2025\/04\/DH-metering-Badge-300x150.png 300w\" data-sizes=\"(max-width: 400px) 100vw, 400px\" src=\"data:image\/svg+xml;base64,PHN2ZyB3aWR0aD0iMSIgaGVpZ2h0PSIxIiB4bWxucz0iaHR0cDovL3d3dy53My5vcmcvMjAwMC9zdmciPjwvc3ZnPg==\" style=\"--smush-placeholder-width: 400px; --smush-placeholder-aspect-ratio: 400\/200;\" \/><\/div><\/div><\/div><\/div><\/div><div class=\"vc_col-sm-2 wpb_column vc_column_container\"><div class=\"vc_column-inner\"><div class=\"wpb_wrapper\"><\/div><\/div><\/div><\/div><div class=\"w-separator size_medium\"><\/div><div class=\"wpb_text_column us_custom_3ea1b0c6 has_text_color\"><div class=\"wpb_wrapper\"><p style=\"text-align: center;\">DH Metering Europe est un fabricant belge. L&#8217;entreprise est sp\u00e9cialis\u00e9e dans la production de compteurs d&#8217;eau et de compteurs d&#8217;\u00e9nergie pour des applications industrielles et domestiques.<\/p>\n<\/div><\/div><div class=\"w-separator size_small\"><\/div><\/div><\/div><\/div><\/div><\/div><\/section><section class=\"l-section wpb_row us_custom_a67d5adb has_text_color height_large\"><div class=\"l-section-h i-cf\"><div class=\"g-cols vc_row via_flex valign_top type_default stacking_default\"><div class=\"vc_col-sm-12 wpb_column vc_column_container\"><div class=\"vc_column-inner\"><div class=\"wpb_wrapper\"><div class=\"wpb_text_column\"><div class=\"wpb_wrapper\"><h1 style=\"text-align: center;\">D\u00e9couvrez notre gamme de compteurs <strong>DH Metering<\/strong><\/h1>\n<\/div><\/div><\/div><\/div><\/div><\/div><\/div><\/section><section class=\"l-section wpb_row height_large\"><div class=\"l-section-h i-cf\"><div class=\"g-cols vc_row via_flex valign_top type_default stacking_default\"><div class=\"vc_col-sm-12 wpb_column vc_column_container\"><div class=\"vc_column-inner\"><div class=\"wpb_wrapper\"><div class=\"woocommerce columns-3 \"><ul class=\"products columns-3\">\n<li class=\"product type-product post-41758 status-publish first instock product_cat-aucune-categorie product_cat-debitmetres product_cat-debitmetres-pour-liquides has-post-thumbnail shipping-taxable product-type-simple\">\n\t<a href=\"https:\/\/intercontrol.be\/frs\/aucune-categorie\/dh-metering-compteur-deau-chaude-multijet\/\" class=\"woocommerce-LoopProduct-link woocommerce-loop-product__link\"><img decoding=\"async\" width=\"300\" height=\"300\" data-src=\"https:\/\/intercontrol.be\/wp-content\/uploads\/2025\/04\/DH-Mtering-DHM1100-meerstraals-watermeter-300x300.jpg\" class=\"attachment-woocommerce_thumbnail size-woocommerce_thumbnail lazyload\" alt=\"DH Mtering - DHM1100 - meerstraals watermeter\" data-srcset=\"https:\/\/intercontrol.be\/wp-content\/uploads\/2025\/04\/DH-Mtering-DHM1100-meerstraals-watermeter-300x300.jpg 300w, https:\/\/intercontrol.be\/wp-content\/uploads\/2025\/04\/DH-Mtering-DHM1100-meerstraals-watermeter-120x120.jpg 120w, https:\/\/intercontrol.be\/wp-content\/uploads\/2025\/04\/DH-Mtering-DHM1100-meerstraals-watermeter-150x150.jpg 150w, https:\/\/intercontrol.be\/wp-content\/uploads\/2025\/04\/DH-Mtering-DHM1100-meerstraals-watermeter.jpg 500w\" data-sizes=\"(max-width: 300px) 100vw, 300px\" src=\"data:image\/svg+xml;base64,PHN2ZyB3aWR0aD0iMSIgaGVpZ2h0PSIxIiB4bWxucz0iaHR0cDovL3d3dy53My5vcmcvMjAwMC9zdmciPjwvc3ZnPg==\" style=\"--smush-placeholder-width: 300px; --smush-placeholder-aspect-ratio: 300\/300;\" \/><h2 class=\"woocommerce-loop-product__title\"><b>DH Metering DHM 1100<\/b> <br>compteur d&#8217;eau chaude multijet<\/h2><\/a><\/li>\n<li class=\"product type-product post-41757 status-publish instock product_cat-debitmetres product_cat-debitmetres-pour-liquides product_cat-manometres has-post-thumbnail shipping-taxable product-type-simple\">\n\t<a href=\"https:\/\/intercontrol.be\/frs\/manometres\/dh-metering-dhm1000-compteur-deau-multijet\/\" class=\"woocommerce-LoopProduct-link woocommerce-loop-product__link\"><img decoding=\"async\" width=\"300\" height=\"300\" data-src=\"https:\/\/intercontrol.be\/wp-content\/uploads\/2025\/04\/DH-Mtering-DHM1000-meerstraals-watermeter-300x300.jpg\" class=\"attachment-woocommerce_thumbnail size-woocommerce_thumbnail lazyload\" alt=\"DH Mtering - DHM1000 - meerstraals watermeter\" data-srcset=\"https:\/\/intercontrol.be\/wp-content\/uploads\/2025\/04\/DH-Mtering-DHM1000-meerstraals-watermeter-300x300.jpg 300w, https:\/\/intercontrol.be\/wp-content\/uploads\/2025\/04\/DH-Mtering-DHM1000-meerstraals-watermeter-120x120.jpg 120w, https:\/\/intercontrol.be\/wp-content\/uploads\/2025\/04\/DH-Mtering-DHM1000-meerstraals-watermeter-150x150.jpg 150w, https:\/\/intercontrol.be\/wp-content\/uploads\/2025\/04\/DH-Mtering-DHM1000-meerstraals-watermeter.jpg 500w\" data-sizes=\"(max-width: 300px) 100vw, 300px\" src=\"data:image\/svg+xml;base64,PHN2ZyB3aWR0aD0iMSIgaGVpZ2h0PSIxIiB4bWxucz0iaHR0cDovL3d3dy53My5vcmcvMjAwMC9zdmciPjwvc3ZnPg==\" style=\"--smush-placeholder-width: 300px; --smush-placeholder-aspect-ratio: 300\/300;\" \/><h2 class=\"woocommerce-loop-product__title\"><b>DH Metering DHM1000<\/b> <br>compteur d&#8217;eau multijet<\/h2><\/a><\/li>\n<li class=\"product type-product post-42013 status-publish last instock product_cat-aucune-categorie product_cat-debitmetres product_cat-debitmetres-pour-liquides has-post-thumbnail shipping-taxable purchasable product-type-simple\">\n\t<a href=\"https:\/\/intercontrol.be\/frs\/aucune-categorie\/dh-metering-dhm1400-compteur-deau-a-jets-multiples\/\" class=\"woocommerce-LoopProduct-link woocommerce-loop-product__link\"><img decoding=\"async\" width=\"300\" height=\"300\" data-src=\"https:\/\/intercontrol.be\/wp-content\/uploads\/2025\/06\/DH-Metering-DHM-1400-korte-versie-300x300.jpg\" class=\"attachment-woocommerce_thumbnail size-woocommerce_thumbnail lazyload\" alt=\"DH Metering DHM 1400 (korte versie)\" data-srcset=\"https:\/\/intercontrol.be\/wp-content\/uploads\/2025\/06\/DH-Metering-DHM-1400-korte-versie-300x300.jpg 300w, https:\/\/intercontrol.be\/wp-content\/uploads\/2025\/06\/DH-Metering-DHM-1400-korte-versie-120x120.jpg 120w, https:\/\/intercontrol.be\/wp-content\/uploads\/2025\/06\/DH-Metering-DHM-1400-korte-versie-150x150.jpg 150w, https:\/\/intercontrol.be\/wp-content\/uploads\/2025\/06\/DH-Metering-DHM-1400-korte-versie.jpg 500w\" data-sizes=\"(max-width: 300px) 100vw, 300px\" src=\"data:image\/svg+xml;base64,PHN2ZyB3aWR0aD0iMSIgaGVpZ2h0PSIxIiB4bWxucz0iaHR0cDovL3d3dy53My5vcmcvMjAwMC9zdmciPjwvc3ZnPg==\" style=\"--smush-placeholder-width: 300px; --smush-placeholder-aspect-ratio: 300\/300;\" \/><h2 class=\"woocommerce-loop-product__title\"><b>DH Metering DHM1400<\/b> <br>Compteur d&#8217;eau \u00e0 jets multiples<\/h2><\/a><\/li>\n<\/ul>\n<\/div><\/div><\/div><\/div><\/div><\/div><\/section>\n","protected":false},"excerpt":{"rendered":"DH Metering Europe est un fabricant belge. L&#8217;entreprise est sp\u00e9cialis\u00e9e dans la production de compteurs d&#8217;eau et de compteurs d&#8217;\u00e9nergie pour des applications industrielles et domestiques. D\u00e9couvrez notre gamme de compteurs DH Metering DH Metering DHM 1100 compteur d&#8217;eau chaude multijet DH Metering DHM1000 compteur d&#8217;eau multijet DH Metering DHM1400 Compteur d&#8217;eau \u00e0 jets multiples","protected":false},"author":3,"featured_media":0,"parent":0,"menu_order":0,"comment_status":"closed","ping_status":"closed","template":"","meta":{"_acf_changed":false,"_monsterinsights_skip_tracking":false,"_monsterinsights_sitenote_active":false,"_monsterinsights_sitenote_note":"","_monsterinsights_sitenote_category":0,"footnotes":""},"class_list":["post-41760","page","type-page","status-publish","hentry"],"acf":[],"yoast_head":"<!-- This site is optimized with the Yoast SEO plugin v27.4 - https:\/\/yoast.com\/product\/yoast-seo-wordpress\/ -->\n<title>DH Metering Europe - Intercontrol Belgi\u00eb<\/title>\n<meta name=\"robots\" content=\"index, follow, max-snippet:-1, max-image-preview:large, max-video-preview:-1\" \/>\n<link rel=\"canonical\" href=\"https:\/\/intercontrol.be\/frs\/dh-metering-europe\/\" \/>\n<meta property=\"og:locale\" content=\"fr_FR\" \/>\n<meta property=\"og:type\" content=\"article\" \/>\n<meta property=\"og:title\" content=\"DH Metering Europe - Intercontrol Belgi\u00eb\" \/>\n<meta property=\"og:url\" content=\"https:\/\/intercontrol.be\/frs\/dh-metering-europe\/\" \/>\n<meta property=\"og:site_name\" content=\"Intercontrol Belgi\u00eb\" \/>\n<meta property=\"article:modified_time\" content=\"2025-04-02T11:31:01+00:00\" \/>\n<meta name=\"twitter:card\" content=\"summary_large_image\" \/>\n<meta name=\"twitter:label1\" content=\"Dur\u00e9e de lecture estim\u00e9e\" \/>\n\t<meta name=\"twitter:data1\" content=\"1 minute\" \/>\n<script type=\"application\/ld+json\" class=\"yoast-schema-graph\">{\"@context\":\"https:\\\/\\\/schema.org\",\"@graph\":[{\"@type\":\"WebPage\",\"@id\":\"https:\\\/\\\/intercontrol.be\\\/frs\\\/dh-metering-europe\\\/\",\"url\":\"https:\\\/\\\/intercontrol.be\\\/frs\\\/dh-metering-europe\\\/\",\"name\":\"DH Metering Europe - Intercontrol Belgi\u00eb\",\"isPartOf\":{\"@id\":\"https:\\\/\\\/intercontrol.be\\\/#website\"},\"datePublished\":\"2025-04-02T11:30:09+00:00\",\"dateModified\":\"2025-04-02T11:31:01+00:00\",\"breadcrumb\":{\"@id\":\"https:\\\/\\\/intercontrol.be\\\/frs\\\/dh-metering-europe\\\/#breadcrumb\"},\"inLanguage\":\"fr-FR\",\"potentialAction\":[{\"@type\":\"ReadAction\",\"target\":[\"https:\\\/\\\/intercontrol.be\\\/frs\\\/dh-metering-europe\\\/\"]}]},{\"@type\":\"BreadcrumbList\",\"@id\":\"https:\\\/\\\/intercontrol.be\\\/frs\\\/dh-metering-europe\\\/#breadcrumb\",\"itemListElement\":[{\"@type\":\"ListItem\",\"position\":1,\"name\":\"Home\",\"item\":\"https:\\\/\\\/intercontrol.be\\\/frs\\\/\"},{\"@type\":\"ListItem\",\"position\":2,\"name\":\"DH Metering Europe\"}]},{\"@type\":\"WebSite\",\"@id\":\"https:\\\/\\\/intercontrol.be\\\/#website\",\"url\":\"https:\\\/\\\/intercontrol.be\\\/\",\"name\":\"Intercontrol Belgi\u00eb\",\"description\":\"Alles onder controle!\",\"potentialAction\":[{\"@type\":\"SearchAction\",\"target\":{\"@type\":\"EntryPoint\",\"urlTemplate\":\"https:\\\/\\\/intercontrol.be\\\/?s={search_term_string}\"},\"query-input\":{\"@type\":\"PropertyValueSpecification\",\"valueRequired\":true,\"valueName\":\"search_term_string\"}}],\"inLanguage\":\"fr-FR\"}]}<\/script>\n<!-- \/ Yoast SEO plugin. -->","yoast_head_json":{"title":"DH Metering Europe - Intercontrol Belgi\u00eb","robots":{"index":"index","follow":"follow","max-snippet":"max-snippet:-1","max-image-preview":"max-image-preview:large","max-video-preview":"max-video-preview:-1"},"canonical":"https:\/\/intercontrol.be\/frs\/dh-metering-europe\/","og_locale":"fr_FR","og_type":"article","og_title":"DH Metering Europe - Intercontrol Belgi\u00eb","og_url":"https:\/\/intercontrol.be\/frs\/dh-metering-europe\/","og_site_name":"Intercontrol Belgi\u00eb","article_modified_time":"2025-04-02T11:31:01+00:00","twitter_card":"summary_large_image","twitter_misc":{"Dur\u00e9e de lecture estim\u00e9e":"1 minute"},"schema":{"@context":"https:\/\/schema.org","@graph":[{"@type":"WebPage","@id":"https:\/\/intercontrol.be\/frs\/dh-metering-europe\/","url":"https:\/\/intercontrol.be\/frs\/dh-metering-europe\/","name":"DH Metering Europe - Intercontrol Belgi\u00eb","isPartOf":{"@id":"https:\/\/intercontrol.be\/#website"},"datePublished":"2025-04-02T11:30:09+00:00","dateModified":"2025-04-02T11:31:01+00:00","breadcrumb":{"@id":"https:\/\/intercontrol.be\/frs\/dh-metering-europe\/#breadcrumb"},"inLanguage":"fr-FR","potentialAction":[{"@type":"ReadAction","target":["https:\/\/intercontrol.be\/frs\/dh-metering-europe\/"]}]},{"@type":"BreadcrumbList","@id":"https:\/\/intercontrol.be\/frs\/dh-metering-europe\/#breadcrumb","itemListElement":[{"@type":"ListItem","position":1,"name":"Home","item":"https:\/\/intercontrol.be\/frs\/"},{"@type":"ListItem","position":2,"name":"DH Metering Europe"}]},{"@type":"WebSite","@id":"https:\/\/intercontrol.be\/#website","url":"https:\/\/intercontrol.be\/","name":"Intercontrol Belgi\u00eb","description":"Alles onder controle!","potentialAction":[{"@type":"SearchAction","target":{"@type":"EntryPoint","urlTemplate":"https:\/\/intercontrol.be\/?s={search_term_string}"},"query-input":{"@type":"PropertyValueSpecification","valueRequired":true,"valueName":"search_term_string"}}],"inLanguage":"fr-FR"}]}},"_links":{"self":[{"href":"https:\/\/intercontrol.be\/frs\/wp-json\/wp\/v2\/pages\/41760","targetHints":{"allow":["GET"]}}],"collection":[{"href":"https:\/\/intercontrol.be\/frs\/wp-json\/wp\/v2\/pages"}],"about":[{"href":"https:\/\/intercontrol.be\/frs\/wp-json\/wp\/v2\/types\/page"}],"author":[{"embeddable":true,"href":"https:\/\/intercontrol.be\/frs\/wp-json\/wp\/v2\/users\/3"}],"replies":[{"embeddable":true,"href":"https:\/\/intercontrol.be\/frs\/wp-json\/wp\/v2\/comments?post=41760"}],"version-history":[{"count":2,"href":"https:\/\/intercontrol.be\/frs\/wp-json\/wp\/v2\/pages\/41760\/revisions"}],"predecessor-version":[{"id":41762,"href":"https:\/\/intercontrol.be\/frs\/wp-json\/wp\/v2\/pages\/41760\/revisions\/41762"}],"wp:attachment":[{"href":"https:\/\/intercontrol.be\/frs\/wp-json\/wp\/v2\/media?parent=41760"}],"curies":[{"name":"wp","href":"https:\/\/api.w.org\/{rel}","templated":true}]}}